{"id":18768,"date":"2021-04-14T16:22:42","date_gmt":"2021-04-14T14:22:42","guid":{"rendered":"http:\/\/neu2020.feucht-obsttechnik.de\/lp-hochgrasmaehtechnik\/"},"modified":"2021-04-16T18:16:50","modified_gmt":"2021-04-16T16:16:50","slug":"lp-hochgrasmaehtechnik","status":"publish","type":"page","link":"https:\/\/feucht-obsttechnik.de\/pt-pt\/lp-hochgrasmaehtechnik\/","title":{"rendered":"LP Hochgrasm\u00e4htechnik"},"content":{"rendered":"<p><div class=\"fusion-bg-parallax\" data-bg-align=\"center center\" data-direction=\"up\" data-mute=\"false\" data-opacity=\"100\" data-velocity=\"-0.3\" data-mobile-enabled=\"false\" data-break_parents=\"0\" data-bg-image=\"https:\/\/feucht-obsttechnik.de\/wp-content\/uploads\/bg-header-hochgrasm\u00e4htechnik-1.jpg\" data-bg-repeat=\"false\" ><\/div><div class=\"fusion-fullwidth fullwidth-box fusion-builder-row-1 fusion-parallax-up nonhundred-percent-fullwidth non-hundred-percent-height-scrolling\" style=\"--awb-border-sizes-top:0px;--awb-border-sizes-bottom:0px;--awb-border-sizes-left:0px;--awb-border-sizes-right:0px;--awb-border-radius-top-left:0px;--awb-border-radius-top-right:0px;--awb-border-radius-bottom-right:0px;--awb-border-radius-bottom-left:0px;--awb-padding-top:130px;--awb-padding-bottom:120px;--awb-background-image:url(&quot;https:\/\/feucht-obsttechnik.de\/wp-content\/uploads\/bg-header-hochgrasm\u00e4htechnik-1.jpg&quot;);--awb-background-size:cover;--awb-flex-wrap:wrap;\" ><div class=\"fusion-builder-row fusion-row\"><div class=\"fusion-layout-column fusion_builder_column fusion-builder-column-0 fusion_builder_column_1_2 1_2 fusion-one-half fusion-column-first\" style=\"--awb-bg-size:cover;width:48%; margin-right: 4%;\"><div class=\"fusion-column-wrapper fusion-flex-column-wrapper-legacy\"><div class=\"fusion-text fusion-text-1\"><h1><span style=\"color: #ffffff;\">Tecnologia de ro\u00e7ada de relva alta<\/span><\/h1>\n<p><span style=\"color: #ffffff;\">A nossa tecnologia de ro\u00e7ada de relva alta torna poss\u00edvel a ro\u00e7ada de relva com mais de 100 cm de altura e tem uma tritura\u00e7\u00e3o e distribui\u00e7\u00e3o ideais do material ro\u00e7ado.<\/span><\/p>\n<\/div><div class=\"fusion-clearfix\"><\/div><\/div><\/div><div class=\"fusion-layout-column fusion_builder_column fusion-builder-column-1 fusion_builder_column_1_2 1_2 fusion-one-half fusion-column-last\" style=\"--awb-bg-size:cover;width:48%;\"><div class=\"fusion-column-wrapper fusion-flex-column-wrapper-legacy\"><div class=\"fusion-clearfix\"><\/div><\/div><\/div><\/div><\/div><div class=\"fusion-fullwidth fullwidth-box fusion-builder-row-2 nonhundred-percent-fullwidth non-hundred-percent-height-scrolling\" style=\"--awb-background-position:left top;--awb-border-sizes-top:0px;--awb-border-sizes-bottom:0px;--awb-border-sizes-left:0px;--awb-border-sizes-right:0px;--awb-border-radius-top-left:0px;--awb-border-radius-top-right:0px;--awb-border-radius-bottom-right:0px;--awb-border-radius-bottom-left:0px;--awb-padding-top:130px;--awb-padding-bottom:30px;--awb-flex-wrap:wrap;\" ><div class=\"fusion-builder-row fusion-row\"><div class=\"fusion-layout-column fusion_builder_column fusion-builder-column-2 fusion_builder_column_1_1 1_1 fusion-one-full fusion-column-first fusion-column-last\" style=\"--awb-bg-size:cover;\"><div class=\"fusion-column-wrapper fusion-column-has-shadow fusion-flex-column-wrapper-legacy\"><div class=\"fusion-text fusion-text-2\"><h2>Tecnologia de ro\u00e7ada de relva alta da Feucht Obsttechnik<\/h2>\n<\/div><div class=\"fusion-text fusion-text-3\"><h3><span class=\"\">As nossas plataformas de ro\u00e7ada distinguem-se por uma baixa necessidade de energia, alta velocidade de ro\u00e7ada, o melhor padr\u00e3o de corte e uma muito boa distribui\u00e7\u00e3o das aparas.<\/span><\/h3>\n<\/div><div class=\"fusion-clearfix\"><\/div><\/div><\/div><div class=\"fusion-layout-column fusion_builder_column fusion-builder-column-3 fusion_builder_column_1_2 1_2 fusion-one-half fusion-column-first\" style=\"--awb-bg-size:cover;width:48%; margin-right: 4%;\"><div class=\"fusion-column-wrapper fusion-flex-column-wrapper-legacy\"><div class=\"fusion-text fusion-text-4\"><p>Aproveite os benef\u00edcios da nossa tecnologia de ro\u00e7ada de relva alta com John Deere: A ro\u00e7ada (ro\u00e7ada de relva alta com John Deere) de \u00e1rvores \u00e9 poss\u00edvel \u00e0 esquerda ou \u00e0 direita, atrav\u00e9s de uma descarga traseira, e n\u00e3o h\u00e1 problema com o corte de pedras, porque a descarga \u00e9 direcionada para tr\u00e1s. A qualidade da ro\u00e7ada e do corte com a nossa tecnologia de ro\u00e7ada de relva alta para John Deere \u00e9 muito limpa, com relva curta e longa, e a plataforma de corte n\u00e3o pode entupir, porque \u00e9 imperme\u00e1vel \u00e0 chuva ou humidade. Com a nossa tecnologia de ro\u00e7ada de relva alta, mesmo velocidades de ro\u00e7ada extremamente r\u00e1pidas s\u00e3o poss\u00edveis (at\u00e9 7 &#8211; 8 km para o X300 &#8211; 540 e 10 &#8211; 12 km para a X700) e o comprimento de palhagem \u00e9 entre 3 &#8211; 5 cm. A ro\u00e7ada de relva alta com John Deere \u00e9, por exemplo, poss\u00edvel em jardins de frutas, prados, gramados muito utilizados, fazendas de \u00e1rvores de Natal, vinhedos, ou campos de relva.   <\/p>\n<p>A nossa tecnologia de ro\u00e7ada de relva alta permite a palhagem (ro\u00e7ada de relva alta com John Deere) de condi\u00e7\u00f5es de relva extremamente alta, atrav\u00e9s das &#8220;l\u00e2minas de palhagem duplas&#8221; especialmente desenvolvidas das plataformas de ro\u00e7ada da Feucht. A tritura\u00e7\u00e3o e distribui\u00e7\u00e3o ideais aceleram a decomposi\u00e7\u00e3o do material ro\u00e7ado. <\/p>\n<p>Estamos a trabalhar, no campo da tecnologia de colheita de frutas, h\u00e1 v\u00e1rias gera\u00e7\u00f5es. A racionaliza\u00e7\u00e3o da colheita de frutas com as mais altas exig\u00eancias de qualidade na fruta colhida, em termos de limpeza e taxa de recolha, tornou-se o ponto de venda do nosso equipamento para a colheita de frutas. Ao desenvolver continuamente produtos inovadores, nos estabelecemos como o l\u00edder de mercado em tecnologia de colheita de frutas na Europa.<\/p>\n<\/div><div class=\"fusion-clearfix\"><\/div><\/div><\/div><div class=\"fusion-layout-column fusion_builder_column fusion-builder-column-4 fusion_builder_column_1_2 1_2 fusion-one-half fusion-column-last\" style=\"--awb-bg-size:cover;width:48%;\"><div class=\"fusion-column-wrapper fusion-flex-column-wrapper-legacy\"><div class=\"fusion-image-element in-legacy-container\" style=\"--awb-caption-title-font-family:var(--h2_typography-font-family);--awb-caption-title-font-weight:var(--h2_typography-font-weight);--awb-caption-title-font-style:var(--h2_typography-font-style);--awb-caption-title-size:var(--h2_typography-font-size);--awb-caption-title-transform:var(--h2_typography-text-transform);--awb-caption-title-line-height:var(--h2_typography-line-height);--awb-caption-title-letter-spacing:var(--h2_typography-letter-spacing);\"><span class=\" fusion-imageframe imageframe-none imageframe-1 hover-type-zoomin fusion-animated\" data-animationType=\"fadeInDown\" data-animationDuration=\"1.0\" data-animationOffset=\"bottom-in-view\"><a href=\"https:\/\/feucht-obsttechnik.de\/wp-content\/uploads\/hochgrasm\u00e4htechnik-frontm\u00e4hwerk-1.jpg\" class=\"fusion-lightbox\" data-rel=\"iLightbox[Tecnologia de ro\u00e7ada de relva alta]\" data-title=\"Tecnologia e corte de relva alta Montagem fontal &#8211; Ro\u00e7ada de relva alta a utilizar a montagem frontal\" title=\"Tecnologia e corte de relva alta Montagem fontal &#8211; Ro\u00e7ada de relva alta a utilizar a montagem frontal\"><img decoding=\"async\" width=\"1600\" height=\"1200\" src=\"https:\/\/feucht-obsttechnik.de\/wp-content\/uploads\/hochgrasm\u00e4htechnik-frontm\u00e4hwerk-1.jpg\" alt class=\"img-responsive wp-image-18933\" srcset=\"https:\/\/feucht-obsttechnik.de\/wp-content\/uploads\/hochgrasm\u00e4htechnik-frontm\u00e4hwerk-1-200x150.jpg 200w, https:\/\/feucht-obsttechnik.de\/wp-content\/uploads\/hochgrasm\u00e4htechnik-frontm\u00e4hwerk-1-400x300.jpg 400w, https:\/\/feucht-obsttechnik.de\/wp-content\/uploads\/hochgrasm\u00e4htechnik-frontm\u00e4hwerk-1-600x450.jpg 600w, https:\/\/feucht-obsttechnik.de\/wp-content\/uploads\/hochgrasm\u00e4htechnik-frontm\u00e4hwerk-1-800x600.jpg 800w, https:\/\/feucht-obsttechnik.de\/wp-content\/uploads\/hochgrasm\u00e4htechnik-frontm\u00e4hwerk-1-1200x900.jpg 1200w, https:\/\/feucht-obsttechnik.de\/wp-content\/uploads\/hochgrasm\u00e4htechnik-frontm\u00e4hwerk-1.jpg 1600w\" sizes=\"(max-width: 835px) 100vw, 600px\" \/><\/a><\/span><\/div><div class=\"fusion-sep-clear\"><\/div><div class=\"fusion-separator fusion-full-width-sep\" style=\"margin-left: auto;margin-right: auto;margin-bottom:30px;width:100%;\"><\/div><div class=\"fusion-sep-clear\"><\/div><div class=\"fusion-image-element in-legacy-container\" style=\"--awb-caption-title-font-family:var(--h2_typography-font-family);--awb-caption-title-font-weight:var(--h2_typography-font-weight);--awb-caption-title-font-style:var(--h2_typography-font-style);--awb-caption-title-size:var(--h2_typography-font-size);--awb-caption-title-transform:var(--h2_typography-text-transform);--awb-caption-title-line-height:var(--h2_typography-line-height);--awb-caption-title-letter-spacing:var(--h2_typography-letter-spacing);\"><span class=\" fusion-imageframe imageframe-none imageframe-2 hover-type-zoomin fusion-animated\" data-animationType=\"fadeInDown\" data-animationDuration=\"1.0\" data-animationOffset=\"bottom-in-view\"><a href=\"https:\/\/feucht-obsttechnik.de\/wp-content\/uploads\/hochgrasm\u00e4htechnik-john-deere-1.jpg\" class=\"fusion-lightbox\" data-rel=\"iLightbox[Tecnologia de ro\u00e7ada de relva alta]\" data-title=\"Ro\u00e7ada de relva alta com John Deere\" title=\"Ro\u00e7ada de relva alta com John Deere\"><img decoding=\"async\" width=\"1600\" height=\"1200\" src=\"https:\/\/feucht-obsttechnik.de\/wp-content\/uploads\/hochgrasm\u00e4htechnik-john-deere-1.jpg\" alt class=\"img-responsive wp-image-18911\" srcset=\"https:\/\/feucht-obsttechnik.de\/wp-content\/uploads\/hochgrasm\u00e4htechnik-john-deere-1-200x150.jpg 200w, https:\/\/feucht-obsttechnik.de\/wp-content\/uploads\/hochgrasm\u00e4htechnik-john-deere-1-400x300.jpg 400w, https:\/\/feucht-obsttechnik.de\/wp-content\/uploads\/hochgrasm\u00e4htechnik-john-deere-1-600x450.jpg 600w, https:\/\/feucht-obsttechnik.de\/wp-content\/uploads\/hochgrasm\u00e4htechnik-john-deere-1-800x600.jpg 800w, https:\/\/feucht-obsttechnik.de\/wp-content\/uploads\/hochgrasm\u00e4htechnik-john-deere-1-1200x900.jpg 1200w, https:\/\/feucht-obsttechnik.de\/wp-content\/uploads\/hochgrasm\u00e4htechnik-john-deere-1.jpg 1600w\" sizes=\"(max-width: 835px) 100vw, 600px\" \/><\/a><\/span><\/div><div class=\"fusion-clearfix\"><\/div><\/div><\/div><\/div><\/div><div class=\"fusion-fullwidth fullwidth-box fusion-builder-row-3 nonhundred-percent-fullwidth non-hundred-percent-height-scrolling\" style=\"--awb-background-position:left top;--awb-border-sizes-top:0px;--awb-border-sizes-bottom:0px;--awb-border-sizes-left:0px;--awb-border-sizes-right:0px;--awb-border-radius-top-left:0px;--awb-border-radius-top-right:0px;--awb-border-radius-bottom-right:0px;--awb-border-radius-bottom-left:0px;--awb-padding-top:1px;--awb-padding-bottom:0px;--awb-background-color:#cc0000;--awb-flex-wrap:wrap;\" ><div class=\"fusion-builder-row fusion-row\"><div class=\"fusion-layout-column fusion_builder_column fusion-builder-column-5 fusion_builder_column_1_1 1_1 fusion-one-full fusion-column-first fusion-column-last\" style=\"--awb-padding-top:50px;--awb-padding-bottom:50px;--awb-padding-left:0px;--awb-bg-size:cover;--awb-margin-bottom:0px;\"><div class=\"fusion-column-wrapper fusion-column-has-shadow fusion-flex-column-wrapper-legacy\"><div class=\"fusion-column-content-centered\"><div class=\"fusion-column-content\"><div class=\"fusion-text fusion-text-5\"><h2 style=\"text-align: center; margin-bottom: 0px;\"><span style=\"color: #ffffff;\"> Tecnologia de ro\u00e7ada de relva alta da Feucht Obsttechnik<\/span><\/h2>\n<\/div><\/div><\/div><div class=\"fusion-clearfix\"><\/div><\/div><\/div><\/div><\/div><div class=\"fusion-fullwidth fullwidth-box fusion-builder-row-4 nonhundred-percent-fullwidth non-hundred-percent-height-scrolling\" style=\"--awb-border-radius-top-left:0px;--awb-border-radius-top-right:0px;--awb-border-radius-bottom-right:0px;--awb-border-radius-bottom-left:0px;--awb-padding-top:100px;--awb-padding-bottom:50px;--awb-background-color:#f2f2f2;--awb-flex-wrap:wrap;\" ><div class=\"fusion-builder-row fusion-row\"><div class=\"fusion-layout-column fusion_builder_column fusion-builder-column-6 fusion_builder_column_1_1 1_1 fusion-one-full fusion-column-first fusion-column-last\" style=\"--awb-bg-color:#ffffff;--awb-bg-color-hover:#ffffff;--awb-bg-size:cover;\"><div class=\"fusion-column-wrapper fusion-flex-column-wrapper-legacy\"><div class=\"fusion-text fusion-text-6\"><div style=\"padding: 25px;\">\n<h2>A nossa gama de produtos na \u00e1rea da tecnologia de ro\u00e7ada de relva alta inclui:<\/h2>\n<\/div>\n<\/div>\n<div class=\"table-2\">\n<table width=\"100%\">\n<tbody>\n<tr>\n<td align=\"left\"><strong>Cortadores de relva para tratores John Deere<\/strong><br \/>\n<span class=\"table_description\">Ro\u00e7ada de relva alta para v\u00e1rios tipos de tratores John Deere<\/span><\/td>\n<td align=\"left\">As plataformas de ro\u00e7ada para John Deere distinguem-se por uma baixa necessidade de energia, alta velocidade de ro\u00e7ada, o melhor padr\u00e3o de corte e uma distribui\u00e7\u00e3o das aparas muito boa.<\/td>\n<\/tr>\n<tr>\n<td align=\"left\"><strong>Plataforma de ro\u00e7ada entre os eixos<\/strong><br \/>\n<span class=\"table_description\">Ro\u00e7ada de relva alta entre os eixos de fixa\u00e7\u00e3o<\/span><\/td>\n<td align=\"left\">Este cortador de relva alta \u00e9 fixado entre os eixos dos tratores de relva. O cortador de relva \u00e9 suportado pelo trator e assegura que a dist\u00e2ncia ao solo se mantenha constante.<\/td>\n<\/tr>\n<tr>\n<td align=\"left\"><strong>Cortador de relva na montagem frontal CAT O<\/strong><br \/>\n<span class=\"table_description\">Ro\u00e7ada de relva alta a utilizar a montagem frontal<\/span><\/td>\n<td align=\"left\">A plataforma de ro\u00e7ada CAT 0 de montagem frontal \u00e9 adequada para tratores compactos tradicionais. O cortador de relva de montagem frontal \u00e9 fixado \u00e0 frente do trator e permite assim o corte de culturas de relva de at\u00e9 100 cm.<\/td>\n<\/tr>\n<\/tbody>\n<\/table>\n<\/div>\n<div class=\"fusion-clearfix\"><\/div><\/div><\/div><div class=\"fusion-layout-column fusion_builder_column fusion-builder-column-7 fusion_builder_column_1_1 1_1 fusion-one-full fusion-column-first fusion-column-last\" style=\"--awb-bg-size:cover;--awb-margin-bottom:0px;\"><div class=\"fusion-column-wrapper fusion-column-has-shadow fusion-flex-column-wrapper-legacy\"><div class=\"fusion-column-content-centered\"><div class=\"fusion-column-content\"><div class=\"fusion-button-wrapper\"><a class=\"fusion-button button-flat fusion-button-default-size button-custom fusion-button-default button-1 fusion-button-default-span fusion-button-default-type\" style=\"--button_accent_color:#ffffff;--button_border_color:#ffffff;--button_accent_hover_color:#ffffff;--button_border_hover_color:#ffffff;--button_gradient_top_color:#cc0000;--button_gradient_bottom_color:#cc0000;--button_gradient_top_color_hover:#ef0000;--button_gradient_bottom_color_hover:#ef0000;\" target=\"_self\" title=\"MAIS INFORMA\u00c7\u00d5ES SOBRE A NOSSA TECNOLOGIA DE RO\u00c7ADA DE RELVA ALTA\" aria-label=\"MAIS INFORMA\u00c7\u00d5ES SOBRE A NOSSA TECNOLOGIA DE RO\u00c7ADA DE RELVA ALTA\" href=\"https:\/\/feucht-obsttechnik.de\/pt-pt\/tecnologia-de-rocada\/tecnologia-de-rocada-de-relva-alta\/\"><span class=\"fusion-button-text awb-button__text awb-button__text--default\">MAIS INFORMA\u00c7\u00d5ES SOBRE A NOSSA TECNOLOGIA DE RO\u00c7ADA DE RELVA ALTA<\/span><\/a><\/div><\/div><\/div><div class=\"fusion-clearfix\"><\/div><\/div><\/div><\/div><\/div><div class=\"fusion-fullwidth fullwidth-box fusion-builder-row-5 nonhundred-percent-fullwidth non-hundred-percent-height-scrolling fusion-equal-height-columns fusion-no-small-visibility schlagwoerter\" style=\"--awb-background-position:center top;--awb-border-sizes-top:0px;--awb-border-sizes-bottom:0px;--awb-border-sizes-left:0px;--awb-border-sizes-right:0px;--awb-border-radius-top-left:0px;--awb-border-radius-top-right:0px;--awb-border-radius-bottom-right:0px;--awb-border-radius-bottom-left:0px;--awb-padding-top:0px;--awb-padding-right:15%;--awb-padding-bottom:0px;--awb-padding-left:15%;--awb-background-color:#a0ce4e;--awb-flex-wrap:wrap;\" ><div class=\"fusion-builder-row fusion-row\"><div class=\"fusion-layout-column fusion_builder_column fusion-builder-column-8 fusion_builder_column_1_5 1_5 fusion-one-fifth fusion-column-first\" style=\"--awb-padding-top:10px;--awb-padding-bottom:10px;--awb-bg-size:cover;--awb-margin-top:10px;--awb-margin-bottom:0px;width:20%;width:calc(20% - ( ( 4% ) * 0.2 ) );margin-right: 4%;\"><div class=\"fusion-column-wrapper fusion-column-has-shadow fusion-flex-column-wrapper-legacy\"><div class=\"fusion-column-content-centered\"><div class=\"fusion-column-content\"><div class=\"fusion-title title fusion-title-1 fusion-sep-none fusion-title-text fusion-title-size-two\" style=\"--awb-text-color:#ffffff;--awb-margin-bottom:0px;--awb-margin-right-small:0px;--awb-margin-bottom-small:0px;--awb-margin-left-small:0px;\"><h2 class=\"fusion-title-heading title-heading-left fusion-responsive-typography-calculated\" style=\"margin:0;--fontSize:26;--minFontSize:26;line-height:1.25;\">Palavras-chave:<\/h2><\/div><\/div><\/div><div class=\"fusion-clearfix\"><\/div><\/div><\/div><div class=\"fusion-layout-column fusion_builder_column fusion-builder-column-9 fusion_builder_column_4_5 4_5 fusion-four-fifth fusion-column-last fusion-column-no-min-height\" style=\"--awb-padding-top:10px;--awb-padding-bottom:10px;--awb-bg-size:cover;--awb-margin-top:20px;--awb-margin-bottom:0px;width:80%;width:calc(80% - ( ( 4% ) * 0.8 ) );\"><div class=\"fusion-column-wrapper fusion-column-has-shadow fusion-flex-column-wrapper-legacy\"><div class=\"fusion-text fusion-text-7\"><p><span style=\"color: #ffffff;\"><a href=\"https:\/\/feucht-obsttechnik.de\/pt-pt\/tecnologia-de-rocada\/tecnologia-de-rocada-de-relva-alta\/plataformas-de-rocada-para-john-deere\/\">Ro\u00e7ada de relva alta com John Deere<\/a>, <a href=\"https:\/\/feucht-obsttechnik.de\/pt-pt\/tecnologia-de-rocada\/tecnologia-de-rocada-de-relva-alta\/cortador-de-relva-de-montagem-frontal-cat-0\/\">Ro\u00e7ada de relva alta a utilizar a montagem frontal<\/a>, <a href=\"https:\/\/feucht-obsttechnik.de\/pt-pt\/tecnologia-de-rocada\/acessorios-para-robos-de-rocada\/\">Acess\u00f3rios para rob\u00f4s de ro\u00e7ada<\/a><\/span><\/p>\n<\/div><div class=\"fusion-clearfix\"><\/div><\/div><\/div><\/div><\/div><\/p>\n","protected":false},"excerpt":{"rendered":"","protected":false},"author":4,"featured_media":0,"parent":0,"menu_order":0,"comment_status":"closed","ping_status":"closed","template":"100-width.php","meta":{"footnotes":"","_wp_rev_ctl_limit":""},"class_list":["post-18768","page","type-page","status-publish","hentry"],"yoast_head":"<!-- This site is optimized with the Yoast SEO plugin v27.2 - https:\/\/yoast.com\/product\/yoast-seo-wordpress\/ -->\n<title>Tecnologia de ro\u00e7ada de relva alta - Feucht Obsttechnik<\/title>\n<meta name=\"description\" content=\"A tecnologia de ro\u00e7ada de relva alta da Feucht Obsttechnik permite a ro\u00e7ada de \u00e1reas de relva com mais de 100 cm. Aprenda sobre a nossa tecnologia popular de ro\u00e7ada de relva.\" \/>\n<meta name=\"robots\" content=\"index, follow, max-snippet:-1, max-image-preview:large, max-video-preview:-1\" \/>\n<link rel=\"canonical\" href=\"https:\/\/feucht-obsttechnik.de\/pt-pt\/lp-hochgrasmaehtechnik\/\" \/>\n<meta property=\"og:locale\" content=\"pt_PT\" \/>\n<meta property=\"og:type\" content=\"article\" \/>\n<meta property=\"og:title\" content=\"Tecnologia de ro\u00e7ada de relva alta - Feucht Obsttechnik\" \/>\n<meta property=\"og:description\" content=\"A tecnologia de ro\u00e7ada de relva alta da Feucht Obsttechnik permite a ro\u00e7ada de \u00e1reas de relva com mais de 100 cm. Aprenda sobre a nossa tecnologia popular de ro\u00e7ada de relva.\" \/>\n<meta property=\"og:url\" content=\"https:\/\/feucht-obsttechnik.de\/pt-pt\/lp-hochgrasmaehtechnik\/\" \/>\n<meta property=\"og:site_name\" content=\"Feucht Obsttechnik\" \/>\n<meta property=\"article:modified_time\" content=\"2021-04-16T16:16:50+00:00\" \/>\n<meta name=\"twitter:card\" content=\"summary_large_image\" \/>\n<meta name=\"twitter:label1\" content=\"Tempo estimado de leitura\" \/>\n\t<meta name=\"twitter:data1\" content=\"14 minutos\" \/>\n<script type=\"application\/ld+json\" class=\"yoast-schema-graph\">{\"@context\":\"https:\/\/schema.org\",\"@graph\":[{\"@type\":\"WebPage\",\"@id\":\"https:\/\/feucht-obsttechnik.de\/pt-pt\/lp-hochgrasmaehtechnik\/\",\"url\":\"https:\/\/feucht-obsttechnik.de\/pt-pt\/lp-hochgrasmaehtechnik\/\",\"name\":\"Tecnologia de ro\u00e7ada de relva alta - Feucht Obsttechnik\",\"isPartOf\":{\"@id\":\"https:\/\/feucht-obsttechnik.de\/pt-pt\/#website\"},\"datePublished\":\"2021-04-14T14:22:42+00:00\",\"dateModified\":\"2021-04-16T16:16:50+00:00\",\"description\":\"A tecnologia de ro\u00e7ada de relva alta da Feucht Obsttechnik permite a ro\u00e7ada de \u00e1reas de relva com mais de 100 cm. Aprenda sobre a nossa tecnologia popular de ro\u00e7ada de relva.\",\"breadcrumb\":{\"@id\":\"https:\/\/feucht-obsttechnik.de\/pt-pt\/lp-hochgrasmaehtechnik\/#breadcrumb\"},\"inLanguage\":\"pt-PT\",\"potentialAction\":[{\"@type\":\"ReadAction\",\"target\":[\"https:\/\/feucht-obsttechnik.de\/pt-pt\/lp-hochgrasmaehtechnik\/\"]}]},{\"@type\":\"BreadcrumbList\",\"@id\":\"https:\/\/feucht-obsttechnik.de\/pt-pt\/lp-hochgrasmaehtechnik\/#breadcrumb\",\"itemListElement\":[{\"@type\":\"ListItem\",\"position\":1,\"name\":\"Startseite\",\"item\":\"https:\/\/feucht-obsttechnik.de\/pt-pt\/\"},{\"@type\":\"ListItem\",\"position\":2,\"name\":\"LP Hochgrasm\u00e4htechnik\"}]},{\"@type\":\"WebSite\",\"@id\":\"https:\/\/feucht-obsttechnik.de\/pt-pt\/#website\",\"url\":\"https:\/\/feucht-obsttechnik.de\/pt-pt\/\",\"name\":\"Feucht Obsttechnik\",\"description\":\"\",\"publisher\":{\"@id\":\"https:\/\/feucht-obsttechnik.de\/pt-pt\/#organization\"},\"potentialAction\":[{\"@type\":\"SearchAction\",\"target\":{\"@type\":\"EntryPoint\",\"urlTemplate\":\"https:\/\/feucht-obsttechnik.de\/pt-pt\/?s={search_term_string}\"},\"query-input\":{\"@type\":\"PropertyValueSpecification\",\"valueRequired\":true,\"valueName\":\"search_term_string\"}}],\"inLanguage\":\"pt-PT\"},{\"@type\":\"Organization\",\"@id\":\"https:\/\/feucht-obsttechnik.de\/pt-pt\/#organization\",\"name\":\"Feucht Obsttechnik GmbH\",\"url\":\"https:\/\/feucht-obsttechnik.de\/pt-pt\/\",\"logo\":{\"@type\":\"ImageObject\",\"inLanguage\":\"pt-PT\",\"@id\":\"https:\/\/feucht-obsttechnik.de\/pt-pt\/#\/schema\/logo\/image\/\",\"url\":\"https:\/\/feucht-obsttechnik.de\/wp-content\/uploads\/logo-feucht@2x-1.png\",\"contentUrl\":\"https:\/\/feucht-obsttechnik.de\/wp-content\/uploads\/logo-feucht@2x-1.png\",\"width\":640,\"height\":123,\"caption\":\"Feucht Obsttechnik GmbH\"},\"image\":{\"@id\":\"https:\/\/feucht-obsttechnik.de\/pt-pt\/#\/schema\/logo\/image\/\"}}]}<\/script>\n<!-- \/ Yoast SEO plugin. -->","yoast_head_json":{"title":"Tecnologia de ro\u00e7ada de relva alta - Feucht Obsttechnik","description":"A tecnologia de ro\u00e7ada de relva alta da Feucht Obsttechnik permite a ro\u00e7ada de \u00e1reas de relva com mais de 100 cm. Aprenda sobre a nossa tecnologia popular de ro\u00e7ada de relva.","robots":{"index":"index","follow":"follow","max-snippet":"max-snippet:-1","max-image-preview":"max-image-preview:large","max-video-preview":"max-video-preview:-1"},"canonical":"https:\/\/feucht-obsttechnik.de\/pt-pt\/lp-hochgrasmaehtechnik\/","og_locale":"pt_PT","og_type":"article","og_title":"Tecnologia de ro\u00e7ada de relva alta - Feucht Obsttechnik","og_description":"A tecnologia de ro\u00e7ada de relva alta da Feucht Obsttechnik permite a ro\u00e7ada de \u00e1reas de relva com mais de 100 cm. Aprenda sobre a nossa tecnologia popular de ro\u00e7ada de relva.","og_url":"https:\/\/feucht-obsttechnik.de\/pt-pt\/lp-hochgrasmaehtechnik\/","og_site_name":"Feucht Obsttechnik","article_modified_time":"2021-04-16T16:16:50+00:00","twitter_card":"summary_large_image","twitter_misc":{"Tempo estimado de leitura":"14 minutos"},"schema":{"@context":"https:\/\/schema.org","@graph":[{"@type":"WebPage","@id":"https:\/\/feucht-obsttechnik.de\/pt-pt\/lp-hochgrasmaehtechnik\/","url":"https:\/\/feucht-obsttechnik.de\/pt-pt\/lp-hochgrasmaehtechnik\/","name":"Tecnologia de ro\u00e7ada de relva alta - Feucht Obsttechnik","isPartOf":{"@id":"https:\/\/feucht-obsttechnik.de\/pt-pt\/#website"},"datePublished":"2021-04-14T14:22:42+00:00","dateModified":"2021-04-16T16:16:50+00:00","description":"A tecnologia de ro\u00e7ada de relva alta da Feucht Obsttechnik permite a ro\u00e7ada de \u00e1reas de relva com mais de 100 cm. Aprenda sobre a nossa tecnologia popular de ro\u00e7ada de relva.","breadcrumb":{"@id":"https:\/\/feucht-obsttechnik.de\/pt-pt\/lp-hochgrasmaehtechnik\/#breadcrumb"},"inLanguage":"pt-PT","potentialAction":[{"@type":"ReadAction","target":["https:\/\/feucht-obsttechnik.de\/pt-pt\/lp-hochgrasmaehtechnik\/"]}]},{"@type":"BreadcrumbList","@id":"https:\/\/feucht-obsttechnik.de\/pt-pt\/lp-hochgrasmaehtechnik\/#breadcrumb","itemListElement":[{"@type":"ListItem","position":1,"name":"Startseite","item":"https:\/\/feucht-obsttechnik.de\/pt-pt\/"},{"@type":"ListItem","position":2,"name":"LP Hochgrasm\u00e4htechnik"}]},{"@type":"WebSite","@id":"https:\/\/feucht-obsttechnik.de\/pt-pt\/#website","url":"https:\/\/feucht-obsttechnik.de\/pt-pt\/","name":"Feucht Obsttechnik","description":"","publisher":{"@id":"https:\/\/feucht-obsttechnik.de\/pt-pt\/#organization"},"potentialAction":[{"@type":"SearchAction","target":{"@type":"EntryPoint","urlTemplate":"https:\/\/feucht-obsttechnik.de\/pt-pt\/?s={search_term_string}"},"query-input":{"@type":"PropertyValueSpecification","valueRequired":true,"valueName":"search_term_string"}}],"inLanguage":"pt-PT"},{"@type":"Organization","@id":"https:\/\/feucht-obsttechnik.de\/pt-pt\/#organization","name":"Feucht Obsttechnik GmbH","url":"https:\/\/feucht-obsttechnik.de\/pt-pt\/","logo":{"@type":"ImageObject","inLanguage":"pt-PT","@id":"https:\/\/feucht-obsttechnik.de\/pt-pt\/#\/schema\/logo\/image\/","url":"https:\/\/feucht-obsttechnik.de\/wp-content\/uploads\/logo-feucht@2x-1.png","contentUrl":"https:\/\/feucht-obsttechnik.de\/wp-content\/uploads\/logo-feucht@2x-1.png","width":640,"height":123,"caption":"Feucht Obsttechnik GmbH"},"image":{"@id":"https:\/\/feucht-obsttechnik.de\/pt-pt\/#\/schema\/logo\/image\/"}}]}},"_links":{"self":[{"href":"https:\/\/feucht-obsttechnik.de\/pt-pt\/wp-json\/wp\/v2\/pages\/18768","targetHints":{"allow":["GET"]}}],"collection":[{"href":"https:\/\/feucht-obsttechnik.de\/pt-pt\/wp-json\/wp\/v2\/pages"}],"about":[{"href":"https:\/\/feucht-obsttechnik.de\/pt-pt\/wp-json\/wp\/v2\/types\/page"}],"author":[{"embeddable":true,"href":"https:\/\/feucht-obsttechnik.de\/pt-pt\/wp-json\/wp\/v2\/users\/4"}],"replies":[{"embeddable":true,"href":"https:\/\/feucht-obsttechnik.de\/pt-pt\/wp-json\/wp\/v2\/comments?post=18768"}],"version-history":[{"count":0,"href":"https:\/\/feucht-obsttechnik.de\/pt-pt\/wp-json\/wp\/v2\/pages\/18768\/revisions"}],"wp:attachment":[{"href":"https:\/\/feucht-obsttechnik.de\/pt-pt\/wp-json\/wp\/v2\/media?parent=18768"}],"curies":[{"name":"wp","href":"https:\/\/api.w.org\/{rel}","templated":true}]}}