{"id":18756,"date":"2021-04-14T16:13:29","date_gmt":"2021-04-14T14:13:29","guid":{"rendered":"http:\/\/neu2020.feucht-obsttechnik.de\/quebrador-de-avelas-manual\/"},"modified":"2021-04-16T18:14:18","modified_gmt":"2021-04-16T16:14:18","slug":"quebrador-de-avelas-manual","status":"publish","type":"page","link":"https:\/\/feucht-obsttechnik.de\/pt-pt\/quebrador-de-avelas-manual\/","title":{"rendered":"Quebrador de avel\u00e3s manual"},"content":{"rendered":"<p><div class=\"fusion-bg-parallax\" data-bg-align=\"left center\" data-direction=\"up\" data-mute=\"false\" data-opacity=\"100\" data-velocity=\"-0.3\" data-mobile-enabled=\"false\" data-break_parents=\"0\" data-bg-image=\"https:\/\/feucht-obsttechnik.de\/wp-content\/uploads\/bg-header-haselnussernte.jpg\" data-bg-repeat=\"false\" ><\/div><div class=\"fusion-fullwidth fullwidth-box fusion-builder-row-1 fusion-parallax-up nonhundred-percent-fullwidth non-hundred-percent-height-scrolling\" style=\"--awb-background-position:left center;--awb-border-sizes-top:0px;--awb-border-sizes-bottom:0px;--awb-border-sizes-left:0px;--awb-border-sizes-right:0px;--awb-border-radius-top-left:0px;--awb-border-radius-top-right:0px;--awb-border-radius-bottom-right:0px;--awb-border-radius-bottom-left:0px;--awb-padding-top:130px;--awb-padding-bottom:120px;--awb-background-image:url(&quot;https:\/\/feucht-obsttechnik.de\/wp-content\/uploads\/bg-header-haselnussernte.jpg&quot;);--awb-background-size:cover;--awb-flex-wrap:wrap;\" ><div class=\"fusion-builder-row fusion-row\"><div class=\"fusion-layout-column fusion_builder_column fusion-builder-column-0 fusion_builder_column_1_2 1_2 fusion-one-half fusion-column-first\" style=\"--awb-bg-size:cover;width:48%; margin-right: 4%;\"><div class=\"fusion-column-wrapper fusion-flex-column-wrapper-legacy\"><div class=\"fusion-text fusion-text-1\"><h1><span style=\"color: #ffffff;\">Quebrador de avel\u00e3s manual<\/span><\/h1>\n<p><span style=\"color: #ffffff;\">Processamento bem sucedido com a melhor tecnologia: Com o nosso quebrador de avel\u00e3s manual obt\u00e9m os melhores resultados de quebra de forma simples e r\u00e1pida.<\/span><\/p>\n<\/div><div class=\"fusion-clearfix\"><\/div><\/div><\/div><div class=\"fusion-layout-column fusion_builder_column fusion-builder-column-1 fusion_builder_column_1_2 1_2 fusion-one-half fusion-column-last\" style=\"--awb-bg-size:cover;width:48%;\"><div class=\"fusion-column-wrapper fusion-flex-column-wrapper-legacy\"><div class=\"fusion-clearfix\"><\/div><\/div><\/div><\/div><\/div><div class=\"fusion-fullwidth fullwidth-box fusion-builder-row-2 nonhundred-percent-fullwidth non-hundred-percent-height-scrolling\" style=\"--awb-background-position:left top;--awb-border-sizes-top:0px;--awb-border-sizes-bottom:0px;--awb-border-sizes-left:0px;--awb-border-sizes-right:0px;--awb-border-radius-top-left:0px;--awb-border-radius-top-right:0px;--awb-border-radius-bottom-right:0px;--awb-border-radius-bottom-left:0px;--awb-padding-top:130px;--awb-padding-bottom:30px;--awb-flex-wrap:wrap;\" ><div class=\"fusion-builder-row fusion-row\"><div class=\"fusion-layout-column fusion_builder_column fusion-builder-column-2 fusion_builder_column_1_1 1_1 fusion-one-full fusion-column-first fusion-column-last\" style=\"--awb-bg-size:cover;\"><div class=\"fusion-column-wrapper fusion-column-has-shadow fusion-flex-column-wrapper-legacy\"><div class=\"fusion-text fusion-text-2\"><h2>Quebrador de avel\u00e3s manual da Feucht Obsttechnik<\/h2>\n<\/div><div class=\"fusion-text fusion-text-3\"><h3><span class=\"\">Cultivo de avel\u00e3s Sucesso com conhecimento, experi\u00eancia e mecaniza\u00e7\u00e3o.<\/span><\/h3>\n<\/div><div class=\"fusion-clearfix\"><\/div><\/div><\/div><div class=\"fusion-layout-column fusion_builder_column fusion-builder-column-3 fusion_builder_column_1_2 1_2 fusion-one-half fusion-column-first\" style=\"--awb-bg-size:cover;width:48%; margin-right: 4%;\"><div class=\"fusion-column-wrapper fusion-flex-column-wrapper-legacy\"><div class=\"fusion-text fusion-text-4\"><p>As nozes sempre foram conhecidas pelos seus efeitos ben\u00e9ficos para a sa\u00fade. Um benef\u00edcio particular do robusto pacote de energia \u00e9 que podem ser integradas em cada refei\u00e7\u00e3o ou consumidas como um lanche. Com a ajuda de um quebrador de avel\u00e3s manual (adequado tamb\u00e9m para nozes), as nozes podem ser quebradas de forma simples e r\u00e1pida com uma m\u00e1quina de quebra manual.  <\/p>\n<p>O quebrador de avel\u00e3s manual &#8220;WALMAN&#8221; \u00e9 uma m\u00e1quina de quebra de avel\u00e3s a m\u00e3o autom\u00e1tica cont\u00ednua, simples, e econ\u00f3mica (adequada tamb\u00e9m para nozes) com um elevado n\u00edvel de quebra de nozes. O resultado \u00e9 cerca de 80 % quebrada e 20 % de n\u00facleos pela metade, a depender do tipo e tamanho da noz. As nozes devem ser pr\u00e9-calibradas, grandes-m\u00e9dias-pequenas, a fim de se obter um bom resultado. Isto permite que cerca de 20 a 30 kg sejam quebrados por hora, com o quebrador de avel\u00e3s manual. O princ\u00edpio funcional do quebrador de avel\u00e3s manual \u00e9 simples: Ap\u00f3s encher o port\u00e3o de entrada com nozes, vire a manivela para a direita e para a esquerda, como faria com um balan\u00e7o de barco. Ap\u00f3s a opera\u00e7\u00e3o, as nozes quebradas (n\u00facleos, cascas, e nozes parcialmente quebradas) podem ser recolhidas no ponto de descarga, a posicionar um recipiente. Estamos ativos no campo da tecnologia de colheita de frutas, h\u00e1 v\u00e1rias gera\u00e7\u00f5es, e somos tamb\u00e9m um parceiro competente para os nossos clientes, no campo da tecnologia de processamento e de ro\u00e7ada de nozes. Atrav\u00e9s do desenvolvimento de produtos constantemente inovadores, torn\u00e1mo-nos o l\u00edder de mercado na Europa, na tecnologia de colheita de frutas \/ de ro\u00e7ada e de processamento de nozes.     <\/p>\n<p>Al\u00e9m do nosso quebrador de avel\u00e3s manual, oferecemos tamb\u00e9m quebra-nozes mec\u00e2nicos e somos um fornecedor completo em todas as \u00e1reas de processamento de nozes: lavagem, secagem, calibra\u00e7\u00e3o e quebra (pr\u00e9-quebra, remo\u00e7\u00e3o de cascas, p\u00f3s-quebra, triagem e calibra\u00e7\u00e3o do n\u00facleo).<\/p>\n<\/div><div class=\"fusion-button-wrapper\"><a class=\"fusion-button button-flat fusion-button-default-size button-custom fusion-button-default button-1 fusion-button-default-span fusion-button-default-type\" style=\"--button_accent_color:#ffffff;--button_border_color:#ffffff;--button_accent_hover_color:#ffffff;--button_border_hover_color:#ffffff;--button_gradient_top_color:#cc0000;--button_gradient_bottom_color:#cc0000;--button_gradient_top_color_hover:#ef0000;--button_gradient_bottom_color_hover:#ef0000;\" target=\"_self\" title=\"MAIS INFORMA\u00c7\u00d5ES SOBRE O NOSSO QUEBRADOR DE AVEL\u00c3S MANUAL\" aria-label=\"MAIS INFORMA\u00c7\u00d5ES SOBRE O NOSSO QUEBRADOR DE AVEL\u00c3S MANUAL\" href=\"https:\/\/feucht-obsttechnik.de\/pt-pt\/processamento-de-nozes\/avelas\/calibracao-e-quebra-de-avelas\/\"><span class=\"fusion-button-text awb-button__text awb-button__text--default\">MAIS INFORMA\u00c7\u00d5ES SOBRE O NOSSO QUEBRADOR DE AVEL\u00c3S MANUAL<\/span><\/a><\/div><div class=\"fusion-clearfix\"><\/div><\/div><\/div><div class=\"fusion-layout-column fusion_builder_column fusion-builder-column-4 fusion_builder_column_1_2 1_2 fusion-one-half fusion-column-last\" style=\"--awb-bg-size:cover;width:48%;\"><div class=\"fusion-column-wrapper fusion-flex-column-wrapper-legacy\"><div class=\"fusion-image-element in-legacy-container\" style=\"--awb-caption-title-font-family:var(--h2_typography-font-family);--awb-caption-title-font-weight:var(--h2_typography-font-weight);--awb-caption-title-font-style:var(--h2_typography-font-style);--awb-caption-title-size:var(--h2_typography-font-size);--awb-caption-title-transform:var(--h2_typography-text-transform);--awb-caption-title-line-height:var(--h2_typography-line-height);--awb-caption-title-letter-spacing:var(--h2_typography-letter-spacing);\"><span class=\" fusion-imageframe imageframe-none imageframe-1 hover-type-zoomin fusion-animated\" data-animationType=\"fadeInDown\" data-animationDuration=\"1.0\" data-animationOffset=\"bottom-in-view\"><a href=\"https:\/\/feucht-obsttechnik.de\/wp-content\/uploads\/handknacker-divider-wal-man-1.jpg\" class=\"fusion-lightbox\" data-rel=\"iLightbox[Quebrador de avel\u00e3s manual]\" data-title=\"Quebra-nozes manual WAL MAN avel\u00e3\" title=\"Quebra-nozes manual WAL MAN avel\u00e3\"><img decoding=\"async\" width=\"1900\" height=\"1267\" src=\"https:\/\/feucht-obsttechnik.de\/wp-content\/uploads\/handknacker-divider-wal-man-1.jpg\" alt class=\"img-responsive wp-image-19536\" srcset=\"https:\/\/feucht-obsttechnik.de\/wp-content\/uploads\/handknacker-divider-wal-man-1-200x133.jpg 200w, https:\/\/feucht-obsttechnik.de\/wp-content\/uploads\/handknacker-divider-wal-man-1-400x267.jpg 400w, https:\/\/feucht-obsttechnik.de\/wp-content\/uploads\/handknacker-divider-wal-man-1-600x400.jpg 600w, https:\/\/feucht-obsttechnik.de\/wp-content\/uploads\/handknacker-divider-wal-man-1-800x533.jpg 800w, https:\/\/feucht-obsttechnik.de\/wp-content\/uploads\/handknacker-divider-wal-man-1-1200x800.jpg 1200w, https:\/\/feucht-obsttechnik.de\/wp-content\/uploads\/handknacker-divider-wal-man-1.jpg 1900w\" sizes=\"(max-width: 835px) 100vw, 600px\" \/><\/a><\/span><\/div><div class=\"fusion-sep-clear\"><\/div><div class=\"fusion-separator fusion-full-width-sep\" style=\"margin-left: auto;margin-right: auto;margin-bottom:30px;width:100%;\"><\/div><div class=\"fusion-sep-clear\"><\/div><div class=\"fusion-sep-clear\"><\/div><div class=\"fusion-separator fusion-full-width-sep\" style=\"margin-left: auto;margin-right: auto;margin-bottom:30px;width:100%;\"><\/div><div class=\"fusion-sep-clear\"><\/div><div class=\"fusion-image-element in-legacy-container\" style=\"--awb-caption-title-font-family:var(--h2_typography-font-family);--awb-caption-title-font-weight:var(--h2_typography-font-weight);--awb-caption-title-font-style:var(--h2_typography-font-style);--awb-caption-title-size:var(--h2_typography-font-size);--awb-caption-title-transform:var(--h2_typography-text-transform);--awb-caption-title-line-height:var(--h2_typography-line-height);--awb-caption-title-letter-spacing:var(--h2_typography-letter-spacing);\"><span class=\" fusion-imageframe imageframe-none imageframe-2 hover-type-zoomin fusion-animated\" data-animationType=\"fadeInDown\" data-animationDuration=\"1.0\" data-animationOffset=\"bottom-in-view\"><a href=\"https:\/\/feucht-obsttechnik.de\/wp-content\/uploads\/handknacker-divider-wal-man-klein-2.jpg\" class=\"fusion-lightbox\" data-rel=\"iLightbox[Quebrador de avel\u00e3s manual]\" data-title=\"Quebra-nozes manual WAL MAN noz\" title=\"Quebra-nozes manual WAL MAN noz\"><img decoding=\"async\" width=\"1600\" height=\"1200\" src=\"https:\/\/feucht-obsttechnik.de\/wp-content\/uploads\/handknacker-divider-wal-man-klein-2.jpg\" alt class=\"img-responsive wp-image-19541\" srcset=\"https:\/\/feucht-obsttechnik.de\/wp-content\/uploads\/handknacker-divider-wal-man-klein-2-200x150.jpg 200w, https:\/\/feucht-obsttechnik.de\/wp-content\/uploads\/handknacker-divider-wal-man-klein-2-400x300.jpg 400w, https:\/\/feucht-obsttechnik.de\/wp-content\/uploads\/handknacker-divider-wal-man-klein-2-600x450.jpg 600w, https:\/\/feucht-obsttechnik.de\/wp-content\/uploads\/handknacker-divider-wal-man-klein-2-800x600.jpg 800w, https:\/\/feucht-obsttechnik.de\/wp-content\/uploads\/handknacker-divider-wal-man-klein-2-1200x900.jpg 1200w, https:\/\/feucht-obsttechnik.de\/wp-content\/uploads\/handknacker-divider-wal-man-klein-2.jpg 1600w\" sizes=\"(max-width: 835px) 100vw, 600px\" \/><\/a><\/span><\/div><div class=\"fusion-clearfix\"><\/div><\/div><\/div><\/div><\/div><div class=\"fusion-fullwidth fullwidth-box fusion-builder-row-3 nonhundred-percent-fullwidth non-hundred-percent-height-scrolling fusion-equal-height-columns fusion-no-small-visibility schlagwoerter\" style=\"--awb-background-position:center top;--awb-border-sizes-top:0px;--awb-border-sizes-bottom:0px;--awb-border-sizes-left:0px;--awb-border-sizes-right:0px;--awb-border-radius-top-left:0px;--awb-border-radius-top-right:0px;--awb-border-radius-bottom-right:0px;--awb-border-radius-bottom-left:0px;--awb-padding-top:0px;--awb-padding-right:15%;--awb-padding-bottom:0px;--awb-padding-left:15%;--awb-background-color:#a0ce4e;--awb-flex-wrap:wrap;\" ><div class=\"fusion-builder-row fusion-row\"><div class=\"fusion-layout-column fusion_builder_column fusion-builder-column-5 fusion_builder_column_1_5 1_5 fusion-one-fifth fusion-column-first\" style=\"--awb-padding-top:10px;--awb-padding-bottom:10px;--awb-bg-size:cover;--awb-margin-top:10px;--awb-margin-bottom:0px;width:20%;width:calc(20% - ( ( 4% ) * 0.2 ) );margin-right: 4%;\"><div class=\"fusion-column-wrapper fusion-column-has-shadow fusion-flex-column-wrapper-legacy\"><div class=\"fusion-column-content-centered\"><div class=\"fusion-column-content\"><div class=\"fusion-title title fusion-title-1 fusion-sep-none fusion-title-text fusion-title-size-two\" style=\"--awb-text-color:#ffffff;--awb-margin-bottom:0px;--awb-margin-right-small:0px;--awb-margin-bottom-small:0px;--awb-margin-left-small:0px;\"><h2 class=\"fusion-title-heading title-heading-left fusion-responsive-typography-calculated\" style=\"margin:0;--fontSize:26;--minFontSize:26;line-height:1.25;\">Palavras-chave:<\/h2><\/div><\/div><\/div><div class=\"fusion-clearfix\"><\/div><\/div><\/div><div class=\"fusion-layout-column fusion_builder_column fusion-builder-column-6 fusion_builder_column_4_5 4_5 fusion-four-fifth fusion-column-last fusion-column-no-min-height\" style=\"--awb-padding-top:10px;--awb-padding-bottom:10px;--awb-bg-size:cover;--awb-margin-top:20px;--awb-margin-bottom:0px;width:80%;width:calc(80% - ( ( 4% ) * 0.8 ) );\"><div class=\"fusion-column-wrapper fusion-column-has-shadow fusion-flex-column-wrapper-legacy\"><div class=\"fusion-text fusion-text-5\"><p><span style=\"color: #ffffff;\"><a href=\"https:\/\/feucht-obsttechnik.de\/pt-pt\/processamento-de-nozes\/processamento-de-nozes-grandes-quantidades\/quebra-de-nozes\/\">Quebrador de avel\u00e3s manual<\/a>, <a href=\"https:\/\/feucht-obsttechnik.de\/pt-pt\/processamento-de-nozes\/processamento-de-nozes-grandes-quantidades\/quebra-de-nozes\/#micro\">Quebra-nozes Micro<\/a>, <a href=\"https:\/\/feucht-obsttechnik.de\/pt-pt\/wal-man\/\">WAL MAN<\/a><\/span><\/p>\n<\/div><div class=\"fusion-clearfix\"><\/div><\/div><\/div><\/div><\/div><\/p>\n","protected":false},"excerpt":{"rendered":"","protected":false},"author":4,"featured_media":0,"parent":0,"menu_order":0,"comment_status":"closed","ping_status":"closed","template":"100-width.php","meta":{"footnotes":"","_wp_rev_ctl_limit":""},"class_list":["post-18756","page","type-page","status-publish","hentry"],"yoast_head":"<!-- This site is optimized with the Yoast SEO plugin v27.5 - https:\/\/yoast.com\/product\/yoast-seo-wordpress\/ -->\n<title>Quebrador de avel\u00e3s manual - Feucht Obsttechnik<\/title>\n<meta name=\"description\" content=\"A quebrador de avel\u00e3s manual da Feucht Obsttechnik proporciona os melhores resultados de quebra de forma f\u00e1cil e r\u00e1pida. Mais informa\u00e7\u00f5es sobre o nosso quebrador de avel\u00e3s manual!\" \/>\n<meta name=\"robots\" content=\"index, follow, max-snippet:-1, max-image-preview:large, max-video-preview:-1\" \/>\n<link rel=\"canonical\" href=\"https:\/\/feucht-obsttechnik.de\/pt-pt\/quebrador-de-avelas-manual\/\" \/>\n<meta property=\"og:locale\" content=\"pt_PT\" \/>\n<meta property=\"og:type\" content=\"article\" \/>\n<meta property=\"og:title\" content=\"Quebrador de avel\u00e3s manual - Feucht Obsttechnik\" \/>\n<meta property=\"og:description\" content=\"A quebrador de avel\u00e3s manual da Feucht Obsttechnik proporciona os melhores resultados de quebra de forma f\u00e1cil e r\u00e1pida. Mais informa\u00e7\u00f5es sobre o nosso quebrador de avel\u00e3s manual!\" \/>\n<meta property=\"og:url\" content=\"https:\/\/feucht-obsttechnik.de\/pt-pt\/quebrador-de-avelas-manual\/\" \/>\n<meta property=\"og:site_name\" content=\"Feucht Obsttechnik\" \/>\n<meta property=\"article:modified_time\" content=\"2021-04-16T16:14:18+00:00\" \/>\n<meta name=\"twitter:card\" content=\"summary_large_image\" \/>\n<meta name=\"twitter:label1\" content=\"Tempo estimado de leitura\" \/>\n\t<meta name=\"twitter:data1\" content=\"10 minutos\" \/>\n<script type=\"application\/ld+json\" class=\"yoast-schema-graph\">{\"@context\":\"https:\\\/\\\/schema.org\",\"@graph\":[{\"@type\":\"WebPage\",\"@id\":\"https:\\\/\\\/feucht-obsttechnik.de\\\/pt-pt\\\/quebrador-de-avelas-manual\\\/\",\"url\":\"https:\\\/\\\/feucht-obsttechnik.de\\\/pt-pt\\\/quebrador-de-avelas-manual\\\/\",\"name\":\"Quebrador de avel\u00e3s manual - Feucht Obsttechnik\",\"isPartOf\":{\"@id\":\"https:\\\/\\\/feucht-obsttechnik.de\\\/pt-pt\\\/#website\"},\"datePublished\":\"2021-04-14T14:13:29+00:00\",\"dateModified\":\"2021-04-16T16:14:18+00:00\",\"description\":\"A quebrador de avel\u00e3s manual da Feucht Obsttechnik proporciona os melhores resultados de quebra de forma f\u00e1cil e r\u00e1pida. Mais informa\u00e7\u00f5es sobre o nosso quebrador de avel\u00e3s manual!\",\"breadcrumb\":{\"@id\":\"https:\\\/\\\/feucht-obsttechnik.de\\\/pt-pt\\\/quebrador-de-avelas-manual\\\/#breadcrumb\"},\"inLanguage\":\"pt-PT\",\"potentialAction\":[{\"@type\":\"ReadAction\",\"target\":[\"https:\\\/\\\/feucht-obsttechnik.de\\\/pt-pt\\\/quebrador-de-avelas-manual\\\/\"]}]},{\"@type\":\"BreadcrumbList\",\"@id\":\"https:\\\/\\\/feucht-obsttechnik.de\\\/pt-pt\\\/quebrador-de-avelas-manual\\\/#breadcrumb\",\"itemListElement\":[{\"@type\":\"ListItem\",\"position\":1,\"name\":\"Startseite\",\"item\":\"https:\\\/\\\/feucht-obsttechnik.de\\\/pt-pt\\\/\"},{\"@type\":\"ListItem\",\"position\":2,\"name\":\"Quebrador de avel\u00e3s manual\"}]},{\"@type\":\"WebSite\",\"@id\":\"https:\\\/\\\/feucht-obsttechnik.de\\\/pt-pt\\\/#website\",\"url\":\"https:\\\/\\\/feucht-obsttechnik.de\\\/pt-pt\\\/\",\"name\":\"Feucht Obsttechnik\",\"description\":\"\",\"publisher\":{\"@id\":\"https:\\\/\\\/feucht-obsttechnik.de\\\/pt-pt\\\/#organization\"},\"potentialAction\":[{\"@type\":\"SearchAction\",\"target\":{\"@type\":\"EntryPoint\",\"urlTemplate\":\"https:\\\/\\\/feucht-obsttechnik.de\\\/pt-pt\\\/?s={search_term_string}\"},\"query-input\":{\"@type\":\"PropertyValueSpecification\",\"valueRequired\":true,\"valueName\":\"search_term_string\"}}],\"inLanguage\":\"pt-PT\"},{\"@type\":\"Organization\",\"@id\":\"https:\\\/\\\/feucht-obsttechnik.de\\\/pt-pt\\\/#organization\",\"name\":\"Feucht Obsttechnik GmbH\",\"url\":\"https:\\\/\\\/feucht-obsttechnik.de\\\/pt-pt\\\/\",\"logo\":{\"@type\":\"ImageObject\",\"inLanguage\":\"pt-PT\",\"@id\":\"https:\\\/\\\/feucht-obsttechnik.de\\\/pt-pt\\\/#\\\/schema\\\/logo\\\/image\\\/\",\"url\":\"https:\\\/\\\/feucht-obsttechnik.de\\\/wp-content\\\/uploads\\\/logo-feucht@2x-1.png\",\"contentUrl\":\"https:\\\/\\\/feucht-obsttechnik.de\\\/wp-content\\\/uploads\\\/logo-feucht@2x-1.png\",\"width\":640,\"height\":123,\"caption\":\"Feucht Obsttechnik GmbH\"},\"image\":{\"@id\":\"https:\\\/\\\/feucht-obsttechnik.de\\\/pt-pt\\\/#\\\/schema\\\/logo\\\/image\\\/\"}}]}<\/script>\n<!-- \/ Yoast SEO plugin. -->","yoast_head_json":{"title":"Quebrador de avel\u00e3s manual - Feucht Obsttechnik","description":"A quebrador de avel\u00e3s manual da Feucht Obsttechnik proporciona os melhores resultados de quebra de forma f\u00e1cil e r\u00e1pida. Mais informa\u00e7\u00f5es sobre o nosso quebrador de avel\u00e3s manual!","robots":{"index":"index","follow":"follow","max-snippet":"max-snippet:-1","max-image-preview":"max-image-preview:large","max-video-preview":"max-video-preview:-1"},"canonical":"https:\/\/feucht-obsttechnik.de\/pt-pt\/quebrador-de-avelas-manual\/","og_locale":"pt_PT","og_type":"article","og_title":"Quebrador de avel\u00e3s manual - Feucht Obsttechnik","og_description":"A quebrador de avel\u00e3s manual da Feucht Obsttechnik proporciona os melhores resultados de quebra de forma f\u00e1cil e r\u00e1pida. Mais informa\u00e7\u00f5es sobre o nosso quebrador de avel\u00e3s manual!","og_url":"https:\/\/feucht-obsttechnik.de\/pt-pt\/quebrador-de-avelas-manual\/","og_site_name":"Feucht Obsttechnik","article_modified_time":"2021-04-16T16:14:18+00:00","twitter_card":"summary_large_image","twitter_misc":{"Tempo estimado de leitura":"10 minutos"},"schema":{"@context":"https:\/\/schema.org","@graph":[{"@type":"WebPage","@id":"https:\/\/feucht-obsttechnik.de\/pt-pt\/quebrador-de-avelas-manual\/","url":"https:\/\/feucht-obsttechnik.de\/pt-pt\/quebrador-de-avelas-manual\/","name":"Quebrador de avel\u00e3s manual - Feucht Obsttechnik","isPartOf":{"@id":"https:\/\/feucht-obsttechnik.de\/pt-pt\/#website"},"datePublished":"2021-04-14T14:13:29+00:00","dateModified":"2021-04-16T16:14:18+00:00","description":"A quebrador de avel\u00e3s manual da Feucht Obsttechnik proporciona os melhores resultados de quebra de forma f\u00e1cil e r\u00e1pida. Mais informa\u00e7\u00f5es sobre o nosso quebrador de avel\u00e3s manual!","breadcrumb":{"@id":"https:\/\/feucht-obsttechnik.de\/pt-pt\/quebrador-de-avelas-manual\/#breadcrumb"},"inLanguage":"pt-PT","potentialAction":[{"@type":"ReadAction","target":["https:\/\/feucht-obsttechnik.de\/pt-pt\/quebrador-de-avelas-manual\/"]}]},{"@type":"BreadcrumbList","@id":"https:\/\/feucht-obsttechnik.de\/pt-pt\/quebrador-de-avelas-manual\/#breadcrumb","itemListElement":[{"@type":"ListItem","position":1,"name":"Startseite","item":"https:\/\/feucht-obsttechnik.de\/pt-pt\/"},{"@type":"ListItem","position":2,"name":"Quebrador de avel\u00e3s manual"}]},{"@type":"WebSite","@id":"https:\/\/feucht-obsttechnik.de\/pt-pt\/#website","url":"https:\/\/feucht-obsttechnik.de\/pt-pt\/","name":"Feucht Obsttechnik","description":"","publisher":{"@id":"https:\/\/feucht-obsttechnik.de\/pt-pt\/#organization"},"potentialAction":[{"@type":"SearchAction","target":{"@type":"EntryPoint","urlTemplate":"https:\/\/feucht-obsttechnik.de\/pt-pt\/?s={search_term_string}"},"query-input":{"@type":"PropertyValueSpecification","valueRequired":true,"valueName":"search_term_string"}}],"inLanguage":"pt-PT"},{"@type":"Organization","@id":"https:\/\/feucht-obsttechnik.de\/pt-pt\/#organization","name":"Feucht Obsttechnik GmbH","url":"https:\/\/feucht-obsttechnik.de\/pt-pt\/","logo":{"@type":"ImageObject","inLanguage":"pt-PT","@id":"https:\/\/feucht-obsttechnik.de\/pt-pt\/#\/schema\/logo\/image\/","url":"https:\/\/feucht-obsttechnik.de\/wp-content\/uploads\/logo-feucht@2x-1.png","contentUrl":"https:\/\/feucht-obsttechnik.de\/wp-content\/uploads\/logo-feucht@2x-1.png","width":640,"height":123,"caption":"Feucht Obsttechnik GmbH"},"image":{"@id":"https:\/\/feucht-obsttechnik.de\/pt-pt\/#\/schema\/logo\/image\/"}}]}},"_links":{"self":[{"href":"https:\/\/feucht-obsttechnik.de\/pt-pt\/wp-json\/wp\/v2\/pages\/18756","targetHints":{"allow":["GET"]}}],"collection":[{"href":"https:\/\/feucht-obsttechnik.de\/pt-pt\/wp-json\/wp\/v2\/pages"}],"about":[{"href":"https:\/\/feucht-obsttechnik.de\/pt-pt\/wp-json\/wp\/v2\/types\/page"}],"author":[{"embeddable":true,"href":"https:\/\/feucht-obsttechnik.de\/pt-pt\/wp-json\/wp\/v2\/users\/4"}],"replies":[{"embeddable":true,"href":"https:\/\/feucht-obsttechnik.de\/pt-pt\/wp-json\/wp\/v2\/comments?post=18756"}],"version-history":[{"count":0,"href":"https:\/\/feucht-obsttechnik.de\/pt-pt\/wp-json\/wp\/v2\/pages\/18756\/revisions"}],"wp:attachment":[{"href":"https:\/\/feucht-obsttechnik.de\/pt-pt\/wp-json\/wp\/v2\/media?parent=18756"}],"curies":[{"name":"wp","href":"https:\/\/api.w.org\/{rel}","templated":true}]}}