{"id":15617,"date":"2021-04-12T15:00:08","date_gmt":"2021-04-12T13:00:08","guid":{"rendered":"http:\/\/neu2020.feucht-obsttechnik.de\/lp-obstsortierung-obstreinigung\/"},"modified":"2021-04-18T20:51:46","modified_gmt":"2021-04-18T18:51:46","slug":"lp-obstsortierung-obstreinigung","status":"publish","type":"page","link":"https:\/\/feucht-obsttechnik.de\/pl\/lp-obstsortierung-obstreinigung\/","title":{"rendered":"LP Obstsortierung \/ Obstreinigung"},"content":{"rendered":"<p><div class=\"fusion-bg-parallax\" data-bg-align=\"left center\" data-direction=\"up\" data-mute=\"false\" data-opacity=\"100\" data-velocity=\"-0.3\" data-mobile-enabled=\"false\" data-break_parents=\"0\" data-bg-image=\"https:\/\/feucht-obsttechnik.de\/wp-content\/uploads\/bg-header-obsterntetechnik.jpg\" data-bg-repeat=\"false\" ><\/div><div class=\"fusion-fullwidth fullwidth-box fusion-builder-row-1 fusion-parallax-up nonhundred-percent-fullwidth non-hundred-percent-height-scrolling\" style=\"--awb-background-position:left center;--awb-border-sizes-top:0px;--awb-border-sizes-bottom:0px;--awb-border-sizes-left:0px;--awb-border-sizes-right:0px;--awb-border-radius-top-left:0px;--awb-border-radius-top-right:0px;--awb-border-radius-bottom-right:0px;--awb-border-radius-bottom-left:0px;--awb-padding-top:130px;--awb-padding-bottom:120px;--awb-background-image:url(&quot;https:\/\/feucht-obsttechnik.de\/wp-content\/uploads\/bg-header-obsterntetechnik.jpg&quot;);--awb-background-size:cover;--awb-flex-wrap:wrap;\" ><div class=\"fusion-builder-row fusion-row\"><div class=\"fusion-layout-column fusion_builder_column fusion-builder-column-0 fusion_builder_column_1_2 1_2 fusion-one-half fusion-column-first\" style=\"--awb-bg-size:cover;width:48%; margin-right: 4%;\"><div class=\"fusion-column-wrapper fusion-flex-column-wrapper-legacy\"><div class=\"fusion-text fusion-text-1\"><h1><span style=\"color: #ffffff;\">Sortowanie owoc\u00f3w \/ Czyszczenie owoc\u00f3w na soki<\/span><\/h1>\n<p><span style=\"color: #ffffff;\">Dzi\u0119ki opatentowanemu dr\u0105\u017ckowi teleskopowemu ten czasoch\u0142onny i czasami niebezpieczny proces nale\u017cy ju\u017c do przesz\u0142o\u015bci.<\/span><\/p>\n<\/div><div class=\"fusion-clearfix\"><\/div><\/div><\/div><div class=\"fusion-layout-column fusion_builder_column fusion-builder-column-1 fusion_builder_column_1_2 1_2 fusion-one-half fusion-column-last\" style=\"--awb-bg-size:cover;width:48%;\"><div class=\"fusion-column-wrapper fusion-flex-column-wrapper-legacy\"><div class=\"fusion-clearfix\"><\/div><\/div><\/div><\/div><\/div><div class=\"fusion-fullwidth fullwidth-box fusion-builder-row-2 nonhundred-percent-fullwidth non-hundred-percent-height-scrolling\" style=\"--awb-background-position:left top;--awb-border-sizes-top:0px;--awb-border-sizes-bottom:0px;--awb-border-sizes-left:0px;--awb-border-sizes-right:0px;--awb-border-radius-top-left:0px;--awb-border-radius-top-right:0px;--awb-border-radius-bottom-right:0px;--awb-border-radius-bottom-left:0px;--awb-padding-top:130px;--awb-padding-bottom:30px;--awb-flex-wrap:wrap;\" ><div class=\"fusion-builder-row fusion-row\"><div class=\"fusion-layout-column fusion_builder_column fusion-builder-column-2 fusion_builder_column_1_1 1_1 fusion-one-full fusion-column-first fusion-column-last\" style=\"--awb-bg-size:cover;\"><div class=\"fusion-column-wrapper fusion-column-has-shadow fusion-flex-column-wrapper-legacy\"><div class=\"fusion-text fusion-text-2\"><h2>Sortowanie owoc\u00f3w \/ Czyszczenie owoc\u00f3w na soki firmy Feucht Obsttechnik<\/h2>\n<\/div><div class=\"fusion-text fusion-text-3\"><h3><span class=\"\">Do perfekcyjnego zbierania i sortowania owoc\u00f3w.<\/span><\/h3>\n<\/div><div class=\"fusion-clearfix\"><\/div><\/div><\/div><div class=\"fusion-layout-column fusion_builder_column fusion-builder-column-3 fusion_builder_column_1_2 1_2 fusion-one-half fusion-column-first\" style=\"--awb-bg-size:cover;width:48%; margin-right: 4%;\"><div class=\"fusion-column-wrapper fusion-flex-column-wrapper-legacy\"><div class=\"fusion-text fusion-text-4\"><p>Nasze w\u00f3zki do sortowania owoc\u00f3w i w\u00f3zki do czyszczenia owoc\u00f3w nadaj\u0105 si\u0119 do sortowania jab\u0142ek, gruszek i innych opad\u0142ych owoc\u00f3w do wykorzystania w sadach owocowych. Efektywne sortowanie owoc\u00f3w mo\u017ce zwi\u0119kszy\u0107 powodzenie zbioru owoc\u00f3w. Od 1 do 4 pracownik\u00f3w mo\u017ce z \u0142atwo\u015bci\u0105 wykonywa\u0107 prace na przeno\u015bniku ta\u015bmowym. <\/p>\n<p>Zasada dzia\u0142ania w\u00f3zk\u00f3w do sortowania owoc\u00f3w i w\u00f3zk\u00f3w do czyszczenia owoc\u00f3w jest niezwykle prosta: Zebrane owoce s\u0105 transportowane z du\u017cego zbiornika przy pomocy przeno\u015bnika ta\u015bmowego, przy czym od 1 do 4 pracownik\u00f3w mo\u017ce je sortowa\u0107. Poprzez kratk\u0119 sitow\u0105, kt\u00f3ra oddziela traw\u0119 i li\u015bcie od owoc\u00f3w, owoce trafiaj\u0105 na dalszy przeno\u015bnik ta\u015bmowy do odpowiedniego pojemnika zbiorczego (du\u017ca skrzynia) lub bezpo\u015brednio do przyczepy (do 2,6 m wysoko\u015bci). <\/p>\n<p>W obszarze technologii zbioru owoc\u00f3w dzia\u0142amy od kilku pokole\u0144. Usprawnienie zbioru owoc\u00f3w przy najwy\u017cszych wymaganiach jako\u015bciowych dla zebranych owoc\u00f3w pod wzgl\u0119dem czysto\u015bci i szybko\u015bci zrywania sta\u0142o si\u0119 punktem sprzeda\u017cy naszych maszyn do zbioru i sortowania owoc\u00f3w. Stale rozwijaj\u0105c innowacyjne produkty w technologii zbioru owoc\u00f3w (w\u00f3zki do sortowania owoc\u00f3w \/ w\u00f3zki do czyszczenia owoc\u00f3w), przy czym klient jest zawsze w centrum naszej dzia\u0142alno\u015bci, zdobyli\u015bmy pozycj\u0119 lidera rynku w tej dziedzinie w Europie.<\/p>\n<\/div><div class=\"fusion-clearfix\"><\/div><\/div><\/div><div class=\"fusion-layout-column fusion_builder_column fusion-builder-column-4 fusion_builder_column_1_2 1_2 fusion-one-half fusion-column-last\" style=\"--awb-bg-size:cover;width:48%;\"><div class=\"fusion-column-wrapper fusion-flex-column-wrapper-legacy\"><div class=\"fusion-image-element in-legacy-container\" style=\"--awb-caption-title-font-family:var(--h2_typography-font-family);--awb-caption-title-font-weight:var(--h2_typography-font-weight);--awb-caption-title-font-style:var(--h2_typography-font-style);--awb-caption-title-size:var(--h2_typography-font-size);--awb-caption-title-transform:var(--h2_typography-text-transform);--awb-caption-title-line-height:var(--h2_typography-line-height);--awb-caption-title-letter-spacing:var(--h2_typography-letter-spacing);\"><span class=\" fusion-imageframe imageframe-none imageframe-1 hover-type-zoomin fusion-animated\" data-animationType=\"fadeInDown\" data-animationDuration=\"1.0\" data-animationOffset=\"bottom-in-view\"><a href=\"https:\/\/feucht-obsttechnik.de\/wp-content\/uploads\/obstsortierung-obstreinigungswagen-fc-1.jpg\" class=\"fusion-lightbox\" data-rel=\"iLightbox[Sortowanie owoc\u00f3w \/ Czyszczenie owoc\u00f3w]\" data-title=\"Sortuj do 4 ton owoc\u00f3w na godzin\u0119 przy pomocy w\u00f3zka do sortowania owoc\u00f3w FC\" title=\"Sortuj do 4 ton owoc\u00f3w na godzin\u0119 przy pomocy w\u00f3zka do sortowania owoc\u00f3w FC\"><img decoding=\"async\" width=\"1600\" height=\"1200\" src=\"https:\/\/feucht-obsttechnik.de\/wp-content\/uploads\/obstsortierung-obstreinigungswagen-fc-1.jpg\" alt class=\"img-responsive wp-image-9039\" srcset=\"https:\/\/feucht-obsttechnik.de\/wp-content\/uploads\/obstsortierung-obstreinigungswagen-fc-1-200x150.jpg 200w, https:\/\/feucht-obsttechnik.de\/wp-content\/uploads\/obstsortierung-obstreinigungswagen-fc-1-400x300.jpg 400w, https:\/\/feucht-obsttechnik.de\/wp-content\/uploads\/obstsortierung-obstreinigungswagen-fc-1-600x450.jpg 600w, https:\/\/feucht-obsttechnik.de\/wp-content\/uploads\/obstsortierung-obstreinigungswagen-fc-1-800x600.jpg 800w, https:\/\/feucht-obsttechnik.de\/wp-content\/uploads\/obstsortierung-obstreinigungswagen-fc-1-1200x900.jpg 1200w, https:\/\/feucht-obsttechnik.de\/wp-content\/uploads\/obstsortierung-obstreinigungswagen-fc-1.jpg 1600w\" sizes=\"(max-width: 835px) 100vw, 600px\" \/><\/a><\/span><\/div><div class=\"fusion-sep-clear\"><\/div><div class=\"fusion-separator fusion-full-width-sep\" style=\"margin-left: auto;margin-right: auto;margin-bottom:30px;width:100%;\"><\/div><div class=\"fusion-sep-clear\"><\/div><div class=\"fusion-image-element in-legacy-container\" style=\"--awb-caption-title-font-family:var(--h2_typography-font-family);--awb-caption-title-font-weight:var(--h2_typography-font-weight);--awb-caption-title-font-style:var(--h2_typography-font-style);--awb-caption-title-size:var(--h2_typography-font-size);--awb-caption-title-transform:var(--h2_typography-text-transform);--awb-caption-title-line-height:var(--h2_typography-line-height);--awb-caption-title-letter-spacing:var(--h2_typography-letter-spacing);\"><span class=\" fusion-imageframe imageframe-none imageframe-2 hover-type-zoomin fusion-animated\" data-animationType=\"fadeInDown\" data-animationDuration=\"1.0\" data-animationOffset=\"bottom-in-view\"><a href=\"https:\/\/feucht-obsttechnik.de\/wp-content\/uploads\/obstsortierung-obstreinigungswagen-fck-1.jpg\" class=\"fusion-lightbox\" data-rel=\"iLightbox[Sortowanie owoc\u00f3w \/ Czyszczenie owoc\u00f3w]\" data-title=\"Oddziel do 2 ton owoc\u00f3w na godzin\u0119 przy pomocy ekonomicznego w\u00f3zka do sortowania owoc\u00f3w FCK\" title=\"Oddziel do 2 ton owoc\u00f3w na godzin\u0119 przy pomocy ekonomicznego w\u00f3zka do sortowania owoc\u00f3w FCK\"><img decoding=\"async\" width=\"1600\" height=\"1200\" src=\"https:\/\/feucht-obsttechnik.de\/wp-content\/uploads\/obstsortierung-obstreinigungswagen-fck-1.jpg\" alt class=\"img-responsive wp-image-9015\" srcset=\"https:\/\/feucht-obsttechnik.de\/wp-content\/uploads\/obstsortierung-obstreinigungswagen-fck-1-200x150.jpg 200w, https:\/\/feucht-obsttechnik.de\/wp-content\/uploads\/obstsortierung-obstreinigungswagen-fck-1-400x300.jpg 400w, https:\/\/feucht-obsttechnik.de\/wp-content\/uploads\/obstsortierung-obstreinigungswagen-fck-1-600x450.jpg 600w, https:\/\/feucht-obsttechnik.de\/wp-content\/uploads\/obstsortierung-obstreinigungswagen-fck-1-800x600.jpg 800w, https:\/\/feucht-obsttechnik.de\/wp-content\/uploads\/obstsortierung-obstreinigungswagen-fck-1-1200x900.jpg 1200w, https:\/\/feucht-obsttechnik.de\/wp-content\/uploads\/obstsortierung-obstreinigungswagen-fck-1.jpg 1600w\" sizes=\"(max-width: 835px) 100vw, 600px\" \/><\/a><\/span><\/div><div class=\"fusion-clearfix\"><\/div><\/div><\/div><\/div><\/div><div class=\"fusion-fullwidth fullwidth-box fusion-builder-row-3 nonhundred-percent-fullwidth non-hundred-percent-height-scrolling\" style=\"--awb-background-position:left top;--awb-border-sizes-top:0px;--awb-border-sizes-bottom:0px;--awb-border-sizes-left:0px;--awb-border-sizes-right:0px;--awb-border-radius-top-left:0px;--awb-border-radius-top-right:0px;--awb-border-radius-bottom-right:0px;--awb-border-radius-bottom-left:0px;--awb-padding-top:1px;--awb-padding-bottom:0px;--awb-background-color:#cc0000;--awb-flex-wrap:wrap;\" ><div class=\"fusion-builder-row fusion-row\"><div class=\"fusion-layout-column fusion_builder_column fusion-builder-column-5 fusion_builder_column_1_1 1_1 fusion-one-full fusion-column-first fusion-column-last\" style=\"--awb-padding-top:50px;--awb-padding-bottom:50px;--awb-padding-left:0px;--awb-bg-size:cover;--awb-margin-bottom:0px;\"><div class=\"fusion-column-wrapper fusion-column-has-shadow fusion-flex-column-wrapper-legacy\"><div class=\"fusion-column-content-centered\"><div class=\"fusion-column-content\"><div class=\"fusion-text fusion-text-5\"><h2 style=\"text-align: center; margin-bottom: 0px;\"><span style=\"color: #ffffff;\">Sortowanie owoc\u00f3w \/ Czyszczenie owoc\u00f3w firmy Feucht Obsttechnik<\/span><\/h2>\n<\/div><\/div><\/div><div class=\"fusion-clearfix\"><\/div><\/div><\/div><\/div><\/div><div class=\"fusion-fullwidth fullwidth-box fusion-builder-row-4 nonhundred-percent-fullwidth non-hundred-percent-height-scrolling\" style=\"--awb-border-radius-top-left:0px;--awb-border-radius-top-right:0px;--awb-border-radius-bottom-right:0px;--awb-border-radius-bottom-left:0px;--awb-padding-top:100px;--awb-padding-bottom:50px;--awb-background-color:#f2f2f2;--awb-flex-wrap:wrap;\" ><div class=\"fusion-builder-row fusion-row\"><div class=\"fusion-layout-column fusion_builder_column fusion-builder-column-6 fusion_builder_column_1_1 1_1 fusion-one-full fusion-column-first fusion-column-last\" style=\"--awb-bg-color:#ffffff;--awb-bg-color-hover:#ffffff;--awb-bg-size:cover;\"><div class=\"fusion-column-wrapper fusion-flex-column-wrapper-legacy\"><div class=\"fusion-text fusion-text-6\"><div style=\"padding: 25px;\">\n<h2>Nasze urz\u0105dzenia do sortowania \/ czyszczenia owoc\u00f3w:<\/h2>\n<\/div>\n<\/div>\n<div class=\"table-2\">\n<table width=\"100%\">\n<tbody>\n<tr>\n<td align=\"left\"><strong>FCK<\/strong><br \/>\n<span class=\"table_description\">W\u00f3zki do sortowania \/ czyszczenia owoc\u00f3w<\/span><\/td>\n<td align=\"left\">W\u00f3z do czyszczenia owoc\u00f3w FCK jest najmniejszym z naszych woz\u00f3w do sortowania owoc\u00f3w. Przy pojemno\u015bci zbiornika 620 l, wozem sortuj\u0105cym mo\u017cna zebra\u0107 do 2 ton na godzin\u0119. Dzi\u0119ki niewielkim rozmiarom i wadze mo\u017ce pracowa\u0107 bez osobnego nap\u0119du. W\u00f3z do czyszczenia owoc\u00f3w FCK jest dost\u0119pny z przyczep\u0105 do OB 70 R, OB 80 R lub OB 100 A. W\u00f3z do sortowania to najta\u0144sza i najbardziej ekonomiczna wersja naszych woz\u00f3w do czyszczenia owoc\u00f3w.    <\/td>\n<\/tr>\n<tr>\n<td align=\"left\"><strong>FCS<\/strong><br \/>\n<span class=\"table_description\">W\u00f3zki do sortowania \/ czyszczenia owoc\u00f3w <\/span><\/td>\n<td align=\"left\">W\u00f3zek do sortowania owoc\u00f3w FCS mo\u017ce zbiera\u0107 i sortowa\u0107 do 3 ton owoc\u00f3w na godzin\u0119 przy pojemno\u015bci zbiornika 620 l. W ten spos\u00f3b pot\u0119\u017cny w\u00f3z sortuj\u0105cy jest nap\u0119dzany przez hydraulik\u0119 ci\u0105gnika. Pr\u0119dko\u015b\u0107 ta\u015bmy przeno\u015bnika mo\u017cna r\u00f3wnie\u017c regulowa\u0107 przy pomocy zaworu regulacji ilo\u015bci.  <\/td>\n<\/tr>\n<tr>\n<td align=\"left\"><strong>FC<\/strong><br \/>\n<span class=\"table_description\">W\u00f3zki do sortowania \/ czyszczenia owoc\u00f3w <\/span><\/td>\n<td align=\"left\">W\u00f3z do sortowania owoc\u00f3w FC jest idealny dla w\u0142a\u015bcicieli profesjonalnych plantacji lub sadownik\u00f3w posiadaj\u0105cych du\u017ce sady. W\u00f3z do czyszczenia owoc\u00f3w wyposa\u017cony jest w przeno\u015bnik ta\u015bmowy i du\u017cy zbiornik. Ponadto w\u00f3zek mo\u017cna wyregulowa\u0107 przy pomocy hydraulicznej nogi podporowej. Traw\u0119 i li\u015bcie mo\u017cna oddzieli\u0107 od owoc\u00f3w przy u\u017cyciu kratki sitowej. Zgni\u0142e owoce mo\u017cna \u0142atwo oddzieli\u0107 od owoc\u00f3w wysokiej jako\u015bci w 2 specjalnie zaprojektowanych koszach.    <\/td>\n<\/tr>\n<\/tbody>\n<\/table>\n<\/div>\n<div class=\"fusion-clearfix\"><\/div><\/div><\/div><div class=\"fusion-layout-column fusion_builder_column fusion-builder-column-7 fusion_builder_column_1_1 1_1 fusion-one-full fusion-column-first fusion-column-last\" style=\"--awb-bg-size:cover;--awb-margin-bottom:0px;\"><div class=\"fusion-column-wrapper fusion-column-has-shadow fusion-flex-column-wrapper-legacy\"><div class=\"fusion-column-content-centered\"><div class=\"fusion-column-content\"><div class=\"fusion-button-wrapper\"><a class=\"fusion-button button-flat fusion-button-default-size button-custom fusion-button-default button-1 fusion-button-default-span fusion-button-default-type\" style=\"--button_accent_color:#ffffff;--button_border_color:#ffffff;--button_accent_hover_color:#ffffff;--button_border_hover_color:#ffffff;--button_gradient_top_color:#cc0000;--button_gradient_bottom_color:#cc0000;--button_gradient_top_color_hover:#ef0000;--button_gradient_bottom_color_hover:#ef0000;\" target=\"_self\" title=\"WI\u0118CEJ INFORMACJI O SORTOWANIU \/ CZYSZCZENIU OWOC\u00d3W\" aria-label=\"WI\u0118CEJ INFORMACJI O SORTOWANIU \/ CZYSZCZENIU OWOC\u00d3W\" href=\"https:\/\/feucht-obsttechnik.de\/pl\/sortowanie-owocow\/\"><span class=\"fusion-button-text awb-button__text awb-button__text--default\">WI\u0118CEJ INFORMACJI O SORTOWANIU \/ CZYSZCZENIU OWOC\u00d3W<\/span><\/a><\/div><\/div><\/div><div class=\"fusion-clearfix\"><\/div><\/div><\/div><\/div><\/div><div class=\"fusion-fullwidth fullwidth-box fusion-builder-row-5 nonhundred-percent-fullwidth non-hundred-percent-height-scrolling fusion-equal-height-columns fusion-no-small-visibility schlagwoerter\" style=\"--awb-background-position:center top;--awb-border-sizes-top:0px;--awb-border-sizes-bottom:0px;--awb-border-sizes-left:0px;--awb-border-sizes-right:0px;--awb-border-radius-top-left:0px;--awb-border-radius-top-right:0px;--awb-border-radius-bottom-right:0px;--awb-border-radius-bottom-left:0px;--awb-padding-top:0px;--awb-padding-right:15%;--awb-padding-bottom:0px;--awb-padding-left:15%;--awb-background-color:#a0ce4e;--awb-flex-wrap:wrap;\" ><div class=\"fusion-builder-row fusion-row\"><div class=\"fusion-layout-column fusion_builder_column fusion-builder-column-8 fusion_builder_column_1_5 1_5 fusion-one-fifth fusion-column-first\" style=\"--awb-padding-top:10px;--awb-padding-bottom:10px;--awb-bg-size:cover;--awb-margin-top:10px;--awb-margin-bottom:0px;width:20%;width:calc(20% - ( ( 4% ) * 0.2 ) );margin-right: 4%;\"><div class=\"fusion-column-wrapper fusion-column-has-shadow fusion-flex-column-wrapper-legacy\"><div class=\"fusion-column-content-centered\"><div class=\"fusion-column-content\"><div class=\"fusion-title title fusion-title-1 fusion-sep-none fusion-title-text fusion-title-size-two\" style=\"--awb-text-color:#ffffff;--awb-margin-bottom:0px;--awb-margin-right-small:0px;--awb-margin-bottom-small:0px;--awb-margin-left-small:0px;\"><h2 class=\"fusion-title-heading title-heading-left fusion-responsive-typography-calculated\" style=\"margin:0;--fontSize:26;--minFontSize:26;line-height:1.25;\">S\u0142owa klucze:<\/h2><\/div><\/div><\/div><div class=\"fusion-clearfix\"><\/div><\/div><\/div><div class=\"fusion-layout-column fusion_builder_column fusion-builder-column-9 fusion_builder_column_4_5 4_5 fusion-four-fifth fusion-column-last fusion-column-no-min-height\" style=\"--awb-padding-top:10px;--awb-padding-bottom:10px;--awb-bg-size:cover;--awb-margin-top:20px;--awb-margin-bottom:0px;width:80%;width:calc(80% - ( ( 4% ) * 0.8 ) );\"><div class=\"fusion-column-wrapper fusion-column-has-shadow fusion-flex-column-wrapper-legacy\"><div class=\"fusion-text fusion-text-7\"><p><span style=\"color: #ffffff;\"><a href=\"https:\/\/feucht-obsttechnik.de\/pl\/sortowanie-owocow\/\">Sortowanie owoc\u00f3w<\/a>, <a href=\"https:\/\/feucht-obsttechnik.de\/pl\/sortowanie-owocow\/\">W\u00f3zek do czyszczenia owoc\u00f3w<\/a><\/span><\/p>\n<\/div><div class=\"fusion-clearfix\"><\/div><\/div><\/div><\/div><\/div><\/p>\n","protected":false},"excerpt":{"rendered":"","protected":false},"author":4,"featured_media":0,"parent":0,"menu_order":0,"comment_status":"closed","ping_status":"closed","template":"100-width.php","meta":{"footnotes":"","_wp_rev_ctl_limit":""},"class_list":["post-15617","page","type-page","status-publish","hentry"],"yoast_head":"<!-- This site is optimized with the Yoast SEO plugin v27.2 - https:\/\/yoast.com\/product\/yoast-seo-wordpress\/ -->\n<title>Sortowanie owoc\u00f3w \/ Czyszczenie owoc\u00f3w - Feucht Obsttechnik<\/title>\n<meta name=\"description\" content=\"Korzystaj\u0105c z naszych w\u00f3zk\u00f3w do sortowania \/ czyszczenia owoc\u00f3w na soki, mo\u017cesz delikatnie oddzieli\u0107 dobre owoce od zgni\u0142ych przy minimalnym wysi\u0142ku.\" \/>\n<meta name=\"robots\" content=\"index, follow, max-snippet:-1, max-image-preview:large, max-video-preview:-1\" \/>\n<link rel=\"canonical\" href=\"https:\/\/feucht-obsttechnik.de\/pl\/lp-obstsortierung-obstreinigung\/\" \/>\n<meta property=\"og:locale\" content=\"pl_PL\" \/>\n<meta property=\"og:type\" content=\"article\" \/>\n<meta property=\"og:title\" content=\"Sortowanie owoc\u00f3w \/ Czyszczenie owoc\u00f3w - Feucht Obsttechnik\" \/>\n<meta property=\"og:description\" content=\"Korzystaj\u0105c z naszych w\u00f3zk\u00f3w do sortowania \/ czyszczenia owoc\u00f3w na soki, mo\u017cesz delikatnie oddzieli\u0107 dobre owoce od zgni\u0142ych przy minimalnym wysi\u0142ku.\" \/>\n<meta property=\"og:url\" content=\"https:\/\/feucht-obsttechnik.de\/pl\/lp-obstsortierung-obstreinigung\/\" \/>\n<meta property=\"og:site_name\" content=\"Feucht Obsttechnik\" \/>\n<meta property=\"article:modified_time\" content=\"2021-04-18T18:51:46+00:00\" \/>\n<meta name=\"twitter:card\" content=\"summary_large_image\" \/>\n<meta name=\"twitter:label1\" content=\"Szacowany czas czytania\" \/>\n\t<meta name=\"twitter:data1\" content=\"14 minut\" \/>\n<script type=\"application\/ld+json\" class=\"yoast-schema-graph\">{\"@context\":\"https:\/\/schema.org\",\"@graph\":[{\"@type\":\"WebPage\",\"@id\":\"https:\/\/feucht-obsttechnik.de\/pl\/lp-obstsortierung-obstreinigung\/\",\"url\":\"https:\/\/feucht-obsttechnik.de\/pl\/lp-obstsortierung-obstreinigung\/\",\"name\":\"Sortowanie owoc\u00f3w \/ Czyszczenie owoc\u00f3w - Feucht Obsttechnik\",\"isPartOf\":{\"@id\":\"https:\/\/feucht-obsttechnik.de\/pl\/#website\"},\"datePublished\":\"2021-04-12T13:00:08+00:00\",\"dateModified\":\"2021-04-18T18:51:46+00:00\",\"description\":\"Korzystaj\u0105c z naszych w\u00f3zk\u00f3w do sortowania \/ czyszczenia owoc\u00f3w na soki, mo\u017cesz delikatnie oddzieli\u0107 dobre owoce od zgni\u0142ych przy minimalnym wysi\u0142ku.\",\"breadcrumb\":{\"@id\":\"https:\/\/feucht-obsttechnik.de\/pl\/lp-obstsortierung-obstreinigung\/#breadcrumb\"},\"inLanguage\":\"pl-PL\",\"potentialAction\":[{\"@type\":\"ReadAction\",\"target\":[\"https:\/\/feucht-obsttechnik.de\/pl\/lp-obstsortierung-obstreinigung\/\"]}]},{\"@type\":\"BreadcrumbList\",\"@id\":\"https:\/\/feucht-obsttechnik.de\/pl\/lp-obstsortierung-obstreinigung\/#breadcrumb\",\"itemListElement\":[{\"@type\":\"ListItem\",\"position\":1,\"name\":\"Startseite\",\"item\":\"https:\/\/feucht-obsttechnik.de\/pl\/\"},{\"@type\":\"ListItem\",\"position\":2,\"name\":\"LP Obstsortierung \/ Obstreinigung\"}]},{\"@type\":\"WebSite\",\"@id\":\"https:\/\/feucht-obsttechnik.de\/pl\/#website\",\"url\":\"https:\/\/feucht-obsttechnik.de\/pl\/\",\"name\":\"Feucht Obsttechnik\",\"description\":\"\",\"publisher\":{\"@id\":\"https:\/\/feucht-obsttechnik.de\/pl\/#organization\"},\"potentialAction\":[{\"@type\":\"SearchAction\",\"target\":{\"@type\":\"EntryPoint\",\"urlTemplate\":\"https:\/\/feucht-obsttechnik.de\/pl\/?s={search_term_string}\"},\"query-input\":{\"@type\":\"PropertyValueSpecification\",\"valueRequired\":true,\"valueName\":\"search_term_string\"}}],\"inLanguage\":\"pl-PL\"},{\"@type\":\"Organization\",\"@id\":\"https:\/\/feucht-obsttechnik.de\/pl\/#organization\",\"name\":\"Feucht Obsttechnik GmbH\",\"url\":\"https:\/\/feucht-obsttechnik.de\/pl\/\",\"logo\":{\"@type\":\"ImageObject\",\"inLanguage\":\"pl-PL\",\"@id\":\"https:\/\/feucht-obsttechnik.de\/pl\/#\/schema\/logo\/image\/\",\"url\":\"https:\/\/feucht-obsttechnik.de\/wp-content\/uploads\/logo-feucht@2x-1.png\",\"contentUrl\":\"https:\/\/feucht-obsttechnik.de\/wp-content\/uploads\/logo-feucht@2x-1.png\",\"width\":640,\"height\":123,\"caption\":\"Feucht Obsttechnik GmbH\"},\"image\":{\"@id\":\"https:\/\/feucht-obsttechnik.de\/pl\/#\/schema\/logo\/image\/\"}}]}<\/script>\n<!-- \/ Yoast SEO plugin. -->","yoast_head_json":{"title":"Sortowanie owoc\u00f3w \/ Czyszczenie owoc\u00f3w - Feucht Obsttechnik","description":"Korzystaj\u0105c z naszych w\u00f3zk\u00f3w do sortowania \/ czyszczenia owoc\u00f3w na soki, mo\u017cesz delikatnie oddzieli\u0107 dobre owoce od zgni\u0142ych przy minimalnym wysi\u0142ku.","robots":{"index":"index","follow":"follow","max-snippet":"max-snippet:-1","max-image-preview":"max-image-preview:large","max-video-preview":"max-video-preview:-1"},"canonical":"https:\/\/feucht-obsttechnik.de\/pl\/lp-obstsortierung-obstreinigung\/","og_locale":"pl_PL","og_type":"article","og_title":"Sortowanie owoc\u00f3w \/ Czyszczenie owoc\u00f3w - Feucht Obsttechnik","og_description":"Korzystaj\u0105c z naszych w\u00f3zk\u00f3w do sortowania \/ czyszczenia owoc\u00f3w na soki, mo\u017cesz delikatnie oddzieli\u0107 dobre owoce od zgni\u0142ych przy minimalnym wysi\u0142ku.","og_url":"https:\/\/feucht-obsttechnik.de\/pl\/lp-obstsortierung-obstreinigung\/","og_site_name":"Feucht Obsttechnik","article_modified_time":"2021-04-18T18:51:46+00:00","twitter_card":"summary_large_image","twitter_misc":{"Szacowany czas czytania":"14 minut"},"schema":{"@context":"https:\/\/schema.org","@graph":[{"@type":"WebPage","@id":"https:\/\/feucht-obsttechnik.de\/pl\/lp-obstsortierung-obstreinigung\/","url":"https:\/\/feucht-obsttechnik.de\/pl\/lp-obstsortierung-obstreinigung\/","name":"Sortowanie owoc\u00f3w \/ Czyszczenie owoc\u00f3w - Feucht Obsttechnik","isPartOf":{"@id":"https:\/\/feucht-obsttechnik.de\/pl\/#website"},"datePublished":"2021-04-12T13:00:08+00:00","dateModified":"2021-04-18T18:51:46+00:00","description":"Korzystaj\u0105c z naszych w\u00f3zk\u00f3w do sortowania \/ czyszczenia owoc\u00f3w na soki, mo\u017cesz delikatnie oddzieli\u0107 dobre owoce od zgni\u0142ych przy minimalnym wysi\u0142ku.","breadcrumb":{"@id":"https:\/\/feucht-obsttechnik.de\/pl\/lp-obstsortierung-obstreinigung\/#breadcrumb"},"inLanguage":"pl-PL","potentialAction":[{"@type":"ReadAction","target":["https:\/\/feucht-obsttechnik.de\/pl\/lp-obstsortierung-obstreinigung\/"]}]},{"@type":"BreadcrumbList","@id":"https:\/\/feucht-obsttechnik.de\/pl\/lp-obstsortierung-obstreinigung\/#breadcrumb","itemListElement":[{"@type":"ListItem","position":1,"name":"Startseite","item":"https:\/\/feucht-obsttechnik.de\/pl\/"},{"@type":"ListItem","position":2,"name":"LP Obstsortierung \/ Obstreinigung"}]},{"@type":"WebSite","@id":"https:\/\/feucht-obsttechnik.de\/pl\/#website","url":"https:\/\/feucht-obsttechnik.de\/pl\/","name":"Feucht Obsttechnik","description":"","publisher":{"@id":"https:\/\/feucht-obsttechnik.de\/pl\/#organization"},"potentialAction":[{"@type":"SearchAction","target":{"@type":"EntryPoint","urlTemplate":"https:\/\/feucht-obsttechnik.de\/pl\/?s={search_term_string}"},"query-input":{"@type":"PropertyValueSpecification","valueRequired":true,"valueName":"search_term_string"}}],"inLanguage":"pl-PL"},{"@type":"Organization","@id":"https:\/\/feucht-obsttechnik.de\/pl\/#organization","name":"Feucht Obsttechnik GmbH","url":"https:\/\/feucht-obsttechnik.de\/pl\/","logo":{"@type":"ImageObject","inLanguage":"pl-PL","@id":"https:\/\/feucht-obsttechnik.de\/pl\/#\/schema\/logo\/image\/","url":"https:\/\/feucht-obsttechnik.de\/wp-content\/uploads\/logo-feucht@2x-1.png","contentUrl":"https:\/\/feucht-obsttechnik.de\/wp-content\/uploads\/logo-feucht@2x-1.png","width":640,"height":123,"caption":"Feucht Obsttechnik GmbH"},"image":{"@id":"https:\/\/feucht-obsttechnik.de\/pl\/#\/schema\/logo\/image\/"}}]}},"_links":{"self":[{"href":"https:\/\/feucht-obsttechnik.de\/pl\/wp-json\/wp\/v2\/pages\/15617","targetHints":{"allow":["GET"]}}],"collection":[{"href":"https:\/\/feucht-obsttechnik.de\/pl\/wp-json\/wp\/v2\/pages"}],"about":[{"href":"https:\/\/feucht-obsttechnik.de\/pl\/wp-json\/wp\/v2\/types\/page"}],"author":[{"embeddable":true,"href":"https:\/\/feucht-obsttechnik.de\/pl\/wp-json\/wp\/v2\/users\/4"}],"replies":[{"embeddable":true,"href":"https:\/\/feucht-obsttechnik.de\/pl\/wp-json\/wp\/v2\/comments?post=15617"}],"version-history":[{"count":0,"href":"https:\/\/feucht-obsttechnik.de\/pl\/wp-json\/wp\/v2\/pages\/15617\/revisions"}],"wp:attachment":[{"href":"https:\/\/feucht-obsttechnik.de\/pl\/wp-json\/wp\/v2\/media?parent=15617"}],"curies":[{"name":"wp","href":"https:\/\/api.w.org\/{rel}","templated":true}]}}