{"id":15466,"date":"2021-04-12T13:45:49","date_gmt":"2021-04-12T11:45:49","guid":{"rendered":"http:\/\/neu2020.feucht-obsttechnik.de\/lp-hochgrasmaehen-im-frontanbau\/"},"modified":"2021-04-18T20:28:05","modified_gmt":"2021-04-18T18:28:05","slug":"lp-hochgrasmaehen-im-frontanbau","status":"publish","type":"page","link":"https:\/\/feucht-obsttechnik.de\/pl\/lp-hochgrasmaehen-im-frontanbau\/","title":{"rendered":"LP Hochgrasm\u00e4hen im Frontanbau"},"content":{"rendered":"<p><div class=\"fusion-bg-parallax\" data-bg-align=\"left center\" data-direction=\"up\" data-mute=\"false\" data-opacity=\"100\" data-velocity=\"-0.3\" data-mobile-enabled=\"false\" data-break_parents=\"0\" data-bg-image=\"https:\/\/feucht-obsttechnik.de\/wp-content\/uploads\/bg-header-hochgrasm\u00e4htechnik.jpg\" data-bg-repeat=\"false\" ><\/div><div class=\"fusion-fullwidth fullwidth-box fusion-builder-row-1 fusion-parallax-up nonhundred-percent-fullwidth non-hundred-percent-height-scrolling\" style=\"--awb-background-position:left center;--awb-border-sizes-top:0px;--awb-border-sizes-bottom:0px;--awb-border-sizes-left:0px;--awb-border-sizes-right:0px;--awb-border-radius-top-left:0px;--awb-border-radius-top-right:0px;--awb-border-radius-bottom-right:0px;--awb-border-radius-bottom-left:0px;--awb-padding-top:130px;--awb-padding-bottom:120px;--awb-background-image:url(&quot;https:\/\/feucht-obsttechnik.de\/wp-content\/uploads\/bg-header-hochgrasm\u00e4htechnik.jpg&quot;);--awb-background-size:cover;--awb-flex-wrap:wrap;\" ><div class=\"fusion-builder-row fusion-row\"><div class=\"fusion-layout-column fusion_builder_column fusion-builder-column-0 fusion_builder_column_1_2 1_2 fusion-one-half fusion-column-first\" style=\"--awb-bg-size:cover;width:48%; margin-right: 4%;\"><div class=\"fusion-column-wrapper fusion-flex-column-wrapper-legacy\"><div class=\"fusion-text fusion-text-1\"><h1><span style=\"color: #ffffff\">Koszenie wysokich traw przy u\u017cyciu przedniej kosiarki<\/span><\/h1>\n<p><span style=\"color: #ffffff\">Dzi\u0119ki nowemu urz\u0105dzeniu Feucht z mocowaniem przednim mo\u017cesz kosi\u0107 wysok\u0105 traw\u0119 o wysoko\u015bci do 100 cm przy pomocy \u201etradycyjnego\u201d ci\u0105gnika kompaktowego.<\/span><\/p>\n<\/div><div class=\"fusion-clearfix\"><\/div><\/div><\/div><div class=\"fusion-layout-column fusion_builder_column fusion-builder-column-1 fusion_builder_column_1_2 1_2 fusion-one-half fusion-column-last\" style=\"--awb-bg-size:cover;width:48%;\"><div class=\"fusion-column-wrapper fusion-flex-column-wrapper-legacy\"><div class=\"fusion-clearfix\"><\/div><\/div><\/div><\/div><\/div><div class=\"fusion-fullwidth fullwidth-box fusion-builder-row-2 nonhundred-percent-fullwidth non-hundred-percent-height-scrolling\" style=\"--awb-background-position:left top;--awb-border-sizes-top:0px;--awb-border-sizes-bottom:0px;--awb-border-sizes-left:0px;--awb-border-sizes-right:0px;--awb-border-radius-top-left:0px;--awb-border-radius-top-right:0px;--awb-border-radius-bottom-right:0px;--awb-border-radius-bottom-left:0px;--awb-padding-top:130px;--awb-padding-bottom:30px;--awb-flex-wrap:wrap;\" ><div class=\"fusion-builder-row fusion-row\"><div class=\"fusion-layout-column fusion_builder_column fusion-builder-column-2 fusion_builder_column_1_1 1_1 fusion-one-full fusion-column-first fusion-column-last\" style=\"--awb-bg-size:cover;\"><div class=\"fusion-column-wrapper fusion-column-has-shadow fusion-flex-column-wrapper-legacy\"><div class=\"fusion-text fusion-text-2\"><h2>Koszenie wysokich traw przy u\u017cyciu przedniej kosiarki od Feucht Obsttechnik<\/h2>\n<\/div><div class=\"fusion-text fusion-text-3\"><h3><span class=\"\">Przednie mocowanie kosiarki CAT 0 jest odpowiednie dla tradycyjnych ci\u0105gnik\u00f3w.<\/span><\/h3>\n<\/div><div class=\"fusion-clearfix\"><\/div><\/div><\/div><div class=\"fusion-layout-column fusion_builder_column fusion-builder-column-3 fusion_builder_column_1_2 1_2 fusion-one-half fusion-column-first\" style=\"--awb-bg-size:cover;width:48%; margin-right: 4%;\"><div class=\"fusion-column-wrapper fusion-flex-column-wrapper-legacy\"><div class=\"fusion-text fusion-text-4\"><p>Najlepszy wz\u00f3r ci\u0119cia uzyskuje si\u0119 w wysokiej i niskiej trawie, niezale\u017cnie od du\u017cej pr\u0119dko\u015bci koszenia. Ryzyko uszkodzenia kamieniami jest eliminowane przez tyln\u0105 tac\u0119. Unikalna pozycja, kosiark\u0119 mo\u017cna obr\u00f3ci\u0107 o 80 stopni przy pomocy si\u0142ownika hydraulicznego. Ta pozycja optymalizuje czyszczenie kosiarki, poniewa\u017c nasiona trawy nale\u017cy usun\u0105\u0107 po koszeniu wysokiej trawy, np. przed koszeniem w parkach. Ponadto prace serwisowe, takie jak smarowanie, wymiana ostrzy czy ich ostrzenie s\u0105 wyra\u017anie uproszczone. Kosiarka przednia Feucht jest odpowiednia dla ci\u0105gnik\u00f3w ze \u015brubami hydrauliki przedniej CAT 0 lub CAT 1 + 2.     <\/p>\n<p>Specjalnie opracowane \u201epodw\u00f3jne ostrze do mulczowania\u201d kosiarki Feucht z mocowaniem przednim umo\u017cliwia mulczowanie wyj\u0105tkowo wysokich trawnik\u00f3w. Optymalne rozdrabnianie i rozprowadzanie przyspiesza rozk\u0142ad skoszonego materia\u0142u. <\/p>\n<p>Od kilku pokole\u0144 zajmujemy si\u0119 technologi\u0105 zbioru owoc\u00f3w. Usprawnienie zbioru owoc\u00f3w z najwy\u017cszymi wymaganiami jako\u015bciowymi dla zebranych owoc\u00f3w pod wzgl\u0119dem czysto\u015bci i szybko\u015bci zrywania sta\u0142o si\u0119 punktem sprzeda\u017cy naszego sprz\u0119tu do zbioru owoc\u00f3w. Stale rozwijaj\u0105c innowacyjne produkty, ugruntowali\u015bmy swoj\u0105 pozycj\u0119 lidera na rynku technologii zbioru owoc\u00f3w w Europie.<\/p>\n<\/div><div class=\"fusion-clearfix\"><\/div><\/div><\/div><div class=\"fusion-layout-column fusion_builder_column fusion-builder-column-4 fusion_builder_column_1_2 1_2 fusion-one-half fusion-column-last\" style=\"--awb-bg-size:cover;width:48%;\"><div class=\"fusion-column-wrapper fusion-flex-column-wrapper-legacy\"><div class=\"fusion-image-element in-legacy-container\" style=\"--awb-caption-title-font-family:var(--h2_typography-font-family);--awb-caption-title-font-weight:var(--h2_typography-font-weight);--awb-caption-title-font-style:var(--h2_typography-font-style);--awb-caption-title-size:var(--h2_typography-font-size);--awb-caption-title-transform:var(--h2_typography-text-transform);--awb-caption-title-line-height:var(--h2_typography-line-height);--awb-caption-title-letter-spacing:var(--h2_typography-letter-spacing);\"><span class=\" fusion-imageframe imageframe-none imageframe-1 hover-type-zoomin fusion-animated\" data-animationType=\"fadeInDown\" data-animationDuration=\"1.0\" data-animationOffset=\"bottom-in-view\"><a href=\"https:\/\/feucht-obsttechnik.de\/wp-content\/uploads\/hochgrasm\u00e4htechnik-frontm\u00e4hwerk-2.jpg\" class=\"fusion-lightbox\" data-rel=\"iLightbox[Koszenie wysokich traw przy u\u017cyciu przedniej kosiarki od Feucht Obsttechnik]\" data-title=\"Koszenie wysokich traw przy u\u017cyciu przedniej kosiarki od Feucht Obsttechnik\" title=\"Koszenie wysokich traw przy u\u017cyciu przedniej kosiarki od Feucht Obsttechnik\"><img decoding=\"async\" width=\"1600\" height=\"1200\" src=\"https:\/\/feucht-obsttechnik.de\/wp-content\/uploads\/hochgrasm\u00e4htechnik-frontm\u00e4hwerk-2.jpg\" alt class=\"img-responsive wp-image-8137\" srcset=\"https:\/\/feucht-obsttechnik.de\/wp-content\/uploads\/hochgrasm\u00e4htechnik-frontm\u00e4hwerk-2-200x150.jpg 200w, https:\/\/feucht-obsttechnik.de\/wp-content\/uploads\/hochgrasm\u00e4htechnik-frontm\u00e4hwerk-2-400x300.jpg 400w, https:\/\/feucht-obsttechnik.de\/wp-content\/uploads\/hochgrasm\u00e4htechnik-frontm\u00e4hwerk-2-600x450.jpg 600w, https:\/\/feucht-obsttechnik.de\/wp-content\/uploads\/hochgrasm\u00e4htechnik-frontm\u00e4hwerk-2-800x600.jpg 800w, https:\/\/feucht-obsttechnik.de\/wp-content\/uploads\/hochgrasm\u00e4htechnik-frontm\u00e4hwerk-2-1200x900.jpg 1200w, https:\/\/feucht-obsttechnik.de\/wp-content\/uploads\/hochgrasm\u00e4htechnik-frontm\u00e4hwerk-2.jpg 1600w\" sizes=\"(max-width: 835px) 100vw, 600px\" \/><\/a><\/span><\/div><div class=\"fusion-sep-clear\"><\/div><div class=\"fusion-separator fusion-full-width-sep\" style=\"margin-left: auto;margin-right: auto;margin-bottom:30px;width:100%;\"><\/div><div class=\"fusion-sep-clear\"><\/div><div class=\"fusion-image-element in-legacy-container\" style=\"--awb-caption-title-font-family:var(--h2_typography-font-family);--awb-caption-title-font-weight:var(--h2_typography-font-weight);--awb-caption-title-font-style:var(--h2_typography-font-style);--awb-caption-title-size:var(--h2_typography-font-size);--awb-caption-title-transform:var(--h2_typography-text-transform);--awb-caption-title-line-height:var(--h2_typography-line-height);--awb-caption-title-letter-spacing:var(--h2_typography-letter-spacing);\"><span class=\" fusion-imageframe imageframe-none imageframe-2 hover-type-zoomin fusion-animated\" data-animationType=\"fadeInDown\" data-animationDuration=\"1.0\" data-animationOffset=\"bottom-in-view\"><a href=\"https:\/\/feucht-obsttechnik.de\/wp-content\/uploads\/hochgrasm\u00e4htechnik-frontm\u00e4hwerk-4.jpg\" class=\"fusion-lightbox\" data-rel=\"iLightbox[Koszenie wysokich traw przy u\u017cyciu przedniej kosiarki od Feucht Obsttechnik]\" data-title=\"Koszenie wysokich traw przy u\u017cyciu przedniej kosiarki od Feucht Obsttechnik\" title=\"Koszenie wysokich traw przy u\u017cyciu przedniej kosiarki od Feucht Obsttechnik\"><img decoding=\"async\" width=\"1600\" height=\"1200\" src=\"https:\/\/feucht-obsttechnik.de\/wp-content\/uploads\/hochgrasm\u00e4htechnik-frontm\u00e4hwerk-4.jpg\" alt class=\"img-responsive wp-image-8147\" srcset=\"https:\/\/feucht-obsttechnik.de\/wp-content\/uploads\/hochgrasm\u00e4htechnik-frontm\u00e4hwerk-4-200x150.jpg 200w, https:\/\/feucht-obsttechnik.de\/wp-content\/uploads\/hochgrasm\u00e4htechnik-frontm\u00e4hwerk-4-400x300.jpg 400w, https:\/\/feucht-obsttechnik.de\/wp-content\/uploads\/hochgrasm\u00e4htechnik-frontm\u00e4hwerk-4-600x450.jpg 600w, https:\/\/feucht-obsttechnik.de\/wp-content\/uploads\/hochgrasm\u00e4htechnik-frontm\u00e4hwerk-4-800x600.jpg 800w, https:\/\/feucht-obsttechnik.de\/wp-content\/uploads\/hochgrasm\u00e4htechnik-frontm\u00e4hwerk-4-1200x900.jpg 1200w, https:\/\/feucht-obsttechnik.de\/wp-content\/uploads\/hochgrasm\u00e4htechnik-frontm\u00e4hwerk-4.jpg 1600w\" sizes=\"(max-width: 835px) 100vw, 600px\" \/><\/a><\/span><\/div><div class=\"fusion-clearfix\"><\/div><\/div><\/div><\/div><\/div><div class=\"fusion-fullwidth fullwidth-box fusion-builder-row-3 nonhundred-percent-fullwidth non-hundred-percent-height-scrolling\" style=\"--awb-background-position:left top;--awb-border-sizes-top:0px;--awb-border-sizes-bottom:0px;--awb-border-sizes-left:0px;--awb-border-sizes-right:0px;--awb-border-radius-top-left:0px;--awb-border-radius-top-right:0px;--awb-border-radius-bottom-right:0px;--awb-border-radius-bottom-left:0px;--awb-padding-top:1px;--awb-padding-bottom:0px;--awb-background-color:#cc0000;--awb-flex-wrap:wrap;\" ><div class=\"fusion-builder-row fusion-row\"><div class=\"fusion-layout-column fusion_builder_column fusion-builder-column-5 fusion_builder_column_1_1 1_1 fusion-one-full fusion-column-first fusion-column-last\" style=\"--awb-padding-top:50px;--awb-padding-bottom:50px;--awb-padding-left:0px;--awb-bg-size:cover;--awb-margin-bottom:0px;\"><div class=\"fusion-column-wrapper fusion-column-has-shadow fusion-flex-column-wrapper-legacy\"><div class=\"fusion-column-content-centered\"><div class=\"fusion-column-content\"><div class=\"fusion-text fusion-text-5\"><h2 style=\"text-align: center;margin-bottom: 0px\"><span style=\"color: #ffffff\">Koszenie wysokich traw przy u\u017cyciu przedniej kosiarki od Feucht Obsttechnik<\/span><\/h2>\n<\/div><\/div><\/div><div class=\"fusion-clearfix\"><\/div><\/div><\/div><\/div><\/div><div class=\"fusion-fullwidth fullwidth-box fusion-builder-row-4 nonhundred-percent-fullwidth non-hundred-percent-height-scrolling\" style=\"--awb-border-radius-top-left:0px;--awb-border-radius-top-right:0px;--awb-border-radius-bottom-right:0px;--awb-border-radius-bottom-left:0px;--awb-padding-top:100px;--awb-padding-bottom:50px;--awb-background-color:#f2f2f2;--awb-flex-wrap:wrap;\" ><div class=\"fusion-builder-row fusion-row\"><div class=\"fusion-layout-column fusion_builder_column fusion-builder-column-6 fusion_builder_column_1_1 1_1 fusion-one-full fusion-column-first fusion-column-last\" style=\"--awb-bg-color:#ffffff;--awb-bg-color-hover:#ffffff;--awb-bg-size:cover;\"><div class=\"fusion-column-wrapper fusion-flex-column-wrapper-legacy\"><div class=\"fusion-text fusion-text-6\"><div style=\"padding: 25px\">\n<h2>Opr\u00f3cz obszaru koszenia wysokiej trawy z wykorzystaniem przedniego mocowania, w naszej ofercie znajduj\u0105 si\u0119 r\u00f3wnie\u017c:<\/h2>\n<\/div>\n<\/div>\n<div class=\"table-2\">\n<table width=\"100%\">\n<tbody>\n<tr>\n<td align=\"left\"><strong>Kosiarki do ci\u0105gnik\u00f3w John Deere<\/strong><br \/>\n<span class=\"table_description\">Koszenie wysokich traw z r\u00f3\u017cnymi ci\u0105gnikami John Deere<\/span><\/td>\n<td align=\"left\">Nasze kosiarki do maszyn firmy John Deere wyr\u00f3\u017cniaj\u0105 si\u0119 niewielkim zapotrzebowaniem na moc, wysok\u0105 pr\u0119dko\u015bci\u0105 koszenia, najlepszym wzorem ci\u0119cia oraz bardzo dobrym rozdrabnianiem \u015bcink\u00f3w.<\/td>\n<\/tr>\n<tr>\n<td align=\"left\"><strong>Kosiarka osiowa<\/strong><br \/>\n<span class=\"table_description\">Dodatek mocowany mi\u0119dzy osiami ci\u0105gnik\u00f3w do koszenia wysokich traw<\/span><\/td>\n<td align=\"left\">Ta kosiarka do wysokiej trawy jest mocowana mi\u0119dzy osiami traktor\u00f3w ogrodowych. Kosiarka jest obs\u0142ugiwana przez ci\u0105gnik i zapewnia sta\u0142\u0105 odleg\u0142o\u015b\u0107 od pod\u0142o\u017ca. <\/td>\n<\/tr>\n<tr>\n<td align=\"left\"><strong>Kosiarka przednia CAT O<\/strong><br \/>\n<span class=\"table_description\">Koszenie wysokich traw przy u\u017cyciu przedniej kosiarki<\/span><\/td>\n<td align=\"left\">Kosiarka przednia CAT O Koszenie wysokich traw przy u\u017cyciu mocowania przedniego Przednie mocowanie kosiarki CAT 0 jest odpowiednie dla tradycyjnych ci\u0105gnik\u00f3w. Kosiarka mocowana jest z przodu ci\u0105gnika, dzi\u0119ki czemu umo\u017cliwia koszenie traw do 100 cm. <\/td>\n<\/tr>\n<\/tbody>\n<\/table>\n<\/div>\n<div class=\"fusion-clearfix\"><\/div><\/div><\/div><div class=\"fusion-layout-column fusion_builder_column fusion-builder-column-7 fusion_builder_column_1_1 1_1 fusion-one-full fusion-column-first fusion-column-last\" style=\"--awb-bg-size:cover;--awb-margin-bottom:0px;\"><div class=\"fusion-column-wrapper fusion-column-has-shadow fusion-flex-column-wrapper-legacy\"><div class=\"fusion-column-content-centered\"><div class=\"fusion-column-content\"><div class=\"fusion-button-wrapper\"><a class=\"fusion-button button-flat fusion-button-default-size button-custom fusion-button-default button-1 fusion-button-default-span fusion-button-default-type\" style=\"--button_accent_color:#ffffff;--button_border_color:#ffffff;--button_accent_hover_color:#ffffff;--button_border_hover_color:#ffffff;--button_gradient_top_color:#cc0000;--button_gradient_bottom_color:#cc0000;--button_gradient_top_color_hover:#ef0000;--button_gradient_bottom_color_hover:#ef0000;\" target=\"_self\" title=\"Wi\u0119cej na temat koszenia wysokiej trawy kosiark\u0105 czo\u0142ow\u0105\" aria-label=\"Wi\u0119cej na temat koszenia wysokiej trawy kosiark\u0105 czo\u0142ow\u0105\" href=\"https:\/\/feucht-obsttechnik.de\/pl\/technologia-koszenia\/technologia-koszenia-wysokich-traw\/kosiarki-przednie-cat-0\/\"><span class=\"fusion-button-text awb-button__text awb-button__text--default\">WI\u0118CEJ INFORMACJI O KOSZENIU WYSOKICH TRAW PRZY U\u017bYCIU PRZEDNIEJ KOSIARKI<\/span><\/a><\/div><\/div><\/div><div class=\"fusion-clearfix\"><\/div><\/div><\/div><\/div><\/div><div class=\"fusion-fullwidth fullwidth-box fusion-builder-row-5 nonhundred-percent-fullwidth non-hundred-percent-height-scrolling fusion-equal-height-columns fusion-no-small-visibility schlagwoerter\" style=\"--awb-background-position:center top;--awb-border-sizes-top:0px;--awb-border-sizes-bottom:0px;--awb-border-sizes-left:0px;--awb-border-sizes-right:0px;--awb-border-radius-top-left:0px;--awb-border-radius-top-right:0px;--awb-border-radius-bottom-right:0px;--awb-border-radius-bottom-left:0px;--awb-padding-top:0px;--awb-padding-right:15%;--awb-padding-bottom:0px;--awb-padding-left:15%;--awb-background-color:#a0ce4e;--awb-flex-wrap:wrap;\" ><div class=\"fusion-builder-row fusion-row\"><div class=\"fusion-layout-column fusion_builder_column fusion-builder-column-8 fusion_builder_column_1_5 1_5 fusion-one-fifth fusion-column-first\" style=\"--awb-padding-top:10px;--awb-padding-bottom:10px;--awb-bg-size:cover;--awb-margin-top:10px;--awb-margin-bottom:0px;width:20%;width:calc(20% - ( ( 4% ) * 0.2 ) );margin-right: 4%;\"><div class=\"fusion-column-wrapper fusion-column-has-shadow fusion-flex-column-wrapper-legacy\"><div class=\"fusion-column-content-centered\"><div class=\"fusion-column-content\"><div class=\"fusion-title title fusion-title-1 fusion-sep-none fusion-title-text fusion-title-size-two\" style=\"--awb-text-color:#ffffff;--awb-margin-bottom:0px;--awb-margin-right-small:0px;--awb-margin-bottom-small:0px;--awb-margin-left-small:0px;\"><h2 class=\"fusion-title-heading title-heading-left fusion-responsive-typography-calculated\" style=\"margin:0;--fontSize:26;--minFontSize:26;line-height:1.25;\">S\u0142owa klucze:<\/h2><\/div><\/div><\/div><div class=\"fusion-clearfix\"><\/div><\/div><\/div><div class=\"fusion-layout-column fusion_builder_column fusion-builder-column-9 fusion_builder_column_4_5 4_5 fusion-four-fifth fusion-column-last fusion-column-no-min-height\" style=\"--awb-padding-top:10px;--awb-padding-bottom:10px;--awb-bg-size:cover;--awb-margin-top:20px;--awb-margin-bottom:0px;width:80%;width:calc(80% - ( ( 4% ) * 0.8 ) );\"><div class=\"fusion-column-wrapper fusion-column-has-shadow fusion-flex-column-wrapper-legacy\"><div class=\"fusion-text fusion-text-7\"><p><span style=\"color: #ffffff\"><a href=\"https:\/\/feucht-obsttechnik.de\/pl\/technologia-koszenia\/technologia-koszenia-wysokich-traw\/\">Technologia koszenia wysokich traw<\/a>, <a href=\"https:\/\/feucht-obsttechnik.de\/pl\/technologia-koszenia\/technologia-koszenia-wysokich-traw\/kosiarki-do-maszyn-firmy-john-deere\/\">Koszenie wysokich traw z John Deere<\/a>, <a href=\"https:\/\/feucht-obsttechnik.de\/pl\/technologia-koszenia\/akcesoria-do-robotow-koszacych\/\">Akcesoria do robot\u00f3w kosz\u0105cych<\/a><\/span><\/p>\n<\/div><div class=\"fusion-clearfix\"><\/div><\/div><\/div><\/div><\/div><\/p>\n","protected":false},"excerpt":{"rendered":"","protected":false},"author":4,"featured_media":0,"parent":0,"menu_order":0,"comment_status":"closed","ping_status":"closed","template":"100-width.php","meta":{"footnotes":"","_wp_rev_ctl_limit":""},"class_list":["post-15466","page","type-page","status-publish","hentry"],"yoast_head":"<!-- This site is optimized with the Yoast SEO plugin v27.2 - https:\/\/yoast.com\/product\/yoast-seo-wordpress\/ -->\n<title>Koszenie wysokich traw przy u\u017cyciu przedniej kosiarki - Feucht Obsttechnik<\/title>\n<meta name=\"description\" content=\"Koszenie wysokich traw przy pomocy przedniej kosiarki firmy Feucht Obsttechnik umo\u017cliwia koszenie trawy powy\u017cej 100 cm. Dowiedz si\u0119 wi\u0119cej o naszych kosiarkach.\" \/>\n<meta name=\"robots\" content=\"index, follow, max-snippet:-1, max-image-preview:large, max-video-preview:-1\" \/>\n<link rel=\"canonical\" href=\"https:\/\/feucht-obsttechnik.de\/pl\/lp-hochgrasmaehen-im-frontanbau\/\" \/>\n<meta property=\"og:locale\" content=\"pl_PL\" \/>\n<meta property=\"og:type\" content=\"article\" \/>\n<meta property=\"og:title\" content=\"Koszenie wysokich traw przy u\u017cyciu przedniej kosiarki - Feucht Obsttechnik\" \/>\n<meta property=\"og:description\" content=\"Koszenie wysokich traw przy pomocy przedniej kosiarki firmy Feucht Obsttechnik umo\u017cliwia koszenie trawy powy\u017cej 100 cm. Dowiedz si\u0119 wi\u0119cej o naszych kosiarkach.\" \/>\n<meta property=\"og:url\" content=\"https:\/\/feucht-obsttechnik.de\/pl\/lp-hochgrasmaehen-im-frontanbau\/\" \/>\n<meta property=\"og:site_name\" content=\"Feucht Obsttechnik\" \/>\n<meta property=\"article:modified_time\" content=\"2021-04-18T18:28:05+00:00\" \/>\n<meta name=\"twitter:card\" content=\"summary_large_image\" \/>\n<meta name=\"twitter:label1\" content=\"Szacowany czas czytania\" \/>\n\t<meta name=\"twitter:data1\" content=\"13 minut\" \/>\n<script type=\"application\/ld+json\" class=\"yoast-schema-graph\">{\"@context\":\"https:\/\/schema.org\",\"@graph\":[{\"@type\":\"WebPage\",\"@id\":\"https:\/\/feucht-obsttechnik.de\/pl\/lp-hochgrasmaehen-im-frontanbau\/\",\"url\":\"https:\/\/feucht-obsttechnik.de\/pl\/lp-hochgrasmaehen-im-frontanbau\/\",\"name\":\"Koszenie wysokich traw przy u\u017cyciu przedniej kosiarki - Feucht Obsttechnik\",\"isPartOf\":{\"@id\":\"https:\/\/feucht-obsttechnik.de\/pl\/#website\"},\"datePublished\":\"2021-04-12T11:45:49+00:00\",\"dateModified\":\"2021-04-18T18:28:05+00:00\",\"description\":\"Koszenie wysokich traw przy pomocy przedniej kosiarki firmy Feucht Obsttechnik umo\u017cliwia koszenie trawy powy\u017cej 100 cm. Dowiedz si\u0119 wi\u0119cej o naszych kosiarkach.\",\"breadcrumb\":{\"@id\":\"https:\/\/feucht-obsttechnik.de\/pl\/lp-hochgrasmaehen-im-frontanbau\/#breadcrumb\"},\"inLanguage\":\"pl-PL\",\"potentialAction\":[{\"@type\":\"ReadAction\",\"target\":[\"https:\/\/feucht-obsttechnik.de\/pl\/lp-hochgrasmaehen-im-frontanbau\/\"]}]},{\"@type\":\"BreadcrumbList\",\"@id\":\"https:\/\/feucht-obsttechnik.de\/pl\/lp-hochgrasmaehen-im-frontanbau\/#breadcrumb\",\"itemListElement\":[{\"@type\":\"ListItem\",\"position\":1,\"name\":\"Startseite\",\"item\":\"https:\/\/feucht-obsttechnik.de\/pl\/\"},{\"@type\":\"ListItem\",\"position\":2,\"name\":\"LP Hochgrasm\u00e4hen im Frontanbau\"}]},{\"@type\":\"WebSite\",\"@id\":\"https:\/\/feucht-obsttechnik.de\/pl\/#website\",\"url\":\"https:\/\/feucht-obsttechnik.de\/pl\/\",\"name\":\"Feucht Obsttechnik\",\"description\":\"\",\"publisher\":{\"@id\":\"https:\/\/feucht-obsttechnik.de\/pl\/#organization\"},\"potentialAction\":[{\"@type\":\"SearchAction\",\"target\":{\"@type\":\"EntryPoint\",\"urlTemplate\":\"https:\/\/feucht-obsttechnik.de\/pl\/?s={search_term_string}\"},\"query-input\":{\"@type\":\"PropertyValueSpecification\",\"valueRequired\":true,\"valueName\":\"search_term_string\"}}],\"inLanguage\":\"pl-PL\"},{\"@type\":\"Organization\",\"@id\":\"https:\/\/feucht-obsttechnik.de\/pl\/#organization\",\"name\":\"Feucht Obsttechnik GmbH\",\"url\":\"https:\/\/feucht-obsttechnik.de\/pl\/\",\"logo\":{\"@type\":\"ImageObject\",\"inLanguage\":\"pl-PL\",\"@id\":\"https:\/\/feucht-obsttechnik.de\/pl\/#\/schema\/logo\/image\/\",\"url\":\"https:\/\/feucht-obsttechnik.de\/wp-content\/uploads\/logo-feucht@2x-1.png\",\"contentUrl\":\"https:\/\/feucht-obsttechnik.de\/wp-content\/uploads\/logo-feucht@2x-1.png\",\"width\":640,\"height\":123,\"caption\":\"Feucht Obsttechnik GmbH\"},\"image\":{\"@id\":\"https:\/\/feucht-obsttechnik.de\/pl\/#\/schema\/logo\/image\/\"}}]}<\/script>\n<!-- \/ Yoast SEO plugin. -->","yoast_head_json":{"title":"Koszenie wysokich traw przy u\u017cyciu przedniej kosiarki - Feucht Obsttechnik","description":"Koszenie wysokich traw przy pomocy przedniej kosiarki firmy Feucht Obsttechnik umo\u017cliwia koszenie trawy powy\u017cej 100 cm. Dowiedz si\u0119 wi\u0119cej o naszych kosiarkach.","robots":{"index":"index","follow":"follow","max-snippet":"max-snippet:-1","max-image-preview":"max-image-preview:large","max-video-preview":"max-video-preview:-1"},"canonical":"https:\/\/feucht-obsttechnik.de\/pl\/lp-hochgrasmaehen-im-frontanbau\/","og_locale":"pl_PL","og_type":"article","og_title":"Koszenie wysokich traw przy u\u017cyciu przedniej kosiarki - Feucht Obsttechnik","og_description":"Koszenie wysokich traw przy pomocy przedniej kosiarki firmy Feucht Obsttechnik umo\u017cliwia koszenie trawy powy\u017cej 100 cm. Dowiedz si\u0119 wi\u0119cej o naszych kosiarkach.","og_url":"https:\/\/feucht-obsttechnik.de\/pl\/lp-hochgrasmaehen-im-frontanbau\/","og_site_name":"Feucht Obsttechnik","article_modified_time":"2021-04-18T18:28:05+00:00","twitter_card":"summary_large_image","twitter_misc":{"Szacowany czas czytania":"13 minut"},"schema":{"@context":"https:\/\/schema.org","@graph":[{"@type":"WebPage","@id":"https:\/\/feucht-obsttechnik.de\/pl\/lp-hochgrasmaehen-im-frontanbau\/","url":"https:\/\/feucht-obsttechnik.de\/pl\/lp-hochgrasmaehen-im-frontanbau\/","name":"Koszenie wysokich traw przy u\u017cyciu przedniej kosiarki - Feucht Obsttechnik","isPartOf":{"@id":"https:\/\/feucht-obsttechnik.de\/pl\/#website"},"datePublished":"2021-04-12T11:45:49+00:00","dateModified":"2021-04-18T18:28:05+00:00","description":"Koszenie wysokich traw przy pomocy przedniej kosiarki firmy Feucht Obsttechnik umo\u017cliwia koszenie trawy powy\u017cej 100 cm. Dowiedz si\u0119 wi\u0119cej o naszych kosiarkach.","breadcrumb":{"@id":"https:\/\/feucht-obsttechnik.de\/pl\/lp-hochgrasmaehen-im-frontanbau\/#breadcrumb"},"inLanguage":"pl-PL","potentialAction":[{"@type":"ReadAction","target":["https:\/\/feucht-obsttechnik.de\/pl\/lp-hochgrasmaehen-im-frontanbau\/"]}]},{"@type":"BreadcrumbList","@id":"https:\/\/feucht-obsttechnik.de\/pl\/lp-hochgrasmaehen-im-frontanbau\/#breadcrumb","itemListElement":[{"@type":"ListItem","position":1,"name":"Startseite","item":"https:\/\/feucht-obsttechnik.de\/pl\/"},{"@type":"ListItem","position":2,"name":"LP Hochgrasm\u00e4hen im Frontanbau"}]},{"@type":"WebSite","@id":"https:\/\/feucht-obsttechnik.de\/pl\/#website","url":"https:\/\/feucht-obsttechnik.de\/pl\/","name":"Feucht Obsttechnik","description":"","publisher":{"@id":"https:\/\/feucht-obsttechnik.de\/pl\/#organization"},"potentialAction":[{"@type":"SearchAction","target":{"@type":"EntryPoint","urlTemplate":"https:\/\/feucht-obsttechnik.de\/pl\/?s={search_term_string}"},"query-input":{"@type":"PropertyValueSpecification","valueRequired":true,"valueName":"search_term_string"}}],"inLanguage":"pl-PL"},{"@type":"Organization","@id":"https:\/\/feucht-obsttechnik.de\/pl\/#organization","name":"Feucht Obsttechnik GmbH","url":"https:\/\/feucht-obsttechnik.de\/pl\/","logo":{"@type":"ImageObject","inLanguage":"pl-PL","@id":"https:\/\/feucht-obsttechnik.de\/pl\/#\/schema\/logo\/image\/","url":"https:\/\/feucht-obsttechnik.de\/wp-content\/uploads\/logo-feucht@2x-1.png","contentUrl":"https:\/\/feucht-obsttechnik.de\/wp-content\/uploads\/logo-feucht@2x-1.png","width":640,"height":123,"caption":"Feucht Obsttechnik GmbH"},"image":{"@id":"https:\/\/feucht-obsttechnik.de\/pl\/#\/schema\/logo\/image\/"}}]}},"_links":{"self":[{"href":"https:\/\/feucht-obsttechnik.de\/pl\/wp-json\/wp\/v2\/pages\/15466","targetHints":{"allow":["GET"]}}],"collection":[{"href":"https:\/\/feucht-obsttechnik.de\/pl\/wp-json\/wp\/v2\/pages"}],"about":[{"href":"https:\/\/feucht-obsttechnik.de\/pl\/wp-json\/wp\/v2\/types\/page"}],"author":[{"embeddable":true,"href":"https:\/\/feucht-obsttechnik.de\/pl\/wp-json\/wp\/v2\/users\/4"}],"replies":[{"embeddable":true,"href":"https:\/\/feucht-obsttechnik.de\/pl\/wp-json\/wp\/v2\/comments?post=15466"}],"version-history":[{"count":0,"href":"https:\/\/feucht-obsttechnik.de\/pl\/wp-json\/wp\/v2\/pages\/15466\/revisions"}],"wp:attachment":[{"href":"https:\/\/feucht-obsttechnik.de\/pl\/wp-json\/wp\/v2\/media?parent=15466"}],"curies":[{"name":"wp","href":"https:\/\/api.w.org\/{rel}","templated":true}]}}