{"id":12329,"date":"2021-04-08T14:36:07","date_gmt":"2021-04-08T12:36:07","guid":{"rendered":"https:\/\/neu2020.feucht-obsttechnik.de\/lp-walnuss-handknacker\/"},"modified":"2021-04-16T17:01:22","modified_gmt":"2021-04-16T15:01:22","slug":"lp-walnuss-handknacker","status":"publish","type":"page","link":"https:\/\/feucht-obsttechnik.de\/it\/lp-walnuss-handknacker\/","title":{"rendered":"LP Walnuss-Handknacker"},"content":{"rendered":"<p><div class=\"fusion-bg-parallax\" data-bg-align=\"left center\" data-direction=\"up\" data-mute=\"false\" data-opacity=\"100\" data-velocity=\"-0.3\" data-mobile-enabled=\"false\" data-break_parents=\"0\" data-bg-image=\"https:\/\/feucht-obsttechnik.de\/wp-content\/uploads\/bg-header-nussverarbeitung-1.jpg\" data-bg-repeat=\"false\" ><\/div><div class=\"fusion-fullwidth fullwidth-box fusion-builder-row-1 fusion-parallax-up nonhundred-percent-fullwidth non-hundred-percent-height-scrolling\" style=\"--awb-background-position:left center;--awb-border-sizes-top:0px;--awb-border-sizes-bottom:0px;--awb-border-sizes-left:0px;--awb-border-sizes-right:0px;--awb-border-radius-top-left:0px;--awb-border-radius-top-right:0px;--awb-border-radius-bottom-right:0px;--awb-border-radius-bottom-left:0px;--awb-padding-top:130px;--awb-padding-bottom:120px;--awb-background-image:url(&quot;https:\/\/feucht-obsttechnik.de\/wp-content\/uploads\/bg-header-nussverarbeitung-1.jpg&quot;);--awb-background-size:cover;--awb-flex-wrap:wrap;\" ><div class=\"fusion-builder-row fusion-row\"><div class=\"fusion-layout-column fusion_builder_column fusion-builder-column-0 fusion_builder_column_1_2 1_2 fusion-one-half fusion-column-first\" style=\"--awb-bg-size:cover;width:48%; margin-right: 4%;\"><div class=\"fusion-column-wrapper fusion-flex-column-wrapper-legacy\"><div class=\"fusion-text fusion-text-1\"><h1><span style=\"color: #ffffff;\">Sgusciatrice manuale per noci<\/span><\/h1>\n<p><span style=\"color: #ffffff;\">Lavorazione di successo con la migliore tecnologia: Ottenete i migliori risultati di sgusciatura in modo semplice e veloce con la nostra sgusciatrice manuale per noci.<\/span><\/p>\n<\/div><div class=\"fusion-clearfix\"><\/div><\/div><\/div><div class=\"fusion-layout-column fusion_builder_column fusion-builder-column-1 fusion_builder_column_1_2 1_2 fusion-one-half fusion-column-last\" style=\"--awb-bg-size:cover;width:48%;\"><div class=\"fusion-column-wrapper fusion-flex-column-wrapper-legacy\"><div class=\"fusion-clearfix\"><\/div><\/div><\/div><\/div><\/div><div class=\"fusion-fullwidth fullwidth-box fusion-builder-row-2 nonhundred-percent-fullwidth non-hundred-percent-height-scrolling\" style=\"--awb-background-position:left top;--awb-border-sizes-top:0px;--awb-border-sizes-bottom:0px;--awb-border-sizes-left:0px;--awb-border-sizes-right:0px;--awb-border-radius-top-left:0px;--awb-border-radius-top-right:0px;--awb-border-radius-bottom-right:0px;--awb-border-radius-bottom-left:0px;--awb-padding-top:130px;--awb-padding-bottom:30px;--awb-flex-wrap:wrap;\" ><div class=\"fusion-builder-row fusion-row\"><div class=\"fusion-layout-column fusion_builder_column fusion-builder-column-2 fusion_builder_column_1_1 1_1 fusion-one-full fusion-column-first fusion-column-last\" style=\"--awb-bg-size:cover;\"><div class=\"fusion-column-wrapper fusion-column-has-shadow fusion-flex-column-wrapper-legacy\"><div class=\"fusion-text fusion-text-2\"><h2>Sgusciatrice manuale per noci<\/h2>\n<\/div><div class=\"fusion-text fusion-text-3\"><h3><span class=\"\">Utilizzando la sgusciatrice per noci, \u00e8 possibile sgusciare fino al 90% delle noci nella prima fase di sgusciatura. <\/span><\/h3>\n<\/div><div class=\"fusion-clearfix\"><\/div><\/div><\/div><div class=\"fusion-layout-column fusion_builder_column fusion-builder-column-3 fusion_builder_column_1_2 1_2 fusion-one-half fusion-column-first\" style=\"--awb-bg-size:cover;width:48%; margin-right: 4%;\"><div class=\"fusion-column-wrapper fusion-flex-column-wrapper-legacy\"><div class=\"fusion-text fusion-text-4\"><p>Le noci sono note non solo per i loro effetti benefici sulla salute, ma possono anche essere integrate praticamente in qualsiasi pasto, o gustate come spuntino. Utilizzando una sgusciatrice manuale per noci (adatta anche per le nocciole) le noci possono essere spaccate facilmente e rapidamente con una sgusciatrice manuale. <\/p>\n<p>Abbiamo anche sviluppato la <strong>sgusciatrice manuale \u201cWAL MAN\u201d<\/strong>. Si tratta di una sgusciatrice manuale, semplice, economica e automatica in continuo (adatta anche per le nocciole) con un alto livello di sgusciatura delle noci. Quando si rompe, si ottiene un risultato molto pulito (noce: 10 &#8211; 15 % mezzi gherigli e con una qualit\u00e0 molto buona delle noci 20 &#8211; 40 % mezzi gherigli; Nocciola: 70 &#8211; 80 % gherigli interi). Le noci dovrebbero essere precalibrate, di dimensioni medio-grandi, per ottenere un perfetto risultato. Con la sgusciatrice manuale per noci PICCOLA si possono rompere fino a 15 kg\/h di noci e con il modello normale fino a 30 kg\/h. Il principio funzionale della sgusciatrice manuale per noci \u00e8 semplice: Dopo aver riempito l\u2019ingresso del convoglio con noci, la manovella viene girata a sinistra e a destra come un&#8217;altalena.     <\/p>\n<p>Dopo l&#8217;operazione, le noci sgusciate (gherigli, gusci e noci parzialmente sgusciate) possono essere raccolte nel punto di scarico posizionando un contenitore. La sgusciatrice manuale WAL MAN \u00e8 disponibile in due versioni, che si differenziano per la capacit\u00e0 di sgusciatura. Per la WAL MAN \u00e8 disponibile anche un motore elettrico o un azionamento meccanico. La sgusciatrice manuale pu\u00f2 anche essere combinata con un estrattore di gusci.   <\/p>\n<p>Siamo attivi nel campo della tecnica di raccolta della frutta da diverse generazioni e siamo anche un partner competente nel campo della tecnica di lavorazione della frutta a guscio e della tecnica di falciatura. Attraverso lo sviluppo di prodotti costantemente innovativi siamo diventati leader di mercato in Europa per quanto riguarda la tecnologia di raccolta della frutta \/ tecnologia di falciatura e la tecnologia di lavorazione delle noci. Oltre alla nostra sgusciatrice manuale per noci, offriamo anche sgusciatrici meccaniche per noci, e siamo anche un fornitore completo in tutti i settori della lavorazione delle noci: lavaggio, essiccamento, calibratura e sgusciatura (pre-sgusciatura, rimozione dei gusci, post-sgusciatura, cernita e calibrazione del gheriglio).<\/p>\n<\/div><div class=\"fusion-button-wrapper\"><a class=\"fusion-button button-flat fusion-button-default-size button-custom fusion-button-default button-1 fusion-button-default-span fusion-button-default-type\" style=\"--button_accent_color:#ffffff;--button_border_color:#ffffff;--button_accent_hover_color:#ffffff;--button_border_hover_color:#ffffff;--button_gradient_top_color:#cc0000;--button_gradient_bottom_color:#cc0000;--button_gradient_top_color_hover:#ef0000;--button_gradient_bottom_color_hover:#ef0000;\" target=\"_self\" title=\"PI\u00d9 SULLA NOSTRA SGUSCIATRICE MANUALE PER NOCI\" aria-label=\"PI\u00d9 SULLA NOSTRA SGUSCIATRICE MANUALE PER NOCI\" href=\"https:\/\/feucht-obsttechnik.de\/it\/wal-man\/\"><span class=\"fusion-button-text awb-button__text awb-button__text--default\">ULTERIORI INFORMAZIONI SULLA NOSTRA SGUSCIATRICE MANUALE PER NOCI<\/span><\/a><\/div><div class=\"fusion-clearfix\"><\/div><\/div><\/div><div class=\"fusion-layout-column fusion_builder_column fusion-builder-column-4 fusion_builder_column_1_2 1_2 fusion-one-half fusion-column-last\" style=\"--awb-bg-size:cover;width:48%;\"><div class=\"fusion-column-wrapper fusion-flex-column-wrapper-legacy\"><div class=\"fusion-image-element in-legacy-container\" style=\"--awb-caption-title-font-family:var(--h2_typography-font-family);--awb-caption-title-font-weight:var(--h2_typography-font-weight);--awb-caption-title-font-style:var(--h2_typography-font-style);--awb-caption-title-size:var(--h2_typography-font-size);--awb-caption-title-transform:var(--h2_typography-text-transform);--awb-caption-title-line-height:var(--h2_typography-line-height);--awb-caption-title-letter-spacing:var(--h2_typography-letter-spacing);\"><span class=\" fusion-imageframe imageframe-none imageframe-1 hover-type-zoomin fusion-animated\" data-animationType=\"fadeInDown\" data-animationDuration=\"1.0\" data-animationOffset=\"bottom-in-view\"><a href=\"https:\/\/feucht-obsttechnik.de\/wp-content\/uploads\/handknacker-wal-man-walnuss-2.jpg\" class=\"fusion-lightbox\" data-rel=\"iLightbox[Sgusciatrice manuale per noci]\" data-title=\"Sgusciatura delle noci con la WAL MAN\" title=\"Sgusciatura delle noci con la WAL MAN\"><img decoding=\"async\" width=\"1600\" height=\"1200\" src=\"https:\/\/feucht-obsttechnik.de\/wp-content\/uploads\/handknacker-wal-man-walnuss-2.jpg\" alt class=\"img-responsive wp-image-8054\" srcset=\"https:\/\/feucht-obsttechnik.de\/wp-content\/uploads\/handknacker-wal-man-walnuss-2-200x150.jpg 200w, https:\/\/feucht-obsttechnik.de\/wp-content\/uploads\/handknacker-wal-man-walnuss-2-400x300.jpg 400w, https:\/\/feucht-obsttechnik.de\/wp-content\/uploads\/handknacker-wal-man-walnuss-2-600x450.jpg 600w, https:\/\/feucht-obsttechnik.de\/wp-content\/uploads\/handknacker-wal-man-walnuss-2-800x600.jpg 800w, https:\/\/feucht-obsttechnik.de\/wp-content\/uploads\/handknacker-wal-man-walnuss-2-1200x900.jpg 1200w, https:\/\/feucht-obsttechnik.de\/wp-content\/uploads\/handknacker-wal-man-walnuss-2.jpg 1600w\" sizes=\"(max-width: 835px) 100vw, 600px\" \/><\/a><\/span><\/div><div class=\"fusion-sep-clear\"><\/div><div class=\"fusion-separator fusion-full-width-sep\" style=\"margin-left: auto;margin-right: auto;margin-bottom:30px;width:100%;\"><\/div><div class=\"fusion-sep-clear\"><\/div><div class=\"fusion-image-element in-legacy-container\" style=\"--awb-caption-title-font-family:var(--h2_typography-font-family);--awb-caption-title-font-weight:var(--h2_typography-font-weight);--awb-caption-title-font-style:var(--h2_typography-font-style);--awb-caption-title-size:var(--h2_typography-font-size);--awb-caption-title-transform:var(--h2_typography-text-transform);--awb-caption-title-line-height:var(--h2_typography-line-height);--awb-caption-title-letter-spacing:var(--h2_typography-letter-spacing);\"><span class=\" fusion-imageframe imageframe-none imageframe-2 hover-type-zoomin fusion-animated\" data-animationType=\"fadeInDown\" data-animationDuration=\"1.0\" data-animationOffset=\"bottom-in-view\"><a href=\"https:\/\/feucht-obsttechnik.de\/wp-content\/uploads\/handknacker-wal-man-walnuss-1.jpg\" class=\"fusion-lightbox\" data-rel=\"iLightbox[Sgusciatrice manuale per noci]\" data-title=\"Sgusciatura delle noci con la WAL MAN\" title=\"Sgusciatura delle noci con la WAL MAN\"><img decoding=\"async\" width=\"1600\" height=\"1200\" src=\"https:\/\/feucht-obsttechnik.de\/wp-content\/uploads\/handknacker-wal-man-walnuss-1.jpg\" alt class=\"img-responsive wp-image-8049\" srcset=\"https:\/\/feucht-obsttechnik.de\/wp-content\/uploads\/handknacker-wal-man-walnuss-1-200x150.jpg 200w, https:\/\/feucht-obsttechnik.de\/wp-content\/uploads\/handknacker-wal-man-walnuss-1-400x300.jpg 400w, https:\/\/feucht-obsttechnik.de\/wp-content\/uploads\/handknacker-wal-man-walnuss-1-600x450.jpg 600w, https:\/\/feucht-obsttechnik.de\/wp-content\/uploads\/handknacker-wal-man-walnuss-1-800x600.jpg 800w, https:\/\/feucht-obsttechnik.de\/wp-content\/uploads\/handknacker-wal-man-walnuss-1-1200x900.jpg 1200w, https:\/\/feucht-obsttechnik.de\/wp-content\/uploads\/handknacker-wal-man-walnuss-1.jpg 1600w\" sizes=\"(max-width: 835px) 100vw, 600px\" \/><\/a><\/span><\/div><div class=\"fusion-sep-clear\"><\/div><div class=\"fusion-separator fusion-full-width-sep\" style=\"margin-left: auto;margin-right: auto;margin-bottom:30px;width:100%;\"><\/div><div class=\"fusion-sep-clear\"><\/div><div class=\"fusion-image-element in-legacy-container\" style=\"--awb-caption-title-font-family:var(--h2_typography-font-family);--awb-caption-title-font-weight:var(--h2_typography-font-weight);--awb-caption-title-font-style:var(--h2_typography-font-style);--awb-caption-title-size:var(--h2_typography-font-size);--awb-caption-title-transform:var(--h2_typography-text-transform);--awb-caption-title-line-height:var(--h2_typography-line-height);--awb-caption-title-letter-spacing:var(--h2_typography-letter-spacing);\"><span class=\" fusion-imageframe imageframe-none imageframe-3 hover-type-zoomin fusion-animated\" data-animationType=\"fadeInDown\" data-animationDuration=\"1.0\" data-animationOffset=\"bottom-in-view\"><a href=\"https:\/\/feucht-obsttechnik.de\/wp-content\/uploads\/handknacker-wal-man-2-neu.jpg\" class=\"fusion-lightbox\" data-rel=\"iLightbox[Sgusciatrice manuale per noci]\" data-title=\"handknacker-wal-man-2-neu\" title=\"handknacker-wal-man-2-neu\"><img decoding=\"async\" width=\"1600\" height=\"1200\" src=\"https:\/\/feucht-obsttechnik.de\/wp-content\/uploads\/handknacker-wal-man-2-neu.jpg\" alt class=\"img-responsive wp-image-35591\" srcset=\"https:\/\/feucht-obsttechnik.de\/wp-content\/uploads\/handknacker-wal-man-2-neu-200x150.jpg 200w, https:\/\/feucht-obsttechnik.de\/wp-content\/uploads\/handknacker-wal-man-2-neu-400x300.jpg 400w, https:\/\/feucht-obsttechnik.de\/wp-content\/uploads\/handknacker-wal-man-2-neu-600x450.jpg 600w, https:\/\/feucht-obsttechnik.de\/wp-content\/uploads\/handknacker-wal-man-2-neu-800x600.jpg 800w, https:\/\/feucht-obsttechnik.de\/wp-content\/uploads\/handknacker-wal-man-2-neu-1200x900.jpg 1200w, https:\/\/feucht-obsttechnik.de\/wp-content\/uploads\/handknacker-wal-man-2-neu.jpg 1600w\" sizes=\"(max-width: 835px) 100vw, 600px\" \/><\/a><\/span><\/div><div class=\"fusion-clearfix\"><\/div><\/div><\/div><\/div><\/div><div class=\"fusion-fullwidth fullwidth-box fusion-builder-row-3 nonhundred-percent-fullwidth non-hundred-percent-height-scrolling fusion-equal-height-columns fusion-no-small-visibility schlagwoerter\" style=\"--awb-background-position:center top;--awb-border-sizes-top:0px;--awb-border-sizes-bottom:0px;--awb-border-sizes-left:0px;--awb-border-sizes-right:0px;--awb-border-radius-top-left:0px;--awb-border-radius-top-right:0px;--awb-border-radius-bottom-right:0px;--awb-border-radius-bottom-left:0px;--awb-padding-top:0px;--awb-padding-right:15%;--awb-padding-bottom:0px;--awb-padding-left:15%;--awb-background-color:#a0ce4e;--awb-flex-wrap:wrap;\" ><div class=\"fusion-builder-row fusion-row\"><div class=\"fusion-layout-column fusion_builder_column fusion-builder-column-5 fusion_builder_column_1_5 1_5 fusion-one-fifth fusion-column-first\" style=\"--awb-padding-top:10px;--awb-padding-bottom:10px;--awb-bg-size:cover;--awb-margin-top:10px;--awb-margin-bottom:0px;width:20%;width:calc(20% - ( ( 4% ) * 0.2 ) );margin-right: 4%;\"><div class=\"fusion-column-wrapper fusion-column-has-shadow fusion-flex-column-wrapper-legacy\"><div class=\"fusion-column-content-centered\"><div class=\"fusion-column-content\"><div class=\"fusion-title title fusion-title-1 fusion-sep-none fusion-title-text fusion-title-size-two\" style=\"--awb-text-color:#ffffff;--awb-margin-bottom:0px;--awb-margin-right-small:0px;--awb-margin-bottom-small:0px;--awb-margin-left-small:0px;\"><h2 class=\"fusion-title-heading title-heading-left fusion-responsive-typography-calculated\" style=\"margin:0;--fontSize:26;--minFontSize:26;line-height:1.25;\">Parole chiave:<\/h2><\/div><\/div><\/div><div class=\"fusion-clearfix\"><\/div><\/div><\/div><div class=\"fusion-layout-column fusion_builder_column fusion-builder-column-6 fusion_builder_column_4_5 4_5 fusion-four-fifth fusion-column-last fusion-column-no-min-height\" style=\"--awb-padding-top:10px;--awb-padding-bottom:10px;--awb-bg-size:cover;--awb-margin-top:20px;--awb-margin-bottom:0px;width:80%;width:calc(80% - ( ( 4% ) * 0.8 ) );\"><div class=\"fusion-column-wrapper fusion-column-has-shadow fusion-flex-column-wrapper-legacy\"><div class=\"fusion-text fusion-text-5\"><p><span style=\"color: #ffffff;\"><a href=\"https:\/\/feucht-obsttechnik.de\/it\/lavorazione-delle-noci\/lavorazione-delle-noci-per-grandi-quantita\/sgusciatura-delle-noci\/\">Sgusciatrice per noci<\/a>, <a title=\"Pi\u00f9 sulla sgusciatrice per noci Micro\" href=\"https:\/\/feucht-obsttechnik.de\/it\/lavorazione-delle-noci\/lavorazione-delle-noci-per-grandi-quantita\/sgusciatura-delle-noci\/#micro\">Sgusciatrice per noci Micro<\/a>, <a href=\"https:\/\/feucht-obsttechnik.de\/it\/lavorazione-delle-noci\/lavorazione-delle-noci-per-grandi-quantita\/essiccamento-delle-noci\/\">Essiccatore per noci<\/a>, <a href=\"https:\/\/feucht-obsttechnik.de\/it\/lavorazione-delle-noci\/\"> Lavorazione delle noci<\/a><\/span><\/p>\n<\/div><div class=\"fusion-clearfix\"><\/div><\/div><\/div><\/div><\/div><\/p>\n","protected":false},"excerpt":{"rendered":"","protected":false},"author":4,"featured_media":0,"parent":0,"menu_order":0,"comment_status":"closed","ping_status":"closed","template":"100-width.php","meta":{"footnotes":"","_wp_rev_ctl_limit":""},"class_list":["post-12329","page","type-page","status-publish","hentry"],"yoast_head":"<!-- This site is optimized with the Yoast SEO plugin v27.5 - https:\/\/yoast.com\/product\/yoast-seo-wordpress\/ -->\n<title>Sgusciatrice manuale per noci \/ Sgusciatrice a mano per noci - Feucht Obsttechnik<\/title>\n<meta name=\"description\" content=\"La sgusciatrice manuale per noci di Feucht Obsttechnik offre i migliori risultati di sgusciatura in modo semplice e veloce. Imparate a conoscere le nostre popolari sgusciatrici manuali.\" \/>\n<meta name=\"robots\" content=\"index, follow, max-snippet:-1, max-image-preview:large, max-video-preview:-1\" \/>\n<link rel=\"canonical\" href=\"https:\/\/feucht-obsttechnik.de\/it\/lp-walnuss-handknacker\/\" \/>\n<meta property=\"og:locale\" content=\"it_IT\" \/>\n<meta property=\"og:type\" content=\"article\" \/>\n<meta property=\"og:title\" content=\"Sgusciatrice manuale per noci \/ Sgusciatrice a mano per noci - Feucht Obsttechnik\" \/>\n<meta property=\"og:description\" content=\"La sgusciatrice manuale per noci di Feucht Obsttechnik offre i migliori risultati di sgusciatura in modo semplice e veloce. Imparate a conoscere le nostre popolari sgusciatrici manuali.\" \/>\n<meta property=\"og:url\" content=\"https:\/\/feucht-obsttechnik.de\/it\/lp-walnuss-handknacker\/\" \/>\n<meta property=\"og:site_name\" content=\"Feucht Obsttechnik\" \/>\n<meta property=\"article:modified_time\" content=\"2021-04-16T15:01:22+00:00\" \/>\n<meta name=\"twitter:card\" content=\"summary_large_image\" \/>\n<meta name=\"twitter:label1\" content=\"Tempo di lettura stimato\" \/>\n\t<meta name=\"twitter:data1\" content=\"10 minuti\" \/>\n<script type=\"application\/ld+json\" class=\"yoast-schema-graph\">{\"@context\":\"https:\\\/\\\/schema.org\",\"@graph\":[{\"@type\":\"WebPage\",\"@id\":\"https:\\\/\\\/feucht-obsttechnik.de\\\/it\\\/lp-walnuss-handknacker\\\/\",\"url\":\"https:\\\/\\\/feucht-obsttechnik.de\\\/it\\\/lp-walnuss-handknacker\\\/\",\"name\":\"Sgusciatrice manuale per noci \\\/ Sgusciatrice a mano per noci - Feucht Obsttechnik\",\"isPartOf\":{\"@id\":\"https:\\\/\\\/feucht-obsttechnik.de\\\/it\\\/#website\"},\"datePublished\":\"2021-04-08T12:36:07+00:00\",\"dateModified\":\"2021-04-16T15:01:22+00:00\",\"description\":\"La sgusciatrice manuale per noci di Feucht Obsttechnik offre i migliori risultati di sgusciatura in modo semplice e veloce. Imparate a conoscere le nostre popolari sgusciatrici manuali.\",\"breadcrumb\":{\"@id\":\"https:\\\/\\\/feucht-obsttechnik.de\\\/it\\\/lp-walnuss-handknacker\\\/#breadcrumb\"},\"inLanguage\":\"it-IT\",\"potentialAction\":[{\"@type\":\"ReadAction\",\"target\":[\"https:\\\/\\\/feucht-obsttechnik.de\\\/it\\\/lp-walnuss-handknacker\\\/\"]}]},{\"@type\":\"BreadcrumbList\",\"@id\":\"https:\\\/\\\/feucht-obsttechnik.de\\\/it\\\/lp-walnuss-handknacker\\\/#breadcrumb\",\"itemListElement\":[{\"@type\":\"ListItem\",\"position\":1,\"name\":\"Startseite\",\"item\":\"https:\\\/\\\/feucht-obsttechnik.de\\\/it\\\/\"},{\"@type\":\"ListItem\",\"position\":2,\"name\":\"LP Walnuss-Handknacker\"}]},{\"@type\":\"WebSite\",\"@id\":\"https:\\\/\\\/feucht-obsttechnik.de\\\/it\\\/#website\",\"url\":\"https:\\\/\\\/feucht-obsttechnik.de\\\/it\\\/\",\"name\":\"Feucht Obsttechnik\",\"description\":\"\",\"publisher\":{\"@id\":\"https:\\\/\\\/feucht-obsttechnik.de\\\/it\\\/#organization\"},\"potentialAction\":[{\"@type\":\"SearchAction\",\"target\":{\"@type\":\"EntryPoint\",\"urlTemplate\":\"https:\\\/\\\/feucht-obsttechnik.de\\\/it\\\/?s={search_term_string}\"},\"query-input\":{\"@type\":\"PropertyValueSpecification\",\"valueRequired\":true,\"valueName\":\"search_term_string\"}}],\"inLanguage\":\"it-IT\"},{\"@type\":\"Organization\",\"@id\":\"https:\\\/\\\/feucht-obsttechnik.de\\\/it\\\/#organization\",\"name\":\"Feucht Obsttechnik GmbH\",\"url\":\"https:\\\/\\\/feucht-obsttechnik.de\\\/it\\\/\",\"logo\":{\"@type\":\"ImageObject\",\"inLanguage\":\"it-IT\",\"@id\":\"https:\\\/\\\/feucht-obsttechnik.de\\\/it\\\/#\\\/schema\\\/logo\\\/image\\\/\",\"url\":\"https:\\\/\\\/feucht-obsttechnik.de\\\/wp-content\\\/uploads\\\/logo-feucht@2x-1.png\",\"contentUrl\":\"https:\\\/\\\/feucht-obsttechnik.de\\\/wp-content\\\/uploads\\\/logo-feucht@2x-1.png\",\"width\":640,\"height\":123,\"caption\":\"Feucht Obsttechnik GmbH\"},\"image\":{\"@id\":\"https:\\\/\\\/feucht-obsttechnik.de\\\/it\\\/#\\\/schema\\\/logo\\\/image\\\/\"}}]}<\/script>\n<!-- \/ Yoast SEO plugin. -->","yoast_head_json":{"title":"Sgusciatrice manuale per noci \/ Sgusciatrice a mano per noci - Feucht Obsttechnik","description":"La sgusciatrice manuale per noci di Feucht Obsttechnik offre i migliori risultati di sgusciatura in modo semplice e veloce. Imparate a conoscere le nostre popolari sgusciatrici manuali.","robots":{"index":"index","follow":"follow","max-snippet":"max-snippet:-1","max-image-preview":"max-image-preview:large","max-video-preview":"max-video-preview:-1"},"canonical":"https:\/\/feucht-obsttechnik.de\/it\/lp-walnuss-handknacker\/","og_locale":"it_IT","og_type":"article","og_title":"Sgusciatrice manuale per noci \/ Sgusciatrice a mano per noci - Feucht Obsttechnik","og_description":"La sgusciatrice manuale per noci di Feucht Obsttechnik offre i migliori risultati di sgusciatura in modo semplice e veloce. Imparate a conoscere le nostre popolari sgusciatrici manuali.","og_url":"https:\/\/feucht-obsttechnik.de\/it\/lp-walnuss-handknacker\/","og_site_name":"Feucht Obsttechnik","article_modified_time":"2021-04-16T15:01:22+00:00","twitter_card":"summary_large_image","twitter_misc":{"Tempo di lettura stimato":"10 minuti"},"schema":{"@context":"https:\/\/schema.org","@graph":[{"@type":"WebPage","@id":"https:\/\/feucht-obsttechnik.de\/it\/lp-walnuss-handknacker\/","url":"https:\/\/feucht-obsttechnik.de\/it\/lp-walnuss-handknacker\/","name":"Sgusciatrice manuale per noci \/ Sgusciatrice a mano per noci - Feucht Obsttechnik","isPartOf":{"@id":"https:\/\/feucht-obsttechnik.de\/it\/#website"},"datePublished":"2021-04-08T12:36:07+00:00","dateModified":"2021-04-16T15:01:22+00:00","description":"La sgusciatrice manuale per noci di Feucht Obsttechnik offre i migliori risultati di sgusciatura in modo semplice e veloce. Imparate a conoscere le nostre popolari sgusciatrici manuali.","breadcrumb":{"@id":"https:\/\/feucht-obsttechnik.de\/it\/lp-walnuss-handknacker\/#breadcrumb"},"inLanguage":"it-IT","potentialAction":[{"@type":"ReadAction","target":["https:\/\/feucht-obsttechnik.de\/it\/lp-walnuss-handknacker\/"]}]},{"@type":"BreadcrumbList","@id":"https:\/\/feucht-obsttechnik.de\/it\/lp-walnuss-handknacker\/#breadcrumb","itemListElement":[{"@type":"ListItem","position":1,"name":"Startseite","item":"https:\/\/feucht-obsttechnik.de\/it\/"},{"@type":"ListItem","position":2,"name":"LP Walnuss-Handknacker"}]},{"@type":"WebSite","@id":"https:\/\/feucht-obsttechnik.de\/it\/#website","url":"https:\/\/feucht-obsttechnik.de\/it\/","name":"Feucht Obsttechnik","description":"","publisher":{"@id":"https:\/\/feucht-obsttechnik.de\/it\/#organization"},"potentialAction":[{"@type":"SearchAction","target":{"@type":"EntryPoint","urlTemplate":"https:\/\/feucht-obsttechnik.de\/it\/?s={search_term_string}"},"query-input":{"@type":"PropertyValueSpecification","valueRequired":true,"valueName":"search_term_string"}}],"inLanguage":"it-IT"},{"@type":"Organization","@id":"https:\/\/feucht-obsttechnik.de\/it\/#organization","name":"Feucht Obsttechnik GmbH","url":"https:\/\/feucht-obsttechnik.de\/it\/","logo":{"@type":"ImageObject","inLanguage":"it-IT","@id":"https:\/\/feucht-obsttechnik.de\/it\/#\/schema\/logo\/image\/","url":"https:\/\/feucht-obsttechnik.de\/wp-content\/uploads\/logo-feucht@2x-1.png","contentUrl":"https:\/\/feucht-obsttechnik.de\/wp-content\/uploads\/logo-feucht@2x-1.png","width":640,"height":123,"caption":"Feucht Obsttechnik GmbH"},"image":{"@id":"https:\/\/feucht-obsttechnik.de\/it\/#\/schema\/logo\/image\/"}}]}},"_links":{"self":[{"href":"https:\/\/feucht-obsttechnik.de\/it\/wp-json\/wp\/v2\/pages\/12329","targetHints":{"allow":["GET"]}}],"collection":[{"href":"https:\/\/feucht-obsttechnik.de\/it\/wp-json\/wp\/v2\/pages"}],"about":[{"href":"https:\/\/feucht-obsttechnik.de\/it\/wp-json\/wp\/v2\/types\/page"}],"author":[{"embeddable":true,"href":"https:\/\/feucht-obsttechnik.de\/it\/wp-json\/wp\/v2\/users\/4"}],"replies":[{"embeddable":true,"href":"https:\/\/feucht-obsttechnik.de\/it\/wp-json\/wp\/v2\/comments?post=12329"}],"version-history":[{"count":0,"href":"https:\/\/feucht-obsttechnik.de\/it\/wp-json\/wp\/v2\/pages\/12329\/revisions"}],"wp:attachment":[{"href":"https:\/\/feucht-obsttechnik.de\/it\/wp-json\/wp\/v2\/media?parent=12329"}],"curies":[{"name":"wp","href":"https:\/\/api.w.org\/{rel}","templated":true}]}}