{"id":12321,"date":"2021-04-08T14:24:38","date_gmt":"2021-04-08T12:24:38","guid":{"rendered":"https:\/\/neu2020.feucht-obsttechnik.de\/lp-seilschuettler\/"},"modified":"2021-04-16T16:56:13","modified_gmt":"2021-04-16T14:56:13","slug":"lp-seilschuettler","status":"publish","type":"page","link":"https:\/\/feucht-obsttechnik.de\/it\/lp-seilschuettler\/","title":{"rendered":"LP Seilsch\u00fcttler"},"content":{"rendered":"<p><div class=\"fusion-bg-parallax\" data-bg-align=\"left center\" data-direction=\"up\" data-mute=\"false\" data-opacity=\"100\" data-velocity=\"-0.3\" data-mobile-enabled=\"false\" data-break_parents=\"0\" data-bg-image=\"https:\/\/feucht-obsttechnik.de\/wp-content\/uploads\/bg-header-obsterntetechnik.jpg\" data-bg-repeat=\"false\" ><\/div><div class=\"fusion-fullwidth fullwidth-box fusion-builder-row-1 fusion-parallax-up nonhundred-percent-fullwidth non-hundred-percent-height-scrolling\" style=\"--awb-background-position:left center;--awb-border-sizes-top:0px;--awb-border-sizes-bottom:0px;--awb-border-sizes-left:0px;--awb-border-sizes-right:0px;--awb-border-radius-top-left:0px;--awb-border-radius-top-right:0px;--awb-border-radius-bottom-right:0px;--awb-border-radius-bottom-left:0px;--awb-padding-top:130px;--awb-padding-bottom:120px;--awb-background-image:url(&quot;https:\/\/feucht-obsttechnik.de\/wp-content\/uploads\/bg-header-obsterntetechnik.jpg&quot;);--awb-background-size:cover;--awb-flex-wrap:wrap;\" ><div class=\"fusion-builder-row fusion-row\"><div class=\"fusion-layout-column fusion_builder_column fusion-builder-column-0 fusion_builder_column_1_2 1_2 fusion-one-half fusion-column-first\" style=\"--awb-bg-size:cover;width:48%; margin-right: 4%;\"><div class=\"fusion-column-wrapper fusion-flex-column-wrapper-legacy\"><div class=\"fusion-text fusion-text-1\"><h1><span style=\"color: #ffffff;\"> Scuotitore con cavi<\/span><\/h1>\n<p><span style=\"color: #ffffff;\">Il nostro scuotitore con cavi raggiunge un notevole aumento delle prestazioni di scuotimento e questo a sua volta significa una significativa riduzione dei costi di raccolta.<\/span><\/p>\n<\/div><div class=\"fusion-clearfix\"><\/div><\/div><\/div><div class=\"fusion-layout-column fusion_builder_column fusion-builder-column-1 fusion_builder_column_1_2 1_2 fusion-one-half fusion-column-last\" style=\"--awb-bg-size:cover;width:48%;\"><div class=\"fusion-column-wrapper fusion-flex-column-wrapper-legacy\"><div class=\"fusion-clearfix\"><\/div><\/div><\/div><\/div><\/div><div class=\"fusion-fullwidth fullwidth-box fusion-builder-row-2 nonhundred-percent-fullwidth non-hundred-percent-height-scrolling\" style=\"--awb-background-position:left top;--awb-border-sizes-top:0px;--awb-border-sizes-bottom:0px;--awb-border-sizes-left:0px;--awb-border-sizes-right:0px;--awb-border-radius-top-left:0px;--awb-border-radius-top-right:0px;--awb-border-radius-bottom-right:0px;--awb-border-radius-bottom-left:0px;--awb-padding-top:130px;--awb-padding-bottom:30px;--awb-flex-wrap:wrap;\" ><div class=\"fusion-builder-row fusion-row\"><div class=\"fusion-layout-column fusion_builder_column fusion-builder-column-2 fusion_builder_column_1_1 1_1 fusion-one-full fusion-column-first fusion-column-last\" style=\"--awb-bg-size:cover;\"><div class=\"fusion-column-wrapper fusion-column-has-shadow fusion-flex-column-wrapper-legacy\"><div class=\"fusion-text fusion-text-2\"><h2>Scuotitore con cavi \/ Scuotitore della frutta di Feucht Obsttechnik<\/h2>\n<\/div><div class=\"fusion-text fusion-text-3\"><h3><span class=\"\">Utilizzando lo scuotitore con cavi \/ lo scuotitore della frutta \u00e8 possibile ridurre il tempo necessario del 30%.<\/span><\/h3>\n<\/div><div class=\"fusion-clearfix\"><\/div><\/div><\/div><div class=\"fusion-layout-column fusion_builder_column fusion-builder-column-3 fusion_builder_column_1_2 1_2 fusion-one-half fusion-column-first\" style=\"--awb-bg-size:cover;width:48%; margin-right: 4%;\"><div class=\"fusion-column-wrapper fusion-flex-column-wrapper-legacy\"><div class=\"fusion-text fusion-text-4\"><p>Per raccogliere la frutta per succhi con una macchina per la raccolta della frutta, bisogna agitarla. Questa attivit\u00e0 \u00e8 particolarmente dispendiosa in termini di tempo ed estenuante se svolta a mano. Per adattare lo scuotimento degli alberi alle prestazioni di raccolta delle macchine per la raccolta, mele, pere, prugne, ciliegie, ciliegie, noci e altri frutti caduti possono essere scossi dall&#8217;albero in modo rapido e senza sforzo con il nostro scuotitore con cavi. L&#8217;acquisto dello scuotitore con cavi molto economico e robusto \u00e8 sicuramente utile anche per gli agricoltori che possiedono solo pochi alberi da frutta. Lo scuotitore con cavi \u00e8 sul mercato da oltre 20 anni e finora sono state vendute pi\u00f9 di 5.500 unit\u00e0.    <\/p>\n<p>Lo scuotitore di frutta OS \u00e8 uno scuotitore con cavi a 3 punti. Viene fissato nella parte anteriore o posteriore del trattore e azionato tramite l&#8217;albero presa di forza. Lo scuotitore con cavi da 54 kg \u00e8 normalmente dotato di un cavo d&#8217;acciaio di 10 metri che viene agganciato ai rami principali della cima dell&#8217;albero. Il cavo viene quindi messo in tensione e il processo di scuotimento pu\u00f2 iniziare con lo scuotitore con cavi. La gestione dello scuotitore con cavi \u00e8 facile da imparare.<\/p>\n<\/div><div class=\"fusion-clearfix\"><\/div><\/div><\/div><div class=\"fusion-layout-column fusion_builder_column fusion-builder-column-4 fusion_builder_column_1_2 1_2 fusion-one-half fusion-column-last\" style=\"--awb-bg-size:cover;width:48%;\"><div class=\"fusion-column-wrapper fusion-flex-column-wrapper-legacy\"><div class=\"fusion-image-element in-legacy-container\" style=\"--awb-caption-title-font-family:var(--h2_typography-font-family);--awb-caption-title-font-weight:var(--h2_typography-font-weight);--awb-caption-title-font-style:var(--h2_typography-font-style);--awb-caption-title-size:var(--h2_typography-font-size);--awb-caption-title-transform:var(--h2_typography-text-transform);--awb-caption-title-line-height:var(--h2_typography-line-height);--awb-caption-title-letter-spacing:var(--h2_typography-letter-spacing);\"><span class=\" fusion-imageframe imageframe-none imageframe-1 hover-type-zoomin fusion-animated\" data-animationType=\"fadeInDown\" data-animationDuration=\"1.0\" data-animationOffset=\"bottom-in-view\"><a href=\"https:\/\/feucht-obsttechnik.de\/wp-content\/uploads\/obstsch\u00fcttler-os-seilschuettler-3.jpg\" class=\"fusion-lightbox\" data-rel=\"iLightbox[Scuotitore con cavi]\" data-title=\"Lo scuotitore di frutta OS \u00e8 uno scuotitore di cavi a 3 punti\" title=\"Lo scuotitore di frutta OS \u00e8 uno scuotitore di cavi a 3 punti\"><img decoding=\"async\" width=\"1600\" height=\"1200\" src=\"https:\/\/feucht-obsttechnik.de\/wp-content\/uploads\/obstsch\u00fcttler-os-seilschuettler-3.jpg\" alt class=\"img-responsive wp-image-8372\" srcset=\"https:\/\/feucht-obsttechnik.de\/wp-content\/uploads\/obstsch\u00fcttler-os-seilschuettler-3-200x150.jpg 200w, https:\/\/feucht-obsttechnik.de\/wp-content\/uploads\/obstsch\u00fcttler-os-seilschuettler-3-400x300.jpg 400w, https:\/\/feucht-obsttechnik.de\/wp-content\/uploads\/obstsch\u00fcttler-os-seilschuettler-3-600x450.jpg 600w, https:\/\/feucht-obsttechnik.de\/wp-content\/uploads\/obstsch\u00fcttler-os-seilschuettler-3-800x600.jpg 800w, https:\/\/feucht-obsttechnik.de\/wp-content\/uploads\/obstsch\u00fcttler-os-seilschuettler-3-1200x900.jpg 1200w, https:\/\/feucht-obsttechnik.de\/wp-content\/uploads\/obstsch\u00fcttler-os-seilschuettler-3.jpg 1600w\" sizes=\"(max-width: 835px) 100vw, 600px\" \/><\/a><\/span><\/div><div class=\"fusion-clearfix\"><\/div><\/div><\/div><\/div><\/div><div class=\"fusion-fullwidth fullwidth-box fusion-builder-row-3 nonhundred-percent-fullwidth non-hundred-percent-height-scrolling\" style=\"--awb-background-position:left top;--awb-border-sizes-top:0px;--awb-border-sizes-bottom:0px;--awb-border-sizes-left:0px;--awb-border-sizes-right:0px;--awb-border-radius-top-left:0px;--awb-border-radius-top-right:0px;--awb-border-radius-bottom-right:0px;--awb-border-radius-bottom-left:0px;--awb-padding-top:1px;--awb-padding-bottom:0px;--awb-background-color:#cc0000;--awb-flex-wrap:wrap;\" ><div class=\"fusion-builder-row fusion-row\"><div class=\"fusion-layout-column fusion_builder_column fusion-builder-column-5 fusion_builder_column_1_1 1_1 fusion-one-full fusion-column-first fusion-column-last\" style=\"--awb-padding-top:50px;--awb-padding-bottom:50px;--awb-padding-left:0px;--awb-bg-size:cover;--awb-margin-bottom:0px;\"><div class=\"fusion-column-wrapper fusion-column-has-shadow fusion-flex-column-wrapper-legacy\"><div class=\"fusion-column-content-centered\"><div class=\"fusion-column-content\"><div class=\"fusion-text fusion-text-5\"><h2 style=\"text-align: center; margin-bottom: 0px;\"><span style=\"color: #ffffff;\"> Scuotitore con cavi \/ Scuotitore della frutta di Feucht Obsttechnik<\/span><\/h2>\n<\/div><\/div><\/div><div class=\"fusion-clearfix\"><\/div><\/div><\/div><\/div><\/div><div class=\"fusion-fullwidth fullwidth-box fusion-builder-row-4 nonhundred-percent-fullwidth non-hundred-percent-height-scrolling\" style=\"--awb-border-radius-top-left:0px;--awb-border-radius-top-right:0px;--awb-border-radius-bottom-right:0px;--awb-border-radius-bottom-left:0px;--awb-padding-top:100px;--awb-padding-bottom:50px;--awb-background-color:#f2f2f2;--awb-flex-wrap:wrap;\" ><div class=\"fusion-builder-row fusion-row\"><div class=\"fusion-layout-column fusion_builder_column fusion-builder-column-6 fusion_builder_column_1_1 1_1 fusion-one-full fusion-column-first fusion-column-last\" style=\"--awb-bg-color:#ffffff;--awb-bg-color-hover:#ffffff;--awb-bg-size:cover;\"><div class=\"fusion-column-wrapper fusion-flex-column-wrapper-legacy\"><div class=\"fusion-text fusion-text-6\"><div style=\"padding: 25px;\">\n<h2>Il nostro scuotitore con cavi \/ scuotitore di frutta:<\/h2>\n<\/div>\n<\/div>\n<div class=\"table-2\">\n<table width=\"100%\">\n<tbody>\n<tr>\n<td align=\"left\"><strong>Scuotitore con cavi per alberi ad alto fusto (scuotitore con cavi)<\/strong><br \/>\n<span class=\"table_description\"> Scuotitore con cavi <\/span><\/td>\n<td align=\"left\">Semplicit\u00e0 d&#8217;uso, variabilit\u00e0 e prestazioni di prezzo si uniscono. Lo scuotitore di frutta OS non solo trema in modo particolarmente efficiente grazie al movimento di trazione dei cavi, ma \u00e8 anche molto delicato sul tronco grazie alla cinghia di fissaggio. Con l&#8217;asta telescopica opzionale \u00e8 possibile scuotere rami fino a 6 m, altrimenti raggiungibili solo con una scala. La puleggia opzionale pu\u00f2 essere utilizzata per scuotere fino a 2 alberi contemporaneamente nei fitti frutteti per frutta da succhi. Il trattore deve avere almeno 15 PS.    <\/td>\n<\/tr>\n<\/tbody>\n<\/table>\n<\/div>\n<div class=\"fusion-clearfix\"><\/div><\/div><\/div><div class=\"fusion-layout-column fusion_builder_column fusion-builder-column-7 fusion_builder_column_1_1 1_1 fusion-one-full fusion-column-first fusion-column-last\" style=\"--awb-bg-size:cover;--awb-margin-bottom:0px;\"><div class=\"fusion-column-wrapper fusion-column-has-shadow fusion-flex-column-wrapper-legacy\"><div class=\"fusion-column-content-centered\"><div class=\"fusion-column-content\"><div class=\"fusion-button-wrapper\"><a class=\"fusion-button button-flat fusion-button-default-size button-custom fusion-button-default button-1 fusion-button-default-span fusion-button-default-type\" style=\"--button_accent_color:#ffffff;--button_border_color:#ffffff;--button_accent_hover_color:#ffffff;--button_border_hover_color:#ffffff;--button_gradient_top_color:#cc0000;--button_gradient_bottom_color:#cc0000;--button_gradient_top_color_hover:#ef0000;--button_gradient_bottom_color_hover:#ef0000;\" target=\"_self\" title=\"PI\u00d9 SUI NOSTRI SCUOTITORI PER CAVI\" aria-label=\"PI\u00d9 SUI NOSTRI SCUOTITORI PER CAVI\" href=\"https:\/\/feucht-obsttechnik.de\/it\/tecnologia-di-raccolta-della-frutta\/scuotitori\/scuotitore-di-frutta-os\/\"><span class=\"fusion-button-text awb-button__text awb-button__text--default\">ULTERIORI INFORMAZIONI SUI NOSTRI SCUOTITORI PER CAVI<\/span><\/a><\/div><\/div><\/div><div class=\"fusion-clearfix\"><\/div><\/div><\/div><\/div><\/div><div class=\"fusion-fullwidth fullwidth-box fusion-builder-row-5 nonhundred-percent-fullwidth non-hundred-percent-height-scrolling fusion-equal-height-columns fusion-no-small-visibility schlagwoerter\" style=\"--awb-background-position:center top;--awb-border-sizes-top:0px;--awb-border-sizes-bottom:0px;--awb-border-sizes-left:0px;--awb-border-sizes-right:0px;--awb-border-radius-top-left:0px;--awb-border-radius-top-right:0px;--awb-border-radius-bottom-right:0px;--awb-border-radius-bottom-left:0px;--awb-padding-top:0px;--awb-padding-right:15%;--awb-padding-bottom:0px;--awb-padding-left:15%;--awb-background-color:#a0ce4e;--awb-flex-wrap:wrap;\" ><div class=\"fusion-builder-row fusion-row\"><div class=\"fusion-layout-column fusion_builder_column fusion-builder-column-8 fusion_builder_column_1_5 1_5 fusion-one-fifth fusion-column-first\" style=\"--awb-padding-top:10px;--awb-padding-bottom:10px;--awb-bg-size:cover;--awb-margin-top:10px;--awb-margin-bottom:0px;width:20%;width:calc(20% - ( ( 4% ) * 0.2 ) );margin-right: 4%;\"><div class=\"fusion-column-wrapper fusion-column-has-shadow fusion-flex-column-wrapper-legacy\"><div class=\"fusion-column-content-centered\"><div class=\"fusion-column-content\"><div class=\"fusion-title title fusion-title-1 fusion-sep-none fusion-title-text fusion-title-size-two\" style=\"--awb-text-color:#ffffff;--awb-margin-bottom:0px;--awb-margin-right-small:0px;--awb-margin-bottom-small:0px;--awb-margin-left-small:0px;\"><h2 class=\"fusion-title-heading title-heading-left fusion-responsive-typography-calculated\" style=\"margin:0;--fontSize:26;--minFontSize:26;line-height:1.25;\">Parole chiave:<\/h2><\/div><\/div><\/div><div class=\"fusion-clearfix\"><\/div><\/div><\/div><div class=\"fusion-layout-column fusion_builder_column fusion-builder-column-9 fusion_builder_column_4_5 4_5 fusion-four-fifth fusion-column-last fusion-column-no-min-height\" style=\"--awb-padding-top:10px;--awb-padding-bottom:10px;--awb-bg-size:cover;--awb-margin-top:20px;--awb-margin-bottom:0px;width:80%;width:calc(80% - ( ( 4% ) * 0.8 ) );\"><div class=\"fusion-column-wrapper fusion-column-has-shadow fusion-flex-column-wrapper-legacy\"><div class=\"fusion-text fusion-text-7\"><p><span style=\"color: #ffffff;\"><a href=\"https:\/\/feucht-obsttechnik.de\/it\/tecnologia-di-raccolta-della-frutta\/scuotitori\/\">Scuotitori<\/a>, <a href=\"https:\/\/feucht-obsttechnik.de\/it\/tecnologia-di-raccolta-della-frutta\/scuotitori\/scuotitore-di-frutta-os\/\">Scuotitore di frutta<\/a>, <a href=\"https:\/\/feucht-obsttechnik.de\/it\/tecnologia-di-raccolta-della-frutta\/scuotitori\/asta-telescopica\/\">Asta telescopica<\/a>, <a href=\"https:\/\/feucht-obsttechnik.de\/it\/tecnologia-di-raccolta-della-frutta\/scuotitori\/scuotitore-meccanico-per-tronchi\/\">Scuotitore meccanico di tronchi, <\/a>, <a href=\"https:\/\/feucht-obsttechnik.de\/it\/tecnologia-di-raccolta-della-frutta\/scuotitori\/scuotitore-idraulico-per-tronchi\/\">Scuotitore idraulico per tronchi<\/a>,<a href=\"https:\/\/feucht-obsttechnik.de\/it\/tecnologia-di-raccolta-della-frutta\/\">Tecnologia per la raccolta della frutta<\/a>, <a href=\"https:\/\/feucht-obsttechnik.de\/it\/tecnologia-di-raccolta-della-frutta\/\">Dispositivi per la raccolta della frutta<\/a>, <a href=\"https:\/\/feucht-obsttechnik.de\/it\/tecnologia-di-raccolta-della-frutta\/scuotitori\/scuotitore-idraulico-per-tronchi\/\">Scuotitore dei tronchi<\/a>, <a href=\"https:\/\/feucht-obsttechnik.de\/it\/tecnologia-di-raccolta-della-frutta\/scuotitori\/scuotitore-di-frutta-os\/\">Scuotitore con cavi<\/a><\/span><\/p>\n<\/div><div class=\"fusion-clearfix\"><\/div><\/div><\/div><\/div><\/div><\/p>\n","protected":false},"excerpt":{"rendered":"","protected":false},"author":4,"featured_media":0,"parent":0,"menu_order":0,"comment_status":"closed","ping_status":"closed","template":"100-width.php","meta":{"footnotes":"","_wp_rev_ctl_limit":""},"class_list":["post-12321","page","type-page","status-publish","hentry"],"yoast_head":"<!-- This site is optimized with the Yoast SEO plugin v27.5 - https:\/\/yoast.com\/product\/yoast-seo-wordpress\/ -->\n<title>Scuotitore con cavi \/ Scuotitore per frutta - Feucht Obsttechnik<\/title>\n<meta name=\"description\" content=\"Gli scuotitori con cavi di Feucht Obsttechnik riducono i costi di raccolta e aumentano notevolmente le prestazioni di scuotimento. Ulteriori informazioni sul nostro popolare scuotitore con cavi.\" \/>\n<meta name=\"robots\" content=\"index, follow, max-snippet:-1, max-image-preview:large, max-video-preview:-1\" \/>\n<link rel=\"canonical\" href=\"https:\/\/feucht-obsttechnik.de\/it\/lp-seilschuettler\/\" \/>\n<meta property=\"og:locale\" content=\"it_IT\" \/>\n<meta property=\"og:type\" content=\"article\" \/>\n<meta property=\"og:title\" content=\"Scuotitore con cavi \/ Scuotitore per frutta - Feucht Obsttechnik\" \/>\n<meta property=\"og:description\" content=\"Gli scuotitori con cavi di Feucht Obsttechnik riducono i costi di raccolta e aumentano notevolmente le prestazioni di scuotimento. Ulteriori informazioni sul nostro popolare scuotitore con cavi.\" \/>\n<meta property=\"og:url\" content=\"https:\/\/feucht-obsttechnik.de\/it\/lp-seilschuettler\/\" \/>\n<meta property=\"og:site_name\" content=\"Feucht Obsttechnik\" \/>\n<meta property=\"article:modified_time\" content=\"2021-04-16T14:56:13+00:00\" \/>\n<meta name=\"twitter:card\" content=\"summary_large_image\" \/>\n<meta name=\"twitter:label1\" content=\"Tempo di lettura stimato\" \/>\n\t<meta name=\"twitter:data1\" content=\"13 minuti\" \/>\n<script type=\"application\/ld+json\" class=\"yoast-schema-graph\">{\"@context\":\"https:\\\/\\\/schema.org\",\"@graph\":[{\"@type\":\"WebPage\",\"@id\":\"https:\\\/\\\/feucht-obsttechnik.de\\\/it\\\/lp-seilschuettler\\\/\",\"url\":\"https:\\\/\\\/feucht-obsttechnik.de\\\/it\\\/lp-seilschuettler\\\/\",\"name\":\"Scuotitore con cavi \\\/ Scuotitore per frutta - Feucht Obsttechnik\",\"isPartOf\":{\"@id\":\"https:\\\/\\\/feucht-obsttechnik.de\\\/it\\\/#website\"},\"datePublished\":\"2021-04-08T12:24:38+00:00\",\"dateModified\":\"2021-04-16T14:56:13+00:00\",\"description\":\"Gli scuotitori con cavi di Feucht Obsttechnik riducono i costi di raccolta e aumentano notevolmente le prestazioni di scuotimento. Ulteriori informazioni sul nostro popolare scuotitore con cavi.\",\"breadcrumb\":{\"@id\":\"https:\\\/\\\/feucht-obsttechnik.de\\\/it\\\/lp-seilschuettler\\\/#breadcrumb\"},\"inLanguage\":\"it-IT\",\"potentialAction\":[{\"@type\":\"ReadAction\",\"target\":[\"https:\\\/\\\/feucht-obsttechnik.de\\\/it\\\/lp-seilschuettler\\\/\"]}]},{\"@type\":\"BreadcrumbList\",\"@id\":\"https:\\\/\\\/feucht-obsttechnik.de\\\/it\\\/lp-seilschuettler\\\/#breadcrumb\",\"itemListElement\":[{\"@type\":\"ListItem\",\"position\":1,\"name\":\"Startseite\",\"item\":\"https:\\\/\\\/feucht-obsttechnik.de\\\/it\\\/\"},{\"@type\":\"ListItem\",\"position\":2,\"name\":\"LP Seilsch\u00fcttler\"}]},{\"@type\":\"WebSite\",\"@id\":\"https:\\\/\\\/feucht-obsttechnik.de\\\/it\\\/#website\",\"url\":\"https:\\\/\\\/feucht-obsttechnik.de\\\/it\\\/\",\"name\":\"Feucht Obsttechnik\",\"description\":\"\",\"publisher\":{\"@id\":\"https:\\\/\\\/feucht-obsttechnik.de\\\/it\\\/#organization\"},\"potentialAction\":[{\"@type\":\"SearchAction\",\"target\":{\"@type\":\"EntryPoint\",\"urlTemplate\":\"https:\\\/\\\/feucht-obsttechnik.de\\\/it\\\/?s={search_term_string}\"},\"query-input\":{\"@type\":\"PropertyValueSpecification\",\"valueRequired\":true,\"valueName\":\"search_term_string\"}}],\"inLanguage\":\"it-IT\"},{\"@type\":\"Organization\",\"@id\":\"https:\\\/\\\/feucht-obsttechnik.de\\\/it\\\/#organization\",\"name\":\"Feucht Obsttechnik GmbH\",\"url\":\"https:\\\/\\\/feucht-obsttechnik.de\\\/it\\\/\",\"logo\":{\"@type\":\"ImageObject\",\"inLanguage\":\"it-IT\",\"@id\":\"https:\\\/\\\/feucht-obsttechnik.de\\\/it\\\/#\\\/schema\\\/logo\\\/image\\\/\",\"url\":\"https:\\\/\\\/feucht-obsttechnik.de\\\/wp-content\\\/uploads\\\/logo-feucht@2x-1.png\",\"contentUrl\":\"https:\\\/\\\/feucht-obsttechnik.de\\\/wp-content\\\/uploads\\\/logo-feucht@2x-1.png\",\"width\":640,\"height\":123,\"caption\":\"Feucht Obsttechnik GmbH\"},\"image\":{\"@id\":\"https:\\\/\\\/feucht-obsttechnik.de\\\/it\\\/#\\\/schema\\\/logo\\\/image\\\/\"}}]}<\/script>\n<!-- \/ Yoast SEO plugin. -->","yoast_head_json":{"title":"Scuotitore con cavi \/ Scuotitore per frutta - Feucht Obsttechnik","description":"Gli scuotitori con cavi di Feucht Obsttechnik riducono i costi di raccolta e aumentano notevolmente le prestazioni di scuotimento. Ulteriori informazioni sul nostro popolare scuotitore con cavi.","robots":{"index":"index","follow":"follow","max-snippet":"max-snippet:-1","max-image-preview":"max-image-preview:large","max-video-preview":"max-video-preview:-1"},"canonical":"https:\/\/feucht-obsttechnik.de\/it\/lp-seilschuettler\/","og_locale":"it_IT","og_type":"article","og_title":"Scuotitore con cavi \/ Scuotitore per frutta - Feucht Obsttechnik","og_description":"Gli scuotitori con cavi di Feucht Obsttechnik riducono i costi di raccolta e aumentano notevolmente le prestazioni di scuotimento. Ulteriori informazioni sul nostro popolare scuotitore con cavi.","og_url":"https:\/\/feucht-obsttechnik.de\/it\/lp-seilschuettler\/","og_site_name":"Feucht Obsttechnik","article_modified_time":"2021-04-16T14:56:13+00:00","twitter_card":"summary_large_image","twitter_misc":{"Tempo di lettura stimato":"13 minuti"},"schema":{"@context":"https:\/\/schema.org","@graph":[{"@type":"WebPage","@id":"https:\/\/feucht-obsttechnik.de\/it\/lp-seilschuettler\/","url":"https:\/\/feucht-obsttechnik.de\/it\/lp-seilschuettler\/","name":"Scuotitore con cavi \/ Scuotitore per frutta - Feucht Obsttechnik","isPartOf":{"@id":"https:\/\/feucht-obsttechnik.de\/it\/#website"},"datePublished":"2021-04-08T12:24:38+00:00","dateModified":"2021-04-16T14:56:13+00:00","description":"Gli scuotitori con cavi di Feucht Obsttechnik riducono i costi di raccolta e aumentano notevolmente le prestazioni di scuotimento. Ulteriori informazioni sul nostro popolare scuotitore con cavi.","breadcrumb":{"@id":"https:\/\/feucht-obsttechnik.de\/it\/lp-seilschuettler\/#breadcrumb"},"inLanguage":"it-IT","potentialAction":[{"@type":"ReadAction","target":["https:\/\/feucht-obsttechnik.de\/it\/lp-seilschuettler\/"]}]},{"@type":"BreadcrumbList","@id":"https:\/\/feucht-obsttechnik.de\/it\/lp-seilschuettler\/#breadcrumb","itemListElement":[{"@type":"ListItem","position":1,"name":"Startseite","item":"https:\/\/feucht-obsttechnik.de\/it\/"},{"@type":"ListItem","position":2,"name":"LP Seilsch\u00fcttler"}]},{"@type":"WebSite","@id":"https:\/\/feucht-obsttechnik.de\/it\/#website","url":"https:\/\/feucht-obsttechnik.de\/it\/","name":"Feucht Obsttechnik","description":"","publisher":{"@id":"https:\/\/feucht-obsttechnik.de\/it\/#organization"},"potentialAction":[{"@type":"SearchAction","target":{"@type":"EntryPoint","urlTemplate":"https:\/\/feucht-obsttechnik.de\/it\/?s={search_term_string}"},"query-input":{"@type":"PropertyValueSpecification","valueRequired":true,"valueName":"search_term_string"}}],"inLanguage":"it-IT"},{"@type":"Organization","@id":"https:\/\/feucht-obsttechnik.de\/it\/#organization","name":"Feucht Obsttechnik GmbH","url":"https:\/\/feucht-obsttechnik.de\/it\/","logo":{"@type":"ImageObject","inLanguage":"it-IT","@id":"https:\/\/feucht-obsttechnik.de\/it\/#\/schema\/logo\/image\/","url":"https:\/\/feucht-obsttechnik.de\/wp-content\/uploads\/logo-feucht@2x-1.png","contentUrl":"https:\/\/feucht-obsttechnik.de\/wp-content\/uploads\/logo-feucht@2x-1.png","width":640,"height":123,"caption":"Feucht Obsttechnik GmbH"},"image":{"@id":"https:\/\/feucht-obsttechnik.de\/it\/#\/schema\/logo\/image\/"}}]}},"_links":{"self":[{"href":"https:\/\/feucht-obsttechnik.de\/it\/wp-json\/wp\/v2\/pages\/12321","targetHints":{"allow":["GET"]}}],"collection":[{"href":"https:\/\/feucht-obsttechnik.de\/it\/wp-json\/wp\/v2\/pages"}],"about":[{"href":"https:\/\/feucht-obsttechnik.de\/it\/wp-json\/wp\/v2\/types\/page"}],"author":[{"embeddable":true,"href":"https:\/\/feucht-obsttechnik.de\/it\/wp-json\/wp\/v2\/users\/4"}],"replies":[{"embeddable":true,"href":"https:\/\/feucht-obsttechnik.de\/it\/wp-json\/wp\/v2\/comments?post=12321"}],"version-history":[{"count":0,"href":"https:\/\/feucht-obsttechnik.de\/it\/wp-json\/wp\/v2\/pages\/12321\/revisions"}],"wp:attachment":[{"href":"https:\/\/feucht-obsttechnik.de\/it\/wp-json\/wp\/v2\/media?parent=12321"}],"curies":[{"name":"wp","href":"https:\/\/api.w.org\/{rel}","templated":true}]}}