{"id":12301,"date":"2021-04-08T13:57:53","date_gmt":"2021-04-08T11:57:53","guid":{"rendered":"https:\/\/neu2020.feucht-obsttechnik.de\/lp-obstauflesemaschinen\/"},"modified":"2021-04-16T16:51:46","modified_gmt":"2021-04-16T14:51:46","slug":"lp-obstauflesemaschinen","status":"publish","type":"page","link":"https:\/\/feucht-obsttechnik.de\/it\/lp-obstauflesemaschinen\/","title":{"rendered":"LP Obstauflesemaschinen"},"content":{"rendered":"<p><div class=\"fusion-bg-parallax\" data-bg-align=\"left center\" data-direction=\"up\" data-mute=\"false\" data-opacity=\"100\" data-velocity=\"-0.3\" data-mobile-enabled=\"false\" data-break_parents=\"0\" data-bg-image=\"https:\/\/feucht-obsttechnik.de\/wp-content\/uploads\/bg-header-obsterntetechnik.jpg\" data-bg-repeat=\"false\" ><\/div><div class=\"fusion-fullwidth fullwidth-box fusion-builder-row-1 fusion-parallax-up nonhundred-percent-fullwidth non-hundred-percent-height-scrolling\" style=\"--awb-background-position:left center;--awb-border-sizes-top:0px;--awb-border-sizes-bottom:0px;--awb-border-sizes-left:0px;--awb-border-sizes-right:0px;--awb-border-radius-top-left:0px;--awb-border-radius-top-right:0px;--awb-border-radius-bottom-right:0px;--awb-border-radius-bottom-left:0px;--awb-padding-top:130px;--awb-padding-bottom:120px;--awb-background-image:url(&quot;https:\/\/feucht-obsttechnik.de\/wp-content\/uploads\/bg-header-obsterntetechnik.jpg&quot;);--awb-background-size:cover;--awb-flex-wrap:wrap;\" ><div class=\"fusion-builder-row fusion-row\"><div class=\"fusion-layout-column fusion_builder_column fusion-builder-column-0 fusion_builder_column_1_2 1_2 fusion-one-half fusion-column-first\" style=\"--awb-bg-size:cover;width:48%; margin-right: 4%;\"><div class=\"fusion-column-wrapper fusion-flex-column-wrapper-legacy\"><div class=\"fusion-text fusion-text-1\"><h1><span style=\"color: #ffffff;\"> Macchine per la raccolta della frutta <\/span><\/h1>\n<p><span style=\"color: #ffffff;\">Utilizzando le nostre macchine per la raccolta della frutta, \u00e8 possibile aumentare in modo significativo la produttivit\u00e0 e la redditivit\u00e0 nella breve stagione di raccolta per la frutta da succhi.<\/span><\/p>\n<\/div><div class=\"fusion-clearfix\"><\/div><\/div><\/div><div class=\"fusion-layout-column fusion_builder_column fusion-builder-column-1 fusion_builder_column_1_2 1_2 fusion-one-half fusion-column-last\" style=\"--awb-bg-size:cover;width:48%;\"><div class=\"fusion-column-wrapper fusion-flex-column-wrapper-legacy\"><div class=\"fusion-clearfix\"><\/div><\/div><\/div><\/div><\/div><div class=\"fusion-fullwidth fullwidth-box fusion-builder-row-2 nonhundred-percent-fullwidth non-hundred-percent-height-scrolling\" style=\"--awb-background-position:left top;--awb-border-sizes-top:0px;--awb-border-sizes-bottom:0px;--awb-border-sizes-left:0px;--awb-border-sizes-right:0px;--awb-border-radius-top-left:0px;--awb-border-radius-top-right:0px;--awb-border-radius-bottom-right:0px;--awb-border-radius-bottom-left:0px;--awb-padding-top:130px;--awb-padding-bottom:30px;--awb-flex-wrap:wrap;\" ><div class=\"fusion-builder-row fusion-row\"><div class=\"fusion-layout-column fusion_builder_column fusion-builder-column-2 fusion_builder_column_1_1 1_1 fusion-one-full fusion-column-first fusion-column-last\" style=\"--awb-bg-size:cover;\"><div class=\"fusion-column-wrapper fusion-column-has-shadow fusion-flex-column-wrapper-legacy\"><div class=\"fusion-text fusion-text-2\"><h2>Macchine per la raccolta della frutta di Feucht Obsttechnik<\/h2>\n<\/div><div class=\"fusion-text fusion-text-3\"><h3><span class=\"\">Ottenete risultati di qualit\u00e0 nella raccolta della frutta e riducete i costi di raccolta.<\/span><\/h3>\n<\/div><div class=\"fusion-clearfix\"><\/div><\/div><\/div><div class=\"fusion-layout-column fusion_builder_column fusion-builder-column-3 fusion_builder_column_1_2 1_2 fusion-one-half fusion-column-first\" style=\"--awb-bg-size:cover;width:48%; margin-right: 4%;\"><div class=\"fusion-column-wrapper fusion-flex-column-wrapper-legacy\"><div class=\"fusion-text fusion-text-4\"><p>Le nostre macchine per la raccolta della frutta sono adatte alla raccolta e alla cernita di mele, pere, noci e simili. Frutta caduta per l&#8217;uso nell&#8217;industria frutticola e nelle piantagioni, anche nelle condizioni pi\u00f9 estreme (umidit\u00e0, erba pacciamata, erba alta, foglie). A seconda delle condizioni d&#8217;uso e della densit\u00e0 della frutta, le macchine per la raccolta della frutta automotrici trasportano da 1 a 8 tonnellate di frutta all&#8217;ora nel contenitore di raccolta.  <\/p>\n<p>Il principio di funzionamento delle macchine per la raccolta della frutta \u00e8 estremamente semplice: Un rullo, dotato di lamelle di gomma, preleva il frutto da terra e lo trasporta lungo una traiettoria guidata nel recipiente di raccolta. Durante il tragitto, la frutta passa attraverso un sofisticato sistema di pulizia e viene raccolta senza contaminazione. <\/p>\n<p>Siamo attivi nel settore della tecnologia di raccolta della frutta da diverse generazioni. La razionalizzazione della raccolta della frutta con i pi\u00f9 alti requisiti di qualit\u00e0 della frutta raccolta in termini di pulizia e tasso di raccolta \u00e8 diventato l\u2019argomento di vendita delle nostre macchine per la raccolta della frutta.<\/p>\n<\/div><div class=\"fusion-clearfix\"><\/div><\/div><\/div><div class=\"fusion-layout-column fusion_builder_column fusion-builder-column-4 fusion_builder_column_1_2 1_2 fusion-one-half fusion-column-last\" style=\"--awb-bg-size:cover;width:48%;\"><div class=\"fusion-column-wrapper fusion-flex-column-wrapper-legacy\"><div class=\"fusion-image-element in-legacy-container\" style=\"--awb-caption-title-font-family:var(--h2_typography-font-family);--awb-caption-title-font-weight:var(--h2_typography-font-weight);--awb-caption-title-font-style:var(--h2_typography-font-style);--awb-caption-title-size:var(--h2_typography-font-size);--awb-caption-title-transform:var(--h2_typography-text-transform);--awb-caption-title-line-height:var(--h2_typography-line-height);--awb-caption-title-letter-spacing:var(--h2_typography-letter-spacing);\"><span class=\" fusion-imageframe imageframe-none imageframe-1 hover-type-zoomin fusion-animated\" data-animationType=\"fadeInDown\" data-animationDuration=\"1.0\" data-animationOffset=\"bottom-in-view\"><a href=\"https:\/\/feucht-obsttechnik.de\/wp-content\/uploads\/obstauflesemaschine-divider-ob-80r.jpg\" class=\"fusion-lightbox\" data-rel=\"iLightbox[Macchine per la raccolta della frutta]\" data-title=\"La OB 80 R \u00e8 una macchina per la raccolta a guida automatica\" title=\"La OB 80 R \u00e8 una macchina per la raccolta a guida automatica\"><img decoding=\"async\" width=\"1900\" height=\"1267\" src=\"https:\/\/feucht-obsttechnik.de\/wp-content\/uploads\/obstauflesemaschine-divider-ob-80r.jpg\" alt class=\"img-responsive wp-image-8283\" srcset=\"https:\/\/feucht-obsttechnik.de\/wp-content\/uploads\/obstauflesemaschine-divider-ob-80r-200x133.jpg 200w, https:\/\/feucht-obsttechnik.de\/wp-content\/uploads\/obstauflesemaschine-divider-ob-80r-400x267.jpg 400w, https:\/\/feucht-obsttechnik.de\/wp-content\/uploads\/obstauflesemaschine-divider-ob-80r-600x400.jpg 600w, https:\/\/feucht-obsttechnik.de\/wp-content\/uploads\/obstauflesemaschine-divider-ob-80r-800x533.jpg 800w, https:\/\/feucht-obsttechnik.de\/wp-content\/uploads\/obstauflesemaschine-divider-ob-80r-1200x800.jpg 1200w, https:\/\/feucht-obsttechnik.de\/wp-content\/uploads\/obstauflesemaschine-divider-ob-80r.jpg 1900w\" sizes=\"(max-width: 835px) 100vw, 600px\" \/><\/a><\/span><\/div><div class=\"fusion-clearfix\"><\/div><\/div><\/div><\/div><\/div><div class=\"fusion-fullwidth fullwidth-box fusion-builder-row-3 nonhundred-percent-fullwidth non-hundred-percent-height-scrolling\" style=\"--awb-background-position:left top;--awb-border-sizes-top:0px;--awb-border-sizes-bottom:0px;--awb-border-sizes-left:0px;--awb-border-sizes-right:0px;--awb-border-radius-top-left:0px;--awb-border-radius-top-right:0px;--awb-border-radius-bottom-right:0px;--awb-border-radius-bottom-left:0px;--awb-padding-top:1px;--awb-padding-bottom:0px;--awb-background-color:#cc0000;--awb-flex-wrap:wrap;\" ><div class=\"fusion-builder-row fusion-row\"><div class=\"fusion-layout-column fusion_builder_column fusion-builder-column-5 fusion_builder_column_1_1 1_1 fusion-one-full fusion-column-first fusion-column-last\" style=\"--awb-padding-top:50px;--awb-padding-bottom:50px;--awb-padding-left:0px;--awb-bg-size:cover;--awb-margin-bottom:0px;\"><div class=\"fusion-column-wrapper fusion-column-has-shadow fusion-flex-column-wrapper-legacy\"><div class=\"fusion-column-content-centered\"><div class=\"fusion-column-content\"><div class=\"fusion-text fusion-text-5\"><h2 style=\"text-align: center; margin-bottom: 0px;\"><span style=\"color: #ffffff;\">Macchine per la raccolta della frutta di Feucht Obsttechnik<\/span><\/h2>\n<\/div><\/div><\/div><div class=\"fusion-clearfix\"><\/div><\/div><\/div><\/div><\/div><div class=\"fusion-fullwidth fullwidth-box fusion-builder-row-4 nonhundred-percent-fullwidth non-hundred-percent-height-scrolling\" style=\"--awb-border-radius-top-left:0px;--awb-border-radius-top-right:0px;--awb-border-radius-bottom-right:0px;--awb-border-radius-bottom-left:0px;--awb-padding-top:100px;--awb-padding-bottom:50px;--awb-background-color:#f2f2f2;--awb-flex-wrap:wrap;\" ><div class=\"fusion-builder-row fusion-row\"><div class=\"fusion-layout-column fusion_builder_column fusion-builder-column-6 fusion_builder_column_1_1 1_1 fusion-one-full fusion-column-first fusion-column-last\" style=\"--awb-bg-color:#ffffff;--awb-bg-color-hover:#ffffff;--awb-bg-size:cover;\"><div class=\"fusion-column-wrapper fusion-flex-column-wrapper-legacy\"><div class=\"fusion-text fusion-text-6\"><div style=\"padding: 25px;\">\n<h2>Offriamo numerose macchine per la raccolta della frutta adattate alle vostre esigenze:<\/h2>\n<\/div>\n<\/div>\n<div class=\"table-2\">\n<table width=\"100%\">\n<tbody>\n<tr>\n<td align=\"left\"><strong>Rollblitz<\/strong><br \/>\n<span class=\"table_description\">Macchina per la raccolta della frutta<\/span><\/td>\n<td align=\"left\">Il Rollblitz \u00e8 uno strumento per la raccolta di oggetti sferici (frutta, noci, palline, ecc.).<\/td>\n<\/tr>\n<tr>\n<td align=\"left\"><strong>OB 40<\/strong><br \/>\n<span class=\"table_description\">Macchina elettrica per la raccolta delle mele con larghezza operativa di 40 cm<\/span><\/td>\n<td align=\"left\">La OB 40 elettrica \u00e8 una macchina per la raccolta della frutta con motore elettrico e azionamento a batteria. Consente di gestire i frutteti pi\u00f9 piccoli senza emissioni e con bassi livelli di rumorosit\u00e0. <\/td>\n<\/tr>\n<tr>\n<td align=\"left\"><strong>OB 50 \/ OB 70<\/strong><br \/>\n<span class=\"table_description\">Macchina per la raccolta della frutta con larghezza operativa di 50 \/ 70 cm<\/span><\/td>\n<td align=\"left\">Sono le macchine a motore per la raccolta della frutta pi\u00f9 piccole ed economiche al mondo e si distinguono per la loro facile manovrabilit\u00e0 e l&#8217;eccellente qualit\u00e0 della frutta durante la raccolta.<\/td>\n<\/tr>\n<tr>\n<td align=\"left\"><strong>OB 80 Hydro<\/strong><br \/>\n<span class=\"table_description\">Macchina per la raccolta della frutta<\/span><\/td>\n<td align=\"left\">La macchina per la raccolta della frutta a motore OB 80 Hydro si distingue per l&#8217;azionamento idraulico continuo con bloccaggio del differenziale e per lo sterzo integrato, idoneit\u00e0 alla pendenza fino a 45\u00b0.<\/td>\n<\/tr>\n<tr>\n<td align=\"left\"><strong>OB 70 R<\/strong><br \/>\n<span class=\"table_description\">Macchina di raccolta della frutta con larghezza operativa di 70 cm<\/span><\/td>\n<td align=\"left\">La macchina a motore per la raccolta della frutta OB 70 R si distingue per la sua comoda e facile maneggevolezza. \u00c8 la pi\u00f9 piccola delle nostre macchine per la raccolta e con un bunker per lo svuotamento dall&#8217;alto. <\/td>\n<\/tr>\n<tr>\n<td align=\"left\"><strong>OB 80 R<\/strong><br \/>\n<span class=\"table_description\">Macchina di raccolta della frutta con larghezza operativa di 80 cm<\/span><\/td>\n<td align=\"left\">La macchina per la raccolta della frutta automotrice con sedile OB 80 R offre il massimo comfort grazie allo sterzo particolarmente scorrevole e completamente idraulico e si distingue per la pulizia a 7 stadi.<\/td>\n<\/tr>\n<tr>\n<td align=\"left\"><strong>OB 100 A<\/strong><br \/>\n<span class=\"table_description\">Macchina di raccolta della frutta con larghezza operativa di 100 cm<\/span><\/td>\n<td align=\"left\">La macchina per la raccolta della frutta automotrice con sedile OB 100 A si distingue per la trazione a tre ruote motrici per la raccolta di frutta anche in situazioni di pendenza estrema e per la pulizia a 7 stadi. La OB 100 A \u00e8 una macchina bunker per le piantagioni ad alto fusto e disponibile come una grande macchina a casse per le piantagioni di frutta da dessert. <\/td>\n<\/tr>\n<tr>\n<td align=\"left\"><strong>OB 80 R \/ OB 100 A Cassa grande \/ Carrello per cassa grandi<\/strong><br \/>\n<span class=\"table_description\">Macchina per la raccolta della frutta <\/span><\/td>\n<td align=\"left\">La macchina per la raccolta della frutta OB 80 R o OB 100 A pu\u00f2 essere utilizzata per la raccolta e la cernita in speciali casse di grandi dimensioni. La raccolta con casse di grandi dimensioni \u00e8 molto economica, perch\u00e9 una grande quantit\u00e0 di frutta pu\u00f2 essere raccolta e smistata senza doverla svuotare dal sistema. <\/td>\n<\/tr>\n<\/tbody>\n<\/table>\n<\/div>\n<div class=\"fusion-clearfix\"><\/div><\/div><\/div><div class=\"fusion-layout-column fusion_builder_column fusion-builder-column-7 fusion_builder_column_1_1 1_1 fusion-one-full fusion-column-first fusion-column-last\" style=\"--awb-bg-size:cover;--awb-margin-bottom:0px;\"><div class=\"fusion-column-wrapper fusion-column-has-shadow fusion-flex-column-wrapper-legacy\"><div class=\"fusion-column-content-centered\"><div class=\"fusion-column-content\"><div class=\"fusion-button-wrapper\"><a class=\"fusion-button button-flat fusion-button-default-size button-custom fusion-button-default button-1 fusion-button-default-span fusion-button-default-type\" style=\"--button_accent_color:#ffffff;--button_border_color:#ffffff;--button_accent_hover_color:#ffffff;--button_border_hover_color:#ffffff;--button_gradient_top_color:#cc0000;--button_gradient_bottom_color:#cc0000;--button_gradient_top_color_hover:#ef0000;--button_gradient_bottom_color_hover:#ef0000;\" target=\"_self\" title=\"Pi\u00f9 sulle macchine per la raccolta della frutta\" aria-label=\"Pi\u00f9 sulle macchine per la raccolta della frutta\" href=\"https:\/\/feucht-obsttechnik.de\/it\/tecnologia-di-raccolta-della-frutta\/macchine-per-la-raccolta-della-frutta\/\"><span class=\"fusion-button-text awb-button__text awb-button__text--default\">ULTERIORI INFORMAZIONI SULLE NOSTRE MACCHINE PER LA RACCOLTA DELLA FRUTTA<\/span><\/a><\/div><\/div><\/div><div class=\"fusion-clearfix\"><\/div><\/div><\/div><\/div><\/div><div class=\"fusion-fullwidth fullwidth-box fusion-builder-row-5 nonhundred-percent-fullwidth non-hundred-percent-height-scrolling fusion-equal-height-columns fusion-no-small-visibility schlagwoerter\" style=\"--awb-background-position:center top;--awb-border-sizes-top:0px;--awb-border-sizes-bottom:0px;--awb-border-sizes-left:0px;--awb-border-sizes-right:0px;--awb-border-radius-top-left:0px;--awb-border-radius-top-right:0px;--awb-border-radius-bottom-right:0px;--awb-border-radius-bottom-left:0px;--awb-padding-top:0px;--awb-padding-right:15%;--awb-padding-bottom:0px;--awb-padding-left:15%;--awb-background-color:#a0ce4e;--awb-flex-wrap:wrap;\" ><div class=\"fusion-builder-row fusion-row\"><div class=\"fusion-layout-column fusion_builder_column fusion-builder-column-8 fusion_builder_column_1_5 1_5 fusion-one-fifth fusion-column-first\" style=\"--awb-padding-top:10px;--awb-padding-bottom:10px;--awb-bg-size:cover;--awb-margin-top:10px;--awb-margin-bottom:0px;width:20%;width:calc(20% - ( ( 4% ) * 0.2 ) );margin-right: 4%;\"><div class=\"fusion-column-wrapper fusion-column-has-shadow fusion-flex-column-wrapper-legacy\"><div class=\"fusion-column-content-centered\"><div class=\"fusion-column-content\"><div class=\"fusion-title title fusion-title-1 fusion-sep-none fusion-title-text fusion-title-size-two\" style=\"--awb-text-color:#ffffff;--awb-margin-bottom:0px;--awb-margin-right-small:0px;--awb-margin-bottom-small:0px;--awb-margin-left-small:0px;\"><h2 class=\"fusion-title-heading title-heading-left fusion-responsive-typography-calculated\" style=\"margin:0;--fontSize:26;--minFontSize:26;line-height:1.25;\">Parole chiave:<\/h2><\/div><\/div><\/div><div class=\"fusion-clearfix\"><\/div><\/div><\/div><div class=\"fusion-layout-column fusion_builder_column fusion-builder-column-9 fusion_builder_column_4_5 4_5 fusion-four-fifth fusion-column-last fusion-column-no-min-height\" style=\"--awb-padding-top:10px;--awb-padding-bottom:10px;--awb-bg-size:cover;--awb-margin-top:20px;--awb-margin-bottom:0px;width:80%;width:calc(80% - ( ( 4% ) * 0.8 ) );\"><div class=\"fusion-column-wrapper fusion-column-has-shadow fusion-flex-column-wrapper-legacy\"><div class=\"fusion-text fusion-text-7\"><p><span style=\"color: #ffffff;\"><a href=\"https:\/\/feucht-obsttechnik.de\/it\/tecnologia-di-raccolta-della-frutta\/macchine-per-la-raccolta-della-frutta\/\">Macchine per la raccolta delle mele<\/a>, <a href=\"https:\/\/feucht-obsttechnik.de\/it\/tecnologia-di-raccolta-della-frutta\/macchine-per-la-raccolta-della-frutta\/\">Macchine per la selezione della frutta<\/a>, <a href=\"https:\/\/feucht-obsttechnik.de\/it\/tecnologia-di-raccolta-della-frutta\/macchine-per-la-raccolta-della-frutta\/\">Macchine per la raccolta della frutta<\/a>, <a href=\"https:\/\/feucht-obsttechnik.de\/it\/tecnologia-di-raccolta-della-frutta\/\">Tecnologia di raccolta della frutta<\/a>, <a href=\"https:\/\/feucht-obsttechnik.de\/it\/tecnologia-di-raccolta-della-frutta\/\">Dispositivi di raccolta della frutta<\/a>, <a href=\"https:\/\/feucht-obsttechnik.de\/it\/tecnologia-di-raccolta-della-frutta\/scuotitori\/scuotitore-idraulico-per-tronchi\/\">Scuotitori di tronchi<\/a>, <a href=\"https:\/\/feucht-obsttechnik.de\/it\/tecnologia-di-raccolta-della-frutta\/scuotitori\/scuotitore-di-frutta-os\/\">Scuotitori con cavi<\/a>,<\/span><\/p>\n<\/div><div class=\"fusion-clearfix\"><\/div><\/div><\/div><\/div><\/div><\/p>\n","protected":false},"excerpt":{"rendered":"","protected":false},"author":4,"featured_media":0,"parent":0,"menu_order":0,"comment_status":"closed","ping_status":"closed","template":"100-width.php","meta":{"footnotes":"","_wp_rev_ctl_limit":""},"class_list":["post-12301","page","type-page","status-publish","hentry"],"yoast_head":"<!-- This site is optimized with the Yoast SEO plugin v27.5 - https:\/\/yoast.com\/product\/yoast-seo-wordpress\/ -->\n<title>Macchine per la raccolta della frutta - Feucht Obsttechnik<\/title>\n<meta name=\"description\" content=\"Le macchine per la raccolta della frutta di Feucht Obsttechnik aumentano la produttivit\u00e0 e la redditivit\u00e0 e si ripagano in breve tempo. Ottenete maggiori informazioni!\" \/>\n<meta name=\"robots\" content=\"index, follow, max-snippet:-1, max-image-preview:large, max-video-preview:-1\" \/>\n<link rel=\"canonical\" href=\"https:\/\/feucht-obsttechnik.de\/it\/lp-obstauflesemaschinen\/\" \/>\n<meta property=\"og:locale\" content=\"it_IT\" \/>\n<meta property=\"og:type\" content=\"article\" \/>\n<meta property=\"og:title\" content=\"Macchine per la raccolta della frutta - Feucht Obsttechnik\" \/>\n<meta property=\"og:description\" content=\"Le macchine per la raccolta della frutta di Feucht Obsttechnik aumentano la produttivit\u00e0 e la redditivit\u00e0 e si ripagano in breve tempo. Ottenete maggiori informazioni!\" \/>\n<meta property=\"og:url\" content=\"https:\/\/feucht-obsttechnik.de\/it\/lp-obstauflesemaschinen\/\" \/>\n<meta property=\"og:site_name\" content=\"Feucht Obsttechnik\" \/>\n<meta property=\"article:modified_time\" content=\"2021-04-16T14:51:46+00:00\" \/>\n<meta name=\"twitter:card\" content=\"summary_large_image\" \/>\n<meta name=\"twitter:label1\" content=\"Tempo di lettura stimato\" \/>\n\t<meta name=\"twitter:data1\" content=\"14 minuti\" \/>\n<script type=\"application\/ld+json\" class=\"yoast-schema-graph\">{\"@context\":\"https:\\\/\\\/schema.org\",\"@graph\":[{\"@type\":\"WebPage\",\"@id\":\"https:\\\/\\\/feucht-obsttechnik.de\\\/it\\\/lp-obstauflesemaschinen\\\/\",\"url\":\"https:\\\/\\\/feucht-obsttechnik.de\\\/it\\\/lp-obstauflesemaschinen\\\/\",\"name\":\"Macchine per la raccolta della frutta - Feucht Obsttechnik\",\"isPartOf\":{\"@id\":\"https:\\\/\\\/feucht-obsttechnik.de\\\/it\\\/#website\"},\"datePublished\":\"2021-04-08T11:57:53+00:00\",\"dateModified\":\"2021-04-16T14:51:46+00:00\",\"description\":\"Le macchine per la raccolta della frutta di Feucht Obsttechnik aumentano la produttivit\u00e0 e la redditivit\u00e0 e si ripagano in breve tempo. Ottenete maggiori informazioni!\",\"breadcrumb\":{\"@id\":\"https:\\\/\\\/feucht-obsttechnik.de\\\/it\\\/lp-obstauflesemaschinen\\\/#breadcrumb\"},\"inLanguage\":\"it-IT\",\"potentialAction\":[{\"@type\":\"ReadAction\",\"target\":[\"https:\\\/\\\/feucht-obsttechnik.de\\\/it\\\/lp-obstauflesemaschinen\\\/\"]}]},{\"@type\":\"BreadcrumbList\",\"@id\":\"https:\\\/\\\/feucht-obsttechnik.de\\\/it\\\/lp-obstauflesemaschinen\\\/#breadcrumb\",\"itemListElement\":[{\"@type\":\"ListItem\",\"position\":1,\"name\":\"Startseite\",\"item\":\"https:\\\/\\\/feucht-obsttechnik.de\\\/it\\\/\"},{\"@type\":\"ListItem\",\"position\":2,\"name\":\"LP Obstauflesemaschinen\"}]},{\"@type\":\"WebSite\",\"@id\":\"https:\\\/\\\/feucht-obsttechnik.de\\\/it\\\/#website\",\"url\":\"https:\\\/\\\/feucht-obsttechnik.de\\\/it\\\/\",\"name\":\"Feucht Obsttechnik\",\"description\":\"\",\"publisher\":{\"@id\":\"https:\\\/\\\/feucht-obsttechnik.de\\\/it\\\/#organization\"},\"potentialAction\":[{\"@type\":\"SearchAction\",\"target\":{\"@type\":\"EntryPoint\",\"urlTemplate\":\"https:\\\/\\\/feucht-obsttechnik.de\\\/it\\\/?s={search_term_string}\"},\"query-input\":{\"@type\":\"PropertyValueSpecification\",\"valueRequired\":true,\"valueName\":\"search_term_string\"}}],\"inLanguage\":\"it-IT\"},{\"@type\":\"Organization\",\"@id\":\"https:\\\/\\\/feucht-obsttechnik.de\\\/it\\\/#organization\",\"name\":\"Feucht Obsttechnik GmbH\",\"url\":\"https:\\\/\\\/feucht-obsttechnik.de\\\/it\\\/\",\"logo\":{\"@type\":\"ImageObject\",\"inLanguage\":\"it-IT\",\"@id\":\"https:\\\/\\\/feucht-obsttechnik.de\\\/it\\\/#\\\/schema\\\/logo\\\/image\\\/\",\"url\":\"https:\\\/\\\/feucht-obsttechnik.de\\\/wp-content\\\/uploads\\\/logo-feucht@2x-1.png\",\"contentUrl\":\"https:\\\/\\\/feucht-obsttechnik.de\\\/wp-content\\\/uploads\\\/logo-feucht@2x-1.png\",\"width\":640,\"height\":123,\"caption\":\"Feucht Obsttechnik GmbH\"},\"image\":{\"@id\":\"https:\\\/\\\/feucht-obsttechnik.de\\\/it\\\/#\\\/schema\\\/logo\\\/image\\\/\"}}]}<\/script>\n<!-- \/ Yoast SEO plugin. -->","yoast_head_json":{"title":"Macchine per la raccolta della frutta - Feucht Obsttechnik","description":"Le macchine per la raccolta della frutta di Feucht Obsttechnik aumentano la produttivit\u00e0 e la redditivit\u00e0 e si ripagano in breve tempo. Ottenete maggiori informazioni!","robots":{"index":"index","follow":"follow","max-snippet":"max-snippet:-1","max-image-preview":"max-image-preview:large","max-video-preview":"max-video-preview:-1"},"canonical":"https:\/\/feucht-obsttechnik.de\/it\/lp-obstauflesemaschinen\/","og_locale":"it_IT","og_type":"article","og_title":"Macchine per la raccolta della frutta - Feucht Obsttechnik","og_description":"Le macchine per la raccolta della frutta di Feucht Obsttechnik aumentano la produttivit\u00e0 e la redditivit\u00e0 e si ripagano in breve tempo. Ottenete maggiori informazioni!","og_url":"https:\/\/feucht-obsttechnik.de\/it\/lp-obstauflesemaschinen\/","og_site_name":"Feucht Obsttechnik","article_modified_time":"2021-04-16T14:51:46+00:00","twitter_card":"summary_large_image","twitter_misc":{"Tempo di lettura stimato":"14 minuti"},"schema":{"@context":"https:\/\/schema.org","@graph":[{"@type":"WebPage","@id":"https:\/\/feucht-obsttechnik.de\/it\/lp-obstauflesemaschinen\/","url":"https:\/\/feucht-obsttechnik.de\/it\/lp-obstauflesemaschinen\/","name":"Macchine per la raccolta della frutta - Feucht Obsttechnik","isPartOf":{"@id":"https:\/\/feucht-obsttechnik.de\/it\/#website"},"datePublished":"2021-04-08T11:57:53+00:00","dateModified":"2021-04-16T14:51:46+00:00","description":"Le macchine per la raccolta della frutta di Feucht Obsttechnik aumentano la produttivit\u00e0 e la redditivit\u00e0 e si ripagano in breve tempo. Ottenete maggiori informazioni!","breadcrumb":{"@id":"https:\/\/feucht-obsttechnik.de\/it\/lp-obstauflesemaschinen\/#breadcrumb"},"inLanguage":"it-IT","potentialAction":[{"@type":"ReadAction","target":["https:\/\/feucht-obsttechnik.de\/it\/lp-obstauflesemaschinen\/"]}]},{"@type":"BreadcrumbList","@id":"https:\/\/feucht-obsttechnik.de\/it\/lp-obstauflesemaschinen\/#breadcrumb","itemListElement":[{"@type":"ListItem","position":1,"name":"Startseite","item":"https:\/\/feucht-obsttechnik.de\/it\/"},{"@type":"ListItem","position":2,"name":"LP Obstauflesemaschinen"}]},{"@type":"WebSite","@id":"https:\/\/feucht-obsttechnik.de\/it\/#website","url":"https:\/\/feucht-obsttechnik.de\/it\/","name":"Feucht Obsttechnik","description":"","publisher":{"@id":"https:\/\/feucht-obsttechnik.de\/it\/#organization"},"potentialAction":[{"@type":"SearchAction","target":{"@type":"EntryPoint","urlTemplate":"https:\/\/feucht-obsttechnik.de\/it\/?s={search_term_string}"},"query-input":{"@type":"PropertyValueSpecification","valueRequired":true,"valueName":"search_term_string"}}],"inLanguage":"it-IT"},{"@type":"Organization","@id":"https:\/\/feucht-obsttechnik.de\/it\/#organization","name":"Feucht Obsttechnik GmbH","url":"https:\/\/feucht-obsttechnik.de\/it\/","logo":{"@type":"ImageObject","inLanguage":"it-IT","@id":"https:\/\/feucht-obsttechnik.de\/it\/#\/schema\/logo\/image\/","url":"https:\/\/feucht-obsttechnik.de\/wp-content\/uploads\/logo-feucht@2x-1.png","contentUrl":"https:\/\/feucht-obsttechnik.de\/wp-content\/uploads\/logo-feucht@2x-1.png","width":640,"height":123,"caption":"Feucht Obsttechnik GmbH"},"image":{"@id":"https:\/\/feucht-obsttechnik.de\/it\/#\/schema\/logo\/image\/"}}]}},"_links":{"self":[{"href":"https:\/\/feucht-obsttechnik.de\/it\/wp-json\/wp\/v2\/pages\/12301","targetHints":{"allow":["GET"]}}],"collection":[{"href":"https:\/\/feucht-obsttechnik.de\/it\/wp-json\/wp\/v2\/pages"}],"about":[{"href":"https:\/\/feucht-obsttechnik.de\/it\/wp-json\/wp\/v2\/types\/page"}],"author":[{"embeddable":true,"href":"https:\/\/feucht-obsttechnik.de\/it\/wp-json\/wp\/v2\/users\/4"}],"replies":[{"embeddable":true,"href":"https:\/\/feucht-obsttechnik.de\/it\/wp-json\/wp\/v2\/comments?post=12301"}],"version-history":[{"count":0,"href":"https:\/\/feucht-obsttechnik.de\/it\/wp-json\/wp\/v2\/pages\/12301\/revisions"}],"wp:attachment":[{"href":"https:\/\/feucht-obsttechnik.de\/it\/wp-json\/wp\/v2\/media?parent=12301"}],"curies":[{"name":"wp","href":"https:\/\/api.w.org\/{rel}","templated":true}]}}