{"id":12280,"date":"2021-04-08T13:32:07","date_gmt":"2021-04-08T11:32:07","guid":{"rendered":"https:\/\/neu2020.feucht-obsttechnik.de\/lp-hochgrasmaehtechnik\/"},"modified":"2021-04-16T16:45:25","modified_gmt":"2021-04-16T14:45:25","slug":"lp-hochgrasmaehtechnik","status":"publish","type":"page","link":"https:\/\/feucht-obsttechnik.de\/it\/lp-hochgrasmaehtechnik\/","title":{"rendered":"LP Hochgrasm\u00e4htechnik"},"content":{"rendered":"<p><div class=\"fusion-bg-parallax\" data-bg-align=\"center center\" data-direction=\"up\" data-mute=\"false\" data-opacity=\"100\" data-velocity=\"-0.3\" data-mobile-enabled=\"false\" data-break_parents=\"0\" data-bg-image=\"https:\/\/feucht-obsttechnik.de\/wp-content\/uploads\/bg-header-hochgrasm\u00e4htechnik-1.jpg\" data-bg-repeat=\"false\" ><\/div><div class=\"fusion-fullwidth fullwidth-box fusion-builder-row-1 fusion-parallax-up nonhundred-percent-fullwidth non-hundred-percent-height-scrolling\" style=\"--awb-border-sizes-top:0px;--awb-border-sizes-bottom:0px;--awb-border-sizes-left:0px;--awb-border-sizes-right:0px;--awb-border-radius-top-left:0px;--awb-border-radius-top-right:0px;--awb-border-radius-bottom-right:0px;--awb-border-radius-bottom-left:0px;--awb-padding-top:130px;--awb-padding-bottom:120px;--awb-background-image:url(&quot;https:\/\/feucht-obsttechnik.de\/wp-content\/uploads\/bg-header-hochgrasm\u00e4htechnik-1.jpg&quot;);--awb-background-size:cover;--awb-flex-wrap:wrap;\" ><div class=\"fusion-builder-row fusion-row\"><div class=\"fusion-layout-column fusion_builder_column fusion-builder-column-0 fusion_builder_column_1_2 1_2 fusion-one-half fusion-column-first\" style=\"--awb-bg-size:cover;width:48%; margin-right: 4%;\"><div class=\"fusion-column-wrapper fusion-flex-column-wrapper-legacy\"><div class=\"fusion-text fusion-text-1\"><h1><span style=\"color: #ffffff;\">Tecnologia di falciatura dell&#8217;erba alta<\/span><\/h1>\n<p><span style=\"color: #ffffff;\">La nostra tecnologia di falciatura dell&#8217;erba alta rende possibile la falciatura dell&#8217;erba in condizioni di altezza superiore a 100 cm ed \u00e8 dotata di una triturazione e distribuzione ottimale del materiale falciato.<\/span><\/p>\n<\/div><div class=\"fusion-clearfix\"><\/div><\/div><\/div><div class=\"fusion-layout-column fusion_builder_column fusion-builder-column-1 fusion_builder_column_1_2 1_2 fusion-one-half fusion-column-last\" style=\"--awb-bg-size:cover;width:48%;\"><div class=\"fusion-column-wrapper fusion-flex-column-wrapper-legacy\"><div class=\"fusion-clearfix\"><\/div><\/div><\/div><\/div><\/div><div class=\"fusion-fullwidth fullwidth-box fusion-builder-row-2 nonhundred-percent-fullwidth non-hundred-percent-height-scrolling\" style=\"--awb-background-position:left top;--awb-border-sizes-top:0px;--awb-border-sizes-bottom:0px;--awb-border-sizes-left:0px;--awb-border-sizes-right:0px;--awb-border-radius-top-left:0px;--awb-border-radius-top-right:0px;--awb-border-radius-bottom-right:0px;--awb-border-radius-bottom-left:0px;--awb-padding-top:130px;--awb-padding-bottom:30px;--awb-flex-wrap:wrap;\" ><div class=\"fusion-builder-row fusion-row\"><div class=\"fusion-layout-column fusion_builder_column fusion-builder-column-2 fusion_builder_column_1_1 1_1 fusion-one-full fusion-column-first fusion-column-last\" style=\"--awb-bg-size:cover;\"><div class=\"fusion-column-wrapper fusion-column-has-shadow fusion-flex-column-wrapper-legacy\"><div class=\"fusion-text fusion-text-2\"><h2>Tecnologia di falciatura dell&#8217;erba alta di Feucht Obsttechnik<\/h2>\n<\/div><div class=\"fusion-text fusion-text-3\"><h3><span class=\"\">I nostri piatti di falciatura si distinguono per la bassa necessit\u00e0 di potenza, l&#8217;elevata velocit\u00e0 di falciatura, il migliore schema di taglio e un&#8217;ottima triturazione dei residui.<\/span><\/h3>\n<\/div><div class=\"fusion-clearfix\"><\/div><\/div><\/div><div class=\"fusion-layout-column fusion_builder_column fusion-builder-column-3 fusion_builder_column_1_2 1_2 fusion-one-half fusion-column-first\" style=\"--awb-bg-size:cover;width:48%; margin-right: 4%;\"><div class=\"fusion-column-wrapper fusion-flex-column-wrapper-legacy\"><div class=\"fusion-text fusion-text-4\"><p>Approfittate dei vantaggi della nostra tecnologia di taglio dell&#8217;erba alta con John Deere: Il taglio (falciatura dell&#8217;erba alta con John Deere) degli alberi \u00e8 possibile a sinistra o a destra tramite uno scarico posteriore, e non ci sono problemi di scheggiatura delle pietre, perch\u00e9 lo scarico va verso il retro. La qualit\u00e0 di falciatura e il taglio con la nostra tecnologia di taglio dell&#8217;erba alta per John Deere \u00e8 molto pulita sia con erba corta che con erba lunga, e il piatto di taglio non pu\u00f2 intasarsi perch\u00e9 \u00e8 impermeabile alla pioggia o all&#8217;umidit\u00e0. Con la nostra tecnologia di taglio dell&#8217;erba alta, sono possibili anche velocit\u00e0 di taglio estremamente elevate (fino a 7 &#8211; 8 km per l&#8217;X300 &#8211; 540 e 10 &#8211; 12 km per l&#8217;X700) e la lunghezza del pacciame \u00e8 compresa tra 3 e 5 cm. La falciatura dell&#8217;erba alta con John Deere \u00e8 possibile, ad esempio, nei frutteti, nei pascoli, prati ampiamente utilizzati, nelle fattorie di alberi di Natale, nei vigneti o nei campi di erba.   <\/p>\n<p>La nostra tecnologia di falciatura dell&#8217;erba alta consente la pacciamatura (falciatura dell&#8217;erba alta con John Deere) di condizioni di erba estremamente alte grazie alle &#8220;lame di pacciamatura doppie&#8221; appositamente sviluppate per i piatti di falciatura Feucht. La triturazione e la distribuzione ottimale accelerano il decadimento del materiale falciato. <\/p>\n<p>Lavoriamo nel settore della tecnologia di raccolta della frutta da diverse generazioni. La razionalizzazione della raccolta della frutta con i pi\u00f9 alti requisiti di qualit\u00e0 della frutta raccolta in termini di pulizia e tasso di raccolta \u00e8 diventato l\u2019argomento di vendita delle nostre attrezzature per la raccolta della frutta. Grazie al continuo sviluppo di prodotti innovativi, ci siamo affermati come leader di mercato nella tecnologia di raccolta della frutta in Europa.<\/p>\n<\/div><div class=\"fusion-clearfix\"><\/div><\/div><\/div><div class=\"fusion-layout-column fusion_builder_column fusion-builder-column-4 fusion_builder_column_1_2 1_2 fusion-one-half fusion-column-last\" style=\"--awb-bg-size:cover;width:48%;\"><div class=\"fusion-column-wrapper fusion-flex-column-wrapper-legacy\"><div class=\"fusion-image-element in-legacy-container\" style=\"--awb-caption-title-font-family:var(--h2_typography-font-family);--awb-caption-title-font-weight:var(--h2_typography-font-weight);--awb-caption-title-font-style:var(--h2_typography-font-style);--awb-caption-title-size:var(--h2_typography-font-size);--awb-caption-title-transform:var(--h2_typography-text-transform);--awb-caption-title-line-height:var(--h2_typography-line-height);--awb-caption-title-letter-spacing:var(--h2_typography-letter-spacing);\"><span class=\" fusion-imageframe imageframe-none imageframe-1 hover-type-zoomin fusion-animated\" data-animationType=\"fadeInDown\" data-animationDuration=\"1.0\" data-animationOffset=\"bottom-in-view\"><a href=\"https:\/\/feucht-obsttechnik.de\/wp-content\/uploads\/hochgrasm\u00e4htechnik-frontm\u00e4hwerk-1.jpg\" class=\"fusion-lightbox\" data-rel=\"iLightbox[Tecnologia di falciatura dell&#039;erba alta]\" data-title=\"Montaggio frontale dei piatti di falciatura &#8211; tosaerba frontale\" title=\"Montaggio frontale dei piatti di falciatura &#8211; tosaerba frontale\"><img decoding=\"async\" width=\"1600\" height=\"1200\" src=\"https:\/\/feucht-obsttechnik.de\/wp-content\/uploads\/hochgrasm\u00e4htechnik-frontm\u00e4hwerk-1.jpg\" alt class=\"img-responsive wp-image-8131\" srcset=\"https:\/\/feucht-obsttechnik.de\/wp-content\/uploads\/hochgrasm\u00e4htechnik-frontm\u00e4hwerk-1-200x150.jpg 200w, https:\/\/feucht-obsttechnik.de\/wp-content\/uploads\/hochgrasm\u00e4htechnik-frontm\u00e4hwerk-1-400x300.jpg 400w, https:\/\/feucht-obsttechnik.de\/wp-content\/uploads\/hochgrasm\u00e4htechnik-frontm\u00e4hwerk-1-600x450.jpg 600w, https:\/\/feucht-obsttechnik.de\/wp-content\/uploads\/hochgrasm\u00e4htechnik-frontm\u00e4hwerk-1-800x600.jpg 800w, https:\/\/feucht-obsttechnik.de\/wp-content\/uploads\/hochgrasm\u00e4htechnik-frontm\u00e4hwerk-1-1200x900.jpg 1200w, https:\/\/feucht-obsttechnik.de\/wp-content\/uploads\/hochgrasm\u00e4htechnik-frontm\u00e4hwerk-1.jpg 1600w\" sizes=\"(max-width: 835px) 100vw, 600px\" \/><\/a><\/span><\/div><div class=\"fusion-sep-clear\"><\/div><div class=\"fusion-separator fusion-full-width-sep\" style=\"margin-left: auto;margin-right: auto;margin-bottom:30px;width:100%;\"><\/div><div class=\"fusion-sep-clear\"><\/div><div class=\"fusion-image-element in-legacy-container\" style=\"--awb-caption-title-font-family:var(--h2_typography-font-family);--awb-caption-title-font-weight:var(--h2_typography-font-weight);--awb-caption-title-font-style:var(--h2_typography-font-style);--awb-caption-title-size:var(--h2_typography-font-size);--awb-caption-title-transform:var(--h2_typography-text-transform);--awb-caption-title-line-height:var(--h2_typography-line-height);--awb-caption-title-letter-spacing:var(--h2_typography-letter-spacing);\"><span class=\" fusion-imageframe imageframe-none imageframe-2 hover-type-zoomin fusion-animated\" data-animationType=\"fadeInDown\" data-animationDuration=\"1.0\" data-animationOffset=\"bottom-in-view\"><a href=\"https:\/\/feucht-obsttechnik.de\/wp-content\/uploads\/hochgrasm\u00e4htechnik-john-deere-1.jpg\" class=\"fusion-lightbox\" data-rel=\"iLightbox[Tecnologia di falciatura dell&#039;erba alta]\" data-title=\"Piatti di falciatura per John Deere\" title=\"Piatti di falciatura per John Deere\"><img decoding=\"async\" width=\"1600\" height=\"1200\" src=\"https:\/\/feucht-obsttechnik.de\/wp-content\/uploads\/hochgrasm\u00e4htechnik-john-deere-1.jpg\" alt class=\"img-responsive wp-image-8114\" srcset=\"https:\/\/feucht-obsttechnik.de\/wp-content\/uploads\/hochgrasm\u00e4htechnik-john-deere-1-200x150.jpg 200w, https:\/\/feucht-obsttechnik.de\/wp-content\/uploads\/hochgrasm\u00e4htechnik-john-deere-1-400x300.jpg 400w, https:\/\/feucht-obsttechnik.de\/wp-content\/uploads\/hochgrasm\u00e4htechnik-john-deere-1-600x450.jpg 600w, https:\/\/feucht-obsttechnik.de\/wp-content\/uploads\/hochgrasm\u00e4htechnik-john-deere-1-800x600.jpg 800w, https:\/\/feucht-obsttechnik.de\/wp-content\/uploads\/hochgrasm\u00e4htechnik-john-deere-1-1200x900.jpg 1200w, https:\/\/feucht-obsttechnik.de\/wp-content\/uploads\/hochgrasm\u00e4htechnik-john-deere-1.jpg 1600w\" sizes=\"(max-width: 835px) 100vw, 600px\" \/><\/a><\/span><\/div><div class=\"fusion-clearfix\"><\/div><\/div><\/div><\/div><\/div><div class=\"fusion-fullwidth fullwidth-box fusion-builder-row-3 nonhundred-percent-fullwidth non-hundred-percent-height-scrolling\" style=\"--awb-background-position:left top;--awb-border-sizes-top:0px;--awb-border-sizes-bottom:0px;--awb-border-sizes-left:0px;--awb-border-sizes-right:0px;--awb-border-radius-top-left:0px;--awb-border-radius-top-right:0px;--awb-border-radius-bottom-right:0px;--awb-border-radius-bottom-left:0px;--awb-padding-top:1px;--awb-padding-bottom:0px;--awb-background-color:#cc0000;--awb-flex-wrap:wrap;\" ><div class=\"fusion-builder-row fusion-row\"><div class=\"fusion-layout-column fusion_builder_column fusion-builder-column-5 fusion_builder_column_1_1 1_1 fusion-one-full fusion-column-first fusion-column-last\" style=\"--awb-padding-top:50px;--awb-padding-bottom:50px;--awb-padding-left:0px;--awb-bg-size:cover;--awb-margin-bottom:0px;\"><div class=\"fusion-column-wrapper fusion-column-has-shadow fusion-flex-column-wrapper-legacy\"><div class=\"fusion-column-content-centered\"><div class=\"fusion-column-content\"><div class=\"fusion-text fusion-text-5\"><h2 style=\"text-align: center; margin-bottom: 0px;\"><span style=\"color: #ffffff;\"> Tecnologia di falciatura dell&#8217;erba alta di Feucht Obsttechnik<\/span><\/h2>\n<\/div><\/div><\/div><div class=\"fusion-clearfix\"><\/div><\/div><\/div><\/div><\/div><div class=\"fusion-fullwidth fullwidth-box fusion-builder-row-4 nonhundred-percent-fullwidth non-hundred-percent-height-scrolling\" style=\"--awb-border-radius-top-left:0px;--awb-border-radius-top-right:0px;--awb-border-radius-bottom-right:0px;--awb-border-radius-bottom-left:0px;--awb-padding-top:100px;--awb-padding-bottom:50px;--awb-background-color:#f2f2f2;--awb-flex-wrap:wrap;\" ><div class=\"fusion-builder-row fusion-row\"><div class=\"fusion-layout-column fusion_builder_column fusion-builder-column-6 fusion_builder_column_1_1 1_1 fusion-one-full fusion-column-first fusion-column-last\" style=\"--awb-bg-color:#ffffff;--awb-bg-color-hover:#ffffff;--awb-bg-size:cover;\"><div class=\"fusion-column-wrapper fusion-flex-column-wrapper-legacy\"><div class=\"fusion-text fusion-text-6\"><div style=\"padding: 25px;\">\n<h2>La nostra gamma di prodotti nel settore della tecnologia di taglio dell&#8217;erba alta comprende:<\/h2>\n<\/div>\n<\/div>\n<div class=\"table-2\">\n<table width=\"100%\">\n<tbody>\n<tr>\n<td align=\"left\"><strong>Falciatrici per trattori John Deere<\/strong><br \/>\n<span class=\"table_description\">Falciatura dell&#8217;erba alta per vari tipi di trattori John Deere<\/span><\/td>\n<td align=\"left\">I nostri piatti di falciatura per John Deere si distinguono per la bassa necessit\u00e0 di potenza, l&#8217;elevata velocit\u00e0 di falciatura, il migliore schema di taglio e un&#8217;ottima triturazione dei residui.<\/td>\n<\/tr>\n<tr>\n<td align=\"left\"><strong>Piatto di falciatura interasse<\/strong><br \/>\n<span class=\"table_description\">Falciatura dell\u2019erba alta nell\u2019accessorio interasse<\/span><\/td>\n<td align=\"left\">Piatto di falciatura interasse falciatura dell\u2019erba alta nell\u2019accessorio interasse Questo tosaerba per erba alta \u00e8 fissato tra gli assi dei trattori tagliaerba. Il tosaerba \u00e8 sostenuto dal trattore e garantisce che la distanza dal suolo rimanga costante. <\/td>\n<\/tr>\n<tr>\n<td align=\"left\"><strong>Tosaerba nel supporto frontale CAT O<\/strong><br \/>\n<span class=\"table_description\">Falciatura dell&#8217;erba alta con il supporto frontale<\/span><\/td>\n<td align=\"left\">Tosaerba utilizzando supporto frontale CAT O Falciatura dell&#8217;erba alta con il supporto frontale Il supporto frontale del piatto di falciatura CAT 0 \u00e8 adatto ai trattori compatti tradizionali. La falciatrice frontale \u00e8 fissata alla parte anteriore del trattore e consente quindi di falciare colture erbacee fino a 100 cm. <\/td>\n<\/tr>\n<\/tbody>\n<\/table>\n<\/div>\n<div class=\"fusion-clearfix\"><\/div><\/div><\/div><div class=\"fusion-layout-column fusion_builder_column fusion-builder-column-7 fusion_builder_column_1_1 1_1 fusion-one-full fusion-column-first fusion-column-last\" style=\"--awb-bg-size:cover;--awb-margin-bottom:0px;\"><div class=\"fusion-column-wrapper fusion-column-has-shadow fusion-flex-column-wrapper-legacy\"><div class=\"fusion-column-content-centered\"><div class=\"fusion-column-content\"><div class=\"fusion-button-wrapper\"><a class=\"fusion-button button-flat fusion-button-default-size button-custom fusion-button-default button-1 fusion-button-default-span fusion-button-default-type\" style=\"--button_accent_color:#ffffff;--button_border_color:#ffffff;--button_accent_hover_color:#ffffff;--button_border_hover_color:#ffffff;--button_gradient_top_color:#cc0000;--button_gradient_bottom_color:#cc0000;--button_gradient_top_color_hover:#ef0000;--button_gradient_bottom_color_hover:#ef0000;\" target=\"_self\" title=\"PI\u00d9 SULLA NOSTRA TECNOLOGIA DI TAGLIO DELL&#039;ERBA ALTA\" aria-label=\"PI\u00d9 SULLA NOSTRA TECNOLOGIA DI TAGLIO DELL&#039;ERBA ALTA\" href=\"https:\/\/feucht-obsttechnik.de\/it\/tecnologia-di-falciatura\/tecnologia-di-falciatura-dellerba-alta\/\"><span class=\"fusion-button-text awb-button__text awb-button__text--default\">ULTERIORI INFORMAZIONI SULLA NOSTRA TECNOLOGIA DI TAGLIO DELL&#8217;ERBA ALTA<\/span><\/a><\/div><\/div><\/div><div class=\"fusion-clearfix\"><\/div><\/div><\/div><\/div><\/div><div class=\"fusion-fullwidth fullwidth-box fusion-builder-row-5 nonhundred-percent-fullwidth non-hundred-percent-height-scrolling fusion-equal-height-columns fusion-no-small-visibility schlagwoerter\" style=\"--awb-background-position:center top;--awb-border-sizes-top:0px;--awb-border-sizes-bottom:0px;--awb-border-sizes-left:0px;--awb-border-sizes-right:0px;--awb-border-radius-top-left:0px;--awb-border-radius-top-right:0px;--awb-border-radius-bottom-right:0px;--awb-border-radius-bottom-left:0px;--awb-padding-top:0px;--awb-padding-right:15%;--awb-padding-bottom:0px;--awb-padding-left:15%;--awb-background-color:#a0ce4e;--awb-flex-wrap:wrap;\" ><div class=\"fusion-builder-row fusion-row\"><div class=\"fusion-layout-column fusion_builder_column fusion-builder-column-8 fusion_builder_column_1_5 1_5 fusion-one-fifth fusion-column-first\" style=\"--awb-padding-top:10px;--awb-padding-bottom:10px;--awb-bg-size:cover;--awb-margin-top:10px;--awb-margin-bottom:0px;width:20%;width:calc(20% - ( ( 4% ) * 0.2 ) );margin-right: 4%;\"><div class=\"fusion-column-wrapper fusion-column-has-shadow fusion-flex-column-wrapper-legacy\"><div class=\"fusion-column-content-centered\"><div class=\"fusion-column-content\"><div class=\"fusion-title title fusion-title-1 fusion-sep-none fusion-title-text fusion-title-size-two\" style=\"--awb-text-color:#ffffff;--awb-margin-bottom:0px;--awb-margin-right-small:0px;--awb-margin-bottom-small:0px;--awb-margin-left-small:0px;\"><h2 class=\"fusion-title-heading title-heading-left fusion-responsive-typography-calculated\" style=\"margin:0;--fontSize:26;--minFontSize:26;line-height:1.25;\">Parole chiave:<\/h2><\/div><\/div><\/div><div class=\"fusion-clearfix\"><\/div><\/div><\/div><div class=\"fusion-layout-column fusion_builder_column fusion-builder-column-9 fusion_builder_column_4_5 4_5 fusion-four-fifth fusion-column-last fusion-column-no-min-height\" style=\"--awb-padding-top:10px;--awb-padding-bottom:10px;--awb-bg-size:cover;--awb-margin-top:20px;--awb-margin-bottom:0px;width:80%;width:calc(80% - ( ( 4% ) * 0.8 ) );\"><div class=\"fusion-column-wrapper fusion-column-has-shadow fusion-flex-column-wrapper-legacy\"><div class=\"fusion-text fusion-text-7\"><p><span style=\"color: #ffffff;\"><a href=\"https:\/\/feucht-obsttechnik.de\/it\/tecnologia-di-falciatura\/tecnologia-di-falciatura-dellerba-alta\/piatti-di-falciatura-dellerba-alta-per-john-deere\/\">Falciatura dell&#8217;erba alta con John Deere<\/a>, <a href=\"https:\/\/feucht-obsttechnik.de\/it\/tecnologia-di-falciatura\/tecnologia-di-falciatura-dellerba-alta\/tosaerba-frontali-cat-0\/\">Falciatura dell&#8217;erba alta con il supporto frontale<\/a>, <a href=\"https:\/\/feucht-obsttechnik.de\/it\/technologica-di-falciatura\/accessori-per-robot-da-falciatura\/\">Accessori per robot di falciatura<\/a><\/span><\/p>\n<\/div><div class=\"fusion-clearfix\"><\/div><\/div><\/div><\/div><\/div><\/p>\n","protected":false},"excerpt":{"rendered":"","protected":false},"author":4,"featured_media":0,"parent":0,"menu_order":0,"comment_status":"closed","ping_status":"closed","template":"100-width.php","meta":{"footnotes":"","_wp_rev_ctl_limit":""},"class_list":["post-12280","page","type-page","status-publish","hentry"],"yoast_head":"<!-- This site is optimized with the Yoast SEO plugin v27.2 - https:\/\/yoast.com\/product\/yoast-seo-wordpress\/ -->\n<title>Tecnologia di falciatura dell&#039;erba alta - Feucht Obsttechnik<\/title>\n<meta name=\"description\" content=\"La tecnologia di falciatura dell&#039;erba alta di Feucht Obsttechnik consente di falciare superfici erbose di oltre 100 cm. Scoprite la nostra apprezzata tecnologia di falciatura.\" \/>\n<meta name=\"robots\" content=\"index, follow, max-snippet:-1, max-image-preview:large, max-video-preview:-1\" \/>\n<link rel=\"canonical\" href=\"https:\/\/feucht-obsttechnik.de\/it\/lp-hochgrasmaehtechnik\/\" \/>\n<meta property=\"og:locale\" content=\"it_IT\" \/>\n<meta property=\"og:type\" content=\"article\" \/>\n<meta property=\"og:title\" content=\"Tecnologia di falciatura dell&#039;erba alta - Feucht Obsttechnik\" \/>\n<meta property=\"og:description\" content=\"La tecnologia di falciatura dell&#039;erba alta di Feucht Obsttechnik consente di falciare superfici erbose di oltre 100 cm. Scoprite la nostra apprezzata tecnologia di falciatura.\" \/>\n<meta property=\"og:url\" content=\"https:\/\/feucht-obsttechnik.de\/it\/lp-hochgrasmaehtechnik\/\" \/>\n<meta property=\"og:site_name\" content=\"Feucht Obsttechnik\" \/>\n<meta property=\"article:modified_time\" content=\"2021-04-16T14:45:25+00:00\" \/>\n<meta name=\"twitter:card\" content=\"summary_large_image\" \/>\n<meta name=\"twitter:label1\" content=\"Tempo di lettura stimato\" \/>\n\t<meta name=\"twitter:data1\" content=\"14 minuti\" \/>\n<script type=\"application\/ld+json\" class=\"yoast-schema-graph\">{\"@context\":\"https:\/\/schema.org\",\"@graph\":[{\"@type\":\"WebPage\",\"@id\":\"https:\/\/feucht-obsttechnik.de\/it\/lp-hochgrasmaehtechnik\/\",\"url\":\"https:\/\/feucht-obsttechnik.de\/it\/lp-hochgrasmaehtechnik\/\",\"name\":\"Tecnologia di falciatura dell'erba alta - Feucht Obsttechnik\",\"isPartOf\":{\"@id\":\"https:\/\/feucht-obsttechnik.de\/it\/#website\"},\"datePublished\":\"2021-04-08T11:32:07+00:00\",\"dateModified\":\"2021-04-16T14:45:25+00:00\",\"description\":\"La tecnologia di falciatura dell'erba alta di Feucht Obsttechnik consente di falciare superfici erbose di oltre 100 cm. Scoprite la nostra apprezzata tecnologia di falciatura.\",\"breadcrumb\":{\"@id\":\"https:\/\/feucht-obsttechnik.de\/it\/lp-hochgrasmaehtechnik\/#breadcrumb\"},\"inLanguage\":\"it-IT\",\"potentialAction\":[{\"@type\":\"ReadAction\",\"target\":[\"https:\/\/feucht-obsttechnik.de\/it\/lp-hochgrasmaehtechnik\/\"]}]},{\"@type\":\"BreadcrumbList\",\"@id\":\"https:\/\/feucht-obsttechnik.de\/it\/lp-hochgrasmaehtechnik\/#breadcrumb\",\"itemListElement\":[{\"@type\":\"ListItem\",\"position\":1,\"name\":\"Startseite\",\"item\":\"https:\/\/feucht-obsttechnik.de\/it\/\"},{\"@type\":\"ListItem\",\"position\":2,\"name\":\"LP Hochgrasm\u00e4htechnik\"}]},{\"@type\":\"WebSite\",\"@id\":\"https:\/\/feucht-obsttechnik.de\/it\/#website\",\"url\":\"https:\/\/feucht-obsttechnik.de\/it\/\",\"name\":\"Feucht Obsttechnik\",\"description\":\"\",\"publisher\":{\"@id\":\"https:\/\/feucht-obsttechnik.de\/it\/#organization\"},\"potentialAction\":[{\"@type\":\"SearchAction\",\"target\":{\"@type\":\"EntryPoint\",\"urlTemplate\":\"https:\/\/feucht-obsttechnik.de\/it\/?s={search_term_string}\"},\"query-input\":{\"@type\":\"PropertyValueSpecification\",\"valueRequired\":true,\"valueName\":\"search_term_string\"}}],\"inLanguage\":\"it-IT\"},{\"@type\":\"Organization\",\"@id\":\"https:\/\/feucht-obsttechnik.de\/it\/#organization\",\"name\":\"Feucht Obsttechnik GmbH\",\"url\":\"https:\/\/feucht-obsttechnik.de\/it\/\",\"logo\":{\"@type\":\"ImageObject\",\"inLanguage\":\"it-IT\",\"@id\":\"https:\/\/feucht-obsttechnik.de\/it\/#\/schema\/logo\/image\/\",\"url\":\"https:\/\/feucht-obsttechnik.de\/wp-content\/uploads\/logo-feucht@2x-1.png\",\"contentUrl\":\"https:\/\/feucht-obsttechnik.de\/wp-content\/uploads\/logo-feucht@2x-1.png\",\"width\":640,\"height\":123,\"caption\":\"Feucht Obsttechnik GmbH\"},\"image\":{\"@id\":\"https:\/\/feucht-obsttechnik.de\/it\/#\/schema\/logo\/image\/\"}}]}<\/script>\n<!-- \/ Yoast SEO plugin. -->","yoast_head_json":{"title":"Tecnologia di falciatura dell'erba alta - Feucht Obsttechnik","description":"La tecnologia di falciatura dell'erba alta di Feucht Obsttechnik consente di falciare superfici erbose di oltre 100 cm. Scoprite la nostra apprezzata tecnologia di falciatura.","robots":{"index":"index","follow":"follow","max-snippet":"max-snippet:-1","max-image-preview":"max-image-preview:large","max-video-preview":"max-video-preview:-1"},"canonical":"https:\/\/feucht-obsttechnik.de\/it\/lp-hochgrasmaehtechnik\/","og_locale":"it_IT","og_type":"article","og_title":"Tecnologia di falciatura dell'erba alta - Feucht Obsttechnik","og_description":"La tecnologia di falciatura dell'erba alta di Feucht Obsttechnik consente di falciare superfici erbose di oltre 100 cm. Scoprite la nostra apprezzata tecnologia di falciatura.","og_url":"https:\/\/feucht-obsttechnik.de\/it\/lp-hochgrasmaehtechnik\/","og_site_name":"Feucht Obsttechnik","article_modified_time":"2021-04-16T14:45:25+00:00","twitter_card":"summary_large_image","twitter_misc":{"Tempo di lettura stimato":"14 minuti"},"schema":{"@context":"https:\/\/schema.org","@graph":[{"@type":"WebPage","@id":"https:\/\/feucht-obsttechnik.de\/it\/lp-hochgrasmaehtechnik\/","url":"https:\/\/feucht-obsttechnik.de\/it\/lp-hochgrasmaehtechnik\/","name":"Tecnologia di falciatura dell'erba alta - Feucht Obsttechnik","isPartOf":{"@id":"https:\/\/feucht-obsttechnik.de\/it\/#website"},"datePublished":"2021-04-08T11:32:07+00:00","dateModified":"2021-04-16T14:45:25+00:00","description":"La tecnologia di falciatura dell'erba alta di Feucht Obsttechnik consente di falciare superfici erbose di oltre 100 cm. Scoprite la nostra apprezzata tecnologia di falciatura.","breadcrumb":{"@id":"https:\/\/feucht-obsttechnik.de\/it\/lp-hochgrasmaehtechnik\/#breadcrumb"},"inLanguage":"it-IT","potentialAction":[{"@type":"ReadAction","target":["https:\/\/feucht-obsttechnik.de\/it\/lp-hochgrasmaehtechnik\/"]}]},{"@type":"BreadcrumbList","@id":"https:\/\/feucht-obsttechnik.de\/it\/lp-hochgrasmaehtechnik\/#breadcrumb","itemListElement":[{"@type":"ListItem","position":1,"name":"Startseite","item":"https:\/\/feucht-obsttechnik.de\/it\/"},{"@type":"ListItem","position":2,"name":"LP Hochgrasm\u00e4htechnik"}]},{"@type":"WebSite","@id":"https:\/\/feucht-obsttechnik.de\/it\/#website","url":"https:\/\/feucht-obsttechnik.de\/it\/","name":"Feucht Obsttechnik","description":"","publisher":{"@id":"https:\/\/feucht-obsttechnik.de\/it\/#organization"},"potentialAction":[{"@type":"SearchAction","target":{"@type":"EntryPoint","urlTemplate":"https:\/\/feucht-obsttechnik.de\/it\/?s={search_term_string}"},"query-input":{"@type":"PropertyValueSpecification","valueRequired":true,"valueName":"search_term_string"}}],"inLanguage":"it-IT"},{"@type":"Organization","@id":"https:\/\/feucht-obsttechnik.de\/it\/#organization","name":"Feucht Obsttechnik GmbH","url":"https:\/\/feucht-obsttechnik.de\/it\/","logo":{"@type":"ImageObject","inLanguage":"it-IT","@id":"https:\/\/feucht-obsttechnik.de\/it\/#\/schema\/logo\/image\/","url":"https:\/\/feucht-obsttechnik.de\/wp-content\/uploads\/logo-feucht@2x-1.png","contentUrl":"https:\/\/feucht-obsttechnik.de\/wp-content\/uploads\/logo-feucht@2x-1.png","width":640,"height":123,"caption":"Feucht Obsttechnik GmbH"},"image":{"@id":"https:\/\/feucht-obsttechnik.de\/it\/#\/schema\/logo\/image\/"}}]}},"_links":{"self":[{"href":"https:\/\/feucht-obsttechnik.de\/it\/wp-json\/wp\/v2\/pages\/12280","targetHints":{"allow":["GET"]}}],"collection":[{"href":"https:\/\/feucht-obsttechnik.de\/it\/wp-json\/wp\/v2\/pages"}],"about":[{"href":"https:\/\/feucht-obsttechnik.de\/it\/wp-json\/wp\/v2\/types\/page"}],"author":[{"embeddable":true,"href":"https:\/\/feucht-obsttechnik.de\/it\/wp-json\/wp\/v2\/users\/4"}],"replies":[{"embeddable":true,"href":"https:\/\/feucht-obsttechnik.de\/it\/wp-json\/wp\/v2\/comments?post=12280"}],"version-history":[{"count":0,"href":"https:\/\/feucht-obsttechnik.de\/it\/wp-json\/wp\/v2\/pages\/12280\/revisions"}],"wp:attachment":[{"href":"https:\/\/feucht-obsttechnik.de\/it\/wp-json\/wp\/v2\/media?parent=12280"}],"curies":[{"name":"wp","href":"https:\/\/api.w.org\/{rel}","templated":true}]}}