{"id":13285,"date":"2021-04-09T13:22:23","date_gmt":"2021-04-09T11:22:23","guid":{"rendered":"https:\/\/neu2020.feucht-obsttechnik.de\/lp-obstauflesemaschinen\/"},"modified":"2021-04-16T16:25:55","modified_gmt":"2021-04-16T14:25:55","slug":"lp-obstauflesemaschinen","status":"publish","type":"page","link":"https:\/\/feucht-obsttechnik.de\/fr\/lp-obstauflesemaschinen\/","title":{"rendered":"LP Obstauflesemaschinen"},"content":{"rendered":"<p><div class=\"fusion-bg-parallax\" data-bg-align=\"left center\" data-direction=\"up\" data-mute=\"false\" data-opacity=\"100\" data-velocity=\"-0.3\" data-mobile-enabled=\"false\" data-break_parents=\"0\" data-bg-image=\"https:\/\/feucht-obsttechnik.de\/wp-content\/uploads\/bg-header-obsterntetechnik.jpg\" data-bg-repeat=\"false\" ><\/div><div class=\"fusion-fullwidth fullwidth-box fusion-builder-row-1 fusion-parallax-up nonhundred-percent-fullwidth non-hundred-percent-height-scrolling\" style=\"--awb-background-position:left center;--awb-border-sizes-top:0px;--awb-border-sizes-bottom:0px;--awb-border-sizes-left:0px;--awb-border-sizes-right:0px;--awb-border-radius-top-left:0px;--awb-border-radius-top-right:0px;--awb-border-radius-bottom-right:0px;--awb-border-radius-bottom-left:0px;--awb-padding-top:130px;--awb-padding-bottom:120px;--awb-background-image:url(&quot;https:\/\/feucht-obsttechnik.de\/wp-content\/uploads\/bg-header-obsterntetechnik.jpg&quot;);--awb-background-size:cover;--awb-flex-wrap:wrap;\" ><div class=\"fusion-builder-row fusion-row\"><div class=\"fusion-layout-column fusion_builder_column fusion-builder-column-0 fusion_builder_column_1_2 1_2 fusion-one-half fusion-column-first\" style=\"--awb-bg-size:cover;width:48%; margin-right: 4%;\"><div class=\"fusion-column-wrapper fusion-flex-column-wrapper-legacy\"><div class=\"fusion-text fusion-text-1\"><h1><span style=\"color: #ffffff;\"> Machines de ramassage des fruits <\/span><\/h1>\n<p><span style=\"color: #ffffff;\">Gr\u00e2ce \u00e0 nos machines de ramassage des fruits, vous augmentez consid\u00e9rablement la productivit\u00e9 et la rentabilit\u00e9 lors de la saison de r\u00e9colte des fruits \u00e0 jus.<\/span><\/p>\n<\/div><div class=\"fusion-clearfix\"><\/div><\/div><\/div><div class=\"fusion-layout-column fusion_builder_column fusion-builder-column-1 fusion_builder_column_1_2 1_2 fusion-one-half fusion-column-last\" style=\"--awb-bg-size:cover;width:48%;\"><div class=\"fusion-column-wrapper fusion-flex-column-wrapper-legacy\"><div class=\"fusion-clearfix\"><\/div><\/div><\/div><\/div><\/div><div class=\"fusion-fullwidth fullwidth-box fusion-builder-row-2 nonhundred-percent-fullwidth non-hundred-percent-height-scrolling\" style=\"--awb-background-position:left top;--awb-border-sizes-top:0px;--awb-border-sizes-bottom:0px;--awb-border-sizes-left:0px;--awb-border-sizes-right:0px;--awb-border-radius-top-left:0px;--awb-border-radius-top-right:0px;--awb-border-radius-bottom-right:0px;--awb-border-radius-bottom-left:0px;--awb-padding-top:130px;--awb-padding-bottom:30px;--awb-flex-wrap:wrap;\" ><div class=\"fusion-builder-row fusion-row\"><div class=\"fusion-layout-column fusion_builder_column fusion-builder-column-2 fusion_builder_column_1_1 1_1 fusion-one-full fusion-column-first fusion-column-last\" style=\"--awb-bg-size:cover;\"><div class=\"fusion-column-wrapper fusion-column-has-shadow fusion-flex-column-wrapper-legacy\"><div class=\"fusion-text fusion-text-2\"><h2>Machines de ramassage des fruits de Feucht Obsttechnik<\/h2>\n<\/div><div class=\"fusion-text fusion-text-3\"><h3><span class=\"\">Obtenez des r\u00e9sultats de qualit\u00e9 en r\u00e9coltant des fruits et r\u00e9duisez les co\u00fbts de r\u00e9colte.<\/span><\/h3>\n<\/div><div class=\"fusion-clearfix\"><\/div><\/div><\/div><div class=\"fusion-layout-column fusion_builder_column fusion-builder-column-3 fusion_builder_column_1_2 1_2 fusion-one-half fusion-column-first\" style=\"--awb-bg-size:cover;width:48%; margin-right: 4%;\"><div class=\"fusion-column-wrapper fusion-flex-column-wrapper-legacy\"><div class=\"fusion-text fusion-text-4\"><p>Nos machines de ramassage des fruits conviennent au ramassage et au triage des pommes, des poires, des noix, et fruits similaires Des fruits au sol utilis\u00e9s dans l\u2019industrie fruiti\u00e8re, ainsi que sur des plantations, m\u00eame dans les conditions les plus extr\u00eames (humidit\u00e9, paillis, hautes herbes, feuilles). En fonction des conditions et de la densit\u00e9 des fruits, les machines autonomes de ramassage des fruits transportent entre 1 et 8 tonnes de fruits par heure dans les r\u00e9cipients de collecte.  <\/p>\n<p>Le principe du fonctionnement des machines de ramassage est extr\u00eamement simple : Un rouleau, \u00e9quip\u00e9 de lamelles en caoutchouc, ramasse les fruits au sol et les transporte dans le r\u00e9cipient de collecte via une trajectoire guid\u00e9e. Pendant son parcours, le fruit traverse un syst\u00e8me de nettoyage des plus sophistiqu\u00e9s, puis il est r\u00e9cup\u00e9r\u00e9 sans aucune salet\u00e9 qui soit. <\/p>\n<p>Nous sommes actifs dans le secteur des technologies de r\u00e9colte des fruits depuis des g\u00e9n\u00e9rations. Faciliter la r\u00e9colte des fruits avec des exigences des plus drastiques, en mati\u00e8re de propret\u00e9, et de fr\u00e9quence de ramassage pour les fruits r\u00e9colt\u00e9s est devenu l\u2019argument de vente de nos machines de ramassage et de triage des fruits.<\/p>\n<\/div><div class=\"fusion-clearfix\"><\/div><\/div><\/div><div class=\"fusion-layout-column fusion_builder_column fusion-builder-column-4 fusion_builder_column_1_2 1_2 fusion-one-half fusion-column-last\" style=\"--awb-bg-size:cover;width:48%;\"><div class=\"fusion-column-wrapper fusion-flex-column-wrapper-legacy\"><div class=\"fusion-image-element in-legacy-container\" style=\"--awb-caption-title-font-family:var(--h2_typography-font-family);--awb-caption-title-font-weight:var(--h2_typography-font-weight);--awb-caption-title-font-style:var(--h2_typography-font-style);--awb-caption-title-size:var(--h2_typography-font-size);--awb-caption-title-transform:var(--h2_typography-text-transform);--awb-caption-title-line-height:var(--h2_typography-line-height);--awb-caption-title-letter-spacing:var(--h2_typography-letter-spacing);\"><span class=\" fusion-imageframe imageframe-none imageframe-1 hover-type-zoomin fusion-animated\" data-animationType=\"fadeInDown\" data-animationDuration=\"1.0\" data-animationOffset=\"bottom-in-view\"><a href=\"https:\/\/feucht-obsttechnik.de\/wp-content\/uploads\/obstauflesemaschine-divider-ob-80r.jpg\" class=\"fusion-lightbox\" data-rel=\"iLightbox[Machines-de-ramassage-des-fruits]\" data-title=\"L\u2019OB 80 R est une machine de ramassage autonome\" title=\"L\u2019OB 80 R est une machine de ramassage autonome\"><img decoding=\"async\" width=\"1900\" height=\"1267\" src=\"https:\/\/feucht-obsttechnik.de\/wp-content\/uploads\/obstauflesemaschine-divider-ob-80r.jpg\" alt class=\"img-responsive wp-image-8282\" srcset=\"https:\/\/feucht-obsttechnik.de\/wp-content\/uploads\/obstauflesemaschine-divider-ob-80r-200x133.jpg 200w, https:\/\/feucht-obsttechnik.de\/wp-content\/uploads\/obstauflesemaschine-divider-ob-80r-400x267.jpg 400w, https:\/\/feucht-obsttechnik.de\/wp-content\/uploads\/obstauflesemaschine-divider-ob-80r-600x400.jpg 600w, https:\/\/feucht-obsttechnik.de\/wp-content\/uploads\/obstauflesemaschine-divider-ob-80r-800x533.jpg 800w, https:\/\/feucht-obsttechnik.de\/wp-content\/uploads\/obstauflesemaschine-divider-ob-80r-1200x800.jpg 1200w, https:\/\/feucht-obsttechnik.de\/wp-content\/uploads\/obstauflesemaschine-divider-ob-80r.jpg 1900w\" sizes=\"(max-width: 835px) 100vw, 600px\" \/><\/a><\/span><\/div><div class=\"fusion-clearfix\"><\/div><\/div><\/div><\/div><\/div><div class=\"fusion-fullwidth fullwidth-box fusion-builder-row-3 nonhundred-percent-fullwidth non-hundred-percent-height-scrolling\" style=\"--awb-background-position:left top;--awb-border-sizes-top:0px;--awb-border-sizes-bottom:0px;--awb-border-sizes-left:0px;--awb-border-sizes-right:0px;--awb-border-radius-top-left:0px;--awb-border-radius-top-right:0px;--awb-border-radius-bottom-right:0px;--awb-border-radius-bottom-left:0px;--awb-padding-top:1px;--awb-padding-bottom:0px;--awb-background-color:#cc0000;--awb-flex-wrap:wrap;\" ><div class=\"fusion-builder-row fusion-row\"><div class=\"fusion-layout-column fusion_builder_column fusion-builder-column-5 fusion_builder_column_1_1 1_1 fusion-one-full fusion-column-first fusion-column-last\" style=\"--awb-padding-top:50px;--awb-padding-bottom:50px;--awb-padding-left:0px;--awb-bg-size:cover;--awb-margin-bottom:0px;\"><div class=\"fusion-column-wrapper fusion-column-has-shadow fusion-flex-column-wrapper-legacy\"><div class=\"fusion-column-content-centered\"><div class=\"fusion-column-content\"><div class=\"fusion-text fusion-text-5\"><h2 style=\"text-align: center; margin-bottom: 0px;\"><span style=\"color: #ffffff;\">Machines pour ramassage des fruits de Feucht Obsttechnik<\/span><\/h2>\n<\/div><\/div><\/div><div class=\"fusion-clearfix\"><\/div><\/div><\/div><\/div><\/div><div class=\"fusion-fullwidth fullwidth-box fusion-builder-row-4 nonhundred-percent-fullwidth non-hundred-percent-height-scrolling\" style=\"--awb-border-radius-top-left:0px;--awb-border-radius-top-right:0px;--awb-border-radius-bottom-right:0px;--awb-border-radius-bottom-left:0px;--awb-padding-top:100px;--awb-padding-bottom:50px;--awb-background-color:#f2f2f2;--awb-flex-wrap:wrap;\" ><div class=\"fusion-builder-row fusion-row\"><div class=\"fusion-layout-column fusion_builder_column fusion-builder-column-6 fusion_builder_column_1_1 1_1 fusion-one-full fusion-column-first fusion-column-last\" style=\"--awb-bg-color:#ffffff;--awb-bg-color-hover:#ffffff;--awb-bg-size:cover;\"><div class=\"fusion-column-wrapper fusion-flex-column-wrapper-legacy\"><div class=\"fusion-text fusion-text-6\"><div style=\"padding: 25px;\">\n<h2>Nous vous offrons de nombreuses machines de ramassage des fruits adapt\u00e9es \u00e0 vos exigences :<\/h2>\n<\/div>\n<\/div>\n<div class=\"table-2\">\n<table width=\"100%\">\n<tbody>\n<tr>\n<td align=\"left\"><strong>Rollblitz<\/strong><br \/>\n<span class=\"table_description\">Machines de ramassage des fruits<\/span><\/td>\n<td align=\"left\">Le Rollblitz est un outil pour collecter des objets en forme de balle (fruits, fruits secs, balles, etc.).<\/td>\n<\/tr>\n<tr>\n<td align=\"left\"><strong>OB 40<\/strong><br \/>\n<span class=\"table_description\">Machine \u00e9lectrique de ramassage des fruits de 40 cm de largeur de travail<\/span><\/td>\n<td align=\"left\">L\u2019OB 40 \u00e9lectrique est une machines de ramassage \u00e0 moteur \u00e9lectrique et batterie. Permet de g\u00e9rer des petits vergers sans \u00e9missions et \u00e0 faible niveau sonore. <\/td>\n<\/tr>\n<tr>\n<td align=\"left\"><strong>OB 50 \/ OB 70<\/strong><br \/>\n<span class=\"table_description\">Machine de ramassage des fruits de 50 \/ 70 cm de largeur de travail<\/span><\/td>\n<td align=\"left\">Dans l\u2019ensemble, ce sont les plus petites et les moins on\u00e9reuses machines motoris\u00e9es pour ramasser des fruits, et elles se d\u00e9marquent par leur simplicit\u00e9 de manipulation et par l\u2019excellente qualit\u00e9 des fruits r\u00e9colt\u00e9s.<\/td>\n<\/tr>\n<tr>\n<td align=\"left\"><strong>OB 80 Hydro<\/strong><br \/>\n<span class=\"table_description\">Machine de ramassage des fruits de 80 cm de largeur de travail<\/span><\/td>\n<td align=\"left\">OB 80 Hydro Machines de ramassage des fruits L\u2019OB 80 hydro, qui est une machine de ramassage des fruits \u00e0 moteur, se distingue par sa commande hydraulique continue \u00e0 blocage diff\u00e9rentiel, par son dispositif de direction int\u00e9gr\u00e9 et adapt\u00e9 aux pentes de 45\u00b0.<\/td>\n<\/tr>\n<tr>\n<td align=\"left\"><strong>OB 70 R<\/strong><br \/>\n<span class=\"table_description\">Machine de ramassage des fruits de 70 cm de largeur de travail<\/span><\/td>\n<td align=\"left\">La machine de ramassage des fruits \u00e0 moteur OB 70 R se distingue par son confort et sa facilit\u00e9 \u00e0 \u00eatre man\u0153uvr\u00e9e. C\u2019est la plus petite de nos machines de ramassage, avec tr\u00e9mie pour vider les fruits en hauteur. <\/td>\n<\/tr>\n<tr>\n<td align=\"left\"><strong>OB 80 R<\/strong><br \/>\n<span class=\"table_description\">Machine de ramassage des fruits de 80 cm de largeur de travail<\/span><\/td>\n<td align=\"left\">L\u2019OB 80 R, qui est une machine autonome de ramassage des fruits autoport\u00e9e, offre un confort maximal gr\u00e2ce \u00e0 sa conduite hydraulique int\u00e9grale et particuli\u00e8rement souple. Elle se distingue par un nettoyage \u00e0 7 \u00e9tapes.<\/td>\n<\/tr>\n<tr>\n<td align=\"left\"><strong>OB 100 A<\/strong><br \/>\n<span class=\"table_description\">Machine de ramassage des fruits de 100 cm de largeur de travail<\/span><\/td>\n<td align=\"left\">L\u2019OB 100 A, qui est une machine autonome de ramassage des fruits autoport\u00e9e, se distingue par ses trois motrices pour ramasser des fruits m\u00eame sur les pentes les plus extr\u00eames et par son nettoyage \u00e0 7 \u00e9tapes. L\u2019OB 100 A est une machine \u00e0 tr\u00e9mie adapt\u00e9e pour les sites \u00e0 tronc \u00e9lev\u00e9 et est disponible comme machine \u00e0 grande caisse, pour les plantations de fruits de table. <\/td>\n<\/tr>\n<tr>\n<td align=\"left\"><strong>OB 80 R \/ OB 100 A grande caisse \/ Chariot \u00e0 grande caisse<\/strong><br \/>\n<span class=\"table_description\">Machine de ramassage des fruits <\/span><\/td>\n<td align=\"left\">La machine de ramassage des fruits OB 80 R ou OB 100 A permet de ramasser et trier des fruits dans de grandes caisses sp\u00e9ciales. R\u00e9colter des fruits \u00e0 l\u2019aide de grande caisse s\u2019av\u00e8re tr\u00e8s rentable, car on peut r\u00e9colter et trier une grande quantit\u00e9 de fruits, sans avoir \u00e0 quitter le syst\u00e8me pour le vider. <\/td>\n<\/tr>\n<\/tbody>\n<\/table>\n<\/div>\n<div class=\"fusion-clearfix\"><\/div><\/div><\/div><div class=\"fusion-layout-column fusion_builder_column fusion-builder-column-7 fusion_builder_column_1_1 1_1 fusion-one-full fusion-column-first fusion-column-last\" style=\"--awb-bg-size:cover;--awb-margin-bottom:0px;\"><div class=\"fusion-column-wrapper fusion-column-has-shadow fusion-flex-column-wrapper-legacy\"><div class=\"fusion-column-content-centered\"><div class=\"fusion-column-content\"><div class=\"fusion-button-wrapper\"><a class=\"fusion-button button-flat fusion-button-default-size button-custom fusion-button-default button-1 fusion-button-default-span fusion-button-default-type\" style=\"--button_accent_color:#ffffff;--button_border_color:#ffffff;--button_accent_hover_color:#ffffff;--button_border_hover_color:#ffffff;--button_gradient_top_color:#cc0000;--button_gradient_bottom_color:#cc0000;--button_gradient_top_color_hover:#ef0000;--button_gradient_bottom_color_hover:#ef0000;\" target=\"_self\" title=\"PLUS SUR LES MACHINES DE RAMASSAGE DES FRUITS\" aria-label=\"PLUS SUR LES MACHINES DE RAMASSAGE DES FRUITS\" href=\"https:\/\/feucht-obsttechnik.de\/fr\/technologie-de-recolte-des-fruits\/machines-de-ramassage-des-fruits\/\"><span class=\"fusion-button-text awb-button__text awb-button__text--default\">POUR EN SAVOIR PLUS SUR LES MACHINES DE RAMASSAGE DES FRUITS<\/span><\/a><\/div><\/div><\/div><div class=\"fusion-clearfix\"><\/div><\/div><\/div><\/div><\/div><div class=\"fusion-fullwidth fullwidth-box fusion-builder-row-5 nonhundred-percent-fullwidth non-hundred-percent-height-scrolling fusion-equal-height-columns fusion-no-small-visibility schlagwoerter\" style=\"--awb-background-position:center top;--awb-border-sizes-top:0px;--awb-border-sizes-bottom:0px;--awb-border-sizes-left:0px;--awb-border-sizes-right:0px;--awb-border-radius-top-left:0px;--awb-border-radius-top-right:0px;--awb-border-radius-bottom-right:0px;--awb-border-radius-bottom-left:0px;--awb-padding-top:0px;--awb-padding-right:15%;--awb-padding-bottom:0px;--awb-padding-left:15%;--awb-background-color:#a0ce4e;--awb-flex-wrap:wrap;\" ><div class=\"fusion-builder-row fusion-row\"><div class=\"fusion-layout-column fusion_builder_column fusion-builder-column-8 fusion_builder_column_1_5 1_5 fusion-one-fifth fusion-column-first\" style=\"--awb-padding-top:10px;--awb-padding-bottom:10px;--awb-bg-size:cover;--awb-margin-top:10px;--awb-margin-bottom:0px;width:20%;width:calc(20% - ( ( 4% ) * 0.2 ) );margin-right: 4%;\"><div class=\"fusion-column-wrapper fusion-column-has-shadow fusion-flex-column-wrapper-legacy\"><div class=\"fusion-column-content-centered\"><div class=\"fusion-column-content\"><div class=\"fusion-title title fusion-title-1 fusion-sep-none fusion-title-text fusion-title-size-two\" style=\"--awb-text-color:#ffffff;--awb-margin-bottom:0px;--awb-margin-right-small:0px;--awb-margin-bottom-small:0px;--awb-margin-left-small:0px;\"><h2 class=\"fusion-title-heading title-heading-left fusion-responsive-typography-calculated\" style=\"margin:0;--fontSize:26;--minFontSize:26;line-height:1.25;\">Mots-cl\u00e9s:<\/h2><\/div><\/div><\/div><div class=\"fusion-clearfix\"><\/div><\/div><\/div><div class=\"fusion-layout-column fusion_builder_column fusion-builder-column-9 fusion_builder_column_4_5 4_5 fusion-four-fifth fusion-column-last fusion-column-no-min-height\" style=\"--awb-padding-top:10px;--awb-padding-bottom:10px;--awb-bg-size:cover;--awb-margin-top:20px;--awb-margin-bottom:0px;width:80%;width:calc(80% - ( ( 4% ) * 0.8 ) );\"><div class=\"fusion-column-wrapper fusion-column-has-shadow fusion-flex-column-wrapper-legacy\"><div class=\"fusion-text fusion-text-7\"><p><span style=\"color: #ffffff;\"><a href=\"https:\/\/feucht-obsttechnik.de\/fr\/technologie-de-recolte-des-fruits\/machines-de-ramassage-des-fruits\/\">Machines pour r\u00e9colter des pommes<\/a>, <a href=\"https:\/\/feucht-obsttechnik.de\/fr\/technologie-de-recolte-des-fruits\/machines-de-ramassage-des-fruits\/\">Machines de ramassage des fruits<\/a>, <a href=\"https:\/\/feucht-obsttechnik.de\/fr\/technologie-de-recolte-des-fruits\/machines-de-ramassage-des-fruits\/\">Machines de collecte des fruits<\/a>, <a href=\"https:\/\/feucht-obsttechnik.de\/fr\/technologie-de-recolte-des-fruits\/\">Technologie de r\u00e9colte des fruits<\/a>, <a href=\"https:\/\/feucht-obsttechnik.de\/fr\/technologie-de-recolte-des-fruits\/\">Appareils de r\u00e9colte des fruits,<\/a>, <a href=\"https:\/\/feucht-obsttechnik.de\/fr\/technologie-de-recolte-des-fruits\/agitateurs\/agitateur-vibreur-hydraulique-de-troncs\/\">Vibreurs de troncs<\/a>, <a href=\"https:\/\/feucht-obsttechnik.de\/fr\/technologie-de-recolte-des-fruits\/agitateurs\/vibreur-de-fruits-os\/\">Vibreurs \u00e0 c\u00e2ble<\/a><\/span><\/p>\n<\/div><div class=\"fusion-clearfix\"><\/div><\/div><\/div><\/div><\/div><\/p>\n","protected":false},"excerpt":{"rendered":"","protected":false},"author":4,"featured_media":0,"parent":0,"menu_order":0,"comment_status":"closed","ping_status":"closed","template":"100-width.php","meta":{"footnotes":"","_wp_rev_ctl_limit":""},"class_list":["post-13285","page","type-page","status-publish","hentry"],"yoast_head":"<!-- This site is optimized with the Yoast SEO plugin v27.2 - https:\/\/yoast.com\/product\/yoast-seo-wordpress\/ -->\n<title>Machines de ramassage des fruits - Feucht Obsttechnik<\/title>\n<meta name=\"description\" content=\"Les machines de ramassage des fruits de Feucht Obsttechnik augmentent la productivit\u00e9 et la rentabilit\u00e9 et sont amorties relativement vite. En savoir plus d\u00e8s \u00e0 pr\u00e9sent !\" \/>\n<meta name=\"robots\" content=\"index, follow, max-snippet:-1, max-image-preview:large, max-video-preview:-1\" \/>\n<link rel=\"canonical\" href=\"https:\/\/feucht-obsttechnik.de\/fr\/lp-obstauflesemaschinen\/\" \/>\n<meta property=\"og:locale\" content=\"fr_FR\" \/>\n<meta property=\"og:type\" content=\"article\" \/>\n<meta property=\"og:title\" content=\"Machines de ramassage des fruits - Feucht Obsttechnik\" \/>\n<meta property=\"og:description\" content=\"Les machines de ramassage des fruits de Feucht Obsttechnik augmentent la productivit\u00e9 et la rentabilit\u00e9 et sont amorties relativement vite. En savoir plus d\u00e8s \u00e0 pr\u00e9sent !\" \/>\n<meta property=\"og:url\" content=\"https:\/\/feucht-obsttechnik.de\/fr\/lp-obstauflesemaschinen\/\" \/>\n<meta property=\"og:site_name\" content=\"Feucht Obsttechnik\" \/>\n<meta property=\"article:modified_time\" content=\"2021-04-16T14:25:55+00:00\" \/>\n<meta name=\"twitter:card\" content=\"summary_large_image\" \/>\n<meta name=\"twitter:label1\" content=\"Dur\u00e9e de lecture estim\u00e9e\" \/>\n\t<meta name=\"twitter:data1\" content=\"14 minutes\" \/>\n<script type=\"application\/ld+json\" class=\"yoast-schema-graph\">{\"@context\":\"https:\/\/schema.org\",\"@graph\":[{\"@type\":\"WebPage\",\"@id\":\"https:\/\/feucht-obsttechnik.de\/fr\/lp-obstauflesemaschinen\/\",\"url\":\"https:\/\/feucht-obsttechnik.de\/fr\/lp-obstauflesemaschinen\/\",\"name\":\"Machines de ramassage des fruits - Feucht Obsttechnik\",\"isPartOf\":{\"@id\":\"https:\/\/feucht-obsttechnik.de\/fr\/#website\"},\"datePublished\":\"2021-04-09T11:22:23+00:00\",\"dateModified\":\"2021-04-16T14:25:55+00:00\",\"description\":\"Les machines de ramassage des fruits de Feucht Obsttechnik augmentent la productivit\u00e9 et la rentabilit\u00e9 et sont amorties relativement vite. En savoir plus d\u00e8s \u00e0 pr\u00e9sent !\",\"breadcrumb\":{\"@id\":\"https:\/\/feucht-obsttechnik.de\/fr\/lp-obstauflesemaschinen\/#breadcrumb\"},\"inLanguage\":\"fr-FR\",\"potentialAction\":[{\"@type\":\"ReadAction\",\"target\":[\"https:\/\/feucht-obsttechnik.de\/fr\/lp-obstauflesemaschinen\/\"]}]},{\"@type\":\"BreadcrumbList\",\"@id\":\"https:\/\/feucht-obsttechnik.de\/fr\/lp-obstauflesemaschinen\/#breadcrumb\",\"itemListElement\":[{\"@type\":\"ListItem\",\"position\":1,\"name\":\"Startseite\",\"item\":\"https:\/\/feucht-obsttechnik.de\/fr\/\"},{\"@type\":\"ListItem\",\"position\":2,\"name\":\"LP Obstauflesemaschinen\"}]},{\"@type\":\"WebSite\",\"@id\":\"https:\/\/feucht-obsttechnik.de\/fr\/#website\",\"url\":\"https:\/\/feucht-obsttechnik.de\/fr\/\",\"name\":\"Feucht Obsttechnik\",\"description\":\"\",\"publisher\":{\"@id\":\"https:\/\/feucht-obsttechnik.de\/fr\/#organization\"},\"potentialAction\":[{\"@type\":\"SearchAction\",\"target\":{\"@type\":\"EntryPoint\",\"urlTemplate\":\"https:\/\/feucht-obsttechnik.de\/fr\/?s={search_term_string}\"},\"query-input\":{\"@type\":\"PropertyValueSpecification\",\"valueRequired\":true,\"valueName\":\"search_term_string\"}}],\"inLanguage\":\"fr-FR\"},{\"@type\":\"Organization\",\"@id\":\"https:\/\/feucht-obsttechnik.de\/fr\/#organization\",\"name\":\"Feucht Obsttechnik GmbH\",\"url\":\"https:\/\/feucht-obsttechnik.de\/fr\/\",\"logo\":{\"@type\":\"ImageObject\",\"inLanguage\":\"fr-FR\",\"@id\":\"https:\/\/feucht-obsttechnik.de\/fr\/#\/schema\/logo\/image\/\",\"url\":\"https:\/\/feucht-obsttechnik.de\/wp-content\/uploads\/logo-feucht@2x-1.png\",\"contentUrl\":\"https:\/\/feucht-obsttechnik.de\/wp-content\/uploads\/logo-feucht@2x-1.png\",\"width\":640,\"height\":123,\"caption\":\"Feucht Obsttechnik GmbH\"},\"image\":{\"@id\":\"https:\/\/feucht-obsttechnik.de\/fr\/#\/schema\/logo\/image\/\"}}]}<\/script>\n<!-- \/ Yoast SEO plugin. -->","yoast_head_json":{"title":"Machines de ramassage des fruits - Feucht Obsttechnik","description":"Les machines de ramassage des fruits de Feucht Obsttechnik augmentent la productivit\u00e9 et la rentabilit\u00e9 et sont amorties relativement vite. En savoir plus d\u00e8s \u00e0 pr\u00e9sent !","robots":{"index":"index","follow":"follow","max-snippet":"max-snippet:-1","max-image-preview":"max-image-preview:large","max-video-preview":"max-video-preview:-1"},"canonical":"https:\/\/feucht-obsttechnik.de\/fr\/lp-obstauflesemaschinen\/","og_locale":"fr_FR","og_type":"article","og_title":"Machines de ramassage des fruits - Feucht Obsttechnik","og_description":"Les machines de ramassage des fruits de Feucht Obsttechnik augmentent la productivit\u00e9 et la rentabilit\u00e9 et sont amorties relativement vite. En savoir plus d\u00e8s \u00e0 pr\u00e9sent !","og_url":"https:\/\/feucht-obsttechnik.de\/fr\/lp-obstauflesemaschinen\/","og_site_name":"Feucht Obsttechnik","article_modified_time":"2021-04-16T14:25:55+00:00","twitter_card":"summary_large_image","twitter_misc":{"Dur\u00e9e de lecture estim\u00e9e":"14 minutes"},"schema":{"@context":"https:\/\/schema.org","@graph":[{"@type":"WebPage","@id":"https:\/\/feucht-obsttechnik.de\/fr\/lp-obstauflesemaschinen\/","url":"https:\/\/feucht-obsttechnik.de\/fr\/lp-obstauflesemaschinen\/","name":"Machines de ramassage des fruits - Feucht Obsttechnik","isPartOf":{"@id":"https:\/\/feucht-obsttechnik.de\/fr\/#website"},"datePublished":"2021-04-09T11:22:23+00:00","dateModified":"2021-04-16T14:25:55+00:00","description":"Les machines de ramassage des fruits de Feucht Obsttechnik augmentent la productivit\u00e9 et la rentabilit\u00e9 et sont amorties relativement vite. En savoir plus d\u00e8s \u00e0 pr\u00e9sent !","breadcrumb":{"@id":"https:\/\/feucht-obsttechnik.de\/fr\/lp-obstauflesemaschinen\/#breadcrumb"},"inLanguage":"fr-FR","potentialAction":[{"@type":"ReadAction","target":["https:\/\/feucht-obsttechnik.de\/fr\/lp-obstauflesemaschinen\/"]}]},{"@type":"BreadcrumbList","@id":"https:\/\/feucht-obsttechnik.de\/fr\/lp-obstauflesemaschinen\/#breadcrumb","itemListElement":[{"@type":"ListItem","position":1,"name":"Startseite","item":"https:\/\/feucht-obsttechnik.de\/fr\/"},{"@type":"ListItem","position":2,"name":"LP Obstauflesemaschinen"}]},{"@type":"WebSite","@id":"https:\/\/feucht-obsttechnik.de\/fr\/#website","url":"https:\/\/feucht-obsttechnik.de\/fr\/","name":"Feucht Obsttechnik","description":"","publisher":{"@id":"https:\/\/feucht-obsttechnik.de\/fr\/#organization"},"potentialAction":[{"@type":"SearchAction","target":{"@type":"EntryPoint","urlTemplate":"https:\/\/feucht-obsttechnik.de\/fr\/?s={search_term_string}"},"query-input":{"@type":"PropertyValueSpecification","valueRequired":true,"valueName":"search_term_string"}}],"inLanguage":"fr-FR"},{"@type":"Organization","@id":"https:\/\/feucht-obsttechnik.de\/fr\/#organization","name":"Feucht Obsttechnik GmbH","url":"https:\/\/feucht-obsttechnik.de\/fr\/","logo":{"@type":"ImageObject","inLanguage":"fr-FR","@id":"https:\/\/feucht-obsttechnik.de\/fr\/#\/schema\/logo\/image\/","url":"https:\/\/feucht-obsttechnik.de\/wp-content\/uploads\/logo-feucht@2x-1.png","contentUrl":"https:\/\/feucht-obsttechnik.de\/wp-content\/uploads\/logo-feucht@2x-1.png","width":640,"height":123,"caption":"Feucht Obsttechnik GmbH"},"image":{"@id":"https:\/\/feucht-obsttechnik.de\/fr\/#\/schema\/logo\/image\/"}}]}},"_links":{"self":[{"href":"https:\/\/feucht-obsttechnik.de\/fr\/wp-json\/wp\/v2\/pages\/13285","targetHints":{"allow":["GET"]}}],"collection":[{"href":"https:\/\/feucht-obsttechnik.de\/fr\/wp-json\/wp\/v2\/pages"}],"about":[{"href":"https:\/\/feucht-obsttechnik.de\/fr\/wp-json\/wp\/v2\/types\/page"}],"author":[{"embeddable":true,"href":"https:\/\/feucht-obsttechnik.de\/fr\/wp-json\/wp\/v2\/users\/4"}],"replies":[{"embeddable":true,"href":"https:\/\/feucht-obsttechnik.de\/fr\/wp-json\/wp\/v2\/comments?post=13285"}],"version-history":[{"count":0,"href":"https:\/\/feucht-obsttechnik.de\/fr\/wp-json\/wp\/v2\/pages\/13285\/revisions"}],"wp:attachment":[{"href":"https:\/\/feucht-obsttechnik.de\/fr\/wp-json\/wp\/v2\/media?parent=13285"}],"curies":[{"name":"wp","href":"https:\/\/api.w.org\/{rel}","templated":true}]}}