{"id":13268,"date":"2021-04-09T12:56:44","date_gmt":"2021-04-09T10:56:44","guid":{"rendered":"https:\/\/neu2020.feucht-obsttechnik.de\/lp-hochgrasmaehtechnik\/"},"modified":"2021-04-16T16:25:01","modified_gmt":"2021-04-16T14:25:01","slug":"lp-hochgrasmaehtechnik","status":"publish","type":"page","link":"https:\/\/feucht-obsttechnik.de\/fr\/lp-hochgrasmaehtechnik\/","title":{"rendered":"LP Hochgrasm\u00e4htechnik"},"content":{"rendered":"<p><div class=\"fusion-bg-parallax\" data-bg-align=\"center center\" data-direction=\"up\" data-mute=\"false\" data-opacity=\"100\" data-velocity=\"-0.3\" data-mobile-enabled=\"false\" data-break_parents=\"0\" data-bg-image=\"https:\/\/feucht-obsttechnik.de\/wp-content\/uploads\/bg-header-hochgrasm\u00e4htechnik-1.jpg\" data-bg-repeat=\"false\" ><\/div><div class=\"fusion-fullwidth fullwidth-box fusion-builder-row-1 fusion-parallax-up nonhundred-percent-fullwidth non-hundred-percent-height-scrolling\" style=\"--awb-border-sizes-top:0px;--awb-border-sizes-bottom:0px;--awb-border-sizes-left:0px;--awb-border-sizes-right:0px;--awb-border-radius-top-left:0px;--awb-border-radius-top-right:0px;--awb-border-radius-bottom-right:0px;--awb-border-radius-bottom-left:0px;--awb-padding-top:130px;--awb-padding-bottom:120px;--awb-background-image:url(&quot;https:\/\/feucht-obsttechnik.de\/wp-content\/uploads\/bg-header-hochgrasm\u00e4htechnik-1.jpg&quot;);--awb-background-size:cover;--awb-flex-wrap:wrap;\" ><div class=\"fusion-builder-row fusion-row\"><div class=\"fusion-layout-column fusion_builder_column fusion-builder-column-0 fusion_builder_column_1_2 1_2 fusion-one-half fusion-column-first\" style=\"--awb-bg-size:cover;width:48%; margin-right: 4%;\"><div class=\"fusion-column-wrapper fusion-flex-column-wrapper-legacy\"><div class=\"fusion-text fusion-text-1\"><h1><span style=\"color: #ffffff\">Technologie de coupe des hautes herbes<\/span><\/h1>\n<p><span style=\"color: #ffffff\">Notre technologie de coupe des hautes herbes permet de tondre de l\u2019herbe de plus de 100 cm de haut et pr\u00e9sente un broyage et une r\u00e9partition optimaux des r\u00e9sidus fauch\u00e9s.<\/span><\/p>\n<\/div><div class=\"fusion-clearfix\"><\/div><\/div><\/div><div class=\"fusion-layout-column fusion_builder_column fusion-builder-column-1 fusion_builder_column_1_2 1_2 fusion-one-half fusion-column-last\" style=\"--awb-bg-size:cover;width:48%;\"><div class=\"fusion-column-wrapper fusion-flex-column-wrapper-legacy\"><div class=\"fusion-clearfix\"><\/div><\/div><\/div><\/div><\/div><div class=\"fusion-fullwidth fullwidth-box fusion-builder-row-2 nonhundred-percent-fullwidth non-hundred-percent-height-scrolling\" style=\"--awb-background-position:left top;--awb-border-sizes-top:0px;--awb-border-sizes-bottom:0px;--awb-border-sizes-left:0px;--awb-border-sizes-right:0px;--awb-border-radius-top-left:0px;--awb-border-radius-top-right:0px;--awb-border-radius-bottom-right:0px;--awb-border-radius-bottom-left:0px;--awb-padding-top:130px;--awb-padding-bottom:30px;--awb-flex-wrap:wrap;\" ><div class=\"fusion-builder-row fusion-row\"><div class=\"fusion-layout-column fusion_builder_column fusion-builder-column-2 fusion_builder_column_1_1 1_1 fusion-one-full fusion-column-first fusion-column-last\" style=\"--awb-bg-size:cover;\"><div class=\"fusion-column-wrapper fusion-column-has-shadow fusion-flex-column-wrapper-legacy\"><div class=\"fusion-text fusion-text-2\"><h2>Technologie de fauchage des hautes herbes de Feucht Obsttechnik<\/h2>\n<\/div><div class=\"fusion-text fusion-text-3\"><h3><span class=\"\">Nos tondeuses autoport\u00e9es se distinguent par leur faible besoin en puissance, par leur vitesse de coupe \u00e9lev\u00e9e, par un meilleur cycle de coupe, et par leur exceptionnelle r\u00e9partition de coupe.<\/span><\/h3>\n<\/div><div class=\"fusion-clearfix\"><\/div><\/div><\/div><div class=\"fusion-layout-column fusion_builder_column fusion-builder-column-3 fusion_builder_column_1_2 1_2 fusion-one-half fusion-column-first\" style=\"--awb-bg-size:cover;width:48%; margin-right: 4%;\"><div class=\"fusion-column-wrapper fusion-flex-column-wrapper-legacy\"><div class=\"fusion-text fusion-text-4\"><p>Profitez des avantages de notre technologie de coupe d\u2019herbe haute de John Deere : La coupe (fauchage des hautes herbes avec John Deere) des arbres devient possible \u00e0 gauche ou \u00e0 droite gr\u00e2ce \u00e0 l\u2019\u00e9vacuation arri\u00e8re. Il n\u2019y a plus aucun probl\u00e8me avec les \u00e9clats de cailloux, car l\u2019\u00e9vacuation se fait \u00e0 l\u2019arri\u00e8re. Gr\u00e2ce \u00e0 notre technologie de coupe des hautes herbes pour John Deere, la qualit\u00e9 de coupe et le fauchage deviennent propres, aussi bien avec des hautes herbes qu\u2019avec des herbes courtes ; le carter de coupe ne peut pas \u00eatre obstru\u00e9 car il est imperm\u00e9able \u00e0 la pluie ou \u00e0 l\u2019humidit\u00e9. Avec notre technologie de coupe des hautes herbes, des vitesses de coupe m\u00eame extr\u00eames sont disponibles(jusqu\u2019\u00e0 7 \u00e0 8 km pour le X300 \u2013 540 et 10 \u00e0 12 km pour le X700), avec une longueur de paillis situ\u00e9e entre 3 et 5 cm. Par exemple, le fauchage des hautes herbes de John Dereer est disponible pour les jardins fruitiers, les pr\u00e9s, les gazons \u00e0 usage intensif, les fermes \u00e0 sapins de No\u00ebl, les vignobles, ou champs d\u2019herbe.   <\/p>\n<p>Notre technologie de coupe permet le paillage (fauchage des hautes herbes avec John Deere) des herbes extr\u00eamement hautes par les \u00ab doubles lames pour paillis \u00bb sp\u00e9cialement d\u00e9velopp\u00e9es pour les tondeuses Feucht. Le broyage et la r\u00e9partition optimales acc\u00e9l\u00e8re la d\u00e9composition en humus des r\u00e9sidus fauch\u00e9s. <\/p>\n<p>Nous travaillons dans le secteur des technologies de r\u00e9colte des fruits depuis des g\u00e9n\u00e9rations. Faciliter la r\u00e9colte des fruits avec des exigences des plus drastiques, en mati\u00e8re de propret\u00e9, et de fr\u00e9quence de ramassage pour les fruits r\u00e9colt\u00e9s est devenu l\u2019argument de vente de notre \u00e9quipement de r\u00e9colte des fruits. Gr\u00e2ce au d\u00e9veloppement continu de produits novateurs, nous nous sommes implant\u00e9s en tant que num\u00e9ro 1 du march\u00e9 europ\u00e9en des technologies de r\u00e9colte des fruits.<\/p>\n<\/div><div class=\"fusion-clearfix\"><\/div><\/div><\/div><div class=\"fusion-layout-column fusion_builder_column fusion-builder-column-4 fusion_builder_column_1_2 1_2 fusion-one-half fusion-column-last\" style=\"--awb-bg-size:cover;width:48%;\"><div class=\"fusion-column-wrapper fusion-flex-column-wrapper-legacy\"><div class=\"fusion-image-element in-legacy-container\" style=\"--awb-caption-title-font-family:var(--h2_typography-font-family);--awb-caption-title-font-weight:var(--h2_typography-font-weight);--awb-caption-title-font-style:var(--h2_typography-font-style);--awb-caption-title-size:var(--h2_typography-font-size);--awb-caption-title-transform:var(--h2_typography-text-transform);--awb-caption-title-line-height:var(--h2_typography-line-height);--awb-caption-title-letter-spacing:var(--h2_typography-letter-spacing);\"><span class=\" fusion-imageframe imageframe-none imageframe-1 hover-type-zoomin fusion-animated\" data-animationType=\"fadeInDown\" data-animationDuration=\"1.0\" data-animationOffset=\"bottom-in-view\"><a href=\"https:\/\/feucht-obsttechnik.de\/wp-content\/uploads\/hochgrasm\u00e4htechnik-frontm\u00e4hwerk-1.jpg\" class=\"fusion-lightbox\" data-rel=\"iLightbox[Technologie-de-coupe-des-hautes-herbes]\" data-title=\"Technologie de tonte de l&rsquo;herbe haute montage frontal &#8211; Unit\u00e9 de tonte frontale\" title=\"Technologie de tonte de l&rsquo;herbe haute montage frontal &#8211; Unit\u00e9 de tonte frontale\"><img decoding=\"async\" width=\"1600\" height=\"1200\" src=\"https:\/\/feucht-obsttechnik.de\/wp-content\/uploads\/hochgrasm\u00e4htechnik-frontm\u00e4hwerk-1.jpg\" alt class=\"img-responsive wp-image-8130\" srcset=\"https:\/\/feucht-obsttechnik.de\/wp-content\/uploads\/hochgrasm\u00e4htechnik-frontm\u00e4hwerk-1-200x150.jpg 200w, https:\/\/feucht-obsttechnik.de\/wp-content\/uploads\/hochgrasm\u00e4htechnik-frontm\u00e4hwerk-1-400x300.jpg 400w, https:\/\/feucht-obsttechnik.de\/wp-content\/uploads\/hochgrasm\u00e4htechnik-frontm\u00e4hwerk-1-600x450.jpg 600w, https:\/\/feucht-obsttechnik.de\/wp-content\/uploads\/hochgrasm\u00e4htechnik-frontm\u00e4hwerk-1-800x600.jpg 800w, https:\/\/feucht-obsttechnik.de\/wp-content\/uploads\/hochgrasm\u00e4htechnik-frontm\u00e4hwerk-1-1200x900.jpg 1200w, https:\/\/feucht-obsttechnik.de\/wp-content\/uploads\/hochgrasm\u00e4htechnik-frontm\u00e4hwerk-1.jpg 1600w\" sizes=\"(max-width: 835px) 100vw, 600px\" \/><\/a><\/span><\/div><div class=\"fusion-sep-clear\"><\/div><div class=\"fusion-separator fusion-full-width-sep\" style=\"margin-left: auto;margin-right: auto;margin-bottom:30px;width:100%;\"><\/div><div class=\"fusion-sep-clear\"><\/div><div class=\"fusion-image-element in-legacy-container\" style=\"--awb-caption-title-font-family:var(--h2_typography-font-family);--awb-caption-title-font-weight:var(--h2_typography-font-weight);--awb-caption-title-font-style:var(--h2_typography-font-style);--awb-caption-title-size:var(--h2_typography-font-size);--awb-caption-title-transform:var(--h2_typography-text-transform);--awb-caption-title-line-height:var(--h2_typography-line-height);--awb-caption-title-letter-spacing:var(--h2_typography-letter-spacing);\"><span class=\" fusion-imageframe imageframe-none imageframe-2 hover-type-zoomin fusion-animated\" data-animationType=\"fadeInDown\" data-animationDuration=\"1.0\" data-animationOffset=\"bottom-in-view\"><a href=\"https:\/\/feucht-obsttechnik.de\/wp-content\/uploads\/hochgrasm\u00e4htechnik-john-deere-1.jpg\" class=\"fusion-lightbox\" data-rel=\"iLightbox[Technologie-de-coupe-des-hautes-herbes]\" data-title=\"Fauchage des hautes herbes John Deere\" title=\"Fauchage des hautes herbes John Deere\"><img decoding=\"async\" width=\"1600\" height=\"1200\" src=\"https:\/\/feucht-obsttechnik.de\/wp-content\/uploads\/hochgrasm\u00e4htechnik-john-deere-1.jpg\" alt class=\"img-responsive wp-image-8113\" srcset=\"https:\/\/feucht-obsttechnik.de\/wp-content\/uploads\/hochgrasm\u00e4htechnik-john-deere-1-200x150.jpg 200w, https:\/\/feucht-obsttechnik.de\/wp-content\/uploads\/hochgrasm\u00e4htechnik-john-deere-1-400x300.jpg 400w, https:\/\/feucht-obsttechnik.de\/wp-content\/uploads\/hochgrasm\u00e4htechnik-john-deere-1-600x450.jpg 600w, https:\/\/feucht-obsttechnik.de\/wp-content\/uploads\/hochgrasm\u00e4htechnik-john-deere-1-800x600.jpg 800w, https:\/\/feucht-obsttechnik.de\/wp-content\/uploads\/hochgrasm\u00e4htechnik-john-deere-1-1200x900.jpg 1200w, https:\/\/feucht-obsttechnik.de\/wp-content\/uploads\/hochgrasm\u00e4htechnik-john-deere-1.jpg 1600w\" sizes=\"(max-width: 835px) 100vw, 600px\" \/><\/a><\/span><\/div><div class=\"fusion-clearfix\"><\/div><\/div><\/div><\/div><\/div><div class=\"fusion-fullwidth fullwidth-box fusion-builder-row-3 nonhundred-percent-fullwidth non-hundred-percent-height-scrolling\" style=\"--awb-background-position:left top;--awb-border-sizes-top:0px;--awb-border-sizes-bottom:0px;--awb-border-sizes-left:0px;--awb-border-sizes-right:0px;--awb-border-radius-top-left:0px;--awb-border-radius-top-right:0px;--awb-border-radius-bottom-right:0px;--awb-border-radius-bottom-left:0px;--awb-padding-top:1px;--awb-padding-bottom:0px;--awb-background-color:#cc0000;--awb-flex-wrap:wrap;\" ><div class=\"fusion-builder-row fusion-row\"><div class=\"fusion-layout-column fusion_builder_column fusion-builder-column-5 fusion_builder_column_1_1 1_1 fusion-one-full fusion-column-first fusion-column-last\" style=\"--awb-padding-top:50px;--awb-padding-bottom:50px;--awb-padding-left:0px;--awb-bg-size:cover;--awb-margin-bottom:0px;\"><div class=\"fusion-column-wrapper fusion-column-has-shadow fusion-flex-column-wrapper-legacy\"><div class=\"fusion-column-content-centered\"><div class=\"fusion-column-content\"><div class=\"fusion-text fusion-text-5\"><h2 style=\"text-align: center;margin-bottom: 0px\"><span style=\"color: #ffffff\"> Technologie de coupe des hautes herbes de Feucht Obsttechnik<\/span><\/h2>\n<\/div><\/div><\/div><div class=\"fusion-clearfix\"><\/div><\/div><\/div><\/div><\/div><div class=\"fusion-fullwidth fullwidth-box fusion-builder-row-4 nonhundred-percent-fullwidth non-hundred-percent-height-scrolling\" style=\"--awb-border-radius-top-left:0px;--awb-border-radius-top-right:0px;--awb-border-radius-bottom-right:0px;--awb-border-radius-bottom-left:0px;--awb-padding-top:100px;--awb-padding-bottom:50px;--awb-background-color:#f2f2f2;--awb-flex-wrap:wrap;\" ><div class=\"fusion-builder-row fusion-row\"><div class=\"fusion-layout-column fusion_builder_column fusion-builder-column-6 fusion_builder_column_1_1 1_1 fusion-one-full fusion-column-first fusion-column-last\" style=\"--awb-bg-color:#ffffff;--awb-bg-color-hover:#ffffff;--awb-bg-size:cover;\"><div class=\"fusion-column-wrapper fusion-flex-column-wrapper-legacy\"><div class=\"fusion-text fusion-text-6\"><div style=\"padding: 25px\">\n<h2>Notre gamme de produits dans la cat\u00e9gorie de technologie de coupe des hautes herbes comprend:<\/h2>\n<\/div>\n<\/div>\n<div class=\"table-2\">\n<table width=\"100%\">\n<tbody>\n<tr>\n<td align=\"left\"><strong>Tondeuses pour tracteurs John Deere<\/strong><br \/>\n<span class=\"table_description\">Fauchage de hautes herbes pour diff\u00e9rents types de tracteurs John Deere<\/span><\/td>\n<td align=\"left\">Les tondeuses autoport\u00e9es de John Deere se distinguent par leur faible besoin de puissance, leur vitesse de coupe \u00e9lev\u00e9e, du meilleur cycle de coupe, et de leur exceptionnelle r\u00e9partition des coupes.<\/td>\n<\/tr>\n<tr>\n<td align=\"left\"><strong>Entre la tondeuse des essieux<\/strong><br \/>\n<span class=\"table_description\">Fauchage des hautes herbes entre l\u2019accessoire des essieux<\/span><\/td>\n<td align=\"left\">Cette tondeuse pour hautes herbes se fixe entre les essieux des tracteurs \u00e0 gazon. La tondeuse est soutenue par le tracteur et permet de conserver une distance au sol constante. <\/td>\n<\/tr>\n<tr>\n<td align=\"left\"><strong>Tondeuse \u00e0 support frontal CAT O<\/strong><br \/>\n<span class=\"table_description\">Fauchage des hautes herbes \u00e0 montage frontal<\/span><\/td>\n<td align=\"left\">Le support frontal de la tondeuse CAT 0 convient aux tracteurs compacts traditionnels. La tondeuse \u00e0 montage frontale est attel\u00e9e \u00e0 l\u2019avant du tracteur et permet ainsi de couper des gramin\u00e9es jusqu\u2019\u00e0 100 cm. <\/td>\n<\/tr>\n<\/tbody>\n<\/table>\n<\/div>\n<div class=\"fusion-clearfix\"><\/div><\/div><\/div><div class=\"fusion-layout-column fusion_builder_column fusion-builder-column-7 fusion_builder_column_1_1 1_1 fusion-one-full fusion-column-first fusion-column-last\" style=\"--awb-bg-size:cover;--awb-margin-bottom:0px;\"><div class=\"fusion-column-wrapper fusion-column-has-shadow fusion-flex-column-wrapper-legacy\"><div class=\"fusion-column-content-centered\"><div class=\"fusion-column-content\"><div class=\"fusion-button-wrapper\"><a class=\"fusion-button button-flat fusion-button-default-size button-custom fusion-button-default button-1 fusion-button-default-span fusion-button-default-type\" style=\"--button_accent_color:#ffffff;--button_border_color:#ffffff;--button_accent_hover_color:#ffffff;--button_border_hover_color:#ffffff;--button_gradient_top_color:#cc0000;--button_gradient_bottom_color:#cc0000;--button_gradient_top_color_hover:#ef0000;--button_gradient_bottom_color_hover:#ef0000;\" target=\"_self\" title=\"PLUS SUR NOTRE TECHNOLOGIE DE FAUCHAGE DES HAUTES HERBES\" aria-label=\"PLUS SUR NOTRE TECHNOLOGIE DE FAUCHAGE DES HAUTES HERBES\" href=\"https:\/\/feucht-obsttechnik.de\/fr\/technologie-de-coupe\/technologie-de-coupe-des-hautes-herbes\/\"><span class=\"fusion-button-text awb-button__text awb-button__text--default\">POUR EN SAVOIR PLUS SUR NOTRE TECHNOLOGIE DE FAUCHAGE DES HAUTES HERBES<\/span><\/a><\/div><\/div><\/div><div class=\"fusion-clearfix\"><\/div><\/div><\/div><\/div><\/div><div class=\"fusion-fullwidth fullwidth-box fusion-builder-row-5 nonhundred-percent-fullwidth non-hundred-percent-height-scrolling fusion-equal-height-columns fusion-no-small-visibility schlagwoerter\" style=\"--awb-background-position:center top;--awb-border-sizes-top:0px;--awb-border-sizes-bottom:0px;--awb-border-sizes-left:0px;--awb-border-sizes-right:0px;--awb-border-radius-top-left:0px;--awb-border-radius-top-right:0px;--awb-border-radius-bottom-right:0px;--awb-border-radius-bottom-left:0px;--awb-padding-top:0px;--awb-padding-right:15%;--awb-padding-bottom:0px;--awb-padding-left:15%;--awb-background-color:#a0ce4e;--awb-flex-wrap:wrap;\" ><div class=\"fusion-builder-row fusion-row\"><div class=\"fusion-layout-column fusion_builder_column fusion-builder-column-8 fusion_builder_column_1_5 1_5 fusion-one-fifth fusion-column-first\" style=\"--awb-padding-top:10px;--awb-padding-bottom:10px;--awb-bg-size:cover;--awb-margin-top:10px;--awb-margin-bottom:0px;width:20%;width:calc(20% - ( ( 4% ) * 0.2 ) );margin-right: 4%;\"><div class=\"fusion-column-wrapper fusion-column-has-shadow fusion-flex-column-wrapper-legacy\"><div class=\"fusion-column-content-centered\"><div class=\"fusion-column-content\"><div class=\"fusion-title title fusion-title-1 fusion-sep-none fusion-title-text fusion-title-size-two\" style=\"--awb-text-color:#ffffff;--awb-margin-bottom:0px;--awb-margin-right-small:0px;--awb-margin-bottom-small:0px;--awb-margin-left-small:0px;\"><h2 class=\"fusion-title-heading title-heading-left fusion-responsive-typography-calculated\" style=\"margin:0;--fontSize:26;--minFontSize:26;line-height:1.25;\">Mots-cl\u00e9s:<\/h2><\/div><\/div><\/div><div class=\"fusion-clearfix\"><\/div><\/div><\/div><div class=\"fusion-layout-column fusion_builder_column fusion-builder-column-9 fusion_builder_column_4_5 4_5 fusion-four-fifth fusion-column-last fusion-column-no-min-height\" style=\"--awb-padding-top:10px;--awb-padding-bottom:10px;--awb-bg-size:cover;--awb-margin-top:20px;--awb-margin-bottom:0px;width:80%;width:calc(80% - ( ( 4% ) * 0.8 ) );\"><div class=\"fusion-column-wrapper fusion-column-has-shadow fusion-flex-column-wrapper-legacy\"><div class=\"fusion-text fusion-text-7\"><p><span style=\"color: #ffffff\"><a href=\"https:\/\/feucht-obsttechnik.de\/fr\/technologie-de-coupe\/technologie-de-coupe-des-hautes-herbes\/tondeuses-autoportees-pour-john-deere\/\">Technologie de coupe des hautes herbes avec John Deere<\/a>, <a href=\"https:\/\/feucht-obsttechnik.de\/fr\/technologie-de-coupe\/technologie-de-coupe-des-hautes-herbes\/tondeuses-a-support-frontal-cat-0\/\">Fauchage des hautes herbes \u00e0 support frontal<\/a>, <a href=\"https:\/\/feucht-obsttechnik.de\/fr\/technologie-de-coupe\/accessoires-de-robots-de-fauchage\/\">Accessoires pour robots de fauchage<\/a><\/span><\/p>\n<\/div><div class=\"fusion-clearfix\"><\/div><\/div><\/div><\/div><\/div><\/p>\n","protected":false},"excerpt":{"rendered":"","protected":false},"author":4,"featured_media":0,"parent":0,"menu_order":0,"comment_status":"closed","ping_status":"closed","template":"100-width.php","meta":{"footnotes":"","_wp_rev_ctl_limit":""},"class_list":["post-13268","page","type-page","status-publish","hentry"],"yoast_head":"<!-- This site is optimized with the Yoast SEO plugin v27.2 - https:\/\/yoast.com\/product\/yoast-seo-wordpress\/ -->\n<title>Technologie de coupe des hautes herbes - Feucht Obsttechnik<\/title>\n<meta name=\"description\" content=\"La technologie de fauchage des hautes herbes de Feucht Obsttechnik permet de couper des zones \u00e0 herbes de plus de 100 cm. En savoir plus sur notre technologie de coupe populaire.\" \/>\n<meta name=\"robots\" content=\"index, follow, max-snippet:-1, max-image-preview:large, max-video-preview:-1\" \/>\n<link rel=\"canonical\" href=\"https:\/\/feucht-obsttechnik.de\/fr\/lp-hochgrasmaehtechnik\/\" \/>\n<meta property=\"og:locale\" content=\"fr_FR\" \/>\n<meta property=\"og:type\" content=\"article\" \/>\n<meta property=\"og:title\" content=\"Technologie de coupe des hautes herbes - Feucht Obsttechnik\" \/>\n<meta property=\"og:description\" content=\"La technologie de fauchage des hautes herbes de Feucht Obsttechnik permet de couper des zones \u00e0 herbes de plus de 100 cm. En savoir plus sur notre technologie de coupe populaire.\" \/>\n<meta property=\"og:url\" content=\"https:\/\/feucht-obsttechnik.de\/fr\/lp-hochgrasmaehtechnik\/\" \/>\n<meta property=\"og:site_name\" content=\"Feucht Obsttechnik\" \/>\n<meta property=\"article:modified_time\" content=\"2021-04-16T14:25:01+00:00\" \/>\n<meta name=\"twitter:card\" content=\"summary_large_image\" \/>\n<meta name=\"twitter:label1\" content=\"Dur\u00e9e de lecture estim\u00e9e\" \/>\n\t<meta name=\"twitter:data1\" content=\"14 minutes\" \/>\n<script type=\"application\/ld+json\" class=\"yoast-schema-graph\">{\"@context\":\"https:\/\/schema.org\",\"@graph\":[{\"@type\":\"WebPage\",\"@id\":\"https:\/\/feucht-obsttechnik.de\/fr\/lp-hochgrasmaehtechnik\/\",\"url\":\"https:\/\/feucht-obsttechnik.de\/fr\/lp-hochgrasmaehtechnik\/\",\"name\":\"Technologie de coupe des hautes herbes - Feucht Obsttechnik\",\"isPartOf\":{\"@id\":\"https:\/\/feucht-obsttechnik.de\/fr\/#website\"},\"datePublished\":\"2021-04-09T10:56:44+00:00\",\"dateModified\":\"2021-04-16T14:25:01+00:00\",\"description\":\"La technologie de fauchage des hautes herbes de Feucht Obsttechnik permet de couper des zones \u00e0 herbes de plus de 100 cm. En savoir plus sur notre technologie de coupe populaire.\",\"breadcrumb\":{\"@id\":\"https:\/\/feucht-obsttechnik.de\/fr\/lp-hochgrasmaehtechnik\/#breadcrumb\"},\"inLanguage\":\"fr-FR\",\"potentialAction\":[{\"@type\":\"ReadAction\",\"target\":[\"https:\/\/feucht-obsttechnik.de\/fr\/lp-hochgrasmaehtechnik\/\"]}]},{\"@type\":\"BreadcrumbList\",\"@id\":\"https:\/\/feucht-obsttechnik.de\/fr\/lp-hochgrasmaehtechnik\/#breadcrumb\",\"itemListElement\":[{\"@type\":\"ListItem\",\"position\":1,\"name\":\"Startseite\",\"item\":\"https:\/\/feucht-obsttechnik.de\/fr\/\"},{\"@type\":\"ListItem\",\"position\":2,\"name\":\"LP Hochgrasm\u00e4htechnik\"}]},{\"@type\":\"WebSite\",\"@id\":\"https:\/\/feucht-obsttechnik.de\/fr\/#website\",\"url\":\"https:\/\/feucht-obsttechnik.de\/fr\/\",\"name\":\"Feucht Obsttechnik\",\"description\":\"\",\"publisher\":{\"@id\":\"https:\/\/feucht-obsttechnik.de\/fr\/#organization\"},\"potentialAction\":[{\"@type\":\"SearchAction\",\"target\":{\"@type\":\"EntryPoint\",\"urlTemplate\":\"https:\/\/feucht-obsttechnik.de\/fr\/?s={search_term_string}\"},\"query-input\":{\"@type\":\"PropertyValueSpecification\",\"valueRequired\":true,\"valueName\":\"search_term_string\"}}],\"inLanguage\":\"fr-FR\"},{\"@type\":\"Organization\",\"@id\":\"https:\/\/feucht-obsttechnik.de\/fr\/#organization\",\"name\":\"Feucht Obsttechnik GmbH\",\"url\":\"https:\/\/feucht-obsttechnik.de\/fr\/\",\"logo\":{\"@type\":\"ImageObject\",\"inLanguage\":\"fr-FR\",\"@id\":\"https:\/\/feucht-obsttechnik.de\/fr\/#\/schema\/logo\/image\/\",\"url\":\"https:\/\/feucht-obsttechnik.de\/wp-content\/uploads\/logo-feucht@2x-1.png\",\"contentUrl\":\"https:\/\/feucht-obsttechnik.de\/wp-content\/uploads\/logo-feucht@2x-1.png\",\"width\":640,\"height\":123,\"caption\":\"Feucht Obsttechnik GmbH\"},\"image\":{\"@id\":\"https:\/\/feucht-obsttechnik.de\/fr\/#\/schema\/logo\/image\/\"}}]}<\/script>\n<!-- \/ Yoast SEO plugin. -->","yoast_head_json":{"title":"Technologie de coupe des hautes herbes - Feucht Obsttechnik","description":"La technologie de fauchage des hautes herbes de Feucht Obsttechnik permet de couper des zones \u00e0 herbes de plus de 100 cm. En savoir plus sur notre technologie de coupe populaire.","robots":{"index":"index","follow":"follow","max-snippet":"max-snippet:-1","max-image-preview":"max-image-preview:large","max-video-preview":"max-video-preview:-1"},"canonical":"https:\/\/feucht-obsttechnik.de\/fr\/lp-hochgrasmaehtechnik\/","og_locale":"fr_FR","og_type":"article","og_title":"Technologie de coupe des hautes herbes - Feucht Obsttechnik","og_description":"La technologie de fauchage des hautes herbes de Feucht Obsttechnik permet de couper des zones \u00e0 herbes de plus de 100 cm. En savoir plus sur notre technologie de coupe populaire.","og_url":"https:\/\/feucht-obsttechnik.de\/fr\/lp-hochgrasmaehtechnik\/","og_site_name":"Feucht Obsttechnik","article_modified_time":"2021-04-16T14:25:01+00:00","twitter_card":"summary_large_image","twitter_misc":{"Dur\u00e9e de lecture estim\u00e9e":"14 minutes"},"schema":{"@context":"https:\/\/schema.org","@graph":[{"@type":"WebPage","@id":"https:\/\/feucht-obsttechnik.de\/fr\/lp-hochgrasmaehtechnik\/","url":"https:\/\/feucht-obsttechnik.de\/fr\/lp-hochgrasmaehtechnik\/","name":"Technologie de coupe des hautes herbes - Feucht Obsttechnik","isPartOf":{"@id":"https:\/\/feucht-obsttechnik.de\/fr\/#website"},"datePublished":"2021-04-09T10:56:44+00:00","dateModified":"2021-04-16T14:25:01+00:00","description":"La technologie de fauchage des hautes herbes de Feucht Obsttechnik permet de couper des zones \u00e0 herbes de plus de 100 cm. En savoir plus sur notre technologie de coupe populaire.","breadcrumb":{"@id":"https:\/\/feucht-obsttechnik.de\/fr\/lp-hochgrasmaehtechnik\/#breadcrumb"},"inLanguage":"fr-FR","potentialAction":[{"@type":"ReadAction","target":["https:\/\/feucht-obsttechnik.de\/fr\/lp-hochgrasmaehtechnik\/"]}]},{"@type":"BreadcrumbList","@id":"https:\/\/feucht-obsttechnik.de\/fr\/lp-hochgrasmaehtechnik\/#breadcrumb","itemListElement":[{"@type":"ListItem","position":1,"name":"Startseite","item":"https:\/\/feucht-obsttechnik.de\/fr\/"},{"@type":"ListItem","position":2,"name":"LP Hochgrasm\u00e4htechnik"}]},{"@type":"WebSite","@id":"https:\/\/feucht-obsttechnik.de\/fr\/#website","url":"https:\/\/feucht-obsttechnik.de\/fr\/","name":"Feucht Obsttechnik","description":"","publisher":{"@id":"https:\/\/feucht-obsttechnik.de\/fr\/#organization"},"potentialAction":[{"@type":"SearchAction","target":{"@type":"EntryPoint","urlTemplate":"https:\/\/feucht-obsttechnik.de\/fr\/?s={search_term_string}"},"query-input":{"@type":"PropertyValueSpecification","valueRequired":true,"valueName":"search_term_string"}}],"inLanguage":"fr-FR"},{"@type":"Organization","@id":"https:\/\/feucht-obsttechnik.de\/fr\/#organization","name":"Feucht Obsttechnik GmbH","url":"https:\/\/feucht-obsttechnik.de\/fr\/","logo":{"@type":"ImageObject","inLanguage":"fr-FR","@id":"https:\/\/feucht-obsttechnik.de\/fr\/#\/schema\/logo\/image\/","url":"https:\/\/feucht-obsttechnik.de\/wp-content\/uploads\/logo-feucht@2x-1.png","contentUrl":"https:\/\/feucht-obsttechnik.de\/wp-content\/uploads\/logo-feucht@2x-1.png","width":640,"height":123,"caption":"Feucht Obsttechnik GmbH"},"image":{"@id":"https:\/\/feucht-obsttechnik.de\/fr\/#\/schema\/logo\/image\/"}}]}},"_links":{"self":[{"href":"https:\/\/feucht-obsttechnik.de\/fr\/wp-json\/wp\/v2\/pages\/13268","targetHints":{"allow":["GET"]}}],"collection":[{"href":"https:\/\/feucht-obsttechnik.de\/fr\/wp-json\/wp\/v2\/pages"}],"about":[{"href":"https:\/\/feucht-obsttechnik.de\/fr\/wp-json\/wp\/v2\/types\/page"}],"author":[{"embeddable":true,"href":"https:\/\/feucht-obsttechnik.de\/fr\/wp-json\/wp\/v2\/users\/4"}],"replies":[{"embeddable":true,"href":"https:\/\/feucht-obsttechnik.de\/fr\/wp-json\/wp\/v2\/comments?post=13268"}],"version-history":[{"count":0,"href":"https:\/\/feucht-obsttechnik.de\/fr\/wp-json\/wp\/v2\/pages\/13268\/revisions"}],"wp:attachment":[{"href":"https:\/\/feucht-obsttechnik.de\/fr\/wp-json\/wp\/v2\/media?parent=13268"}],"curies":[{"name":"wp","href":"https:\/\/api.w.org\/{rel}","templated":true}]}}