{"id":13194,"date":"2021-04-09T12:26:52","date_gmt":"2021-04-09T10:26:52","guid":{"rendered":"https:\/\/neu2020.feucht-obsttechnik.de\/lp-hochgrasmaehen-im-frontanbau\/"},"modified":"2021-04-16T16:24:44","modified_gmt":"2021-04-16T14:24:44","slug":"lp-hochgrasmaehen-im-frontanbau","status":"publish","type":"page","link":"https:\/\/feucht-obsttechnik.de\/fr\/lp-hochgrasmaehen-im-frontanbau\/","title":{"rendered":"LP Hochgrasm\u00e4hen im Frontanbau"},"content":{"rendered":"<p><div class=\"fusion-bg-parallax\" data-bg-align=\"left center\" data-direction=\"up\" data-mute=\"false\" data-opacity=\"100\" data-velocity=\"-0.3\" data-mobile-enabled=\"false\" data-break_parents=\"0\" data-bg-image=\"https:\/\/feucht-obsttechnik.de\/wp-content\/uploads\/bg-header-hochgrasm\u00e4htechnik.jpg\" data-bg-repeat=\"false\" ><\/div><div class=\"fusion-fullwidth fullwidth-box fusion-builder-row-1 fusion-parallax-up nonhundred-percent-fullwidth non-hundred-percent-height-scrolling\" style=\"--awb-background-position:left center;--awb-border-sizes-top:0px;--awb-border-sizes-bottom:0px;--awb-border-sizes-left:0px;--awb-border-sizes-right:0px;--awb-border-radius-top-left:0px;--awb-border-radius-top-right:0px;--awb-border-radius-bottom-right:0px;--awb-border-radius-bottom-left:0px;--awb-padding-top:130px;--awb-padding-bottom:120px;--awb-background-image:url(&quot;https:\/\/feucht-obsttechnik.de\/wp-content\/uploads\/bg-header-hochgrasm\u00e4htechnik.jpg&quot;);--awb-background-size:cover;--awb-flex-wrap:wrap;\" ><div class=\"fusion-builder-row fusion-row\"><div class=\"fusion-layout-column fusion_builder_column fusion-builder-column-0 fusion_builder_column_1_2 1_2 fusion-one-half fusion-column-first\" style=\"--awb-bg-size:cover;width:48%; margin-right: 4%;\"><div class=\"fusion-column-wrapper fusion-flex-column-wrapper-legacy\"><div class=\"fusion-text fusion-text-1\"><h1><span style=\"color: #ffffff;\">Fauchage des hautes herbes \u00e0 montage frontal<\/span><\/h1>\n<p><span style=\"color: #ffffff;\">Avec la nouvelle tondeuse de Feucht utilisant le montage frontal, vous pouvez d\u00e9sormais couper jusqu\u2019\u00e0 100 cm de hauteur d\u2019herbe avec un tracteur compact \u00ab traditionnel \u00bb.<\/span><\/p>\n<\/div><div class=\"fusion-clearfix\"><\/div><\/div><\/div><div class=\"fusion-layout-column fusion_builder_column fusion-builder-column-1 fusion_builder_column_1_2 1_2 fusion-one-half fusion-column-last\" style=\"--awb-bg-size:cover;width:48%;\"><div class=\"fusion-column-wrapper fusion-flex-column-wrapper-legacy\"><div class=\"fusion-clearfix\"><\/div><\/div><\/div><\/div><\/div><div class=\"fusion-fullwidth fullwidth-box fusion-builder-row-2 nonhundred-percent-fullwidth non-hundred-percent-height-scrolling\" style=\"--awb-background-position:left top;--awb-border-sizes-top:0px;--awb-border-sizes-bottom:0px;--awb-border-sizes-left:0px;--awb-border-sizes-right:0px;--awb-border-radius-top-left:0px;--awb-border-radius-top-right:0px;--awb-border-radius-bottom-right:0px;--awb-border-radius-bottom-left:0px;--awb-padding-top:130px;--awb-padding-bottom:30px;--awb-flex-wrap:wrap;\" ><div class=\"fusion-builder-row fusion-row\"><div class=\"fusion-layout-column fusion_builder_column fusion-builder-column-2 fusion_builder_column_1_1 1_1 fusion-one-full fusion-column-first fusion-column-last\" style=\"--awb-bg-size:cover;\"><div class=\"fusion-column-wrapper fusion-column-has-shadow fusion-flex-column-wrapper-legacy\"><div class=\"fusion-text fusion-text-2\"><h2>Coupe des hautes herbes \u00e0 montage frontal de Feucht Obsttechnik<\/h2>\n<\/div><div class=\"fusion-text fusion-text-3\"><h3><span class=\"\">Le support frontal de la tondeuse CAT 0 convient aux tracteurs compacts traditionnels.<\/span><\/h3>\n<\/div><div class=\"fusion-clearfix\"><\/div><\/div><\/div><div class=\"fusion-layout-column fusion_builder_column fusion-builder-column-3 fusion_builder_column_1_2 1_2 fusion-one-half fusion-column-first\" style=\"--awb-bg-size:cover;width:48%; margin-right: 4%;\"><div class=\"fusion-column-wrapper fusion-flex-column-wrapper-legacy\"><div class=\"fusion-text fusion-text-4\"><p>Obtenez le meilleur cycle de coupe d\u2019herbe haute et basse, ind\u00e9pendamment de la vitesse de coupe \u00e9lev\u00e9e. Le plateau arri\u00e8re \u00e9limine le risque d\u2019\u00e9ventuels d\u00e9g\u00e2ts li\u00e9 aux cailloux. La position de service est unique, c\u2018est-\u00e0-dire, que la tondeuse \u00e0 montage frontal est orientable \u00e0 80 degr\u00e9s \u00e0 l\u2019aide d\u2019un cylindre hydraulique. Cette position am\u00e9liore la proc\u00e9dure de nettoyage de la tondeuse \u00e0 support frontal, puisque par exemple, les graines de gazon doivent \u00eatre enlev\u00e9es apr\u00e8s fauchage des hautes herbes; et avant de passer la tondeuse dans des parcs. D\u2019autre part, les t\u00e2ches d\u2019entretien telles que la lubrification, le changement des lames ou leur aff\u00fbtage, sont r\u00e9duites au strict minimum. La tondeuse Feucht \u00e0 support frontal convient aux tracteurs \u00e0 boulons hydrauliques avant CAT 0 ou CAT 1 + 2.     <\/p>\n<p>La \u00ab double lame de tonte \u00bb con\u00e7ue sp\u00e9cialement pour la tondeuse de Feucht, utilisant un support frontal, permet de tondre des espaces d\u2019herbe extr\u00eamement haute. La distribution optimale acc\u00e9l\u00e8re la d\u00e9composition des mati\u00e8res fauch\u00e9es. <\/p>\n<p>Nous travaillons dans le secteur des technologies de r\u00e9colte des fruits depuis des g\u00e9n\u00e9rations. Faciliter la r\u00e9colte des fruits avec des exigences des plus drastiques, en mati\u00e8re de propret\u00e9, et de fr\u00e9quence de ramassage pour les fruits r\u00e9colt\u00e9s est devenu l\u2019argument de vente de notre \u00e9quipement de r\u00e9colte des fruits. Gr\u00e2ce au d\u00e9veloppement continu de produits novateurs, nous nous sommes implant\u00e9s en tant que num\u00e9ro 1 du march\u00e9 europ\u00e9en des technologies de r\u00e9colte des fruits.<\/p>\n<\/div><div class=\"fusion-clearfix\"><\/div><\/div><\/div><div class=\"fusion-layout-column fusion_builder_column fusion-builder-column-4 fusion_builder_column_1_2 1_2 fusion-one-half fusion-column-last\" style=\"--awb-bg-size:cover;width:48%;\"><div class=\"fusion-column-wrapper fusion-flex-column-wrapper-legacy\"><div class=\"fusion-image-element in-legacy-container\" style=\"--awb-caption-title-font-family:var(--h2_typography-font-family);--awb-caption-title-font-weight:var(--h2_typography-font-weight);--awb-caption-title-font-style:var(--h2_typography-font-style);--awb-caption-title-size:var(--h2_typography-font-size);--awb-caption-title-transform:var(--h2_typography-text-transform);--awb-caption-title-line-height:var(--h2_typography-line-height);--awb-caption-title-letter-spacing:var(--h2_typography-letter-spacing);\"><span class=\" fusion-imageframe imageframe-none imageframe-1 hover-type-zoomin fusion-animated\" data-animationType=\"fadeInDown\" data-animationDuration=\"1.0\" data-animationOffset=\"bottom-in-view\"><a href=\"https:\/\/feucht-obsttechnik.de\/wp-content\/uploads\/hochgrasm\u00e4htechnik-frontm\u00e4hwerk-2.jpg\" class=\"fusion-lightbox\" data-rel=\"iLightbox[Technologie de tonte de l&#039;herbe haute montage frontal - Unit\u00e9 de tonte frontale]\" data-title=\"Technologie de tonte de l&rsquo;herbe haute montage frontal &#8211; Unit\u00e9 de tonte frontale\" title=\"Technologie de tonte de l&rsquo;herbe haute montage frontal &#8211; Unit\u00e9 de tonte frontale\"><img decoding=\"async\" width=\"1600\" height=\"1200\" src=\"https:\/\/feucht-obsttechnik.de\/wp-content\/uploads\/hochgrasm\u00e4htechnik-frontm\u00e4hwerk-2.jpg\" alt class=\"img-responsive wp-image-8135\" srcset=\"https:\/\/feucht-obsttechnik.de\/wp-content\/uploads\/hochgrasm\u00e4htechnik-frontm\u00e4hwerk-2-200x150.jpg 200w, https:\/\/feucht-obsttechnik.de\/wp-content\/uploads\/hochgrasm\u00e4htechnik-frontm\u00e4hwerk-2-400x300.jpg 400w, https:\/\/feucht-obsttechnik.de\/wp-content\/uploads\/hochgrasm\u00e4htechnik-frontm\u00e4hwerk-2-600x450.jpg 600w, https:\/\/feucht-obsttechnik.de\/wp-content\/uploads\/hochgrasm\u00e4htechnik-frontm\u00e4hwerk-2-800x600.jpg 800w, https:\/\/feucht-obsttechnik.de\/wp-content\/uploads\/hochgrasm\u00e4htechnik-frontm\u00e4hwerk-2-1200x900.jpg 1200w, https:\/\/feucht-obsttechnik.de\/wp-content\/uploads\/hochgrasm\u00e4htechnik-frontm\u00e4hwerk-2.jpg 1600w\" sizes=\"(max-width: 835px) 100vw, 600px\" \/><\/a><\/span><\/div><div class=\"fusion-sep-clear\"><\/div><div class=\"fusion-separator fusion-full-width-sep\" style=\"margin-left: auto;margin-right: auto;margin-bottom:30px;width:100%;\"><\/div><div class=\"fusion-sep-clear\"><\/div><div class=\"fusion-image-element in-legacy-container\" style=\"--awb-caption-title-font-family:var(--h2_typography-font-family);--awb-caption-title-font-weight:var(--h2_typography-font-weight);--awb-caption-title-font-style:var(--h2_typography-font-style);--awb-caption-title-size:var(--h2_typography-font-size);--awb-caption-title-transform:var(--h2_typography-text-transform);--awb-caption-title-line-height:var(--h2_typography-line-height);--awb-caption-title-letter-spacing:var(--h2_typography-letter-spacing);\"><span class=\" fusion-imageframe imageframe-none imageframe-2 hover-type-zoomin fusion-animated\" data-animationType=\"fadeInDown\" data-animationDuration=\"1.0\" data-animationOffset=\"bottom-in-view\"><a href=\"https:\/\/feucht-obsttechnik.de\/wp-content\/uploads\/hochgrasm\u00e4htechnik-frontm\u00e4hwerk-4.jpg\" class=\"fusion-lightbox\" data-rel=\"iLightbox[Technologie de tonte de l&#039;herbe haute montage frontal - Unit\u00e9 de tonte frontale]\" data-title=\"Technologie de tonte de l&rsquo;herbe haute montage frontal &#8211; Unit\u00e9 de tonte frontale\" title=\"Technologie de tonte de l&rsquo;herbe haute montage frontal &#8211; Unit\u00e9 de tonte frontale\"><img decoding=\"async\" width=\"1600\" height=\"1200\" src=\"https:\/\/feucht-obsttechnik.de\/wp-content\/uploads\/hochgrasm\u00e4htechnik-frontm\u00e4hwerk-4.jpg\" alt class=\"img-responsive wp-image-8145\" srcset=\"https:\/\/feucht-obsttechnik.de\/wp-content\/uploads\/hochgrasm\u00e4htechnik-frontm\u00e4hwerk-4-200x150.jpg 200w, https:\/\/feucht-obsttechnik.de\/wp-content\/uploads\/hochgrasm\u00e4htechnik-frontm\u00e4hwerk-4-400x300.jpg 400w, https:\/\/feucht-obsttechnik.de\/wp-content\/uploads\/hochgrasm\u00e4htechnik-frontm\u00e4hwerk-4-600x450.jpg 600w, https:\/\/feucht-obsttechnik.de\/wp-content\/uploads\/hochgrasm\u00e4htechnik-frontm\u00e4hwerk-4-800x600.jpg 800w, https:\/\/feucht-obsttechnik.de\/wp-content\/uploads\/hochgrasm\u00e4htechnik-frontm\u00e4hwerk-4-1200x900.jpg 1200w, https:\/\/feucht-obsttechnik.de\/wp-content\/uploads\/hochgrasm\u00e4htechnik-frontm\u00e4hwerk-4.jpg 1600w\" sizes=\"(max-width: 835px) 100vw, 600px\" \/><\/a><\/span><\/div><div class=\"fusion-clearfix\"><\/div><\/div><\/div><\/div><\/div><div class=\"fusion-fullwidth fullwidth-box fusion-builder-row-3 nonhundred-percent-fullwidth non-hundred-percent-height-scrolling\" style=\"--awb-background-position:left top;--awb-border-sizes-top:0px;--awb-border-sizes-bottom:0px;--awb-border-sizes-left:0px;--awb-border-sizes-right:0px;--awb-border-radius-top-left:0px;--awb-border-radius-top-right:0px;--awb-border-radius-bottom-right:0px;--awb-border-radius-bottom-left:0px;--awb-padding-top:1px;--awb-padding-bottom:0px;--awb-background-color:#cc0000;--awb-flex-wrap:wrap;\" ><div class=\"fusion-builder-row fusion-row\"><div class=\"fusion-layout-column fusion_builder_column fusion-builder-column-5 fusion_builder_column_1_1 1_1 fusion-one-full fusion-column-first fusion-column-last\" style=\"--awb-padding-top:50px;--awb-padding-bottom:50px;--awb-padding-left:0px;--awb-bg-size:cover;--awb-margin-bottom:0px;\"><div class=\"fusion-column-wrapper fusion-column-has-shadow fusion-flex-column-wrapper-legacy\"><div class=\"fusion-column-content-centered\"><div class=\"fusion-column-content\"><div class=\"fusion-text fusion-text-5\"><h2 style=\"text-align: center; margin-bottom: 0px;\"><span style=\"color: #ffffff;\">Coupe des hautes herbes \u00e0 montage frontal de Feucht Obsttechnik<\/span><\/h2>\n<\/div><\/div><\/div><div class=\"fusion-clearfix\"><\/div><\/div><\/div><\/div><\/div><div class=\"fusion-fullwidth fullwidth-box fusion-builder-row-4 nonhundred-percent-fullwidth non-hundred-percent-height-scrolling\" style=\"--awb-border-radius-top-left:0px;--awb-border-radius-top-right:0px;--awb-border-radius-bottom-right:0px;--awb-border-radius-bottom-left:0px;--awb-padding-top:100px;--awb-padding-bottom:50px;--awb-background-color:#f2f2f2;--awb-flex-wrap:wrap;\" ><div class=\"fusion-builder-row fusion-row\"><div class=\"fusion-layout-column fusion_builder_column fusion-builder-column-6 fusion_builder_column_1_1 1_1 fusion-one-full fusion-column-first fusion-column-last\" style=\"--awb-bg-color:#ffffff;--awb-bg-color-hover:#ffffff;--awb-bg-size:cover;\"><div class=\"fusion-column-wrapper fusion-flex-column-wrapper-legacy\"><div class=\"fusion-text fusion-text-6\"><div style=\"padding: 25px;\">\n<h2>En plus de cette cat\u00e9gorie de tonte des hautes herbes \u00e0 support frontal, notre gamme de produits inclut \u00e9galement:<\/h2>\n<\/div>\n<\/div>\n<div class=\"table-2\">\n<table width=\"100%\">\n<tbody>\n<tr>\n<td align=\"left\"><strong>Tondeuses pour tracteurs John Deere<\/strong><br \/>\n<span class=\"table_description\">Fauchage de hautes herbes pour diff\u00e9rents types de tracteurs John Deere<\/span><\/td>\n<td align=\"left\">Les tondeuses autoport\u00e9es de John Deere se distinguent par leur faible besoin de puissance, leur vitesse de coupe \u00e9lev\u00e9e, du meilleur cycle de coupe, et de leur exceptionnelle r\u00e9partition des coupes.<\/td>\n<\/tr>\n<tr>\n<td align=\"left\"><strong>Entre la tondeuse des essieux<\/strong><br \/>\n<span class=\"table_description\">Fauchage des hautes herbes entre l\u2019accessoire des essieux<\/span><\/td>\n<td align=\"left\">Cette tondeuse pour hautes herbes se fixe entre les essieux des tracteurs \u00e0 gazon. La tondeuse est soutenue par le tracteur et permet de conserver une distance au sol constante. <\/td>\n<\/tr>\n<tr>\n<td align=\"left\"><strong>Tondeuse \u00e0 support frontal CAT O<\/strong><br \/>\n<span class=\"table_description\">Fauchage des hautes herbes \u00e0 montage frontal<\/span><\/td>\n<td align=\"left\">Le support frontal de la tondeuse CAT 0 convient aux tracteurs compacts traditionnels. La tondeuse \u00e0 montage frontale est attel\u00e9e \u00e0 l\u2019avant du tracteur et permet ainsi de couper des gramin\u00e9es jusqu\u2019\u00e0 100 cm. <\/td>\n<\/tr>\n<\/tbody>\n<\/table>\n<\/div>\n<div class=\"fusion-clearfix\"><\/div><\/div><\/div><div class=\"fusion-layout-column fusion_builder_column fusion-builder-column-7 fusion_builder_column_1_1 1_1 fusion-one-full fusion-column-first fusion-column-last\" style=\"--awb-bg-size:cover;--awb-margin-bottom:0px;\"><div class=\"fusion-column-wrapper fusion-column-has-shadow fusion-flex-column-wrapper-legacy\"><div class=\"fusion-column-content-centered\"><div class=\"fusion-column-content\"><div class=\"fusion-button-wrapper\"><a class=\"fusion-button button-flat fusion-button-default-size button-custom fusion-button-default button-1 fusion-button-default-span fusion-button-default-type\" style=\"--button_accent_color:#ffffff;--button_border_color:#ffffff;--button_accent_hover_color:#ffffff;--button_border_hover_color:#ffffff;--button_gradient_top_color:#cc0000;--button_gradient_bottom_color:#cc0000;--button_gradient_top_color_hover:#ef0000;--button_gradient_bottom_color_hover:#ef0000;\" target=\"_self\" title=\"PLUS SUR LE FAUCHAGE DES HAUTES HERBES A MONTAGE FRONTAL\" aria-label=\"PLUS SUR LE FAUCHAGE DES HAUTES HERBES A MONTAGE FRONTAL\" href=\"https:\/\/feucht-obsttechnik.de\/fr\/technologie-de-coupe\/technologie-de-coupe-des-hautes-herbes\/tondeuses-a-support-frontal-cat-0\/\"><span class=\"fusion-button-text awb-button__text awb-button__text--default\">EN SAVOIR PLUS SUR LE FAUCHAGE DES HAUTES HERBES A MONTAGE FRONTAL<\/span><\/a><\/div><\/div><\/div><div class=\"fusion-clearfix\"><\/div><\/div><\/div><\/div><\/div><div class=\"fusion-fullwidth fullwidth-box fusion-builder-row-5 nonhundred-percent-fullwidth non-hundred-percent-height-scrolling fusion-equal-height-columns fusion-no-small-visibility schlagwoerter\" style=\"--awb-background-position:center top;--awb-border-sizes-top:0px;--awb-border-sizes-bottom:0px;--awb-border-sizes-left:0px;--awb-border-sizes-right:0px;--awb-border-radius-top-left:0px;--awb-border-radius-top-right:0px;--awb-border-radius-bottom-right:0px;--awb-border-radius-bottom-left:0px;--awb-padding-top:0px;--awb-padding-right:15%;--awb-padding-bottom:0px;--awb-padding-left:15%;--awb-background-color:#a0ce4e;--awb-flex-wrap:wrap;\" ><div class=\"fusion-builder-row fusion-row\"><div class=\"fusion-layout-column fusion_builder_column fusion-builder-column-8 fusion_builder_column_1_5 1_5 fusion-one-fifth fusion-column-first\" style=\"--awb-padding-top:10px;--awb-padding-bottom:10px;--awb-bg-size:cover;--awb-margin-top:10px;--awb-margin-bottom:0px;width:20%;width:calc(20% - ( ( 4% ) * 0.2 ) );margin-right: 4%;\"><div class=\"fusion-column-wrapper fusion-column-has-shadow fusion-flex-column-wrapper-legacy\"><div class=\"fusion-column-content-centered\"><div class=\"fusion-column-content\"><div class=\"fusion-title title fusion-title-1 fusion-sep-none fusion-title-text fusion-title-size-two\" style=\"--awb-text-color:#ffffff;--awb-margin-bottom:0px;--awb-margin-right-small:0px;--awb-margin-bottom-small:0px;--awb-margin-left-small:0px;\"><h2 class=\"fusion-title-heading title-heading-left fusion-responsive-typography-calculated\" style=\"margin:0;--fontSize:26;--minFontSize:26;line-height:1.25;\">Mots-cl\u00e9s:<\/h2><\/div><\/div><\/div><div class=\"fusion-clearfix\"><\/div><\/div><\/div><div class=\"fusion-layout-column fusion_builder_column fusion-builder-column-9 fusion_builder_column_4_5 4_5 fusion-four-fifth fusion-column-last fusion-column-no-min-height\" style=\"--awb-padding-top:10px;--awb-padding-bottom:10px;--awb-bg-size:cover;--awb-margin-top:20px;--awb-margin-bottom:0px;width:80%;width:calc(80% - ( ( 4% ) * 0.8 ) );\"><div class=\"fusion-column-wrapper fusion-column-has-shadow fusion-flex-column-wrapper-legacy\"><div class=\"fusion-text fusion-text-7\"><p><span style=\"color: #ffffff;\"><a href=\"https:\/\/feucht-obsttechnik.de\/fr\/technologie-de-coupe\/technologie-de-coupe-des-hautes-herbes\/\">Technologie de coupe d\u2019herbe haute, <\/a>, <a href=\"https:\/\/feucht-obsttechnik.de\/fr\/technologie-de-coupe\/technologie-de-coupe-des-hautes-herbes\/tondeuses-autoportees-pour-john-deere\/\">Fauchage des hautes herbes de John Deere<\/a>, <a href=\"https:\/\/feucht-obsttechnik.de\/fr\/technologie-de-coupe\/accessoires-de-robots-de-fauchage\/\">Accessoires pour robots de fauchage<\/a><\/span><\/p>\n<\/div><div class=\"fusion-clearfix\"><\/div><\/div><\/div><\/div><\/div><\/p>\n","protected":false},"excerpt":{"rendered":"","protected":false},"author":4,"featured_media":0,"parent":0,"menu_order":0,"comment_status":"closed","ping_status":"closed","template":"100-width.php","meta":{"footnotes":"","_wp_rev_ctl_limit":""},"class_list":["post-13194","page","type-page","status-publish","hentry"],"yoast_head":"<!-- This site is optimized with the Yoast SEO plugin v27.2 - https:\/\/yoast.com\/product\/yoast-seo-wordpress\/ -->\n<title>Fauchage des hautes herbes \u00e0 montage frontal - Feucht Obsttechnik<\/title>\n<meta name=\"description\" content=\"Le fauchage des hautes herbes \u00e0 support frontal de Feucht Obsttechnik permet de tondre de l\u2019herbe de plus de 100 cm. En savoir plus sur nos tondeuses.\" \/>\n<meta name=\"robots\" content=\"index, follow, max-snippet:-1, max-image-preview:large, max-video-preview:-1\" \/>\n<link rel=\"canonical\" href=\"https:\/\/feucht-obsttechnik.de\/fr\/lp-hochgrasmaehen-im-frontanbau\/\" \/>\n<meta property=\"og:locale\" content=\"fr_FR\" \/>\n<meta property=\"og:type\" content=\"article\" \/>\n<meta property=\"og:title\" content=\"Fauchage des hautes herbes \u00e0 montage frontal - Feucht Obsttechnik\" \/>\n<meta property=\"og:description\" content=\"Le fauchage des hautes herbes \u00e0 support frontal de Feucht Obsttechnik permet de tondre de l\u2019herbe de plus de 100 cm. En savoir plus sur nos tondeuses.\" \/>\n<meta property=\"og:url\" content=\"https:\/\/feucht-obsttechnik.de\/fr\/lp-hochgrasmaehen-im-frontanbau\/\" \/>\n<meta property=\"og:site_name\" content=\"Feucht Obsttechnik\" \/>\n<meta property=\"article:modified_time\" content=\"2021-04-16T14:24:44+00:00\" \/>\n<meta name=\"twitter:card\" content=\"summary_large_image\" \/>\n<meta name=\"twitter:label1\" content=\"Dur\u00e9e de lecture estim\u00e9e\" \/>\n\t<meta name=\"twitter:data1\" content=\"14 minutes\" \/>\n<script type=\"application\/ld+json\" class=\"yoast-schema-graph\">{\"@context\":\"https:\/\/schema.org\",\"@graph\":[{\"@type\":\"WebPage\",\"@id\":\"https:\/\/feucht-obsttechnik.de\/fr\/lp-hochgrasmaehen-im-frontanbau\/\",\"url\":\"https:\/\/feucht-obsttechnik.de\/fr\/lp-hochgrasmaehen-im-frontanbau\/\",\"name\":\"Fauchage des hautes herbes \u00e0 montage frontal - Feucht Obsttechnik\",\"isPartOf\":{\"@id\":\"https:\/\/feucht-obsttechnik.de\/fr\/#website\"},\"datePublished\":\"2021-04-09T10:26:52+00:00\",\"dateModified\":\"2021-04-16T14:24:44+00:00\",\"description\":\"Le fauchage des hautes herbes \u00e0 support frontal de Feucht Obsttechnik permet de tondre de l\u2019herbe de plus de 100 cm. En savoir plus sur nos tondeuses.\",\"breadcrumb\":{\"@id\":\"https:\/\/feucht-obsttechnik.de\/fr\/lp-hochgrasmaehen-im-frontanbau\/#breadcrumb\"},\"inLanguage\":\"fr-FR\",\"potentialAction\":[{\"@type\":\"ReadAction\",\"target\":[\"https:\/\/feucht-obsttechnik.de\/fr\/lp-hochgrasmaehen-im-frontanbau\/\"]}]},{\"@type\":\"BreadcrumbList\",\"@id\":\"https:\/\/feucht-obsttechnik.de\/fr\/lp-hochgrasmaehen-im-frontanbau\/#breadcrumb\",\"itemListElement\":[{\"@type\":\"ListItem\",\"position\":1,\"name\":\"Startseite\",\"item\":\"https:\/\/feucht-obsttechnik.de\/fr\/\"},{\"@type\":\"ListItem\",\"position\":2,\"name\":\"LP Hochgrasm\u00e4hen im Frontanbau\"}]},{\"@type\":\"WebSite\",\"@id\":\"https:\/\/feucht-obsttechnik.de\/fr\/#website\",\"url\":\"https:\/\/feucht-obsttechnik.de\/fr\/\",\"name\":\"Feucht Obsttechnik\",\"description\":\"\",\"publisher\":{\"@id\":\"https:\/\/feucht-obsttechnik.de\/fr\/#organization\"},\"potentialAction\":[{\"@type\":\"SearchAction\",\"target\":{\"@type\":\"EntryPoint\",\"urlTemplate\":\"https:\/\/feucht-obsttechnik.de\/fr\/?s={search_term_string}\"},\"query-input\":{\"@type\":\"PropertyValueSpecification\",\"valueRequired\":true,\"valueName\":\"search_term_string\"}}],\"inLanguage\":\"fr-FR\"},{\"@type\":\"Organization\",\"@id\":\"https:\/\/feucht-obsttechnik.de\/fr\/#organization\",\"name\":\"Feucht Obsttechnik GmbH\",\"url\":\"https:\/\/feucht-obsttechnik.de\/fr\/\",\"logo\":{\"@type\":\"ImageObject\",\"inLanguage\":\"fr-FR\",\"@id\":\"https:\/\/feucht-obsttechnik.de\/fr\/#\/schema\/logo\/image\/\",\"url\":\"https:\/\/feucht-obsttechnik.de\/wp-content\/uploads\/logo-feucht@2x-1.png\",\"contentUrl\":\"https:\/\/feucht-obsttechnik.de\/wp-content\/uploads\/logo-feucht@2x-1.png\",\"width\":640,\"height\":123,\"caption\":\"Feucht Obsttechnik GmbH\"},\"image\":{\"@id\":\"https:\/\/feucht-obsttechnik.de\/fr\/#\/schema\/logo\/image\/\"}}]}<\/script>\n<!-- \/ Yoast SEO plugin. -->","yoast_head_json":{"title":"Fauchage des hautes herbes \u00e0 montage frontal - Feucht Obsttechnik","description":"Le fauchage des hautes herbes \u00e0 support frontal de Feucht Obsttechnik permet de tondre de l\u2019herbe de plus de 100 cm. En savoir plus sur nos tondeuses.","robots":{"index":"index","follow":"follow","max-snippet":"max-snippet:-1","max-image-preview":"max-image-preview:large","max-video-preview":"max-video-preview:-1"},"canonical":"https:\/\/feucht-obsttechnik.de\/fr\/lp-hochgrasmaehen-im-frontanbau\/","og_locale":"fr_FR","og_type":"article","og_title":"Fauchage des hautes herbes \u00e0 montage frontal - Feucht Obsttechnik","og_description":"Le fauchage des hautes herbes \u00e0 support frontal de Feucht Obsttechnik permet de tondre de l\u2019herbe de plus de 100 cm. En savoir plus sur nos tondeuses.","og_url":"https:\/\/feucht-obsttechnik.de\/fr\/lp-hochgrasmaehen-im-frontanbau\/","og_site_name":"Feucht Obsttechnik","article_modified_time":"2021-04-16T14:24:44+00:00","twitter_card":"summary_large_image","twitter_misc":{"Dur\u00e9e de lecture estim\u00e9e":"14 minutes"},"schema":{"@context":"https:\/\/schema.org","@graph":[{"@type":"WebPage","@id":"https:\/\/feucht-obsttechnik.de\/fr\/lp-hochgrasmaehen-im-frontanbau\/","url":"https:\/\/feucht-obsttechnik.de\/fr\/lp-hochgrasmaehen-im-frontanbau\/","name":"Fauchage des hautes herbes \u00e0 montage frontal - Feucht Obsttechnik","isPartOf":{"@id":"https:\/\/feucht-obsttechnik.de\/fr\/#website"},"datePublished":"2021-04-09T10:26:52+00:00","dateModified":"2021-04-16T14:24:44+00:00","description":"Le fauchage des hautes herbes \u00e0 support frontal de Feucht Obsttechnik permet de tondre de l\u2019herbe de plus de 100 cm. En savoir plus sur nos tondeuses.","breadcrumb":{"@id":"https:\/\/feucht-obsttechnik.de\/fr\/lp-hochgrasmaehen-im-frontanbau\/#breadcrumb"},"inLanguage":"fr-FR","potentialAction":[{"@type":"ReadAction","target":["https:\/\/feucht-obsttechnik.de\/fr\/lp-hochgrasmaehen-im-frontanbau\/"]}]},{"@type":"BreadcrumbList","@id":"https:\/\/feucht-obsttechnik.de\/fr\/lp-hochgrasmaehen-im-frontanbau\/#breadcrumb","itemListElement":[{"@type":"ListItem","position":1,"name":"Startseite","item":"https:\/\/feucht-obsttechnik.de\/fr\/"},{"@type":"ListItem","position":2,"name":"LP Hochgrasm\u00e4hen im Frontanbau"}]},{"@type":"WebSite","@id":"https:\/\/feucht-obsttechnik.de\/fr\/#website","url":"https:\/\/feucht-obsttechnik.de\/fr\/","name":"Feucht Obsttechnik","description":"","publisher":{"@id":"https:\/\/feucht-obsttechnik.de\/fr\/#organization"},"potentialAction":[{"@type":"SearchAction","target":{"@type":"EntryPoint","urlTemplate":"https:\/\/feucht-obsttechnik.de\/fr\/?s={search_term_string}"},"query-input":{"@type":"PropertyValueSpecification","valueRequired":true,"valueName":"search_term_string"}}],"inLanguage":"fr-FR"},{"@type":"Organization","@id":"https:\/\/feucht-obsttechnik.de\/fr\/#organization","name":"Feucht Obsttechnik GmbH","url":"https:\/\/feucht-obsttechnik.de\/fr\/","logo":{"@type":"ImageObject","inLanguage":"fr-FR","@id":"https:\/\/feucht-obsttechnik.de\/fr\/#\/schema\/logo\/image\/","url":"https:\/\/feucht-obsttechnik.de\/wp-content\/uploads\/logo-feucht@2x-1.png","contentUrl":"https:\/\/feucht-obsttechnik.de\/wp-content\/uploads\/logo-feucht@2x-1.png","width":640,"height":123,"caption":"Feucht Obsttechnik GmbH"},"image":{"@id":"https:\/\/feucht-obsttechnik.de\/fr\/#\/schema\/logo\/image\/"}}]}},"_links":{"self":[{"href":"https:\/\/feucht-obsttechnik.de\/fr\/wp-json\/wp\/v2\/pages\/13194","targetHints":{"allow":["GET"]}}],"collection":[{"href":"https:\/\/feucht-obsttechnik.de\/fr\/wp-json\/wp\/v2\/pages"}],"about":[{"href":"https:\/\/feucht-obsttechnik.de\/fr\/wp-json\/wp\/v2\/types\/page"}],"author":[{"embeddable":true,"href":"https:\/\/feucht-obsttechnik.de\/fr\/wp-json\/wp\/v2\/users\/4"}],"replies":[{"embeddable":true,"href":"https:\/\/feucht-obsttechnik.de\/fr\/wp-json\/wp\/v2\/comments?post=13194"}],"version-history":[{"count":0,"href":"https:\/\/feucht-obsttechnik.de\/fr\/wp-json\/wp\/v2\/pages\/13194\/revisions"}],"wp:attachment":[{"href":"https:\/\/feucht-obsttechnik.de\/fr\/wp-json\/wp\/v2\/media?parent=13194"}],"curies":[{"name":"wp","href":"https:\/\/api.w.org\/{rel}","templated":true}]}}