{"id":13115,"date":"2021-04-09T12:21:20","date_gmt":"2021-04-09T10:21:20","guid":{"rendered":"https:\/\/neu2020.feucht-obsttechnik.de\/lp-haselnuss-handknacker\/"},"modified":"2021-04-16T16:24:16","modified_gmt":"2021-04-16T14:24:16","slug":"lp-haselnuss-handknacker","status":"publish","type":"page","link":"https:\/\/feucht-obsttechnik.de\/fr\/lp-haselnuss-handknacker\/","title":{"rendered":"LP Haselnuss-Handknacker"},"content":{"rendered":"<p><div class=\"fusion-bg-parallax\" data-bg-align=\"left center\" data-direction=\"up\" data-mute=\"false\" data-opacity=\"100\" data-velocity=\"-0.3\" data-mobile-enabled=\"false\" data-break_parents=\"0\" data-bg-image=\"https:\/\/feucht-obsttechnik.de\/wp-content\/uploads\/bg-header-haselnussernte.jpg\" data-bg-repeat=\"false\" ><\/div><div class=\"fusion-fullwidth fullwidth-box fusion-builder-row-1 fusion-parallax-up nonhundred-percent-fullwidth non-hundred-percent-height-scrolling\" style=\"--awb-background-position:left center;--awb-border-sizes-top:0px;--awb-border-sizes-bottom:0px;--awb-border-sizes-left:0px;--awb-border-sizes-right:0px;--awb-border-radius-top-left:0px;--awb-border-radius-top-right:0px;--awb-border-radius-bottom-right:0px;--awb-border-radius-bottom-left:0px;--awb-padding-top:130px;--awb-padding-bottom:120px;--awb-background-image:url(&quot;https:\/\/feucht-obsttechnik.de\/wp-content\/uploads\/bg-header-haselnussernte.jpg&quot;);--awb-background-size:cover;--awb-flex-wrap:wrap;\" ><div class=\"fusion-builder-row fusion-row\"><div class=\"fusion-layout-column fusion_builder_column fusion-builder-column-0 fusion_builder_column_1_2 1_2 fusion-one-half fusion-column-first\" style=\"--awb-bg-size:cover;width:48%; margin-right: 4%;\"><div class=\"fusion-column-wrapper fusion-flex-column-wrapper-legacy\"><div class=\"fusion-text fusion-text-1\"><h1><span style=\"color: #ffffff;\">Casse-noix manuel pour noisettes<\/span><\/h1>\n<p><span style=\"color: #ffffff;\">Traitement avec succ\u00e8s des fruits gr\u00e2ce \u00e0 la meilleure technologie : Gr\u00e2ce \u00e0 notre casse-noix manuel pour noisettes, obtenez rapidement et de fa\u00e7on simple de meilleurs r\u00e9sultats de craquage.<\/span><\/p>\n<\/div><div class=\"fusion-clearfix\"><\/div><\/div><\/div><div class=\"fusion-layout-column fusion_builder_column fusion-builder-column-1 fusion_builder_column_1_2 1_2 fusion-one-half fusion-column-last\" style=\"--awb-bg-size:cover;width:48%;\"><div class=\"fusion-column-wrapper fusion-flex-column-wrapper-legacy\"><div class=\"fusion-clearfix\"><\/div><\/div><\/div><\/div><\/div><div class=\"fusion-fullwidth fullwidth-box fusion-builder-row-2 nonhundred-percent-fullwidth non-hundred-percent-height-scrolling\" style=\"--awb-background-position:left top;--awb-border-sizes-top:0px;--awb-border-sizes-bottom:0px;--awb-border-sizes-left:0px;--awb-border-sizes-right:0px;--awb-border-radius-top-left:0px;--awb-border-radius-top-right:0px;--awb-border-radius-bottom-right:0px;--awb-border-radius-bottom-left:0px;--awb-padding-top:130px;--awb-padding-bottom:30px;--awb-flex-wrap:wrap;\" ><div class=\"fusion-builder-row fusion-row\"><div class=\"fusion-layout-column fusion_builder_column fusion-builder-column-2 fusion_builder_column_1_1 1_1 fusion-one-full fusion-column-first fusion-column-last\" style=\"--awb-bg-size:cover;\"><div class=\"fusion-column-wrapper fusion-column-has-shadow fusion-flex-column-wrapper-legacy\"><div class=\"fusion-text fusion-text-2\"><h2>Casse-noix manuel pour noisettes de Feucht Obsttechnik<\/h2>\n<\/div><div class=\"fusion-text fusion-text-3\"><h3><span class=\"\">Culture de noisettes : Succ\u00e8s en connaissance, exp\u00e9rience, et m\u00e9canisation.<\/span><\/h3>\n<\/div><div class=\"fusion-clearfix\"><\/div><\/div><\/div><div class=\"fusion-layout-column fusion_builder_column fusion-builder-column-3 fusion_builder_column_1_2 1_2 fusion-one-half fusion-column-first\" style=\"--awb-bg-size:cover;width:48%; margin-right: 4%;\"><div class=\"fusion-column-wrapper fusion-flex-column-wrapper-legacy\"><div class=\"fusion-text fusion-text-4\"><p>Les fruits \u00e0 coque ont toujours \u00e9t\u00e9 connus pour leurs effets b\u00e9n\u00e9fiques sur la sant\u00e9. Un avantage sp\u00e9cifique des valeurs \u00e9nerg\u00e9tiques robustes contenue dans ces fruits est qu\u2019elles peuvent \u00eatre ajout\u00e9es dans tous les repas ou d\u00e9gust\u00e9es comme en-cas. Avec l\u2019aide d\u2019un casse-noix manuel pour noisettes (convient \u00e9galement pour les noix), les fruits sont facilement et rapidement cass\u00e9s par cette machine de craquage manuelle.  <\/p>\n<p>Le casse-noix manuel pour noisettes \u00ab WALMAN \u00bb est une machine automatique de craquage de noisettes simple, \u00e9conomique et continue (convient \u00e9galement pour les noix), avec un taux de cassage \u00e9lev\u00e9. Le r\u00e9sultat est d\u2019environ 80 % de c\u0153urs cass\u00e9s et 20 % de moiti\u00e9s de c\u0153urs, selon le type et la taille des fruits. Les fruits doivent \u00eatre pr\u00e9-calibr\u00e9s, en petite, grande et moyenne taille, afin de b\u00e9n\u00e9ficier d&rsquo;un bon r\u00e9sultat. Cela permet de casser environ 20 \u00e0 30 kg par heure, avec le casse-noix manuel pour noisettes. Le principe du fonctionnement du casse-noix manuel pour noisettes est simple : Apr\u00e8s avoir rempli la porte d\u2019admission de fruits secs, tournez la manivelle vers la droite et vers la gauche comme lors des balancements d&rsquo;un bateau. Une fois ceci fait, les fruits cass\u00e9s (c\u0153urs, coquilles et fruits partiellement craqu\u00e9s) peut \u00eatre r\u00e9cup\u00e9r\u00e9s au point d\u2019\u00e9vacuation en y pla\u00e7ant un conteneur. Nous sommes pr\u00e9sents sur le secteur des technologies de r\u00e9colte des fruits depuis des g\u00e9n\u00e9rations. Nous sommes \u00e9galement un partenaire comp\u00e9tent aupr\u00e8s de nos clients, au sein du secteur des technologies de traitement des fruits secs et des technologies de coupe. Nous sommes devenus le num\u00e9ro 1 europ\u00e9en du march\u00e9 des technologie de r\u00e9colte des fruits \/ des technologies de coupe et des technologies de traitement des fruits, et ce, gr\u00e2ce \u00e0 un perp\u00e9tuel d\u00e9veloppement de produits innovants.     <\/p>\n<p>En plus de notre casse-noix manuel pour noisettes, nous offrons \u00e9galement des casse-noix m\u00e9caniques, et nous sommes un fournisseur int\u00e9gral pr\u00e9sent dans tous les secteurs de traitement des fruits : lavage, s\u00e9chage, calibrage et cassage (pr\u00e9-cassage, extraction des coquilles, post-craquage, tri et calibrage des c\u0153urs).<\/p>\n<\/div><div class=\"fusion-button-wrapper\"><a class=\"fusion-button button-flat fusion-button-default-size button-custom fusion-button-default button-1 fusion-button-default-span fusion-button-default-type\" style=\"--button_accent_color:#ffffff;--button_border_color:#ffffff;--button_accent_hover_color:#ffffff;--button_border_hover_color:#ffffff;--button_gradient_top_color:#cc0000;--button_gradient_bottom_color:#cc0000;--button_gradient_top_color_hover:#ef0000;--button_gradient_bottom_color_hover:#ef0000;\" target=\"_self\" title=\"En savoir plus sur le casse-noisettes\" aria-label=\"En savoir plus sur le casse-noisettes\" href=\"https:\/\/feucht-obsttechnik.de\/fr\/traitement-des-fruits-secs\/noisette\/calibrage-et-craquage-des-noisettes\/\"><span class=\"fusion-button-text awb-button__text awb-button__text--default\">POUR EN SAVOIR PLUS SUR NOTRE CASSE-NOIX MANUEL POUR NOISETTES<\/span><\/a><\/div><div class=\"fusion-clearfix\"><\/div><\/div><\/div><div class=\"fusion-layout-column fusion_builder_column fusion-builder-column-4 fusion_builder_column_1_2 1_2 fusion-one-half fusion-column-last\" style=\"--awb-bg-size:cover;width:48%;\"><div class=\"fusion-column-wrapper fusion-flex-column-wrapper-legacy\"><div class=\"fusion-image-element in-legacy-container\" style=\"--awb-caption-title-font-family:var(--h2_typography-font-family);--awb-caption-title-font-weight:var(--h2_typography-font-weight);--awb-caption-title-font-style:var(--h2_typography-font-style);--awb-caption-title-size:var(--h2_typography-font-size);--awb-caption-title-transform:var(--h2_typography-text-transform);--awb-caption-title-line-height:var(--h2_typography-line-height);--awb-caption-title-letter-spacing:var(--h2_typography-letter-spacing);\"><span class=\" fusion-imageframe imageframe-none imageframe-1 hover-type-zoomin fusion-animated\" data-animationType=\"fadeInDown\" data-animationDuration=\"1.0\" data-animationOffset=\"bottom-in-view\"><a href=\"https:\/\/feucht-obsttechnik.de\/wp-content\/uploads\/handknacker-divider-wal-man-1.jpg\" class=\"fusion-lightbox\" data-rel=\"iLightbox[Casse-noix manuel pour noisettes]\" data-title=\"Casse-noix manuel WAL MAN de SMALL noisette\" title=\"Casse-noix manuel WAL MAN de SMALL noisette\"><img decoding=\"async\" width=\"1900\" height=\"1267\" src=\"https:\/\/feucht-obsttechnik.de\/wp-content\/uploads\/handknacker-divider-wal-man-1.jpg\" alt class=\"img-responsive wp-image-8234\" srcset=\"https:\/\/feucht-obsttechnik.de\/wp-content\/uploads\/handknacker-divider-wal-man-1-200x133.jpg 200w, https:\/\/feucht-obsttechnik.de\/wp-content\/uploads\/handknacker-divider-wal-man-1-400x267.jpg 400w, https:\/\/feucht-obsttechnik.de\/wp-content\/uploads\/handknacker-divider-wal-man-1-600x400.jpg 600w, https:\/\/feucht-obsttechnik.de\/wp-content\/uploads\/handknacker-divider-wal-man-1-800x533.jpg 800w, https:\/\/feucht-obsttechnik.de\/wp-content\/uploads\/handknacker-divider-wal-man-1-1200x800.jpg 1200w, https:\/\/feucht-obsttechnik.de\/wp-content\/uploads\/handknacker-divider-wal-man-1.jpg 1900w\" sizes=\"(max-width: 835px) 100vw, 600px\" \/><\/a><\/span><\/div><div class=\"fusion-sep-clear\"><\/div><div class=\"fusion-separator fusion-full-width-sep\" style=\"margin-left: auto;margin-right: auto;margin-bottom:30px;width:100%;\"><\/div><div class=\"fusion-sep-clear\"><\/div><div class=\"fusion-sep-clear\"><\/div><div class=\"fusion-separator fusion-full-width-sep\" style=\"margin-left: auto;margin-right: auto;margin-bottom:30px;width:100%;\"><\/div><div class=\"fusion-sep-clear\"><\/div><div class=\"fusion-image-element in-legacy-container\" style=\"--awb-caption-title-font-family:var(--h2_typography-font-family);--awb-caption-title-font-weight:var(--h2_typography-font-weight);--awb-caption-title-font-style:var(--h2_typography-font-style);--awb-caption-title-size:var(--h2_typography-font-size);--awb-caption-title-transform:var(--h2_typography-text-transform);--awb-caption-title-line-height:var(--h2_typography-line-height);--awb-caption-title-letter-spacing:var(--h2_typography-letter-spacing);\"><span class=\" fusion-imageframe imageframe-none imageframe-2 hover-type-zoomin fusion-animated\" data-animationType=\"fadeInDown\" data-animationDuration=\"1.0\" data-animationOffset=\"bottom-in-view\"><a href=\"https:\/\/feucht-obsttechnik.de\/wp-content\/uploads\/handknacker-divider-wal-man-klein-2.jpg\" class=\"fusion-lightbox\" data-rel=\"iLightbox[Casse-noix manuel pour noisettes]\" data-title=\"Craquage des fruits secs avec le WAL MAN\" title=\"Craquage des fruits secs avec le WAL MAN\"><img decoding=\"async\" width=\"1600\" height=\"1200\" src=\"https:\/\/feucht-obsttechnik.de\/wp-content\/uploads\/handknacker-divider-wal-man-klein-2.jpg\" alt class=\"img-responsive wp-image-8043\" srcset=\"https:\/\/feucht-obsttechnik.de\/wp-content\/uploads\/handknacker-divider-wal-man-klein-2-200x150.jpg 200w, https:\/\/feucht-obsttechnik.de\/wp-content\/uploads\/handknacker-divider-wal-man-klein-2-400x300.jpg 400w, https:\/\/feucht-obsttechnik.de\/wp-content\/uploads\/handknacker-divider-wal-man-klein-2-600x450.jpg 600w, https:\/\/feucht-obsttechnik.de\/wp-content\/uploads\/handknacker-divider-wal-man-klein-2-800x600.jpg 800w, https:\/\/feucht-obsttechnik.de\/wp-content\/uploads\/handknacker-divider-wal-man-klein-2-1200x900.jpg 1200w, https:\/\/feucht-obsttechnik.de\/wp-content\/uploads\/handknacker-divider-wal-man-klein-2.jpg 1600w\" sizes=\"(max-width: 835px) 100vw, 600px\" \/><\/a><\/span><\/div><div class=\"fusion-clearfix\"><\/div><\/div><\/div><\/div><\/div><div class=\"fusion-fullwidth fullwidth-box fusion-builder-row-3 nonhundred-percent-fullwidth non-hundred-percent-height-scrolling fusion-equal-height-columns fusion-no-small-visibility schlagwoerter\" style=\"--awb-background-position:center top;--awb-border-sizes-top:0px;--awb-border-sizes-bottom:0px;--awb-border-sizes-left:0px;--awb-border-sizes-right:0px;--awb-border-radius-top-left:0px;--awb-border-radius-top-right:0px;--awb-border-radius-bottom-right:0px;--awb-border-radius-bottom-left:0px;--awb-padding-top:0px;--awb-padding-right:15%;--awb-padding-bottom:0px;--awb-padding-left:15%;--awb-background-color:#a0ce4e;--awb-flex-wrap:wrap;\" ><div class=\"fusion-builder-row fusion-row\"><div class=\"fusion-layout-column fusion_builder_column fusion-builder-column-5 fusion_builder_column_1_5 1_5 fusion-one-fifth fusion-column-first\" style=\"--awb-padding-top:10px;--awb-padding-bottom:10px;--awb-bg-size:cover;--awb-margin-top:10px;--awb-margin-bottom:0px;width:20%;width:calc(20% - ( ( 4% ) * 0.2 ) );margin-right: 4%;\"><div class=\"fusion-column-wrapper fusion-column-has-shadow fusion-flex-column-wrapper-legacy\"><div class=\"fusion-column-content-centered\"><div class=\"fusion-column-content\"><div class=\"fusion-title title fusion-title-1 fusion-sep-none fusion-title-text fusion-title-size-two\" style=\"--awb-text-color:#ffffff;--awb-margin-bottom:0px;--awb-margin-right-small:0px;--awb-margin-bottom-small:0px;--awb-margin-left-small:0px;\"><h2 class=\"fusion-title-heading title-heading-left fusion-responsive-typography-calculated\" style=\"margin:0;--fontSize:26;--minFontSize:26;line-height:1.25;\">Mots-cl\u00e9s:<\/h2><\/div><\/div><\/div><div class=\"fusion-clearfix\"><\/div><\/div><\/div><div class=\"fusion-layout-column fusion_builder_column fusion-builder-column-6 fusion_builder_column_4_5 4_5 fusion-four-fifth fusion-column-last fusion-column-no-min-height\" style=\"--awb-padding-top:10px;--awb-padding-bottom:10px;--awb-bg-size:cover;--awb-margin-top:20px;--awb-margin-bottom:0px;width:80%;width:calc(80% - ( ( 4% ) * 0.8 ) );\"><div class=\"fusion-column-wrapper fusion-column-has-shadow fusion-flex-column-wrapper-legacy\"><div class=\"fusion-text fusion-text-5\"><p><span style=\"color: #ffffff;\"><a href=\"https:\/\/feucht-obsttechnik.de\/fr\/traitement-des-fruits-secs\/recolter-des-noix-en-petite-quantite\/cassage-des-fruits-secs\/\">Casse-noix manuel pour noisettes<\/a>, <a href=\"https:\/\/feucht-obsttechnik.de\/fr\/traitement-des-fruits-secs\/traitement-des-fruits-secs-en-grande-quantite\/craquer-des-fruits-secs\/#micro\">Casse-noix Micro<\/a>, <a href=\"https:\/\/feucht-obsttechnik.de\/fr\/wal-man\/\">WAL MAN<\/a><\/span><\/p>\n<\/div><div class=\"fusion-clearfix\"><\/div><\/div><\/div><\/div><\/div><\/p>\n","protected":false},"excerpt":{"rendered":"","protected":false},"author":4,"featured_media":0,"parent":0,"menu_order":0,"comment_status":"closed","ping_status":"closed","template":"100-width.php","meta":{"footnotes":"","_wp_rev_ctl_limit":""},"class_list":["post-13115","page","type-page","status-publish","hentry"],"yoast_head":"<!-- This site is optimized with the Yoast SEO plugin v27.5 - https:\/\/yoast.com\/product\/yoast-seo-wordpress\/ -->\n<title>Casse-noix manuel pour noisettes - Feucht Obsttechnik<\/title>\n<meta name=\"description\" content=\"Le casse-noix manuel pour noisettes de Feucht Obsttechnik offre les meilleurs r\u00e9sultats de cassage, de fa\u00e7on simple et rapide. Pour en savoir plus sur notre casse-noix manuel pour noisettes !\" \/>\n<meta name=\"robots\" content=\"index, follow, max-snippet:-1, max-image-preview:large, max-video-preview:-1\" \/>\n<link rel=\"canonical\" href=\"https:\/\/feucht-obsttechnik.de\/fr\/lp-haselnuss-handknacker\/\" \/>\n<meta property=\"og:locale\" content=\"fr_FR\" \/>\n<meta property=\"og:type\" content=\"article\" \/>\n<meta property=\"og:title\" content=\"Casse-noix manuel pour noisettes - Feucht Obsttechnik\" \/>\n<meta property=\"og:description\" content=\"Le casse-noix manuel pour noisettes de Feucht Obsttechnik offre les meilleurs r\u00e9sultats de cassage, de fa\u00e7on simple et rapide. Pour en savoir plus sur notre casse-noix manuel pour noisettes !\" \/>\n<meta property=\"og:url\" content=\"https:\/\/feucht-obsttechnik.de\/fr\/lp-haselnuss-handknacker\/\" \/>\n<meta property=\"og:site_name\" content=\"Feucht Obsttechnik\" \/>\n<meta property=\"article:modified_time\" content=\"2021-04-16T14:24:16+00:00\" \/>\n<meta name=\"twitter:card\" content=\"summary_large_image\" \/>\n<meta name=\"twitter:label1\" content=\"Dur\u00e9e de lecture estim\u00e9e\" \/>\n\t<meta name=\"twitter:data1\" content=\"10 minutes\" \/>\n<script type=\"application\/ld+json\" class=\"yoast-schema-graph\">{\"@context\":\"https:\\\/\\\/schema.org\",\"@graph\":[{\"@type\":\"WebPage\",\"@id\":\"https:\\\/\\\/feucht-obsttechnik.de\\\/fr\\\/lp-haselnuss-handknacker\\\/\",\"url\":\"https:\\\/\\\/feucht-obsttechnik.de\\\/fr\\\/lp-haselnuss-handknacker\\\/\",\"name\":\"Casse-noix manuel pour noisettes - Feucht Obsttechnik\",\"isPartOf\":{\"@id\":\"https:\\\/\\\/feucht-obsttechnik.de\\\/fr\\\/#website\"},\"datePublished\":\"2021-04-09T10:21:20+00:00\",\"dateModified\":\"2021-04-16T14:24:16+00:00\",\"description\":\"Le casse-noix manuel pour noisettes de Feucht Obsttechnik offre les meilleurs r\u00e9sultats de cassage, de fa\u00e7on simple et rapide. Pour en savoir plus sur notre casse-noix manuel pour noisettes !\",\"breadcrumb\":{\"@id\":\"https:\\\/\\\/feucht-obsttechnik.de\\\/fr\\\/lp-haselnuss-handknacker\\\/#breadcrumb\"},\"inLanguage\":\"fr-FR\",\"potentialAction\":[{\"@type\":\"ReadAction\",\"target\":[\"https:\\\/\\\/feucht-obsttechnik.de\\\/fr\\\/lp-haselnuss-handknacker\\\/\"]}]},{\"@type\":\"BreadcrumbList\",\"@id\":\"https:\\\/\\\/feucht-obsttechnik.de\\\/fr\\\/lp-haselnuss-handknacker\\\/#breadcrumb\",\"itemListElement\":[{\"@type\":\"ListItem\",\"position\":1,\"name\":\"Startseite\",\"item\":\"https:\\\/\\\/feucht-obsttechnik.de\\\/fr\\\/\"},{\"@type\":\"ListItem\",\"position\":2,\"name\":\"LP Haselnuss-Handknacker\"}]},{\"@type\":\"WebSite\",\"@id\":\"https:\\\/\\\/feucht-obsttechnik.de\\\/fr\\\/#website\",\"url\":\"https:\\\/\\\/feucht-obsttechnik.de\\\/fr\\\/\",\"name\":\"Feucht Obsttechnik\",\"description\":\"\",\"publisher\":{\"@id\":\"https:\\\/\\\/feucht-obsttechnik.de\\\/fr\\\/#organization\"},\"potentialAction\":[{\"@type\":\"SearchAction\",\"target\":{\"@type\":\"EntryPoint\",\"urlTemplate\":\"https:\\\/\\\/feucht-obsttechnik.de\\\/fr\\\/?s={search_term_string}\"},\"query-input\":{\"@type\":\"PropertyValueSpecification\",\"valueRequired\":true,\"valueName\":\"search_term_string\"}}],\"inLanguage\":\"fr-FR\"},{\"@type\":\"Organization\",\"@id\":\"https:\\\/\\\/feucht-obsttechnik.de\\\/fr\\\/#organization\",\"name\":\"Feucht Obsttechnik GmbH\",\"url\":\"https:\\\/\\\/feucht-obsttechnik.de\\\/fr\\\/\",\"logo\":{\"@type\":\"ImageObject\",\"inLanguage\":\"fr-FR\",\"@id\":\"https:\\\/\\\/feucht-obsttechnik.de\\\/fr\\\/#\\\/schema\\\/logo\\\/image\\\/\",\"url\":\"https:\\\/\\\/feucht-obsttechnik.de\\\/wp-content\\\/uploads\\\/logo-feucht@2x-1.png\",\"contentUrl\":\"https:\\\/\\\/feucht-obsttechnik.de\\\/wp-content\\\/uploads\\\/logo-feucht@2x-1.png\",\"width\":640,\"height\":123,\"caption\":\"Feucht Obsttechnik GmbH\"},\"image\":{\"@id\":\"https:\\\/\\\/feucht-obsttechnik.de\\\/fr\\\/#\\\/schema\\\/logo\\\/image\\\/\"}}]}<\/script>\n<!-- \/ Yoast SEO plugin. -->","yoast_head_json":{"title":"Casse-noix manuel pour noisettes - Feucht Obsttechnik","description":"Le casse-noix manuel pour noisettes de Feucht Obsttechnik offre les meilleurs r\u00e9sultats de cassage, de fa\u00e7on simple et rapide. Pour en savoir plus sur notre casse-noix manuel pour noisettes !","robots":{"index":"index","follow":"follow","max-snippet":"max-snippet:-1","max-image-preview":"max-image-preview:large","max-video-preview":"max-video-preview:-1"},"canonical":"https:\/\/feucht-obsttechnik.de\/fr\/lp-haselnuss-handknacker\/","og_locale":"fr_FR","og_type":"article","og_title":"Casse-noix manuel pour noisettes - Feucht Obsttechnik","og_description":"Le casse-noix manuel pour noisettes de Feucht Obsttechnik offre les meilleurs r\u00e9sultats de cassage, de fa\u00e7on simple et rapide. Pour en savoir plus sur notre casse-noix manuel pour noisettes !","og_url":"https:\/\/feucht-obsttechnik.de\/fr\/lp-haselnuss-handknacker\/","og_site_name":"Feucht Obsttechnik","article_modified_time":"2021-04-16T14:24:16+00:00","twitter_card":"summary_large_image","twitter_misc":{"Dur\u00e9e de lecture estim\u00e9e":"10 minutes"},"schema":{"@context":"https:\/\/schema.org","@graph":[{"@type":"WebPage","@id":"https:\/\/feucht-obsttechnik.de\/fr\/lp-haselnuss-handknacker\/","url":"https:\/\/feucht-obsttechnik.de\/fr\/lp-haselnuss-handknacker\/","name":"Casse-noix manuel pour noisettes - Feucht Obsttechnik","isPartOf":{"@id":"https:\/\/feucht-obsttechnik.de\/fr\/#website"},"datePublished":"2021-04-09T10:21:20+00:00","dateModified":"2021-04-16T14:24:16+00:00","description":"Le casse-noix manuel pour noisettes de Feucht Obsttechnik offre les meilleurs r\u00e9sultats de cassage, de fa\u00e7on simple et rapide. Pour en savoir plus sur notre casse-noix manuel pour noisettes !","breadcrumb":{"@id":"https:\/\/feucht-obsttechnik.de\/fr\/lp-haselnuss-handknacker\/#breadcrumb"},"inLanguage":"fr-FR","potentialAction":[{"@type":"ReadAction","target":["https:\/\/feucht-obsttechnik.de\/fr\/lp-haselnuss-handknacker\/"]}]},{"@type":"BreadcrumbList","@id":"https:\/\/feucht-obsttechnik.de\/fr\/lp-haselnuss-handknacker\/#breadcrumb","itemListElement":[{"@type":"ListItem","position":1,"name":"Startseite","item":"https:\/\/feucht-obsttechnik.de\/fr\/"},{"@type":"ListItem","position":2,"name":"LP Haselnuss-Handknacker"}]},{"@type":"WebSite","@id":"https:\/\/feucht-obsttechnik.de\/fr\/#website","url":"https:\/\/feucht-obsttechnik.de\/fr\/","name":"Feucht Obsttechnik","description":"","publisher":{"@id":"https:\/\/feucht-obsttechnik.de\/fr\/#organization"},"potentialAction":[{"@type":"SearchAction","target":{"@type":"EntryPoint","urlTemplate":"https:\/\/feucht-obsttechnik.de\/fr\/?s={search_term_string}"},"query-input":{"@type":"PropertyValueSpecification","valueRequired":true,"valueName":"search_term_string"}}],"inLanguage":"fr-FR"},{"@type":"Organization","@id":"https:\/\/feucht-obsttechnik.de\/fr\/#organization","name":"Feucht Obsttechnik GmbH","url":"https:\/\/feucht-obsttechnik.de\/fr\/","logo":{"@type":"ImageObject","inLanguage":"fr-FR","@id":"https:\/\/feucht-obsttechnik.de\/fr\/#\/schema\/logo\/image\/","url":"https:\/\/feucht-obsttechnik.de\/wp-content\/uploads\/logo-feucht@2x-1.png","contentUrl":"https:\/\/feucht-obsttechnik.de\/wp-content\/uploads\/logo-feucht@2x-1.png","width":640,"height":123,"caption":"Feucht Obsttechnik GmbH"},"image":{"@id":"https:\/\/feucht-obsttechnik.de\/fr\/#\/schema\/logo\/image\/"}}]}},"_links":{"self":[{"href":"https:\/\/feucht-obsttechnik.de\/fr\/wp-json\/wp\/v2\/pages\/13115","targetHints":{"allow":["GET"]}}],"collection":[{"href":"https:\/\/feucht-obsttechnik.de\/fr\/wp-json\/wp\/v2\/pages"}],"about":[{"href":"https:\/\/feucht-obsttechnik.de\/fr\/wp-json\/wp\/v2\/types\/page"}],"author":[{"embeddable":true,"href":"https:\/\/feucht-obsttechnik.de\/fr\/wp-json\/wp\/v2\/users\/4"}],"replies":[{"embeddable":true,"href":"https:\/\/feucht-obsttechnik.de\/fr\/wp-json\/wp\/v2\/comments?post=13115"}],"version-history":[{"count":0,"href":"https:\/\/feucht-obsttechnik.de\/fr\/wp-json\/wp\/v2\/pages\/13115\/revisions"}],"wp:attachment":[{"href":"https:\/\/feucht-obsttechnik.de\/fr\/wp-json\/wp\/v2\/media?parent=13115"}],"curies":[{"name":"wp","href":"https:\/\/api.w.org\/{rel}","templated":true}]}}