{"id":13086,"date":"2021-04-09T12:11:05","date_gmt":"2021-04-09T10:11:05","guid":{"rendered":"http:\/\/neu2020.feucht-obsttechnik.de\/lp-rompenueces-manual\/"},"modified":"2021-04-09T12:11:09","modified_gmt":"2021-04-09T10:11:09","slug":"lp-rompenueces-manual","status":"publish","type":"page","link":"https:\/\/feucht-obsttechnik.de\/es\/lp-rompenueces-manual\/","title":{"rendered":"LP Rompenueces manual"},"content":{"rendered":"<p><div class=\"fusion-bg-parallax\" data-bg-align=\"left center\" data-direction=\"up\" data-mute=\"false\" data-opacity=\"100\" data-velocity=\"-0.3\" data-mobile-enabled=\"false\" data-break_parents=\"0\" data-bg-image=\"https:\/\/feucht-obsttechnik.de\/wp-content\/uploads\/bg-header-nussverarbeitung-1.jpg\" data-bg-repeat=\"false\" ><\/div><div class=\"fusion-fullwidth fullwidth-box fusion-builder-row-1 fusion-parallax-up nonhundred-percent-fullwidth non-hundred-percent-height-scrolling\" style=\"--awb-background-position:left center;--awb-border-sizes-top:0px;--awb-border-sizes-bottom:0px;--awb-border-sizes-left:0px;--awb-border-sizes-right:0px;--awb-border-radius-top-left:0px;--awb-border-radius-top-right:0px;--awb-border-radius-bottom-right:0px;--awb-border-radius-bottom-left:0px;--awb-padding-top:130px;--awb-padding-bottom:120px;--awb-background-image:url(&quot;https:\/\/feucht-obsttechnik.de\/wp-content\/uploads\/bg-header-nussverarbeitung-1.jpg&quot;);--awb-background-size:cover;--awb-flex-wrap:wrap;\" ><div class=\"fusion-builder-row fusion-row\"><div class=\"fusion-layout-column fusion_builder_column fusion-builder-column-0 fusion_builder_column_1_2 1_2 fusion-one-half fusion-column-first\" style=\"--awb-bg-size:cover;width:48%; margin-right: 4%;\"><div class=\"fusion-column-wrapper fusion-flex-column-wrapper-legacy\"><div class=\"fusion-text fusion-text-1\"><h1><span style=\"color: #ffffff\">Rompenueces manual<\/span><\/h1>\n<p><span style=\"color: #ffffff\">Tratamiento exitoso con la mejor tecnolog\u00eda: Obtenga los mejores resultados de craqueo de un modo r\u00e1pido y f\u00e1cil con nuestro rompenueces.<\/span><\/p>\n<\/div><div class=\"fusion-clearfix\"><\/div><\/div><\/div><div class=\"fusion-layout-column fusion_builder_column fusion-builder-column-1 fusion_builder_column_1_2 1_2 fusion-one-half fusion-column-last\" style=\"--awb-bg-size:cover;width:48%;\"><div class=\"fusion-column-wrapper fusion-flex-column-wrapper-legacy\"><div class=\"fusion-clearfix\"><\/div><\/div><\/div><\/div><\/div><div class=\"fusion-fullwidth fullwidth-box fusion-builder-row-2 nonhundred-percent-fullwidth non-hundred-percent-height-scrolling\" style=\"--awb-background-position:left top;--awb-border-sizes-top:0px;--awb-border-sizes-bottom:0px;--awb-border-sizes-left:0px;--awb-border-sizes-right:0px;--awb-border-radius-top-left:0px;--awb-border-radius-top-right:0px;--awb-border-radius-bottom-right:0px;--awb-border-radius-bottom-left:0px;--awb-padding-top:130px;--awb-padding-bottom:30px;--awb-flex-wrap:wrap;\" ><div class=\"fusion-builder-row fusion-row\"><div class=\"fusion-layout-column fusion_builder_column fusion-builder-column-2 fusion_builder_column_1_1 1_1 fusion-one-full fusion-column-first fusion-column-last\" style=\"--awb-bg-size:cover;\"><div class=\"fusion-column-wrapper fusion-column-has-shadow fusion-flex-column-wrapper-legacy\"><div class=\"fusion-text fusion-text-2\"><h2>Rompenueces manual<\/h2>\n<\/div><div class=\"fusion-text fusion-text-3\"><h3><span class=\"\">Con la ayuda de la m\u00e1quina para romper frutos secos, se rompen hasta el 90% de los mismos en la primera ronda de craqueo. <\/span><\/h3>\n<\/div><div class=\"fusion-clearfix\"><\/div><\/div><\/div><div class=\"fusion-layout-column fusion_builder_column fusion-builder-column-3 fusion_builder_column_1_2 1_2 fusion-one-half fusion-column-first\" style=\"--awb-bg-size:cover;width:48%; margin-right: 4%;\"><div class=\"fusion-column-wrapper fusion-flex-column-wrapper-legacy\"><div class=\"fusion-text fusion-text-4\"><p>Los frutos secos son conocidos no solo por sus beneficios para la salud, sino que tambi\u00e9n pueden integrarse en pr\u00e1cticamente cualquier comida o disfrutarse como aperitivo. Con la ayuda de un rompenueces manual (apto tambi\u00e9n para avellanas), los frutos se pueden cascar de una manera sencilla y r\u00e1pida con un rompenueces manual. <\/p>\n<p>Tambi\u00e9n hemos desarrollado el rompenueces \u00ab<strong>WAL MAN<\/strong>\u00bb. La WAL MAN es una m\u00e1quina de cascado manual muy simple, econ\u00f3mica y autom\u00e1tica (tambi\u00e9n apta para avellanas) con un alto nivel de cascado de los frutos. Al hacer el craqueo, obtiene un resultado de agrietamiento muy limpio (nuez: 10-15% de medios n\u00facleos y con muy buena calidad de las nueces 20-40% de medios n\u00facleos; Avellana: 70-80% n\u00facleos enteros) Los frutos secos deben estar calibrados con antelaci\u00f3n, en grandes, medianos y peque\u00f1os, para lograr un buen resultado. Con el rompenueces manual SMALL se pueden partir hasta 15 kg\/h de nueces y con el modelo normal hasta 30 kg\/h. El principio de funcionamiento del cascanueces manual es simple: Una vez que la compuerta de entrada est\u00e1 llena de frutos secos, la manivela se gira hacia la izquierda y hacia la derecha como un columpio.     Despu\u00e9s de la operaci\u00f3n, las nueces rotas (n\u00facleos, c\u00e1scaras y frutos parcialmente rotos) se pueden recoger en el punto de descarga colocando un contenedor. El rompenueces WAL MAN est\u00e1 disponible en dos versiones, que se diferencian en t\u00e9rminos de capacidad de craqueo. La WAL MAN tambi\u00e9n est\u00e1 disponible con transmisi\u00f3n mec\u00e1nica o motor el\u00e9ctrico. El rompenueces manual se puede combinar con un removedor de c\u00e1scaras.<\/p>\n<p>Durante varias generaciones hemos estado activos en el campo de la tecnolog\u00eda de recolecci\u00f3n de frutas y tambi\u00e9n somos un socio competente para nuestros clientes en el campo de la tecnolog\u00eda de tratamiento de frutos secos y de siega. A trav\u00e9s del desarrollo de productos constantemente innovadores, nos hemos convertido en el l\u00edder del mercado europeo en cuanto a tecnolog\u00eda de recolecci\u00f3n de fruta, de corte y de tratamiento de frutos secos. Adem\u00e1s de nuestro cascanueces, tambi\u00e9n ofrecemos cascanueces mec\u00e1nicos, y tambi\u00e9n somos un proveedor completo en todas las \u00e1reas del tratamiento de frutos secos: lavado, secado, calibrado y craqueo (pre-craqueo, eliminaci\u00f3n de c\u00e1scaras, post-craqueo, clasificaci\u00f3n y calibraci\u00f3n del n\u00facleo).<\/p>\n<\/div><div class=\"fusion-button-wrapper\"><a class=\"fusion-button button-flat fusion-button-default-size button-custom fusion-button-default button-1 fusion-button-default-span fusion-button-default-type\" style=\"--button_accent_color:#ffffff;--button_border_color:#ffffff;--button_accent_hover_color:#ffffff;--button_border_hover_color:#ffffff;--button_gradient_top_color:#cc0000;--button_gradient_bottom_color:#cc0000;--button_gradient_top_color_hover:#ef0000;--button_gradient_bottom_color_hover:#ef0000;\" target=\"_self\" title=\"M\u00e1s informaci\u00f3n sobre nuestro cascanueces de acci\u00f3n manual\" aria-label=\"M\u00e1s informaci\u00f3n sobre nuestro cascanueces de acci\u00f3n manual\" href=\"https:\/\/feucht-obsttechnik.de\/es\/wal-man\/\"><span class=\"fusion-button-text awb-button__text awb-button__text--default\">M\u00c1S INFORMACI\u00d3N SOBRE NUESTRO CASCANUECES DE ACCI\u00d3N MANUAL<\/span><\/a><\/div><div class=\"fusion-clearfix\"><\/div><\/div><\/div><div class=\"fusion-layout-column fusion_builder_column fusion-builder-column-4 fusion_builder_column_1_2 1_2 fusion-one-half fusion-column-last\" style=\"--awb-bg-size:cover;width:48%;\"><div class=\"fusion-column-wrapper fusion-flex-column-wrapper-legacy\"><div class=\"fusion-image-element in-legacy-container\" style=\"--awb-caption-title-font-family:var(--h2_typography-font-family);--awb-caption-title-font-weight:var(--h2_typography-font-weight);--awb-caption-title-font-style:var(--h2_typography-font-style);--awb-caption-title-size:var(--h2_typography-font-size);--awb-caption-title-transform:var(--h2_typography-text-transform);--awb-caption-title-line-height:var(--h2_typography-line-height);--awb-caption-title-letter-spacing:var(--h2_typography-letter-spacing);\"><span class=\" fusion-imageframe imageframe-none imageframe-1 hover-type-zoomin fusion-animated\" data-animationType=\"fadeInDown\" data-animationDuration=\"1.0\" data-animationOffset=\"bottom-in-view\"><a href=\"https:\/\/feucht-obsttechnik.de\/wp-content\/uploads\/handknacker-wal-man-walnuss-2.jpg\" class=\"fusion-lightbox\" data-rel=\"iLightbox[Rompenueces manual]\" data-title=\"Craqueo de frutos secos con la WAL MAN\" title=\"Craqueo de frutos secos con la WAL MAN\"><img decoding=\"async\" width=\"1600\" height=\"1200\" src=\"https:\/\/feucht-obsttechnik.de\/wp-content\/uploads\/handknacker-wal-man-walnuss-2.jpg\" alt class=\"img-responsive wp-image-8057\" srcset=\"https:\/\/feucht-obsttechnik.de\/wp-content\/uploads\/handknacker-wal-man-walnuss-2-200x150.jpg 200w, https:\/\/feucht-obsttechnik.de\/wp-content\/uploads\/handknacker-wal-man-walnuss-2-400x300.jpg 400w, https:\/\/feucht-obsttechnik.de\/wp-content\/uploads\/handknacker-wal-man-walnuss-2-600x450.jpg 600w, https:\/\/feucht-obsttechnik.de\/wp-content\/uploads\/handknacker-wal-man-walnuss-2-800x600.jpg 800w, https:\/\/feucht-obsttechnik.de\/wp-content\/uploads\/handknacker-wal-man-walnuss-2-1200x900.jpg 1200w, https:\/\/feucht-obsttechnik.de\/wp-content\/uploads\/handknacker-wal-man-walnuss-2.jpg 1600w\" sizes=\"(max-width: 835px) 100vw, 600px\" \/><\/a><\/span><\/div><div class=\"fusion-sep-clear\"><\/div><div class=\"fusion-separator fusion-full-width-sep\" style=\"margin-left: auto;margin-right: auto;margin-bottom:30px;width:100%;\"><\/div><div class=\"fusion-sep-clear\"><\/div><div class=\"fusion-image-element in-legacy-container\" style=\"--awb-caption-title-font-family:var(--h2_typography-font-family);--awb-caption-title-font-weight:var(--h2_typography-font-weight);--awb-caption-title-font-style:var(--h2_typography-font-style);--awb-caption-title-size:var(--h2_typography-font-size);--awb-caption-title-transform:var(--h2_typography-text-transform);--awb-caption-title-line-height:var(--h2_typography-line-height);--awb-caption-title-letter-spacing:var(--h2_typography-letter-spacing);\"><span class=\" fusion-imageframe imageframe-none imageframe-2 hover-type-zoomin fusion-animated\" data-animationType=\"fadeInDown\" data-animationDuration=\"1.0\" data-animationOffset=\"bottom-in-view\"><a href=\"https:\/\/feucht-obsttechnik.de\/wp-content\/uploads\/handknacker-wal-man-walnuss-1.jpg\" class=\"fusion-lightbox\" data-rel=\"iLightbox[Rompenueces manual]\" data-title=\"Craqueo de frutos secos con la WAL MAN\" title=\"Craqueo de frutos secos con la WAL MAN\"><img decoding=\"async\" width=\"1600\" height=\"1200\" src=\"https:\/\/feucht-obsttechnik.de\/wp-content\/uploads\/handknacker-wal-man-walnuss-1.jpg\" alt class=\"img-responsive wp-image-8052\" srcset=\"https:\/\/feucht-obsttechnik.de\/wp-content\/uploads\/handknacker-wal-man-walnuss-1-200x150.jpg 200w, https:\/\/feucht-obsttechnik.de\/wp-content\/uploads\/handknacker-wal-man-walnuss-1-400x300.jpg 400w, https:\/\/feucht-obsttechnik.de\/wp-content\/uploads\/handknacker-wal-man-walnuss-1-600x450.jpg 600w, https:\/\/feucht-obsttechnik.de\/wp-content\/uploads\/handknacker-wal-man-walnuss-1-800x600.jpg 800w, https:\/\/feucht-obsttechnik.de\/wp-content\/uploads\/handknacker-wal-man-walnuss-1-1200x900.jpg 1200w, https:\/\/feucht-obsttechnik.de\/wp-content\/uploads\/handknacker-wal-man-walnuss-1.jpg 1600w\" sizes=\"(max-width: 835px) 100vw, 600px\" \/><\/a><\/span><\/div><div class=\"fusion-sep-clear\"><\/div><div class=\"fusion-separator fusion-full-width-sep\" style=\"margin-left: auto;margin-right: auto;margin-bottom:30px;width:100%;\"><\/div><div class=\"fusion-sep-clear\"><\/div><div class=\"fusion-image-element in-legacy-container\" style=\"--awb-caption-title-font-family:var(--h2_typography-font-family);--awb-caption-title-font-weight:var(--h2_typography-font-weight);--awb-caption-title-font-style:var(--h2_typography-font-style);--awb-caption-title-size:var(--h2_typography-font-size);--awb-caption-title-transform:var(--h2_typography-text-transform);--awb-caption-title-line-height:var(--h2_typography-line-height);--awb-caption-title-letter-spacing:var(--h2_typography-letter-spacing);\"><span class=\" fusion-imageframe imageframe-none imageframe-3 hover-type-zoomin fusion-animated\" data-animationType=\"fadeInDown\" data-animationDuration=\"1.0\" data-animationOffset=\"bottom-in-view\"><a href=\"https:\/\/feucht-obsttechnik.de\/wp-content\/uploads\/handknacker-wal-man-walnuss-2.jpg\" class=\"fusion-lightbox\" data-rel=\"iLightbox[Rompenueces manual]\" data-title=\"Craqueo de frutos secos con la WAL MAN\" title=\"Craqueo de frutos secos con la WAL MAN\"><img decoding=\"async\" width=\"1600\" height=\"1200\" src=\"https:\/\/feucht-obsttechnik.de\/wp-content\/uploads\/handknacker-wal-man-walnuss-2.jpg\" alt class=\"img-responsive wp-image-8057\" srcset=\"https:\/\/feucht-obsttechnik.de\/wp-content\/uploads\/handknacker-wal-man-walnuss-2-200x150.jpg 200w, https:\/\/feucht-obsttechnik.de\/wp-content\/uploads\/handknacker-wal-man-walnuss-2-400x300.jpg 400w, https:\/\/feucht-obsttechnik.de\/wp-content\/uploads\/handknacker-wal-man-walnuss-2-600x450.jpg 600w, https:\/\/feucht-obsttechnik.de\/wp-content\/uploads\/handknacker-wal-man-walnuss-2-800x600.jpg 800w, https:\/\/feucht-obsttechnik.de\/wp-content\/uploads\/handknacker-wal-man-walnuss-2-1200x900.jpg 1200w, https:\/\/feucht-obsttechnik.de\/wp-content\/uploads\/handknacker-wal-man-walnuss-2.jpg 1600w\" sizes=\"(max-width: 835px) 100vw, 600px\" \/><\/a><\/span><\/div><div class=\"fusion-clearfix\"><\/div><\/div><\/div><\/div><\/div><div class=\"fusion-fullwidth fullwidth-box fusion-builder-row-3 nonhundred-percent-fullwidth non-hundred-percent-height-scrolling fusion-equal-height-columns fusion-no-small-visibility schlagwoerter\" style=\"--awb-background-position:center top;--awb-border-sizes-top:0px;--awb-border-sizes-bottom:0px;--awb-border-sizes-left:0px;--awb-border-sizes-right:0px;--awb-border-radius-top-left:0px;--awb-border-radius-top-right:0px;--awb-border-radius-bottom-right:0px;--awb-border-radius-bottom-left:0px;--awb-padding-top:0px;--awb-padding-right:15%;--awb-padding-bottom:0px;--awb-padding-left:15%;--awb-background-color:#a0ce4e;--awb-flex-wrap:wrap;\" ><div class=\"fusion-builder-row fusion-row\"><div class=\"fusion-layout-column fusion_builder_column fusion-builder-column-5 fusion_builder_column_1_5 1_5 fusion-one-fifth fusion-column-first\" style=\"--awb-padding-top:10px;--awb-padding-bottom:10px;--awb-bg-size:cover;--awb-margin-top:10px;--awb-margin-bottom:0px;width:20%;width:calc(20% - ( ( 4% ) * 0.2 ) );margin-right: 4%;\"><div class=\"fusion-column-wrapper fusion-column-has-shadow fusion-flex-column-wrapper-legacy\"><div class=\"fusion-column-content-centered\"><div class=\"fusion-column-content\"><div class=\"fusion-title title fusion-title-1 fusion-sep-none fusion-title-text fusion-title-size-two\" style=\"--awb-text-color:#ffffff;--awb-margin-bottom:0px;--awb-margin-right-small:0px;--awb-margin-bottom-small:0px;--awb-margin-left-small:0px;\"><h2 class=\"fusion-title-heading title-heading-left fusion-responsive-typography-calculated\" style=\"margin:0;--fontSize:26;--minFontSize:26;line-height:1.25;\">Palabras clave:<\/h2><\/div><\/div><\/div><div class=\"fusion-clearfix\"><\/div><\/div><\/div><div class=\"fusion-layout-column fusion_builder_column fusion-builder-column-6 fusion_builder_column_4_5 4_5 fusion-four-fifth fusion-column-last fusion-column-no-min-height\" style=\"--awb-padding-top:10px;--awb-padding-bottom:10px;--awb-bg-size:cover;--awb-margin-top:20px;--awb-margin-bottom:0px;width:80%;width:calc(80% - ( ( 4% ) * 0.8 ) );\"><div class=\"fusion-column-wrapper fusion-column-has-shadow fusion-flex-column-wrapper-legacy\"><div class=\"fusion-text fusion-text-5\"><p><span style=\"color: #ffffff\"><a href=\"https:\/\/feucht-obsttechnik.de\/es\/procesamiento-de-frutos-secos\/procesamiento-de-nueces-grande\/cascar-frutos-secos\/\">M\u00e1quina para partir nueces<\/a>, <a title=\"M\u00e1s informaci\u00f3n sobre Rompenueces Micro\" href=\"https:\/\/feucht-obsttechnik.de\/es\/procesamiento-de-frutos-secos\/procesamiento-de-nueces-grande\/cascar-frutos-secos\/#micro\">Cascanueces Micro<\/a>,<a href=\"https:\/\/feucht-obsttechnik.de\/es\/procesamiento-de-frutos-secos\/procesamiento-de-nueces-grande\/secado-de-frutos-secos\/\">Secadora de frutos secos<\/a>, <a href=\"https:\/\/feucht-obsttechnik.de\/es\/procesamiento-de-frutos-secos\/\">Tratamiento de frutos secos<\/a><\/span><\/p>\n<\/div><div class=\"fusion-clearfix\"><\/div><\/div><\/div><\/div><\/div><\/p>\n","protected":false},"excerpt":{"rendered":"","protected":false},"author":4,"featured_media":0,"parent":0,"menu_order":0,"comment_status":"closed","ping_status":"closed","template":"100-width.php","meta":{"footnotes":"","_wp_rev_ctl_limit":""},"class_list":["post-13086","page","type-page","status-publish","hentry"],"yoast_head":"<!-- This site is optimized with the Yoast SEO plugin v27.5 - https:\/\/yoast.com\/product\/yoast-seo-wordpress\/ -->\n<title>Rompenueces manual\/Dispositivo de craqueo de frutos secos- Feucht Obsttechnik<\/title>\n<meta name=\"description\" content=\"El cascanueces manual de Feucht Obsttechnik ofrece los mejores resultados de craqueo de un modo sencillo y r\u00e1pido. Conozca nuestros populares rompenueces.\" \/>\n<meta name=\"robots\" content=\"index, follow, max-snippet:-1, max-image-preview:large, max-video-preview:-1\" \/>\n<link rel=\"canonical\" href=\"https:\/\/feucht-obsttechnik.de\/es\/lp-rompenueces-manual\/\" \/>\n<meta property=\"og:locale\" content=\"es_ES\" \/>\n<meta property=\"og:type\" content=\"article\" \/>\n<meta property=\"og:title\" content=\"Rompenueces manual\/Dispositivo de craqueo de frutos secos- Feucht Obsttechnik\" \/>\n<meta property=\"og:description\" content=\"El cascanueces manual de Feucht Obsttechnik ofrece los mejores resultados de craqueo de un modo sencillo y r\u00e1pido. Conozca nuestros populares rompenueces.\" \/>\n<meta property=\"og:url\" content=\"https:\/\/feucht-obsttechnik.de\/es\/lp-rompenueces-manual\/\" \/>\n<meta property=\"og:site_name\" content=\"Feucht Obsttechnik\" \/>\n<meta property=\"article:modified_time\" content=\"2021-04-09T10:11:09+00:00\" \/>\n<meta name=\"twitter:card\" content=\"summary_large_image\" \/>\n<meta name=\"twitter:label1\" content=\"Tiempo de lectura\" \/>\n\t<meta name=\"twitter:data1\" content=\"11 minutos\" \/>\n<script type=\"application\/ld+json\" class=\"yoast-schema-graph\">{\"@context\":\"https:\\\/\\\/schema.org\",\"@graph\":[{\"@type\":\"WebPage\",\"@id\":\"https:\\\/\\\/feucht-obsttechnik.de\\\/es\\\/lp-rompenueces-manual\\\/\",\"url\":\"https:\\\/\\\/feucht-obsttechnik.de\\\/es\\\/lp-rompenueces-manual\\\/\",\"name\":\"Rompenueces manual\\\/Dispositivo de craqueo de frutos secos- Feucht Obsttechnik\",\"isPartOf\":{\"@id\":\"https:\\\/\\\/feucht-obsttechnik.de\\\/es\\\/#website\"},\"datePublished\":\"2021-04-09T10:11:05+00:00\",\"dateModified\":\"2021-04-09T10:11:09+00:00\",\"description\":\"El cascanueces manual de Feucht Obsttechnik ofrece los mejores resultados de craqueo de un modo sencillo y r\u00e1pido. Conozca nuestros populares rompenueces.\",\"breadcrumb\":{\"@id\":\"https:\\\/\\\/feucht-obsttechnik.de\\\/es\\\/lp-rompenueces-manual\\\/#breadcrumb\"},\"inLanguage\":\"es\",\"potentialAction\":[{\"@type\":\"ReadAction\",\"target\":[\"https:\\\/\\\/feucht-obsttechnik.de\\\/es\\\/lp-rompenueces-manual\\\/\"]}]},{\"@type\":\"BreadcrumbList\",\"@id\":\"https:\\\/\\\/feucht-obsttechnik.de\\\/es\\\/lp-rompenueces-manual\\\/#breadcrumb\",\"itemListElement\":[{\"@type\":\"ListItem\",\"position\":1,\"name\":\"Startseite\",\"item\":\"https:\\\/\\\/feucht-obsttechnik.de\\\/es\\\/\"},{\"@type\":\"ListItem\",\"position\":2,\"name\":\"LP Rompenueces manual\"}]},{\"@type\":\"WebSite\",\"@id\":\"https:\\\/\\\/feucht-obsttechnik.de\\\/es\\\/#website\",\"url\":\"https:\\\/\\\/feucht-obsttechnik.de\\\/es\\\/\",\"name\":\"Feucht Obsttechnik\",\"description\":\"\",\"publisher\":{\"@id\":\"https:\\\/\\\/feucht-obsttechnik.de\\\/es\\\/#organization\"},\"potentialAction\":[{\"@type\":\"SearchAction\",\"target\":{\"@type\":\"EntryPoint\",\"urlTemplate\":\"https:\\\/\\\/feucht-obsttechnik.de\\\/es\\\/?s={search_term_string}\"},\"query-input\":{\"@type\":\"PropertyValueSpecification\",\"valueRequired\":true,\"valueName\":\"search_term_string\"}}],\"inLanguage\":\"es\"},{\"@type\":\"Organization\",\"@id\":\"https:\\\/\\\/feucht-obsttechnik.de\\\/es\\\/#organization\",\"name\":\"Feucht Obsttechnik GmbH\",\"url\":\"https:\\\/\\\/feucht-obsttechnik.de\\\/es\\\/\",\"logo\":{\"@type\":\"ImageObject\",\"inLanguage\":\"es\",\"@id\":\"https:\\\/\\\/feucht-obsttechnik.de\\\/es\\\/#\\\/schema\\\/logo\\\/image\\\/\",\"url\":\"https:\\\/\\\/feucht-obsttechnik.de\\\/wp-content\\\/uploads\\\/logo-feucht@2x-1.png\",\"contentUrl\":\"https:\\\/\\\/feucht-obsttechnik.de\\\/wp-content\\\/uploads\\\/logo-feucht@2x-1.png\",\"width\":640,\"height\":123,\"caption\":\"Feucht Obsttechnik GmbH\"},\"image\":{\"@id\":\"https:\\\/\\\/feucht-obsttechnik.de\\\/es\\\/#\\\/schema\\\/logo\\\/image\\\/\"}}]}<\/script>\n<!-- \/ Yoast SEO plugin. -->","yoast_head_json":{"title":"Rompenueces manual\/Dispositivo de craqueo de frutos secos- Feucht Obsttechnik","description":"El cascanueces manual de Feucht Obsttechnik ofrece los mejores resultados de craqueo de un modo sencillo y r\u00e1pido. Conozca nuestros populares rompenueces.","robots":{"index":"index","follow":"follow","max-snippet":"max-snippet:-1","max-image-preview":"max-image-preview:large","max-video-preview":"max-video-preview:-1"},"canonical":"https:\/\/feucht-obsttechnik.de\/es\/lp-rompenueces-manual\/","og_locale":"es_ES","og_type":"article","og_title":"Rompenueces manual\/Dispositivo de craqueo de frutos secos- Feucht Obsttechnik","og_description":"El cascanueces manual de Feucht Obsttechnik ofrece los mejores resultados de craqueo de un modo sencillo y r\u00e1pido. Conozca nuestros populares rompenueces.","og_url":"https:\/\/feucht-obsttechnik.de\/es\/lp-rompenueces-manual\/","og_site_name":"Feucht Obsttechnik","article_modified_time":"2021-04-09T10:11:09+00:00","twitter_card":"summary_large_image","twitter_misc":{"Tiempo de lectura":"11 minutos"},"schema":{"@context":"https:\/\/schema.org","@graph":[{"@type":"WebPage","@id":"https:\/\/feucht-obsttechnik.de\/es\/lp-rompenueces-manual\/","url":"https:\/\/feucht-obsttechnik.de\/es\/lp-rompenueces-manual\/","name":"Rompenueces manual\/Dispositivo de craqueo de frutos secos- Feucht Obsttechnik","isPartOf":{"@id":"https:\/\/feucht-obsttechnik.de\/es\/#website"},"datePublished":"2021-04-09T10:11:05+00:00","dateModified":"2021-04-09T10:11:09+00:00","description":"El cascanueces manual de Feucht Obsttechnik ofrece los mejores resultados de craqueo de un modo sencillo y r\u00e1pido. Conozca nuestros populares rompenueces.","breadcrumb":{"@id":"https:\/\/feucht-obsttechnik.de\/es\/lp-rompenueces-manual\/#breadcrumb"},"inLanguage":"es","potentialAction":[{"@type":"ReadAction","target":["https:\/\/feucht-obsttechnik.de\/es\/lp-rompenueces-manual\/"]}]},{"@type":"BreadcrumbList","@id":"https:\/\/feucht-obsttechnik.de\/es\/lp-rompenueces-manual\/#breadcrumb","itemListElement":[{"@type":"ListItem","position":1,"name":"Startseite","item":"https:\/\/feucht-obsttechnik.de\/es\/"},{"@type":"ListItem","position":2,"name":"LP Rompenueces manual"}]},{"@type":"WebSite","@id":"https:\/\/feucht-obsttechnik.de\/es\/#website","url":"https:\/\/feucht-obsttechnik.de\/es\/","name":"Feucht Obsttechnik","description":"","publisher":{"@id":"https:\/\/feucht-obsttechnik.de\/es\/#organization"},"potentialAction":[{"@type":"SearchAction","target":{"@type":"EntryPoint","urlTemplate":"https:\/\/feucht-obsttechnik.de\/es\/?s={search_term_string}"},"query-input":{"@type":"PropertyValueSpecification","valueRequired":true,"valueName":"search_term_string"}}],"inLanguage":"es"},{"@type":"Organization","@id":"https:\/\/feucht-obsttechnik.de\/es\/#organization","name":"Feucht Obsttechnik GmbH","url":"https:\/\/feucht-obsttechnik.de\/es\/","logo":{"@type":"ImageObject","inLanguage":"es","@id":"https:\/\/feucht-obsttechnik.de\/es\/#\/schema\/logo\/image\/","url":"https:\/\/feucht-obsttechnik.de\/wp-content\/uploads\/logo-feucht@2x-1.png","contentUrl":"https:\/\/feucht-obsttechnik.de\/wp-content\/uploads\/logo-feucht@2x-1.png","width":640,"height":123,"caption":"Feucht Obsttechnik GmbH"},"image":{"@id":"https:\/\/feucht-obsttechnik.de\/es\/#\/schema\/logo\/image\/"}}]}},"_links":{"self":[{"href":"https:\/\/feucht-obsttechnik.de\/es\/wp-json\/wp\/v2\/pages\/13086","targetHints":{"allow":["GET"]}}],"collection":[{"href":"https:\/\/feucht-obsttechnik.de\/es\/wp-json\/wp\/v2\/pages"}],"about":[{"href":"https:\/\/feucht-obsttechnik.de\/es\/wp-json\/wp\/v2\/types\/page"}],"author":[{"embeddable":true,"href":"https:\/\/feucht-obsttechnik.de\/es\/wp-json\/wp\/v2\/users\/4"}],"replies":[{"embeddable":true,"href":"https:\/\/feucht-obsttechnik.de\/es\/wp-json\/wp\/v2\/comments?post=13086"}],"version-history":[{"count":0,"href":"https:\/\/feucht-obsttechnik.de\/es\/wp-json\/wp\/v2\/pages\/13086\/revisions"}],"wp:attachment":[{"href":"https:\/\/feucht-obsttechnik.de\/es\/wp-json\/wp\/v2\/media?parent=13086"}],"curies":[{"name":"wp","href":"https:\/\/api.w.org\/{rel}","templated":true}]}}