{"id":12459,"date":"2021-04-08T16:07:46","date_gmt":"2021-04-08T14:07:46","guid":{"rendered":"http:\/\/neu2020.feucht-obsttechnik.de\/lp-maquinas-recolectoras-de-frutas\/"},"modified":"2021-04-08T16:07:50","modified_gmt":"2021-04-08T14:07:50","slug":"lp-maquinas-recolectoras-de-frutas","status":"publish","type":"page","link":"https:\/\/feucht-obsttechnik.de\/es\/lp-maquinas-recolectoras-de-frutas\/","title":{"rendered":"LP M\u00e1quinas recolectoras de frutas"},"content":{"rendered":"<p><div class=\"fusion-bg-parallax\" data-bg-align=\"left center\" data-direction=\"up\" data-mute=\"false\" data-opacity=\"100\" data-velocity=\"-0.3\" data-mobile-enabled=\"false\" data-break_parents=\"0\" data-bg-image=\"https:\/\/feucht-obsttechnik.de\/wp-content\/uploads\/bg-header-obsterntetechnik.jpg\" data-bg-repeat=\"false\" ><\/div><div class=\"fusion-fullwidth fullwidth-box fusion-builder-row-1 fusion-parallax-up nonhundred-percent-fullwidth non-hundred-percent-height-scrolling\" style=\"--awb-background-position:left center;--awb-border-sizes-top:0px;--awb-border-sizes-bottom:0px;--awb-border-sizes-left:0px;--awb-border-sizes-right:0px;--awb-border-radius-top-left:0px;--awb-border-radius-top-right:0px;--awb-border-radius-bottom-right:0px;--awb-border-radius-bottom-left:0px;--awb-padding-top:130px;--awb-padding-bottom:120px;--awb-background-image:url(&quot;https:\/\/feucht-obsttechnik.de\/wp-content\/uploads\/bg-header-obsterntetechnik.jpg&quot;);--awb-background-size:cover;--awb-flex-wrap:wrap;\" ><div class=\"fusion-builder-row fusion-row\"><div class=\"fusion-layout-column fusion_builder_column fusion-builder-column-0 fusion_builder_column_1_2 1_2 fusion-one-half fusion-column-first\" style=\"--awb-bg-size:cover;width:48%; margin-right: 4%;\"><div class=\"fusion-column-wrapper fusion-flex-column-wrapper-legacy\"><div class=\"fusion-text fusion-text-1\"><h1><span style=\"color: #ffffff;\"> M\u00e1quinas recolectoras de frutas <\/span><\/h1>\n<p><span style=\"color: #ffffff;\">Con nuestras recolectoras de manzanas, aumentar\u00e1 notablemente su productividad y rentabilidad durante la corta temporada de cosecha de frutas jugosas.<\/span><\/p>\n<\/div><div class=\"fusion-clearfix\"><\/div><\/div><\/div><div class=\"fusion-layout-column fusion_builder_column fusion-builder-column-1 fusion_builder_column_1_2 1_2 fusion-one-half fusion-column-last\" style=\"--awb-bg-size:cover;width:48%;\"><div class=\"fusion-column-wrapper fusion-flex-column-wrapper-legacy\"><div class=\"fusion-clearfix\"><\/div><\/div><\/div><\/div><\/div><div class=\"fusion-fullwidth fullwidth-box fusion-builder-row-2 nonhundred-percent-fullwidth non-hundred-percent-height-scrolling\" style=\"--awb-background-position:left top;--awb-border-sizes-top:0px;--awb-border-sizes-bottom:0px;--awb-border-sizes-left:0px;--awb-border-sizes-right:0px;--awb-border-radius-top-left:0px;--awb-border-radius-top-right:0px;--awb-border-radius-bottom-right:0px;--awb-border-radius-bottom-left:0px;--awb-padding-top:130px;--awb-padding-bottom:30px;--awb-flex-wrap:wrap;\" ><div class=\"fusion-builder-row fusion-row\"><div class=\"fusion-layout-column fusion_builder_column fusion-builder-column-2 fusion_builder_column_1_1 1_1 fusion-one-full fusion-column-first fusion-column-last\" style=\"--awb-bg-size:cover;\"><div class=\"fusion-column-wrapper fusion-column-has-shadow fusion-flex-column-wrapper-legacy\"><div class=\"fusion-text fusion-text-2\"><h2>M\u00e1quinas recolectoras de frutas de Feucht Obsttechnik<\/h2>\n<\/div><div class=\"fusion-text fusion-text-3\"><h3><span class=\"\">Obtenga resultados de calidad en la recolecci\u00f3n de frutas y reduzca los costos de recolecci\u00f3n.<\/span><\/h3>\n<\/div><div class=\"fusion-clearfix\"><\/div><\/div><\/div><div class=\"fusion-layout-column fusion_builder_column fusion-builder-column-3 fusion_builder_column_1_2 1_2 fusion-one-half fusion-column-first\" style=\"--awb-bg-size:cover;width:48%; margin-right: 4%;\"><div class=\"fusion-column-wrapper fusion-flex-column-wrapper-legacy\"><div class=\"fusion-text fusion-text-4\"><p>Nuestras m\u00e1quinas recolectoras de fruta son adecuadas para recolectar y clasificar manzanas, peras, nueces y similares. Fruta ca\u00edda para uso en la industria de la fruta as\u00ed como en plantaciones, incluso bajo las condiciones m\u00e1s extremas (humedad, mantillo, hierba alta, hojas). Seg\u00fan las condiciones y la densidad de la fruta, los dispositivos aut\u00f3nomos de recolecci\u00f3n de fruta transportan entre 1 y 8 toneladas de fruta por hora al recipiente recolector.  <\/p>\n<p>El principio de funcionamiento de las recolectoras de manzanas es sumamente sencillo: Un rodillo, provisto de l\u00e1minas de goma, recoge la fruta del suelo y la transporta a lo largo de una trayectoria guiada hasta el recipiente recolector. De camino, la fruta pasa por un sofisticado sistema de limpieza y se recoge sin suciedad alguna. <\/p>\n<p>Hemos estado activos en el \u00e1rea de tecnolog\u00eda de recolecci\u00f3n de frutas durante varias generaciones. Agilizar la recolecci\u00f3n de fruta con las m\u00e1s altas exigencias de calidad en la fruta recolectada en cuanto a limpieza y tasa de recolecci\u00f3n se ha convertido en el argumento de venta de nuestras m\u00e1quinas recolectoras de manzanas.<\/p>\n<\/div><div class=\"fusion-clearfix\"><\/div><\/div><\/div><div class=\"fusion-layout-column fusion_builder_column fusion-builder-column-4 fusion_builder_column_1_2 1_2 fusion-one-half fusion-column-last\" style=\"--awb-bg-size:cover;width:48%;\"><div class=\"fusion-column-wrapper fusion-flex-column-wrapper-legacy\"><div class=\"fusion-image-element in-legacy-container\" style=\"--awb-caption-title-font-family:var(--h2_typography-font-family);--awb-caption-title-font-weight:var(--h2_typography-font-weight);--awb-caption-title-font-style:var(--h2_typography-font-style);--awb-caption-title-size:var(--h2_typography-font-size);--awb-caption-title-transform:var(--h2_typography-text-transform);--awb-caption-title-line-height:var(--h2_typography-line-height);--awb-caption-title-letter-spacing:var(--h2_typography-letter-spacing);\"><span class=\" fusion-imageframe imageframe-none imageframe-1 hover-type-zoomin fusion-animated\" data-animationType=\"fadeInDown\" data-animationDuration=\"1.0\" data-animationOffset=\"bottom-in-view\"><a href=\"https:\/\/feucht-obsttechnik.de\/wp-content\/uploads\/obstauflesemaschine-divider-ob-80r.jpg\" class=\"fusion-lightbox\" data-rel=\"iLightbox[M\u00e1quinas recolectoras de frutas]\" data-title=\"Fruit picking machines\" title=\"Fruit picking machines\"><img decoding=\"async\" width=\"1900\" height=\"1267\" src=\"https:\/\/feucht-obsttechnik.de\/wp-content\/uploads\/obstauflesemaschine-divider-ob-80r.jpg\" alt class=\"img-responsive wp-image-8286\" srcset=\"https:\/\/feucht-obsttechnik.de\/wp-content\/uploads\/obstauflesemaschine-divider-ob-80r-200x133.jpg 200w, https:\/\/feucht-obsttechnik.de\/wp-content\/uploads\/obstauflesemaschine-divider-ob-80r-400x267.jpg 400w, https:\/\/feucht-obsttechnik.de\/wp-content\/uploads\/obstauflesemaschine-divider-ob-80r-600x400.jpg 600w, https:\/\/feucht-obsttechnik.de\/wp-content\/uploads\/obstauflesemaschine-divider-ob-80r-800x533.jpg 800w, https:\/\/feucht-obsttechnik.de\/wp-content\/uploads\/obstauflesemaschine-divider-ob-80r-1200x800.jpg 1200w, https:\/\/feucht-obsttechnik.de\/wp-content\/uploads\/obstauflesemaschine-divider-ob-80r.jpg 1900w\" sizes=\"(max-width: 835px) 100vw, 600px\" \/><\/a><\/span><\/div><div class=\"fusion-clearfix\"><\/div><\/div><\/div><\/div><\/div><div class=\"fusion-fullwidth fullwidth-box fusion-builder-row-3 nonhundred-percent-fullwidth non-hundred-percent-height-scrolling\" style=\"--awb-background-position:left top;--awb-border-sizes-top:0px;--awb-border-sizes-bottom:0px;--awb-border-sizes-left:0px;--awb-border-sizes-right:0px;--awb-border-radius-top-left:0px;--awb-border-radius-top-right:0px;--awb-border-radius-bottom-right:0px;--awb-border-radius-bottom-left:0px;--awb-padding-top:1px;--awb-padding-bottom:0px;--awb-background-color:#cc0000;--awb-flex-wrap:wrap;\" ><div class=\"fusion-builder-row fusion-row\"><div class=\"fusion-layout-column fusion_builder_column fusion-builder-column-5 fusion_builder_column_1_1 1_1 fusion-one-full fusion-column-first fusion-column-last\" style=\"--awb-padding-top:50px;--awb-padding-bottom:50px;--awb-padding-left:0px;--awb-bg-size:cover;--awb-margin-bottom:0px;\"><div class=\"fusion-column-wrapper fusion-column-has-shadow fusion-flex-column-wrapper-legacy\"><div class=\"fusion-column-content-centered\"><div class=\"fusion-column-content\"><div class=\"fusion-text fusion-text-5\"><h2 style=\"text-align: center; margin-bottom: 0px;\"><span style=\"color: #ffffff;\">M\u00e1quinas recolectoras de frutas de Feucht Obsttechnik<\/span><\/h2>\n<\/div><\/div><\/div><div class=\"fusion-clearfix\"><\/div><\/div><\/div><\/div><\/div><div class=\"fusion-fullwidth fullwidth-box fusion-builder-row-4 nonhundred-percent-fullwidth non-hundred-percent-height-scrolling\" style=\"--awb-border-radius-top-left:0px;--awb-border-radius-top-right:0px;--awb-border-radius-bottom-right:0px;--awb-border-radius-bottom-left:0px;--awb-padding-top:100px;--awb-padding-bottom:50px;--awb-background-color:#f2f2f2;--awb-flex-wrap:wrap;\" ><div class=\"fusion-builder-row fusion-row\"><div class=\"fusion-layout-column fusion_builder_column fusion-builder-column-6 fusion_builder_column_1_1 1_1 fusion-one-full fusion-column-first fusion-column-last\" style=\"--awb-bg-color:#ffffff;--awb-bg-color-hover:#ffffff;--awb-bg-size:cover;\"><div class=\"fusion-column-wrapper fusion-flex-column-wrapper-legacy\"><div class=\"fusion-text fusion-text-6\"><div style=\"padding: 25px;\">\n<h2>Ofrecemos numerosas m\u00e1quinas recolectoras de manzanas adaptadas a sus necesidades:<\/h2>\n<\/div>\n<\/div>\n<div class=\"table-2\">\n<table width=\"100%\">\n<tbody>\n<tr>\n<td align=\"left\"><strong>Rollblitz<\/strong><br \/>\n<span class=\"table_description\">M\u00e1quinas recolectoras de frutas<\/span><\/td>\n<td align=\"left\">La Rollblitz es una m\u00e1quina para la recogida de objetos en forma de bola (frutas, nueces, bolas, etc.).<\/td>\n<\/tr>\n<tr>\n<td align=\"left\"><strong>OB 40<\/strong><br \/>\n<span class=\"table_description\">Cosechadora de manzanas el\u00e9ctrica con ancho de trabajo de 40 cm<\/span><\/td>\n<td align=\"left\">La OB 40 el\u00e9ctrica es una cosechadora de manzanas con motor el\u00e9ctrico y accionamiento por bater\u00eda. Permite gestionar huertos m\u00e1s peque\u00f1os sin emisiones y con bajos niveles de ruido. <\/td>\n<\/tr>\n<tr>\n<td align=\"left\"><strong>OB 50 \/ OB 70<\/strong><br \/>\n<span class=\"table_description\">Cosechadora de manzanas el\u00e9ctrica con ancho de trabajo de 50 a 70 cm<\/span><\/td>\n<td align=\"left\">Se trata de las m\u00e1quinas recolectoras de fruta con motor m\u00e1s peque\u00f1as y econ\u00f3micas del mundo y se distinguen por su f\u00e1cil maniobrabilidad y su excelente calidad de fruta durante la cosecha.<\/td>\n<\/tr>\n<tr>\n<td align=\"left\"><strong>OB 80 Hydro<\/strong><br \/>\n<span class=\"table_description\">M\u00e1quinas recolectoras de frutas<\/span><\/td>\n<td align=\"left\">OB 80 Hydro, la cosechadora de manzanas con motor, se distingue por su accionamiento hidr\u00e1ulico continuo con bloqueo del diferencial y por su direcci\u00f3n integrada y apta para pendientes de hasta 45\u00b0.<\/td>\n<\/tr>\n<tr>\n<td align=\"left\"><strong>OB 70 R<\/strong><br \/>\n<span class=\"table_description\">Cosechadora de manzanas el\u00e9ctrica con ancho de trabajo de 70 cm<\/span><\/td>\n<td align=\"left\">La cosechadora de manzanas con motor OB 70 R se distingue por su c\u00f3modo y f\u00e1cil manejo. Se trata de la m\u00e1s peque\u00f1a de nuestras m\u00e1quinas de recogida y con tolva para vaciado en altura. <\/td>\n<\/tr>\n<tr>\n<td align=\"left\"><strong>OB 80 R<\/strong><br \/>\n<span class=\"table_description\">Cosechadora de manzanas el\u00e9ctrica con ancho de trabajo de 80 cm<\/span><\/td>\n<td align=\"left\">OB 80 R, la cosechadora de manzanas aut\u00f3noma con operador a bordo, ofrece el m\u00e1ximo confort gracias a su direcci\u00f3n totalmente hidr\u00e1ulica, particularmente suave. Se distingue por la limpieza en 7 etapas.<\/td>\n<\/tr>\n<tr>\n<td align=\"left\"><strong>OB 100 A<\/strong><br \/>\n<span class=\"table_description\">Cosechadora de manzanas el\u00e9ctrica con ancho de trabajo de 100 cm<\/span><\/td>\n<td align=\"left\">OB 100 A, la cosechadora de manzanas aut\u00f3noma con operador a bordo OB 100 A se distingue por su tracci\u00f3n a las tres ruedas para la recogida de fruta incluso en pendientes extremas y por su limpieza en 7 etapas. La OB 100 A es una m\u00e1quina con tolva para sitios con troncos altos y est\u00e1 disponible como una m\u00e1quina de cajas grandes, para plantaciones de frutas de postre. <\/td>\n<\/tr>\n<tr>\n<td align=\"left\"><strong>OB 80 R \/ OB 100 A Caja grande\/Carro con caja grande<\/strong><br \/>\n<span class=\"table_description\">M\u00e1quinas recolectoras de frutas <\/span><\/td>\n<td align=\"left\">Con la cosechadora de manzanas OB 80 R u OB 100 A, puede recoger y clasificar en cajas grandes especiales. La cosecha con cajas grandes es muy rentable, ya que se puede recoger una gran cantidad de fruta sin tener que salir del sistema para vaciarla. <\/td>\n<\/tr>\n<\/tbody>\n<\/table>\n<\/div>\n<div class=\"fusion-clearfix\"><\/div><\/div><\/div><div class=\"fusion-layout-column fusion_builder_column fusion-builder-column-7 fusion_builder_column_1_1 1_1 fusion-one-full fusion-column-first fusion-column-last\" style=\"--awb-bg-size:cover;--awb-margin-bottom:0px;\"><div class=\"fusion-column-wrapper fusion-column-has-shadow fusion-flex-column-wrapper-legacy\"><div class=\"fusion-column-content-centered\"><div class=\"fusion-column-content\"><div class=\"fusion-button-wrapper\"><a class=\"fusion-button button-flat fusion-button-default-size button-custom fusion-button-default button-1 fusion-button-default-span fusion-button-default-type\" style=\"--button_accent_color:#ffffff;--button_border_color:#ffffff;--button_accent_hover_color:#ffffff;--button_border_hover_color:#ffffff;--button_gradient_top_color:#cc0000;--button_gradient_bottom_color:#cc0000;--button_gradient_top_color_hover:#ef0000;--button_gradient_bottom_color_hover:#ef0000;\" target=\"_self\" title=\"M\u00e1s informaci\u00f3n sobre nuestras m\u00e1quinas recolectoras de frutas\" aria-label=\"M\u00e1s informaci\u00f3n sobre nuestras m\u00e1quinas recolectoras de frutas\" href=\"https:\/\/feucht-obsttechnik.de\/es\/tecnologia-de-recoleccion-de-frutas\/maquinas-recolectoras-de-frutas\/\"><span class=\"fusion-button-text awb-button__text awb-button__text--default\">M\u00c1S INFORMACI\u00d3N SOBRE NUESTRAS M\u00c1QUINAS RECOLECTORAS DE FRUTAS<\/span><\/a><\/div><\/div><\/div><div class=\"fusion-clearfix\"><\/div><\/div><\/div><\/div><\/div><div class=\"fusion-fullwidth fullwidth-box fusion-builder-row-5 nonhundred-percent-fullwidth non-hundred-percent-height-scrolling fusion-equal-height-columns fusion-no-small-visibility schlagwoerter\" style=\"--awb-background-position:center top;--awb-border-sizes-top:0px;--awb-border-sizes-bottom:0px;--awb-border-sizes-left:0px;--awb-border-sizes-right:0px;--awb-border-radius-top-left:0px;--awb-border-radius-top-right:0px;--awb-border-radius-bottom-right:0px;--awb-border-radius-bottom-left:0px;--awb-padding-top:0px;--awb-padding-right:15%;--awb-padding-bottom:0px;--awb-padding-left:15%;--awb-background-color:#a0ce4e;--awb-flex-wrap:wrap;\" ><div class=\"fusion-builder-row fusion-row\"><div class=\"fusion-layout-column fusion_builder_column fusion-builder-column-8 fusion_builder_column_1_5 1_5 fusion-one-fifth fusion-column-first\" style=\"--awb-padding-top:10px;--awb-padding-bottom:10px;--awb-bg-size:cover;--awb-margin-top:10px;--awb-margin-bottom:0px;width:20%;width:calc(20% - ( ( 4% ) * 0.2 ) );margin-right: 4%;\"><div class=\"fusion-column-wrapper fusion-column-has-shadow fusion-flex-column-wrapper-legacy\"><div class=\"fusion-column-content-centered\"><div class=\"fusion-column-content\"><div class=\"fusion-title title fusion-title-1 fusion-sep-none fusion-title-text fusion-title-size-two\" style=\"--awb-text-color:#ffffff;--awb-margin-bottom:0px;--awb-margin-right-small:0px;--awb-margin-bottom-small:0px;--awb-margin-left-small:0px;\"><h2 class=\"fusion-title-heading title-heading-left fusion-responsive-typography-calculated\" style=\"margin:0;--fontSize:26;--minFontSize:26;line-height:1.25;\">Palabras clave:<\/h2><\/div><\/div><\/div><div class=\"fusion-clearfix\"><\/div><\/div><\/div><div class=\"fusion-layout-column fusion_builder_column fusion-builder-column-9 fusion_builder_column_4_5 4_5 fusion-four-fifth fusion-column-last fusion-column-no-min-height\" style=\"--awb-padding-top:10px;--awb-padding-bottom:10px;--awb-bg-size:cover;--awb-margin-top:20px;--awb-margin-bottom:0px;width:80%;width:calc(80% - ( ( 4% ) * 0.8 ) );\"><div class=\"fusion-column-wrapper fusion-column-has-shadow fusion-flex-column-wrapper-legacy\"><div class=\"fusion-text fusion-text-7\"><p><span style=\"color: #ffffff;\"><a href=\"https:\/\/feucht-obsttechnik.de\/es\/tecnologia-de-recoleccion-de-frutas\/maquinas-recolectoras-de-frutas\/\">M\u00e1quinas recolectoras de manzanas<\/a>, <a href=\"https:\/\/feucht-obsttechnik.de\/es\/tecnologia-de-recoleccion-de-frutas\/maquinas-recolectoras-de-frutas\/\">Sacudidor de cable<\/a>, <a href=\"https:\/\/feucht-obsttechnik.de\/es\/tecnologia-de-recoleccion-de-frutas\/maquinas-recolectoras-de-frutas\/\">M\u00e1quinas para recoger fruta<\/a>, <a href=\"https:\/\/feucht-obsttechnik.de\/es\/tecnologia-de-recoleccion-de-frutas\/\">Dispositivos de recolecci\u00f3n de fruta<\/a>,<a href=\"https:\/\/feucht-obsttechnik.de\/es\/tecnologia-de-recoleccion-de-frutas\/\">Recolectoras de fruta<\/a>, <a href=\"https:\/\/feucht-obsttechnik.de\/es\/tecnologia-de-recoleccion-de-frutas\/sacudidores\/agitador-de-troncos-hidraulico\/\">Cami\u00f3n agitador<\/a>, <a href=\"https:\/\/feucht-obsttechnik.de\/es\/tecnologia-de-recoleccion-de-frutas\/sacudidores\/agitador-de-frutas-os\/\">Agitador de cable<\/a><\/span><\/p>\n<\/div><div class=\"fusion-clearfix\"><\/div><\/div><\/div><\/div><\/div><\/p>\n","protected":false},"excerpt":{"rendered":"","protected":false},"author":4,"featured_media":0,"parent":0,"menu_order":0,"comment_status":"closed","ping_status":"closed","template":"100-width.php","meta":{"footnotes":"","_wp_rev_ctl_limit":""},"class_list":["post-12459","page","type-page","status-publish","hentry"],"yoast_head":"<!-- This site is optimized with the Yoast SEO plugin v27.5 - https:\/\/yoast.com\/product\/yoast-seo-wordpress\/ -->\n<title>M\u00e1quinas recolectoras de frutas - Feucht Obsttechnik<\/title>\n<meta name=\"description\" content=\"Las m\u00e1quinas recolectoras de frutas de Feucht Obsttechnik aumentan la productividad y la rentabilidad y se amortizan en muy poco tiempo. \u00a1Descubre mucho m\u00e1s!\" \/>\n<meta name=\"robots\" content=\"index, follow, max-snippet:-1, max-image-preview:large, max-video-preview:-1\" \/>\n<link rel=\"canonical\" href=\"https:\/\/feucht-obsttechnik.de\/es\/lp-maquinas-recolectoras-de-frutas\/\" \/>\n<meta property=\"og:locale\" content=\"es_ES\" \/>\n<meta property=\"og:type\" content=\"article\" \/>\n<meta property=\"og:title\" content=\"M\u00e1quinas recolectoras de frutas - Feucht Obsttechnik\" \/>\n<meta property=\"og:description\" content=\"Las m\u00e1quinas recolectoras de frutas de Feucht Obsttechnik aumentan la productividad y la rentabilidad y se amortizan en muy poco tiempo. \u00a1Descubre mucho m\u00e1s!\" \/>\n<meta property=\"og:url\" content=\"https:\/\/feucht-obsttechnik.de\/es\/lp-maquinas-recolectoras-de-frutas\/\" \/>\n<meta property=\"og:site_name\" content=\"Feucht Obsttechnik\" \/>\n<meta property=\"article:modified_time\" content=\"2021-04-08T14:07:50+00:00\" \/>\n<meta name=\"twitter:card\" content=\"summary_large_image\" \/>\n<meta name=\"twitter:label1\" content=\"Tiempo de lectura\" \/>\n\t<meta name=\"twitter:data1\" content=\"14 minutos\" \/>\n<script type=\"application\/ld+json\" class=\"yoast-schema-graph\">{\"@context\":\"https:\\\/\\\/schema.org\",\"@graph\":[{\"@type\":\"WebPage\",\"@id\":\"https:\\\/\\\/feucht-obsttechnik.de\\\/es\\\/lp-maquinas-recolectoras-de-frutas\\\/\",\"url\":\"https:\\\/\\\/feucht-obsttechnik.de\\\/es\\\/lp-maquinas-recolectoras-de-frutas\\\/\",\"name\":\"M\u00e1quinas recolectoras de frutas - Feucht Obsttechnik\",\"isPartOf\":{\"@id\":\"https:\\\/\\\/feucht-obsttechnik.de\\\/es\\\/#website\"},\"datePublished\":\"2021-04-08T14:07:46+00:00\",\"dateModified\":\"2021-04-08T14:07:50+00:00\",\"description\":\"Las m\u00e1quinas recolectoras de frutas de Feucht Obsttechnik aumentan la productividad y la rentabilidad y se amortizan en muy poco tiempo. \u00a1Descubre mucho m\u00e1s!\",\"breadcrumb\":{\"@id\":\"https:\\\/\\\/feucht-obsttechnik.de\\\/es\\\/lp-maquinas-recolectoras-de-frutas\\\/#breadcrumb\"},\"inLanguage\":\"es\",\"potentialAction\":[{\"@type\":\"ReadAction\",\"target\":[\"https:\\\/\\\/feucht-obsttechnik.de\\\/es\\\/lp-maquinas-recolectoras-de-frutas\\\/\"]}]},{\"@type\":\"BreadcrumbList\",\"@id\":\"https:\\\/\\\/feucht-obsttechnik.de\\\/es\\\/lp-maquinas-recolectoras-de-frutas\\\/#breadcrumb\",\"itemListElement\":[{\"@type\":\"ListItem\",\"position\":1,\"name\":\"Startseite\",\"item\":\"https:\\\/\\\/feucht-obsttechnik.de\\\/es\\\/\"},{\"@type\":\"ListItem\",\"position\":2,\"name\":\"LP M\u00e1quinas recolectoras de frutas\"}]},{\"@type\":\"WebSite\",\"@id\":\"https:\\\/\\\/feucht-obsttechnik.de\\\/es\\\/#website\",\"url\":\"https:\\\/\\\/feucht-obsttechnik.de\\\/es\\\/\",\"name\":\"Feucht Obsttechnik\",\"description\":\"\",\"publisher\":{\"@id\":\"https:\\\/\\\/feucht-obsttechnik.de\\\/es\\\/#organization\"},\"potentialAction\":[{\"@type\":\"SearchAction\",\"target\":{\"@type\":\"EntryPoint\",\"urlTemplate\":\"https:\\\/\\\/feucht-obsttechnik.de\\\/es\\\/?s={search_term_string}\"},\"query-input\":{\"@type\":\"PropertyValueSpecification\",\"valueRequired\":true,\"valueName\":\"search_term_string\"}}],\"inLanguage\":\"es\"},{\"@type\":\"Organization\",\"@id\":\"https:\\\/\\\/feucht-obsttechnik.de\\\/es\\\/#organization\",\"name\":\"Feucht Obsttechnik GmbH\",\"url\":\"https:\\\/\\\/feucht-obsttechnik.de\\\/es\\\/\",\"logo\":{\"@type\":\"ImageObject\",\"inLanguage\":\"es\",\"@id\":\"https:\\\/\\\/feucht-obsttechnik.de\\\/es\\\/#\\\/schema\\\/logo\\\/image\\\/\",\"url\":\"https:\\\/\\\/feucht-obsttechnik.de\\\/wp-content\\\/uploads\\\/logo-feucht@2x-1.png\",\"contentUrl\":\"https:\\\/\\\/feucht-obsttechnik.de\\\/wp-content\\\/uploads\\\/logo-feucht@2x-1.png\",\"width\":640,\"height\":123,\"caption\":\"Feucht Obsttechnik GmbH\"},\"image\":{\"@id\":\"https:\\\/\\\/feucht-obsttechnik.de\\\/es\\\/#\\\/schema\\\/logo\\\/image\\\/\"}}]}<\/script>\n<!-- \/ Yoast SEO plugin. -->","yoast_head_json":{"title":"M\u00e1quinas recolectoras de frutas - Feucht Obsttechnik","description":"Las m\u00e1quinas recolectoras de frutas de Feucht Obsttechnik aumentan la productividad y la rentabilidad y se amortizan en muy poco tiempo. \u00a1Descubre mucho m\u00e1s!","robots":{"index":"index","follow":"follow","max-snippet":"max-snippet:-1","max-image-preview":"max-image-preview:large","max-video-preview":"max-video-preview:-1"},"canonical":"https:\/\/feucht-obsttechnik.de\/es\/lp-maquinas-recolectoras-de-frutas\/","og_locale":"es_ES","og_type":"article","og_title":"M\u00e1quinas recolectoras de frutas - Feucht Obsttechnik","og_description":"Las m\u00e1quinas recolectoras de frutas de Feucht Obsttechnik aumentan la productividad y la rentabilidad y se amortizan en muy poco tiempo. \u00a1Descubre mucho m\u00e1s!","og_url":"https:\/\/feucht-obsttechnik.de\/es\/lp-maquinas-recolectoras-de-frutas\/","og_site_name":"Feucht Obsttechnik","article_modified_time":"2021-04-08T14:07:50+00:00","twitter_card":"summary_large_image","twitter_misc":{"Tiempo de lectura":"14 minutos"},"schema":{"@context":"https:\/\/schema.org","@graph":[{"@type":"WebPage","@id":"https:\/\/feucht-obsttechnik.de\/es\/lp-maquinas-recolectoras-de-frutas\/","url":"https:\/\/feucht-obsttechnik.de\/es\/lp-maquinas-recolectoras-de-frutas\/","name":"M\u00e1quinas recolectoras de frutas - Feucht Obsttechnik","isPartOf":{"@id":"https:\/\/feucht-obsttechnik.de\/es\/#website"},"datePublished":"2021-04-08T14:07:46+00:00","dateModified":"2021-04-08T14:07:50+00:00","description":"Las m\u00e1quinas recolectoras de frutas de Feucht Obsttechnik aumentan la productividad y la rentabilidad y se amortizan en muy poco tiempo. \u00a1Descubre mucho m\u00e1s!","breadcrumb":{"@id":"https:\/\/feucht-obsttechnik.de\/es\/lp-maquinas-recolectoras-de-frutas\/#breadcrumb"},"inLanguage":"es","potentialAction":[{"@type":"ReadAction","target":["https:\/\/feucht-obsttechnik.de\/es\/lp-maquinas-recolectoras-de-frutas\/"]}]},{"@type":"BreadcrumbList","@id":"https:\/\/feucht-obsttechnik.de\/es\/lp-maquinas-recolectoras-de-frutas\/#breadcrumb","itemListElement":[{"@type":"ListItem","position":1,"name":"Startseite","item":"https:\/\/feucht-obsttechnik.de\/es\/"},{"@type":"ListItem","position":2,"name":"LP M\u00e1quinas recolectoras de frutas"}]},{"@type":"WebSite","@id":"https:\/\/feucht-obsttechnik.de\/es\/#website","url":"https:\/\/feucht-obsttechnik.de\/es\/","name":"Feucht Obsttechnik","description":"","publisher":{"@id":"https:\/\/feucht-obsttechnik.de\/es\/#organization"},"potentialAction":[{"@type":"SearchAction","target":{"@type":"EntryPoint","urlTemplate":"https:\/\/feucht-obsttechnik.de\/es\/?s={search_term_string}"},"query-input":{"@type":"PropertyValueSpecification","valueRequired":true,"valueName":"search_term_string"}}],"inLanguage":"es"},{"@type":"Organization","@id":"https:\/\/feucht-obsttechnik.de\/es\/#organization","name":"Feucht Obsttechnik GmbH","url":"https:\/\/feucht-obsttechnik.de\/es\/","logo":{"@type":"ImageObject","inLanguage":"es","@id":"https:\/\/feucht-obsttechnik.de\/es\/#\/schema\/logo\/image\/","url":"https:\/\/feucht-obsttechnik.de\/wp-content\/uploads\/logo-feucht@2x-1.png","contentUrl":"https:\/\/feucht-obsttechnik.de\/wp-content\/uploads\/logo-feucht@2x-1.png","width":640,"height":123,"caption":"Feucht Obsttechnik GmbH"},"image":{"@id":"https:\/\/feucht-obsttechnik.de\/es\/#\/schema\/logo\/image\/"}}]}},"_links":{"self":[{"href":"https:\/\/feucht-obsttechnik.de\/es\/wp-json\/wp\/v2\/pages\/12459","targetHints":{"allow":["GET"]}}],"collection":[{"href":"https:\/\/feucht-obsttechnik.de\/es\/wp-json\/wp\/v2\/pages"}],"about":[{"href":"https:\/\/feucht-obsttechnik.de\/es\/wp-json\/wp\/v2\/types\/page"}],"author":[{"embeddable":true,"href":"https:\/\/feucht-obsttechnik.de\/es\/wp-json\/wp\/v2\/users\/4"}],"replies":[{"embeddable":true,"href":"https:\/\/feucht-obsttechnik.de\/es\/wp-json\/wp\/v2\/comments?post=12459"}],"version-history":[{"count":0,"href":"https:\/\/feucht-obsttechnik.de\/es\/wp-json\/wp\/v2\/pages\/12459\/revisions"}],"wp:attachment":[{"href":"https:\/\/feucht-obsttechnik.de\/es\/wp-json\/wp\/v2\/media?parent=12459"}],"curies":[{"name":"wp","href":"https:\/\/api.w.org\/{rel}","templated":true}]}}