{"id":10784,"date":"2021-04-07T15:56:56","date_gmt":"2021-04-07T13:56:56","guid":{"rendered":"http:\/\/neu2020.feucht-obsttechnik.de\/lp-tecnologia-de-corte-de-hierba-alta\/"},"modified":"2021-04-22T21:58:47","modified_gmt":"2021-04-22T19:58:47","slug":"lp-tecnologia-de-corte-de-hierba-alta","status":"publish","type":"page","link":"https:\/\/feucht-obsttechnik.de\/es\/lp-tecnologia-de-corte-de-hierba-alta\/","title":{"rendered":"LP Tecnolog\u00eda de corte de hierba alta"},"content":{"rendered":"<p><div class=\"fusion-bg-parallax\" data-bg-align=\"center center\" data-direction=\"up\" data-mute=\"false\" data-opacity=\"100\" data-velocity=\"-0.3\" data-mobile-enabled=\"false\" data-break_parents=\"0\" data-bg-image=\"https:\/\/feucht-obsttechnik.de\/wp-content\/uploads\/bg-header-hochgrasm\u00e4htechnik-1.jpg\" data-bg-repeat=\"false\" ><\/div><div class=\"fusion-fullwidth fullwidth-box fusion-builder-row-1 fusion-parallax-up nonhundred-percent-fullwidth non-hundred-percent-height-scrolling\" style=\"--awb-border-sizes-top:0px;--awb-border-sizes-bottom:0px;--awb-border-sizes-left:0px;--awb-border-sizes-right:0px;--awb-border-radius-top-left:0px;--awb-border-radius-top-right:0px;--awb-border-radius-bottom-right:0px;--awb-border-radius-bottom-left:0px;--awb-padding-top:130px;--awb-padding-bottom:120px;--awb-background-image:url(&quot;https:\/\/feucht-obsttechnik.de\/wp-content\/uploads\/bg-header-hochgrasm\u00e4htechnik-1.jpg&quot;);--awb-background-size:cover;--awb-flex-wrap:wrap;\" ><div class=\"fusion-builder-row fusion-row\"><div class=\"fusion-layout-column fusion_builder_column fusion-builder-column-0 fusion_builder_column_1_2 1_2 fusion-one-half fusion-column-first\" style=\"--awb-bg-size:cover;width:48%; margin-right: 4%;\"><div class=\"fusion-column-wrapper fusion-flex-column-wrapper-legacy\"><div class=\"fusion-text fusion-text-1\"><h1><span style=\"color: #ffffff;\">Tecnolog\u00eda de corte de hierba alta<\/span><\/h1>\n<p><span style=\"color: #ffffff;\">Nuestra tecnolog\u00eda de corte de hierba alta hace posible el corte de c\u00e9sped de m\u00e1s de 100 cm de altura y tiene una trituraci\u00f3n y distribuci\u00f3n \u00f3ptimas del material segado.<\/span><\/p>\n<\/div><div class=\"fusion-clearfix\"><\/div><\/div><\/div><div class=\"fusion-layout-column fusion_builder_column fusion-builder-column-1 fusion_builder_column_1_2 1_2 fusion-one-half fusion-column-last\" style=\"--awb-bg-size:cover;width:48%;\"><div class=\"fusion-column-wrapper fusion-flex-column-wrapper-legacy\"><div class=\"fusion-clearfix\"><\/div><\/div><\/div><\/div><\/div><div class=\"fusion-fullwidth fullwidth-box fusion-builder-row-2 nonhundred-percent-fullwidth non-hundred-percent-height-scrolling\" style=\"--awb-background-position:left top;--awb-border-sizes-top:0px;--awb-border-sizes-bottom:0px;--awb-border-sizes-left:0px;--awb-border-sizes-right:0px;--awb-border-radius-top-left:0px;--awb-border-radius-top-right:0px;--awb-border-radius-bottom-right:0px;--awb-border-radius-bottom-left:0px;--awb-padding-top:130px;--awb-padding-bottom:30px;--awb-flex-wrap:wrap;\" ><div class=\"fusion-builder-row fusion-row\"><div class=\"fusion-layout-column fusion_builder_column fusion-builder-column-2 fusion_builder_column_1_1 1_1 fusion-one-full fusion-column-first fusion-column-last\" style=\"--awb-bg-size:cover;\"><div class=\"fusion-column-wrapper fusion-column-has-shadow fusion-flex-column-wrapper-legacy\"><div class=\"fusion-text fusion-text-2\"><h2>Tecnolog\u00eda de corte de hierba alta con de Feucht Obsttechnik<\/h2>\n<\/div><div class=\"fusion-text fusion-text-3\"><h3><span class=\"\">Nuestras plataformas de corte de se caracterizan por su baja necesidad de potencia, alta velocidad de corte, el mejor patr\u00f3n de corte y una distribuci\u00f3n excelente de los cortes.<\/span><\/h3>\n<\/div><div class=\"fusion-clearfix\"><\/div><\/div><\/div><div class=\"fusion-layout-column fusion_builder_column fusion-builder-column-3 fusion_builder_column_1_2 1_2 fusion-one-half fusion-column-first\" style=\"--awb-bg-size:cover;width:48%; margin-right: 4%;\"><div class=\"fusion-column-wrapper fusion-flex-column-wrapper-legacy\"><div class=\"fusion-text fusion-text-4\"><p>Saque provecho de los beneficios de nuestra tecnolog\u00eda de corte de c\u00e9sped alto con John Deere: El corte de \u00e1rboles (corte de hierba alta con John Deere) es posible a la izquierda o derecha a trav\u00e9s de una descarga trasera, y no hay problema con el picado de piedras, porque la descarga va hacia la parte de atr\u00e1s. Con nuestra tecnolog\u00eda de siega de c\u00e9sped alto para John Deere, la calidad de segado y el corte son muy limpios tanto con c\u00e9sped corto como largo, y la plataforma de corte no se puede obstruir porque es impermeable a la lluvia o la humedad. Con nuestra tecnolog\u00eda de corte de hierba alta, son posibles incluso velocidades de corte extremadamente r\u00e1pidas (hasta 7-8 km para el X300 &#8211; 540 y 10-12 km para el X700) y la longitud del mantillo es de entre 3 y 5 cm. Por ejemplo, el corte de hierba alta con John Deere es posible en jardines frutales, prados, c\u00e9spedes de uso intensivo, granjas de \u00e1rboles de Navidad, vi\u00f1edos o campos de hierba. Nuestra tecnolog\u00eda de corte de c\u00e9sped alto permite el triturado (corte de c\u00e9sped alto con John Deere) de c\u00e9sped extremadamente alto mediante las \u00abcuchillas dobles para mantillo\u00bb especialmente desarrolladas de las plataformas de corte Feucht. La trituraci\u00f3n y distribuci\u00f3n \u00f3ptimas aceleran la descomposici\u00f3n del material cortado. Hemos estado activos en el \u00e1rea de tecnolog\u00eda de recolecci\u00f3n de frutas durante varias generaciones. Agilizar la recolecci\u00f3n de fruta con las m\u00e1s altas exigencias de calidad en la fruta recolectada en cuanto a limpieza y tasa de recolecci\u00f3n se ha convertido en el argumento de venta de nuestras m\u00e1quinas recolectoras de manzanas. Mediante el desarrollo continuo de productos innovadores, nos hemos consolidado como l\u00edderes europeos del mercado en tecnolog\u00eda de recolecci\u00f3n de frutas.<\/p>\n<\/div><div class=\"fusion-clearfix\"><\/div><\/div><\/div><div class=\"fusion-layout-column fusion_builder_column fusion-builder-column-4 fusion_builder_column_1_2 1_2 fusion-one-half fusion-column-last\" style=\"--awb-bg-size:cover;width:48%;\"><div class=\"fusion-column-wrapper fusion-flex-column-wrapper-legacy\"><div class=\"fusion-image-element in-legacy-container\" style=\"--awb-caption-title-font-family:var(--h2_typography-font-family);--awb-caption-title-font-weight:var(--h2_typography-font-weight);--awb-caption-title-font-style:var(--h2_typography-font-style);--awb-caption-title-size:var(--h2_typography-font-size);--awb-caption-title-transform:var(--h2_typography-text-transform);--awb-caption-title-line-height:var(--h2_typography-line-height);--awb-caption-title-letter-spacing:var(--h2_typography-letter-spacing);\"><span class=\" fusion-imageframe imageframe-none imageframe-1 hover-type-zoomin fusion-animated\" data-animationType=\"fadeInDown\" data-animationDuration=\"1.0\" data-animationOffset=\"bottom-in-view\"><a href=\"https:\/\/feucht-obsttechnik.de\/wp-content\/uploads\/hochgrasm\u00e4htechnik-frontm\u00e4hwerk-1.jpg\" class=\"fusion-lightbox\" data-rel=\"iLightbox[Tecnolog\u00eda de corte de hierba alta]\" data-title=\"Plataformas de siega de montaje frontal: segadora frontal\" title=\"Plataformas de siega de montaje frontal: segadora frontal\"><img decoding=\"async\" width=\"1600\" height=\"1200\" src=\"https:\/\/feucht-obsttechnik.de\/wp-content\/uploads\/hochgrasm\u00e4htechnik-frontm\u00e4hwerk-1.jpg\" alt class=\"img-responsive wp-image-8134\" srcset=\"https:\/\/feucht-obsttechnik.de\/wp-content\/uploads\/hochgrasm\u00e4htechnik-frontm\u00e4hwerk-1-200x150.jpg 200w, https:\/\/feucht-obsttechnik.de\/wp-content\/uploads\/hochgrasm\u00e4htechnik-frontm\u00e4hwerk-1-400x300.jpg 400w, https:\/\/feucht-obsttechnik.de\/wp-content\/uploads\/hochgrasm\u00e4htechnik-frontm\u00e4hwerk-1-600x450.jpg 600w, https:\/\/feucht-obsttechnik.de\/wp-content\/uploads\/hochgrasm\u00e4htechnik-frontm\u00e4hwerk-1-800x600.jpg 800w, https:\/\/feucht-obsttechnik.de\/wp-content\/uploads\/hochgrasm\u00e4htechnik-frontm\u00e4hwerk-1-1200x900.jpg 1200w, https:\/\/feucht-obsttechnik.de\/wp-content\/uploads\/hochgrasm\u00e4htechnik-frontm\u00e4hwerk-1.jpg 1600w\" sizes=\"(max-width: 835px) 100vw, 600px\" \/><\/a><\/span><\/div><div class=\"fusion-sep-clear\"><\/div><div class=\"fusion-separator fusion-full-width-sep\" style=\"margin-left: auto;margin-right: auto;margin-bottom:30px;width:100%;\"><\/div><div class=\"fusion-sep-clear\"><\/div><div class=\"fusion-image-element in-legacy-container\" style=\"--awb-caption-title-font-family:var(--h2_typography-font-family);--awb-caption-title-font-weight:var(--h2_typography-font-weight);--awb-caption-title-font-style:var(--h2_typography-font-style);--awb-caption-title-size:var(--h2_typography-font-size);--awb-caption-title-transform:var(--h2_typography-text-transform);--awb-caption-title-line-height:var(--h2_typography-line-height);--awb-caption-title-letter-spacing:var(--h2_typography-letter-spacing);\"><span class=\" fusion-imageframe imageframe-none imageframe-2 hover-type-zoomin fusion-animated\" data-animationType=\"fadeInDown\" data-animationDuration=\"1.0\" data-animationOffset=\"bottom-in-view\"><a href=\"https:\/\/feucht-obsttechnik.de\/wp-content\/uploads\/hochgrasm\u00e4htechnik-john-deere-1.jpg\" class=\"fusion-lightbox\" data-rel=\"iLightbox[Tecnolog\u00eda de corte de hierba alta]\" data-title=\"Plataformas segadoras para John Deere\" title=\"Plataformas segadoras para John Deere\"><img decoding=\"async\" width=\"1600\" height=\"1200\" src=\"https:\/\/feucht-obsttechnik.de\/wp-content\/uploads\/hochgrasm\u00e4htechnik-john-deere-1.jpg\" alt class=\"img-responsive wp-image-8117\" srcset=\"https:\/\/feucht-obsttechnik.de\/wp-content\/uploads\/hochgrasm\u00e4htechnik-john-deere-1-200x150.jpg 200w, https:\/\/feucht-obsttechnik.de\/wp-content\/uploads\/hochgrasm\u00e4htechnik-john-deere-1-400x300.jpg 400w, https:\/\/feucht-obsttechnik.de\/wp-content\/uploads\/hochgrasm\u00e4htechnik-john-deere-1-600x450.jpg 600w, https:\/\/feucht-obsttechnik.de\/wp-content\/uploads\/hochgrasm\u00e4htechnik-john-deere-1-800x600.jpg 800w, https:\/\/feucht-obsttechnik.de\/wp-content\/uploads\/hochgrasm\u00e4htechnik-john-deere-1-1200x900.jpg 1200w, https:\/\/feucht-obsttechnik.de\/wp-content\/uploads\/hochgrasm\u00e4htechnik-john-deere-1.jpg 1600w\" sizes=\"(max-width: 835px) 100vw, 600px\" \/><\/a><\/span><\/div><div class=\"fusion-clearfix\"><\/div><\/div><\/div><\/div><\/div><div class=\"fusion-fullwidth fullwidth-box fusion-builder-row-3 nonhundred-percent-fullwidth non-hundred-percent-height-scrolling\" style=\"--awb-background-position:left top;--awb-border-sizes-top:0px;--awb-border-sizes-bottom:0px;--awb-border-sizes-left:0px;--awb-border-sizes-right:0px;--awb-border-radius-top-left:0px;--awb-border-radius-top-right:0px;--awb-border-radius-bottom-right:0px;--awb-border-radius-bottom-left:0px;--awb-padding-top:1px;--awb-padding-bottom:0px;--awb-background-color:#cc0000;--awb-flex-wrap:wrap;\" ><div class=\"fusion-builder-row fusion-row\"><div class=\"fusion-layout-column fusion_builder_column fusion-builder-column-5 fusion_builder_column_1_1 1_1 fusion-one-full fusion-column-first fusion-column-last\" style=\"--awb-padding-top:50px;--awb-padding-bottom:50px;--awb-padding-left:0px;--awb-bg-size:cover;--awb-margin-bottom:0px;\"><div class=\"fusion-column-wrapper fusion-column-has-shadow fusion-flex-column-wrapper-legacy\"><div class=\"fusion-column-content-centered\"><div class=\"fusion-column-content\"><div class=\"fusion-text fusion-text-5\"><h2 style=\"text-align: center; margin-bottom: 0px;\"><span style=\"color: #ffffff;\"> Tecnolog\u00eda de corte de hierba alta de Feucht Obsttechnik<\/span><\/h2>\n<\/div><\/div><\/div><div class=\"fusion-clearfix\"><\/div><\/div><\/div><\/div><\/div><div class=\"fusion-fullwidth fullwidth-box fusion-builder-row-4 nonhundred-percent-fullwidth non-hundred-percent-height-scrolling\" style=\"--awb-border-radius-top-left:0px;--awb-border-radius-top-right:0px;--awb-border-radius-bottom-right:0px;--awb-border-radius-bottom-left:0px;--awb-padding-top:100px;--awb-padding-bottom:50px;--awb-background-color:#f2f2f2;--awb-flex-wrap:wrap;\" ><div class=\"fusion-builder-row fusion-row\"><div class=\"fusion-layout-column fusion_builder_column fusion-builder-column-6 fusion_builder_column_1_1 1_1 fusion-one-full fusion-column-first fusion-column-last\" style=\"--awb-bg-color:#ffffff;--awb-bg-color-hover:#ffffff;--awb-bg-size:cover;\"><div class=\"fusion-column-wrapper fusion-flex-column-wrapper-legacy\"><div class=\"fusion-text fusion-text-6\"><div style=\"padding: 25px;\">\n<h2>Nuestra gama de productos en el \u00e1mbito de la tecnolog\u00eda de corte de hierba alta incluye:<\/h2>\n<\/div>\n<\/div>\n<div class=\"table-2\">\n<table width=\"100%\">\n<tbody>\n<tr>\n<td align=\"left\"><strong>Segadoras para tractores John Deere<\/strong><br \/>\n<span class=\"table_description\">Corte de hierba alta para varios tipos de tractores John Deere<\/span><\/td>\n<td align=\"left\">Las plataformas de corte de John Deere se distinguen por su baja necesidad de potencia, alta velocidad de corte, el mejor patr\u00f3n de corte y una distribuci\u00f3n excelente de los cortes.<\/td>\n<\/tr>\n<tr>\n<td align=\"left\"><strong>Entre la plataforma de corte de los ejes<\/strong><br \/>\n<span class=\"table_description\">Corte de hierba alta en el accesorio entre ejes<\/span><\/td>\n<td align=\"left\">Esta cortadora de c\u00e9sped alta se fija entre los ejes de los tractores cortac\u00e9sped. La segadora est\u00e1 sostenida por el tractor y asegura que la distancia hasta el suelo se mantenga constante. <\/td>\n<\/tr>\n<tr>\n<td align=\"left\"><strong>Segadora en el soporte delantero CAT O<\/strong><br \/>\n<span class=\"table_description\">Corte de hierba alta con el montaje frontal<\/span><\/td>\n<td align=\"left\">El soporte frontal de la plataforma de corte CAT 0 es adecuado para tractores compactos tradicionales. La segadora de montaje frontal est\u00e1 acoplada a la parte delantera del tractor y, por lo tanto, permite cortar cultivos de hierba de hasta 100 cm. <\/td>\n<\/tr>\n<\/tbody>\n<\/table>\n<\/div>\n<div class=\"fusion-clearfix\"><\/div><\/div><\/div><div class=\"fusion-layout-column fusion_builder_column fusion-builder-column-7 fusion_builder_column_1_1 1_1 fusion-one-full fusion-column-first fusion-column-last\" style=\"--awb-bg-size:cover;--awb-margin-bottom:0px;\"><div class=\"fusion-column-wrapper fusion-column-has-shadow fusion-flex-column-wrapper-legacy\"><div class=\"fusion-column-content-centered\"><div class=\"fusion-column-content\"><div class=\"fusion-button-wrapper\"><a class=\"fusion-button button-flat fusion-button-default-size button-custom fusion-button-default button-1 fusion-button-default-span fusion-button-default-type\" style=\"--button_accent_color:#ffffff;--button_border_color:#ffffff;--button_accent_hover_color:#ffffff;--button_border_hover_color:#ffffff;--button_gradient_top_color:#cc0000;--button_gradient_bottom_color:#cc0000;--button_gradient_top_color_hover:#ef0000;--button_gradient_bottom_color_hover:#ef0000;\" target=\"_self\" title=\"M\u00e1s informaci\u00f3n sobre la tecnolog\u00eda de siega de hierba alta\" aria-label=\"M\u00e1s informaci\u00f3n sobre la tecnolog\u00eda de siega de hierba alta\" href=\"https:\/\/feucht-obsttechnik.de\/es\/tecnologia-de-siega\/tecnologia-de-corte-de-hierba-alta\/\"><span class=\"fusion-button-text awb-button__text awb-button__text--default\">M\u00c1S INFORMACI\u00d3N SOBRE LA TECNOLOG\u00cdA DE SIEGA DE HIERBA ALTA<\/span><\/a><\/div><\/div><\/div><div class=\"fusion-clearfix\"><\/div><\/div><\/div><\/div><\/div><div class=\"fusion-fullwidth fullwidth-box fusion-builder-row-5 nonhundred-percent-fullwidth non-hundred-percent-height-scrolling fusion-equal-height-columns fusion-no-small-visibility schlagwoerter\" style=\"--awb-background-position:center top;--awb-border-sizes-top:0px;--awb-border-sizes-bottom:0px;--awb-border-sizes-left:0px;--awb-border-sizes-right:0px;--awb-border-radius-top-left:0px;--awb-border-radius-top-right:0px;--awb-border-radius-bottom-right:0px;--awb-border-radius-bottom-left:0px;--awb-padding-top:0px;--awb-padding-right:15%;--awb-padding-bottom:0px;--awb-padding-left:15%;--awb-background-color:#a0ce4e;--awb-flex-wrap:wrap;\" ><div class=\"fusion-builder-row fusion-row\"><div class=\"fusion-layout-column fusion_builder_column fusion-builder-column-8 fusion_builder_column_1_5 1_5 fusion-one-fifth fusion-column-first\" style=\"--awb-padding-top:10px;--awb-padding-bottom:10px;--awb-bg-size:cover;--awb-margin-top:10px;--awb-margin-bottom:0px;width:20%;width:calc(20% - ( ( 4% ) * 0.2 ) );margin-right: 4%;\"><div class=\"fusion-column-wrapper fusion-column-has-shadow fusion-flex-column-wrapper-legacy\"><div class=\"fusion-column-content-centered\"><div class=\"fusion-column-content\"><div class=\"fusion-title title fusion-title-1 fusion-sep-none fusion-title-text fusion-title-size-two\" style=\"--awb-text-color:#ffffff;--awb-margin-bottom:0px;--awb-margin-right-small:0px;--awb-margin-bottom-small:0px;--awb-margin-left-small:0px;\"><h2 class=\"fusion-title-heading title-heading-left fusion-responsive-typography-calculated\" style=\"margin:0;--fontSize:26;--minFontSize:26;line-height:1.25;\">Palabras clave:<\/h2><\/div><\/div><\/div><div class=\"fusion-clearfix\"><\/div><\/div><\/div><div class=\"fusion-layout-column fusion_builder_column fusion-builder-column-9 fusion_builder_column_4_5 4_5 fusion-four-fifth fusion-column-last fusion-column-no-min-height\" style=\"--awb-padding-top:10px;--awb-padding-bottom:10px;--awb-bg-size:cover;--awb-margin-top:20px;--awb-margin-bottom:0px;width:80%;width:calc(80% - ( ( 4% ) * 0.8 ) );\"><div class=\"fusion-column-wrapper fusion-column-has-shadow fusion-flex-column-wrapper-legacy\"><div class=\"fusion-text fusion-text-7\"><p><span style=\"color: #ffffff;\"><a href=\"https:\/\/feucht-obsttechnik.de\/es\/tecnologia-de-siega\/tecnologia-de-corte-de-hierba-alta\/plataformas-segadoras-para-john-deere\/\">Tecnolog\u00eda de corte de c\u00e9sped alto con John Deere<\/a>, <a href=\"https:\/\/feucht-obsttechnik.de\/es\/tecnologia-de-siega\/tecnologia-de-corte-de-hierba-alta\/segadora-frontal-cat-0\/\">Corte de hierba alta con soporte frontal<\/a>, <a href=\"https:\/\/feucht-obsttechnik.de\/es\/tecnologia-de-siega\/accesorios-para-robots-cortacesped\/\">Accesorios para unidades segadoras<\/a><\/span><\/p>\n<\/div><div class=\"fusion-clearfix\"><\/div><\/div><\/div><\/div><\/div><\/p>\n","protected":false},"excerpt":{"rendered":"","protected":false},"author":4,"featured_media":0,"parent":0,"menu_order":0,"comment_status":"closed","ping_status":"closed","template":"100-width.php","meta":{"footnotes":"","_wp_rev_ctl_limit":""},"class_list":["post-10784","page","type-page","status-publish","hentry"],"yoast_head":"<!-- This site is optimized with the Yoast SEO plugin v27.2 - https:\/\/yoast.com\/product\/yoast-seo-wordpress\/ -->\n<title>Tecnolog\u00eda de corte de hierba alta - Feucht Obsttechnik<\/title>\n<meta name=\"description\" content=\"La tecnolog\u00eda de corte de c\u00e9sped alto de Feucht Obsttechnik permite cortar \u00e1reas de c\u00e9sped de m\u00e1s de 100 cm de altura. Conozca nuestra popular tecnolog\u00eda de siega.\" \/>\n<meta name=\"robots\" content=\"index, follow, max-snippet:-1, max-image-preview:large, max-video-preview:-1\" \/>\n<link rel=\"canonical\" href=\"https:\/\/feucht-obsttechnik.de\/es\/lp-tecnologia-de-corte-de-hierba-alta\/\" \/>\n<meta property=\"og:locale\" content=\"es_ES\" \/>\n<meta property=\"og:type\" content=\"article\" \/>\n<meta property=\"og:title\" content=\"Tecnolog\u00eda de corte de hierba alta - Feucht Obsttechnik\" \/>\n<meta property=\"og:description\" content=\"La tecnolog\u00eda de corte de c\u00e9sped alto de Feucht Obsttechnik permite cortar \u00e1reas de c\u00e9sped de m\u00e1s de 100 cm de altura. Conozca nuestra popular tecnolog\u00eda de siega.\" \/>\n<meta property=\"og:url\" content=\"https:\/\/feucht-obsttechnik.de\/es\/lp-tecnologia-de-corte-de-hierba-alta\/\" \/>\n<meta property=\"og:site_name\" content=\"Feucht Obsttechnik\" \/>\n<meta property=\"article:modified_time\" content=\"2021-04-22T19:58:47+00:00\" \/>\n<meta name=\"twitter:card\" content=\"summary_large_image\" \/>\n<meta name=\"twitter:label1\" content=\"Tiempo de lectura\" \/>\n\t<meta name=\"twitter:data1\" content=\"14 minutos\" \/>\n<script type=\"application\/ld+json\" class=\"yoast-schema-graph\">{\"@context\":\"https:\/\/schema.org\",\"@graph\":[{\"@type\":\"WebPage\",\"@id\":\"https:\/\/feucht-obsttechnik.de\/es\/lp-tecnologia-de-corte-de-hierba-alta\/\",\"url\":\"https:\/\/feucht-obsttechnik.de\/es\/lp-tecnologia-de-corte-de-hierba-alta\/\",\"name\":\"Tecnolog\u00eda de corte de hierba alta - Feucht Obsttechnik\",\"isPartOf\":{\"@id\":\"https:\/\/feucht-obsttechnik.de\/es\/#website\"},\"datePublished\":\"2021-04-07T13:56:56+00:00\",\"dateModified\":\"2021-04-22T19:58:47+00:00\",\"description\":\"La tecnolog\u00eda de corte de c\u00e9sped alto de Feucht Obsttechnik permite cortar \u00e1reas de c\u00e9sped de m\u00e1s de 100 cm de altura. Conozca nuestra popular tecnolog\u00eda de siega.\",\"breadcrumb\":{\"@id\":\"https:\/\/feucht-obsttechnik.de\/es\/lp-tecnologia-de-corte-de-hierba-alta\/#breadcrumb\"},\"inLanguage\":\"es\",\"potentialAction\":[{\"@type\":\"ReadAction\",\"target\":[\"https:\/\/feucht-obsttechnik.de\/es\/lp-tecnologia-de-corte-de-hierba-alta\/\"]}]},{\"@type\":\"BreadcrumbList\",\"@id\":\"https:\/\/feucht-obsttechnik.de\/es\/lp-tecnologia-de-corte-de-hierba-alta\/#breadcrumb\",\"itemListElement\":[{\"@type\":\"ListItem\",\"position\":1,\"name\":\"Startseite\",\"item\":\"https:\/\/feucht-obsttechnik.de\/es\/\"},{\"@type\":\"ListItem\",\"position\":2,\"name\":\"LP Tecnolog\u00eda de corte de hierba alta\"}]},{\"@type\":\"WebSite\",\"@id\":\"https:\/\/feucht-obsttechnik.de\/es\/#website\",\"url\":\"https:\/\/feucht-obsttechnik.de\/es\/\",\"name\":\"Feucht Obsttechnik\",\"description\":\"\",\"publisher\":{\"@id\":\"https:\/\/feucht-obsttechnik.de\/es\/#organization\"},\"potentialAction\":[{\"@type\":\"SearchAction\",\"target\":{\"@type\":\"EntryPoint\",\"urlTemplate\":\"https:\/\/feucht-obsttechnik.de\/es\/?s={search_term_string}\"},\"query-input\":{\"@type\":\"PropertyValueSpecification\",\"valueRequired\":true,\"valueName\":\"search_term_string\"}}],\"inLanguage\":\"es\"},{\"@type\":\"Organization\",\"@id\":\"https:\/\/feucht-obsttechnik.de\/es\/#organization\",\"name\":\"Feucht Obsttechnik GmbH\",\"url\":\"https:\/\/feucht-obsttechnik.de\/es\/\",\"logo\":{\"@type\":\"ImageObject\",\"inLanguage\":\"es\",\"@id\":\"https:\/\/feucht-obsttechnik.de\/es\/#\/schema\/logo\/image\/\",\"url\":\"https:\/\/feucht-obsttechnik.de\/wp-content\/uploads\/logo-feucht@2x-1.png\",\"contentUrl\":\"https:\/\/feucht-obsttechnik.de\/wp-content\/uploads\/logo-feucht@2x-1.png\",\"width\":640,\"height\":123,\"caption\":\"Feucht Obsttechnik GmbH\"},\"image\":{\"@id\":\"https:\/\/feucht-obsttechnik.de\/es\/#\/schema\/logo\/image\/\"}}]}<\/script>\n<!-- \/ Yoast SEO plugin. -->","yoast_head_json":{"title":"Tecnolog\u00eda de corte de hierba alta - Feucht Obsttechnik","description":"La tecnolog\u00eda de corte de c\u00e9sped alto de Feucht Obsttechnik permite cortar \u00e1reas de c\u00e9sped de m\u00e1s de 100 cm de altura. Conozca nuestra popular tecnolog\u00eda de siega.","robots":{"index":"index","follow":"follow","max-snippet":"max-snippet:-1","max-image-preview":"max-image-preview:large","max-video-preview":"max-video-preview:-1"},"canonical":"https:\/\/feucht-obsttechnik.de\/es\/lp-tecnologia-de-corte-de-hierba-alta\/","og_locale":"es_ES","og_type":"article","og_title":"Tecnolog\u00eda de corte de hierba alta - Feucht Obsttechnik","og_description":"La tecnolog\u00eda de corte de c\u00e9sped alto de Feucht Obsttechnik permite cortar \u00e1reas de c\u00e9sped de m\u00e1s de 100 cm de altura. Conozca nuestra popular tecnolog\u00eda de siega.","og_url":"https:\/\/feucht-obsttechnik.de\/es\/lp-tecnologia-de-corte-de-hierba-alta\/","og_site_name":"Feucht Obsttechnik","article_modified_time":"2021-04-22T19:58:47+00:00","twitter_card":"summary_large_image","twitter_misc":{"Tiempo de lectura":"14 minutos"},"schema":{"@context":"https:\/\/schema.org","@graph":[{"@type":"WebPage","@id":"https:\/\/feucht-obsttechnik.de\/es\/lp-tecnologia-de-corte-de-hierba-alta\/","url":"https:\/\/feucht-obsttechnik.de\/es\/lp-tecnologia-de-corte-de-hierba-alta\/","name":"Tecnolog\u00eda de corte de hierba alta - Feucht Obsttechnik","isPartOf":{"@id":"https:\/\/feucht-obsttechnik.de\/es\/#website"},"datePublished":"2021-04-07T13:56:56+00:00","dateModified":"2021-04-22T19:58:47+00:00","description":"La tecnolog\u00eda de corte de c\u00e9sped alto de Feucht Obsttechnik permite cortar \u00e1reas de c\u00e9sped de m\u00e1s de 100 cm de altura. Conozca nuestra popular tecnolog\u00eda de siega.","breadcrumb":{"@id":"https:\/\/feucht-obsttechnik.de\/es\/lp-tecnologia-de-corte-de-hierba-alta\/#breadcrumb"},"inLanguage":"es","potentialAction":[{"@type":"ReadAction","target":["https:\/\/feucht-obsttechnik.de\/es\/lp-tecnologia-de-corte-de-hierba-alta\/"]}]},{"@type":"BreadcrumbList","@id":"https:\/\/feucht-obsttechnik.de\/es\/lp-tecnologia-de-corte-de-hierba-alta\/#breadcrumb","itemListElement":[{"@type":"ListItem","position":1,"name":"Startseite","item":"https:\/\/feucht-obsttechnik.de\/es\/"},{"@type":"ListItem","position":2,"name":"LP Tecnolog\u00eda de corte de hierba alta"}]},{"@type":"WebSite","@id":"https:\/\/feucht-obsttechnik.de\/es\/#website","url":"https:\/\/feucht-obsttechnik.de\/es\/","name":"Feucht Obsttechnik","description":"","publisher":{"@id":"https:\/\/feucht-obsttechnik.de\/es\/#organization"},"potentialAction":[{"@type":"SearchAction","target":{"@type":"EntryPoint","urlTemplate":"https:\/\/feucht-obsttechnik.de\/es\/?s={search_term_string}"},"query-input":{"@type":"PropertyValueSpecification","valueRequired":true,"valueName":"search_term_string"}}],"inLanguage":"es"},{"@type":"Organization","@id":"https:\/\/feucht-obsttechnik.de\/es\/#organization","name":"Feucht Obsttechnik GmbH","url":"https:\/\/feucht-obsttechnik.de\/es\/","logo":{"@type":"ImageObject","inLanguage":"es","@id":"https:\/\/feucht-obsttechnik.de\/es\/#\/schema\/logo\/image\/","url":"https:\/\/feucht-obsttechnik.de\/wp-content\/uploads\/logo-feucht@2x-1.png","contentUrl":"https:\/\/feucht-obsttechnik.de\/wp-content\/uploads\/logo-feucht@2x-1.png","width":640,"height":123,"caption":"Feucht Obsttechnik GmbH"},"image":{"@id":"https:\/\/feucht-obsttechnik.de\/es\/#\/schema\/logo\/image\/"}}]}},"_links":{"self":[{"href":"https:\/\/feucht-obsttechnik.de\/es\/wp-json\/wp\/v2\/pages\/10784","targetHints":{"allow":["GET"]}}],"collection":[{"href":"https:\/\/feucht-obsttechnik.de\/es\/wp-json\/wp\/v2\/pages"}],"about":[{"href":"https:\/\/feucht-obsttechnik.de\/es\/wp-json\/wp\/v2\/types\/page"}],"author":[{"embeddable":true,"href":"https:\/\/feucht-obsttechnik.de\/es\/wp-json\/wp\/v2\/users\/4"}],"replies":[{"embeddable":true,"href":"https:\/\/feucht-obsttechnik.de\/es\/wp-json\/wp\/v2\/comments?post=10784"}],"version-history":[{"count":0,"href":"https:\/\/feucht-obsttechnik.de\/es\/wp-json\/wp\/v2\/pages\/10784\/revisions"}],"wp:attachment":[{"href":"https:\/\/feucht-obsttechnik.de\/es\/wp-json\/wp\/v2\/media?parent=10784"}],"curies":[{"name":"wp","href":"https:\/\/api.w.org\/{rel}","templated":true}]}}