{"id":10759,"date":"2021-04-07T15:23:11","date_gmt":"2021-04-07T13:23:11","guid":{"rendered":"http:\/\/neu2020.feucht-obsttechnik.de\/lp-rompenueces-para-avellanas-de-accion-manual\/"},"modified":"2021-04-22T21:53:25","modified_gmt":"2021-04-22T19:53:25","slug":"lp-rompenueces-para-avellanas-de-accion-manual","status":"publish","type":"page","link":"https:\/\/feucht-obsttechnik.de\/es\/lp-rompenueces-para-avellanas-de-accion-manual\/","title":{"rendered":"LP Rompenueces para avellanas de acci\u00f3n manual"},"content":{"rendered":"<p><div class=\"fusion-bg-parallax\" data-bg-align=\"left center\" data-direction=\"up\" data-mute=\"false\" data-opacity=\"100\" data-velocity=\"-0.3\" data-mobile-enabled=\"false\" data-break_parents=\"0\" data-bg-image=\"https:\/\/feucht-obsttechnik.de\/wp-content\/uploads\/bg-header-haselnussernte.jpg\" data-bg-repeat=\"false\" ><\/div><div class=\"fusion-fullwidth fullwidth-box fusion-builder-row-1 fusion-parallax-up nonhundred-percent-fullwidth non-hundred-percent-height-scrolling\" style=\"--awb-background-position:left center;--awb-border-sizes-top:0px;--awb-border-sizes-bottom:0px;--awb-border-sizes-left:0px;--awb-border-sizes-right:0px;--awb-border-radius-top-left:0px;--awb-border-radius-top-right:0px;--awb-border-radius-bottom-right:0px;--awb-border-radius-bottom-left:0px;--awb-padding-top:130px;--awb-padding-bottom:120px;--awb-background-image:url(&quot;https:\/\/feucht-obsttechnik.de\/wp-content\/uploads\/bg-header-haselnussernte.jpg&quot;);--awb-background-size:cover;--awb-flex-wrap:wrap;\" ><div class=\"fusion-builder-row fusion-row\"><div class=\"fusion-layout-column fusion_builder_column fusion-builder-column-0 fusion_builder_column_1_2 1_2 fusion-one-half fusion-column-first\" style=\"--awb-bg-size:cover;width:48%; margin-right: 4%;\"><div class=\"fusion-column-wrapper fusion-flex-column-wrapper-legacy\"><div class=\"fusion-text fusion-text-1\"><h1><span style=\"color: #ffffff;\">Rompenueces para avellanas de acci\u00f3n manual<\/span><\/h1>\n<p><span style=\"color: #ffffff;\">Tratamiento exitoso con la mejor tecnolog\u00eda: Con nuestro rompenueces de acci\u00f3n manual para avellanas obtendr\u00e1 los mejores resultados de craqueo de un modo sencillo y r\u00e1pido.<\/span><\/p>\n<\/div><div class=\"fusion-clearfix\"><\/div><\/div><\/div><div class=\"fusion-layout-column fusion_builder_column fusion-builder-column-1 fusion_builder_column_1_2 1_2 fusion-one-half fusion-column-last\" style=\"--awb-bg-size:cover;width:48%;\"><div class=\"fusion-column-wrapper fusion-flex-column-wrapper-legacy\"><div class=\"fusion-clearfix\"><\/div><\/div><\/div><\/div><\/div><div class=\"fusion-fullwidth fullwidth-box fusion-builder-row-2 nonhundred-percent-fullwidth non-hundred-percent-height-scrolling\" style=\"--awb-background-position:left top;--awb-border-sizes-top:0px;--awb-border-sizes-bottom:0px;--awb-border-sizes-left:0px;--awb-border-sizes-right:0px;--awb-border-radius-top-left:0px;--awb-border-radius-top-right:0px;--awb-border-radius-bottom-right:0px;--awb-border-radius-bottom-left:0px;--awb-padding-top:130px;--awb-padding-bottom:30px;--awb-flex-wrap:wrap;\" ><div class=\"fusion-builder-row fusion-row\"><div class=\"fusion-layout-column fusion_builder_column fusion-builder-column-2 fusion_builder_column_1_1 1_1 fusion-one-full fusion-column-first fusion-column-last\" style=\"--awb-bg-size:cover;\"><div class=\"fusion-column-wrapper fusion-column-has-shadow fusion-flex-column-wrapper-legacy\"><div class=\"fusion-text fusion-text-2\"><h2>Rompenueces para avellanas de acci\u00f3n manual de Feucht Obsttechnik<\/h2>\n<\/div><div class=\"fusion-text fusion-text-3\"><h3><span class=\"\">Cultivo de avellanas: \u00c9xito con conocimiento, experiencia y mecanizaci\u00f3n.<\/span><\/h3>\n<\/div><div class=\"fusion-clearfix\"><\/div><\/div><\/div><div class=\"fusion-layout-column fusion_builder_column fusion-builder-column-3 fusion_builder_column_1_2 1_2 fusion-one-half fusion-column-first\" style=\"--awb-bg-size:cover;width:48%; margin-right: 4%;\"><div class=\"fusion-column-wrapper fusion-flex-column-wrapper-legacy\"><div class=\"fusion-text fusion-text-4\"><p>Los frutos secos siempre han sido conocidos por sus efectos beneficiosos para la salud. Un beneficio particular del robusto paquete de energ\u00eda es que pueden integrarse en cada comida o comerse como tentempi\u00e9. Con la ayuda de un rompenueces de acci\u00f3n manual para avellanas (apto tambi\u00e9n para nueces), los frutos se pueden cascar de una manera sencilla y r\u00e1pida con una m\u00e1quina rompenueces de acci\u00f3n manual. El cascanueces de acci\u00f3n manual para avellanas \u00abWALMAN\u00bb es un rompenueces autom\u00e1tico de avellanas sencillo, econ\u00f3mico y continuo de accionamiento manual (adecuado tambi\u00e9n para nueces) con un alto nivel de cascado de nueces. El resultado es aproximadamente de un 80% de n\u00facleos rotos y un 20% de medios n\u00facleos, seg\u00fan el tipo y tama\u00f1o del fruto. Las nueces deben estar calibradas co antelaci\u00f3n, en grandes, medianas y peque\u00f1as, para lograr un buen resultado. Esto permite partir aproximadamente de 20 a 30 kg de avellanas por hora con el cascanueces de acci\u00f3n manual. El principio de funcionamiento del cascanueces de acci\u00f3n manual de avellanas es simple: Despu\u00e9s de llenar la compuerta de entrada con frutos secos, gire la manivela hacia la derecha y hacia la izquierda como lo har\u00eda con un columpio. Despu\u00e9s de la operaci\u00f3n, las nueces rotas (n\u00facleos, c\u00e1scaras y frutos parcialmente rotos) se pueden recoger en el punto de descarga colocando un contenedor. Durante varias generaciones hemos estado activos en el campo de la tecnolog\u00eda de recolecci\u00f3n de frutas y tambi\u00e9n somos un socio competente para nuestros clientes en el campo de la tecnolog\u00eda de tratamiento de frutos secos y la tecnolog\u00eda de siega. A trav\u00e9s del desarrollo de productos constantemente innovadores, nos hemos convertido en el l\u00edder del mercado europeo en cuanto a tecnolog\u00eda de recolecci\u00f3n de fruta, de corte y de tratamiento de frutos secos. Adem\u00e1s de nuestro cascanueces para avellanas de acci\u00f3n manual, tambi\u00e9n ofrecemos cascanueces mec\u00e1nicos, y tambi\u00e9n somos un proveedor completo en todas las \u00e1reas del tratamiento de frutos secos: lavado, secado, calibrado y craqueo (pre-craqueo, eliminaci\u00f3n de c\u00e1scaras, post-craqueo, clasificaci\u00f3n y calibraci\u00f3n del n\u00facleo).<\/p>\n<\/div><div class=\"fusion-button-wrapper\"><a class=\"fusion-button button-flat fusion-button-default-size button-custom fusion-button-default button-1 fusion-button-default-span fusion-button-default-type\" style=\"--button_accent_color:#ffffff;--button_border_color:#ffffff;--button_accent_hover_color:#ffffff;--button_border_hover_color:#ffffff;--button_gradient_top_color:#cc0000;--button_gradient_bottom_color:#cc0000;--button_gradient_top_color_hover:#ef0000;--button_gradient_bottom_color_hover:#ef0000;\" target=\"_self\" title=\"M\u00e1s informaci\u00f3n sobre rompenueces para avellanas de acci\u00f3n manual\" aria-label=\"M\u00e1s informaci\u00f3n sobre rompenueces para avellanas de acci\u00f3n manual\" href=\"https:\/\/feucht-obsttechnik.de\/es\/procesamiento-de-frutos-secos\/avellana\/calibracion-y-craqueo-de-avellanas\/\"><span class=\"fusion-button-text awb-button__text awb-button__text--default\">M\u00c1S INFORMACI\u00d3N SOBRE NUESTRO CASCANUECES DE AVELLANAS DE ACCI\u00d3N MANUAL<\/span><\/a><\/div><div class=\"fusion-clearfix\"><\/div><\/div><\/div><div class=\"fusion-layout-column fusion_builder_column fusion-builder-column-4 fusion_builder_column_1_2 1_2 fusion-one-half fusion-column-last\" style=\"--awb-bg-size:cover;width:48%;\"><div class=\"fusion-column-wrapper fusion-flex-column-wrapper-legacy\"><div class=\"fusion-image-element in-legacy-container\" style=\"--awb-caption-title-font-family:var(--h2_typography-font-family);--awb-caption-title-font-weight:var(--h2_typography-font-weight);--awb-caption-title-font-style:var(--h2_typography-font-style);--awb-caption-title-size:var(--h2_typography-font-size);--awb-caption-title-transform:var(--h2_typography-text-transform);--awb-caption-title-line-height:var(--h2_typography-line-height);--awb-caption-title-letter-spacing:var(--h2_typography-letter-spacing);\"><span class=\" fusion-imageframe imageframe-none imageframe-1 hover-type-zoomin fusion-animated\" data-animationType=\"fadeInDown\" data-animationDuration=\"1.0\" data-animationOffset=\"bottom-in-view\"><a href=\"https:\/\/feucht-obsttechnik.de\/wp-content\/uploads\/handknacker-divider-wal-man-1.jpg\" class=\"fusion-lightbox\" data-rel=\"iLightbox[Rompenueces para avellanas de acci\u00f3n manual]\" data-title=\"Rompenueces de acci\u00f3n manual WAL MAN SMALL avellanas\/nueces\" title=\"Rompenueces de acci\u00f3n manual WAL MAN SMALL avellanas\/nueces\"><img decoding=\"async\" width=\"1900\" height=\"1267\" src=\"https:\/\/feucht-obsttechnik.de\/wp-content\/uploads\/handknacker-divider-wal-man-1.jpg\" alt class=\"img-responsive wp-image-8238\" srcset=\"https:\/\/feucht-obsttechnik.de\/wp-content\/uploads\/handknacker-divider-wal-man-1-200x133.jpg 200w, https:\/\/feucht-obsttechnik.de\/wp-content\/uploads\/handknacker-divider-wal-man-1-400x267.jpg 400w, https:\/\/feucht-obsttechnik.de\/wp-content\/uploads\/handknacker-divider-wal-man-1-600x400.jpg 600w, https:\/\/feucht-obsttechnik.de\/wp-content\/uploads\/handknacker-divider-wal-man-1-800x533.jpg 800w, https:\/\/feucht-obsttechnik.de\/wp-content\/uploads\/handknacker-divider-wal-man-1-1200x800.jpg 1200w, https:\/\/feucht-obsttechnik.de\/wp-content\/uploads\/handknacker-divider-wal-man-1.jpg 1900w\" sizes=\"(max-width: 835px) 100vw, 600px\" \/><\/a><\/span><\/div><div class=\"fusion-sep-clear\"><\/div><div class=\"fusion-separator fusion-full-width-sep\" style=\"margin-left: auto;margin-right: auto;margin-bottom:30px;width:100%;\"><\/div><div class=\"fusion-sep-clear\"><\/div><div class=\"fusion-sep-clear\"><\/div><div class=\"fusion-separator fusion-full-width-sep\" style=\"margin-left: auto;margin-right: auto;margin-bottom:30px;width:100%;\"><\/div><div class=\"fusion-sep-clear\"><\/div><div class=\"fusion-image-element in-legacy-container\" style=\"--awb-caption-title-font-family:var(--h2_typography-font-family);--awb-caption-title-font-weight:var(--h2_typography-font-weight);--awb-caption-title-font-style:var(--h2_typography-font-style);--awb-caption-title-size:var(--h2_typography-font-size);--awb-caption-title-transform:var(--h2_typography-text-transform);--awb-caption-title-line-height:var(--h2_typography-line-height);--awb-caption-title-letter-spacing:var(--h2_typography-letter-spacing);\"><span class=\" fusion-imageframe imageframe-none imageframe-2 hover-type-zoomin fusion-animated\" data-animationType=\"fadeInDown\" data-animationDuration=\"1.0\" data-animationOffset=\"bottom-in-view\"><a href=\"https:\/\/feucht-obsttechnik.de\/wp-content\/uploads\/handknacker-divider-wal-man-klein-2.jpg\" class=\"fusion-lightbox\" data-rel=\"iLightbox[Rompenueces para avellanas de acci\u00f3n manual]\" data-title=\"Craqueo de frutos secos con la WAL MAN\" title=\"Craqueo de frutos secos con la WAL MAN\"><img decoding=\"async\" width=\"1600\" height=\"1200\" src=\"https:\/\/feucht-obsttechnik.de\/wp-content\/uploads\/handknacker-divider-wal-man-klein-2.jpg\" alt class=\"img-responsive wp-image-8047\" srcset=\"https:\/\/feucht-obsttechnik.de\/wp-content\/uploads\/handknacker-divider-wal-man-klein-2-200x150.jpg 200w, https:\/\/feucht-obsttechnik.de\/wp-content\/uploads\/handknacker-divider-wal-man-klein-2-400x300.jpg 400w, https:\/\/feucht-obsttechnik.de\/wp-content\/uploads\/handknacker-divider-wal-man-klein-2-600x450.jpg 600w, https:\/\/feucht-obsttechnik.de\/wp-content\/uploads\/handknacker-divider-wal-man-klein-2-800x600.jpg 800w, https:\/\/feucht-obsttechnik.de\/wp-content\/uploads\/handknacker-divider-wal-man-klein-2-1200x900.jpg 1200w, https:\/\/feucht-obsttechnik.de\/wp-content\/uploads\/handknacker-divider-wal-man-klein-2.jpg 1600w\" sizes=\"(max-width: 835px) 100vw, 600px\" \/><\/a><\/span><\/div><div class=\"fusion-clearfix\"><\/div><\/div><\/div><\/div><\/div><div class=\"fusion-fullwidth fullwidth-box fusion-builder-row-3 nonhundred-percent-fullwidth non-hundred-percent-height-scrolling fusion-equal-height-columns fusion-no-small-visibility schlagwoerter\" style=\"--awb-background-position:center top;--awb-border-sizes-top:0px;--awb-border-sizes-bottom:0px;--awb-border-sizes-left:0px;--awb-border-sizes-right:0px;--awb-border-radius-top-left:0px;--awb-border-radius-top-right:0px;--awb-border-radius-bottom-right:0px;--awb-border-radius-bottom-left:0px;--awb-padding-top:0px;--awb-padding-right:15%;--awb-padding-bottom:0px;--awb-padding-left:15%;--awb-background-color:#a0ce4e;--awb-flex-wrap:wrap;\" ><div class=\"fusion-builder-row fusion-row\"><div class=\"fusion-layout-column fusion_builder_column fusion-builder-column-5 fusion_builder_column_1_5 1_5 fusion-one-fifth fusion-column-first\" style=\"--awb-padding-top:10px;--awb-padding-bottom:10px;--awb-bg-size:cover;--awb-margin-top:10px;--awb-margin-bottom:0px;width:20%;width:calc(20% - ( ( 4% ) * 0.2 ) );margin-right: 4%;\"><div class=\"fusion-column-wrapper fusion-column-has-shadow fusion-flex-column-wrapper-legacy\"><div class=\"fusion-column-content-centered\"><div class=\"fusion-column-content\"><div class=\"fusion-title title fusion-title-1 fusion-sep-none fusion-title-text fusion-title-size-two\" style=\"--awb-text-color:#ffffff;--awb-margin-bottom:0px;--awb-margin-right-small:0px;--awb-margin-bottom-small:0px;--awb-margin-left-small:0px;\"><h2 class=\"fusion-title-heading title-heading-left fusion-responsive-typography-calculated\" style=\"margin:0;--fontSize:26;--minFontSize:26;line-height:1.25;\">Palabras clave:<\/h2><\/div><\/div><\/div><div class=\"fusion-clearfix\"><\/div><\/div><\/div><div class=\"fusion-layout-column fusion_builder_column fusion-builder-column-6 fusion_builder_column_4_5 4_5 fusion-four-fifth fusion-column-last fusion-column-no-min-height\" style=\"--awb-padding-top:10px;--awb-padding-bottom:10px;--awb-bg-size:cover;--awb-margin-top:20px;--awb-margin-bottom:0px;width:80%;width:calc(80% - ( ( 4% ) * 0.8 ) );\"><div class=\"fusion-column-wrapper fusion-column-has-shadow fusion-flex-column-wrapper-legacy\"><div class=\"fusion-text fusion-text-5\"><p><span style=\"color: #ffffff;\"><a href=\"https:\/\/feucht-obsttechnik.de\/es\/procesamiento-de-frutos-secos\/procesamiento-de-frutos-secos-pequeno\/romper-los-frutos-secos\/\">Cascanueces manual para avellanas de acci\u00f3n manual,<\/a> <a href=\"https:\/\/feucht-obsttechnik.de\/es\/procesamiento-de-frutos-secos\/procesamiento-de-nueces-grande\/cascar-frutos-secos\/#micro\">Cascanueces Micro<\/a>, <a href=\"https:\/\/feucht-obsttechnik.de\/es\/wal-man\/\">WAL MAN<\/a><\/span><\/p>\n<\/div><div class=\"fusion-clearfix\"><\/div><\/div><\/div><\/div><\/div><\/p>\n","protected":false},"excerpt":{"rendered":"","protected":false},"author":4,"featured_media":0,"parent":0,"menu_order":0,"comment_status":"closed","ping_status":"closed","template":"100-width.php","meta":{"footnotes":"","_wp_rev_ctl_limit":""},"class_list":["post-10759","page","type-page","status-publish","hentry"],"yoast_head":"<!-- This site is optimized with the Yoast SEO plugin v27.5 - https:\/\/yoast.com\/product\/yoast-seo-wordpress\/ -->\n<title>Rompenueces para avellanas de acci\u00f3n manual - Feucht Obsttechnik<\/title>\n<meta name=\"description\" content=\"El cascanueces de acci\u00f3n manual para avellanas de Feucht Obsttechnik ofrece los mejores resultados de craqueo de un modo sencillo y r\u00e1pido. \u00a1M\u00e1s informaci\u00f3n sobre el cascanueces de avellana de acci\u00f3n manual!\" \/>\n<meta name=\"robots\" content=\"index, follow, max-snippet:-1, max-image-preview:large, max-video-preview:-1\" \/>\n<link rel=\"canonical\" href=\"https:\/\/feucht-obsttechnik.de\/es\/lp-rompenueces-para-avellanas-de-accion-manual\/\" \/>\n<meta property=\"og:locale\" content=\"es_ES\" \/>\n<meta property=\"og:type\" content=\"article\" \/>\n<meta property=\"og:title\" content=\"Rompenueces para avellanas de acci\u00f3n manual - Feucht Obsttechnik\" \/>\n<meta property=\"og:description\" content=\"El cascanueces de acci\u00f3n manual para avellanas de Feucht Obsttechnik ofrece los mejores resultados de craqueo de un modo sencillo y r\u00e1pido. \u00a1M\u00e1s informaci\u00f3n sobre el cascanueces de avellana de acci\u00f3n manual!\" \/>\n<meta property=\"og:url\" content=\"https:\/\/feucht-obsttechnik.de\/es\/lp-rompenueces-para-avellanas-de-accion-manual\/\" \/>\n<meta property=\"og:site_name\" content=\"Feucht Obsttechnik\" \/>\n<meta property=\"article:modified_time\" content=\"2021-04-22T19:53:25+00:00\" \/>\n<meta name=\"twitter:card\" content=\"summary_large_image\" \/>\n<meta name=\"twitter:label1\" content=\"Tiempo de lectura\" \/>\n\t<meta name=\"twitter:data1\" content=\"10 minutos\" \/>\n<script type=\"application\/ld+json\" class=\"yoast-schema-graph\">{\"@context\":\"https:\\\/\\\/schema.org\",\"@graph\":[{\"@type\":\"WebPage\",\"@id\":\"https:\\\/\\\/feucht-obsttechnik.de\\\/es\\\/lp-rompenueces-para-avellanas-de-accion-manual\\\/\",\"url\":\"https:\\\/\\\/feucht-obsttechnik.de\\\/es\\\/lp-rompenueces-para-avellanas-de-accion-manual\\\/\",\"name\":\"Rompenueces para avellanas de acci\u00f3n manual - Feucht Obsttechnik\",\"isPartOf\":{\"@id\":\"https:\\\/\\\/feucht-obsttechnik.de\\\/es\\\/#website\"},\"datePublished\":\"2021-04-07T13:23:11+00:00\",\"dateModified\":\"2021-04-22T19:53:25+00:00\",\"description\":\"El cascanueces de acci\u00f3n manual para avellanas de Feucht Obsttechnik ofrece los mejores resultados de craqueo de un modo sencillo y r\u00e1pido. \u00a1M\u00e1s informaci\u00f3n sobre el cascanueces de avellana de acci\u00f3n manual!\",\"breadcrumb\":{\"@id\":\"https:\\\/\\\/feucht-obsttechnik.de\\\/es\\\/lp-rompenueces-para-avellanas-de-accion-manual\\\/#breadcrumb\"},\"inLanguage\":\"es\",\"potentialAction\":[{\"@type\":\"ReadAction\",\"target\":[\"https:\\\/\\\/feucht-obsttechnik.de\\\/es\\\/lp-rompenueces-para-avellanas-de-accion-manual\\\/\"]}]},{\"@type\":\"BreadcrumbList\",\"@id\":\"https:\\\/\\\/feucht-obsttechnik.de\\\/es\\\/lp-rompenueces-para-avellanas-de-accion-manual\\\/#breadcrumb\",\"itemListElement\":[{\"@type\":\"ListItem\",\"position\":1,\"name\":\"Startseite\",\"item\":\"https:\\\/\\\/feucht-obsttechnik.de\\\/es\\\/\"},{\"@type\":\"ListItem\",\"position\":2,\"name\":\"LP Rompenueces para avellanas de acci\u00f3n manual\"}]},{\"@type\":\"WebSite\",\"@id\":\"https:\\\/\\\/feucht-obsttechnik.de\\\/es\\\/#website\",\"url\":\"https:\\\/\\\/feucht-obsttechnik.de\\\/es\\\/\",\"name\":\"Feucht Obsttechnik\",\"description\":\"\",\"publisher\":{\"@id\":\"https:\\\/\\\/feucht-obsttechnik.de\\\/es\\\/#organization\"},\"potentialAction\":[{\"@type\":\"SearchAction\",\"target\":{\"@type\":\"EntryPoint\",\"urlTemplate\":\"https:\\\/\\\/feucht-obsttechnik.de\\\/es\\\/?s={search_term_string}\"},\"query-input\":{\"@type\":\"PropertyValueSpecification\",\"valueRequired\":true,\"valueName\":\"search_term_string\"}}],\"inLanguage\":\"es\"},{\"@type\":\"Organization\",\"@id\":\"https:\\\/\\\/feucht-obsttechnik.de\\\/es\\\/#organization\",\"name\":\"Feucht Obsttechnik GmbH\",\"url\":\"https:\\\/\\\/feucht-obsttechnik.de\\\/es\\\/\",\"logo\":{\"@type\":\"ImageObject\",\"inLanguage\":\"es\",\"@id\":\"https:\\\/\\\/feucht-obsttechnik.de\\\/es\\\/#\\\/schema\\\/logo\\\/image\\\/\",\"url\":\"https:\\\/\\\/feucht-obsttechnik.de\\\/wp-content\\\/uploads\\\/logo-feucht@2x-1.png\",\"contentUrl\":\"https:\\\/\\\/feucht-obsttechnik.de\\\/wp-content\\\/uploads\\\/logo-feucht@2x-1.png\",\"width\":640,\"height\":123,\"caption\":\"Feucht Obsttechnik GmbH\"},\"image\":{\"@id\":\"https:\\\/\\\/feucht-obsttechnik.de\\\/es\\\/#\\\/schema\\\/logo\\\/image\\\/\"}}]}<\/script>\n<!-- \/ Yoast SEO plugin. -->","yoast_head_json":{"title":"Rompenueces para avellanas de acci\u00f3n manual - Feucht Obsttechnik","description":"El cascanueces de acci\u00f3n manual para avellanas de Feucht Obsttechnik ofrece los mejores resultados de craqueo de un modo sencillo y r\u00e1pido. \u00a1M\u00e1s informaci\u00f3n sobre el cascanueces de avellana de acci\u00f3n manual!","robots":{"index":"index","follow":"follow","max-snippet":"max-snippet:-1","max-image-preview":"max-image-preview:large","max-video-preview":"max-video-preview:-1"},"canonical":"https:\/\/feucht-obsttechnik.de\/es\/lp-rompenueces-para-avellanas-de-accion-manual\/","og_locale":"es_ES","og_type":"article","og_title":"Rompenueces para avellanas de acci\u00f3n manual - Feucht Obsttechnik","og_description":"El cascanueces de acci\u00f3n manual para avellanas de Feucht Obsttechnik ofrece los mejores resultados de craqueo de un modo sencillo y r\u00e1pido. \u00a1M\u00e1s informaci\u00f3n sobre el cascanueces de avellana de acci\u00f3n manual!","og_url":"https:\/\/feucht-obsttechnik.de\/es\/lp-rompenueces-para-avellanas-de-accion-manual\/","og_site_name":"Feucht Obsttechnik","article_modified_time":"2021-04-22T19:53:25+00:00","twitter_card":"summary_large_image","twitter_misc":{"Tiempo de lectura":"10 minutos"},"schema":{"@context":"https:\/\/schema.org","@graph":[{"@type":"WebPage","@id":"https:\/\/feucht-obsttechnik.de\/es\/lp-rompenueces-para-avellanas-de-accion-manual\/","url":"https:\/\/feucht-obsttechnik.de\/es\/lp-rompenueces-para-avellanas-de-accion-manual\/","name":"Rompenueces para avellanas de acci\u00f3n manual - Feucht Obsttechnik","isPartOf":{"@id":"https:\/\/feucht-obsttechnik.de\/es\/#website"},"datePublished":"2021-04-07T13:23:11+00:00","dateModified":"2021-04-22T19:53:25+00:00","description":"El cascanueces de acci\u00f3n manual para avellanas de Feucht Obsttechnik ofrece los mejores resultados de craqueo de un modo sencillo y r\u00e1pido. \u00a1M\u00e1s informaci\u00f3n sobre el cascanueces de avellana de acci\u00f3n manual!","breadcrumb":{"@id":"https:\/\/feucht-obsttechnik.de\/es\/lp-rompenueces-para-avellanas-de-accion-manual\/#breadcrumb"},"inLanguage":"es","potentialAction":[{"@type":"ReadAction","target":["https:\/\/feucht-obsttechnik.de\/es\/lp-rompenueces-para-avellanas-de-accion-manual\/"]}]},{"@type":"BreadcrumbList","@id":"https:\/\/feucht-obsttechnik.de\/es\/lp-rompenueces-para-avellanas-de-accion-manual\/#breadcrumb","itemListElement":[{"@type":"ListItem","position":1,"name":"Startseite","item":"https:\/\/feucht-obsttechnik.de\/es\/"},{"@type":"ListItem","position":2,"name":"LP Rompenueces para avellanas de acci\u00f3n manual"}]},{"@type":"WebSite","@id":"https:\/\/feucht-obsttechnik.de\/es\/#website","url":"https:\/\/feucht-obsttechnik.de\/es\/","name":"Feucht Obsttechnik","description":"","publisher":{"@id":"https:\/\/feucht-obsttechnik.de\/es\/#organization"},"potentialAction":[{"@type":"SearchAction","target":{"@type":"EntryPoint","urlTemplate":"https:\/\/feucht-obsttechnik.de\/es\/?s={search_term_string}"},"query-input":{"@type":"PropertyValueSpecification","valueRequired":true,"valueName":"search_term_string"}}],"inLanguage":"es"},{"@type":"Organization","@id":"https:\/\/feucht-obsttechnik.de\/es\/#organization","name":"Feucht Obsttechnik GmbH","url":"https:\/\/feucht-obsttechnik.de\/es\/","logo":{"@type":"ImageObject","inLanguage":"es","@id":"https:\/\/feucht-obsttechnik.de\/es\/#\/schema\/logo\/image\/","url":"https:\/\/feucht-obsttechnik.de\/wp-content\/uploads\/logo-feucht@2x-1.png","contentUrl":"https:\/\/feucht-obsttechnik.de\/wp-content\/uploads\/logo-feucht@2x-1.png","width":640,"height":123,"caption":"Feucht Obsttechnik GmbH"},"image":{"@id":"https:\/\/feucht-obsttechnik.de\/es\/#\/schema\/logo\/image\/"}}]}},"_links":{"self":[{"href":"https:\/\/feucht-obsttechnik.de\/es\/wp-json\/wp\/v2\/pages\/10759","targetHints":{"allow":["GET"]}}],"collection":[{"href":"https:\/\/feucht-obsttechnik.de\/es\/wp-json\/wp\/v2\/pages"}],"about":[{"href":"https:\/\/feucht-obsttechnik.de\/es\/wp-json\/wp\/v2\/types\/page"}],"author":[{"embeddable":true,"href":"https:\/\/feucht-obsttechnik.de\/es\/wp-json\/wp\/v2\/users\/4"}],"replies":[{"embeddable":true,"href":"https:\/\/feucht-obsttechnik.de\/es\/wp-json\/wp\/v2\/comments?post=10759"}],"version-history":[{"count":0,"href":"https:\/\/feucht-obsttechnik.de\/es\/wp-json\/wp\/v2\/pages\/10759\/revisions"}],"wp:attachment":[{"href":"https:\/\/feucht-obsttechnik.de\/es\/wp-json\/wp\/v2\/media?parent=10759"}],"curies":[{"name":"wp","href":"https:\/\/api.w.org\/{rel}","templated":true}]}}