{"id":9452,"date":"2021-03-22T10:49:11","date_gmt":"2021-03-22T09:49:11","guid":{"rendered":"http:\/\/neu2020.feucht-obsttechnik.de\/procesamiento-de-frutos-secos\/procesamiento-de-nueces-grande\/seleccion-de-frutos-secos\/"},"modified":"2021-03-22T10:49:11","modified_gmt":"2021-03-22T09:49:11","slug":"seleccion-de-frutos-secos","status":"publish","type":"page","link":"https:\/\/feucht-obsttechnik.de\/de\/procesamiento-de-frutos-secos\/procesamiento-de-nueces-grande\/seleccion-de-frutos-secos\/","title":{"rendered":"Selecci\u00f3n de frutos secos"},"content":{"rendered":"","protected":false},"excerpt":{"rendered":"","protected":false},"author":4,"featured_media":0,"parent":9364,"menu_order":0,"comment_status":"closed","ping_status":"closed","template":"100-width.php","meta":{"footnotes":"","_wp_rev_ctl_limit":""},"class_list":["post-9452","page","type-page","status-publish","hentry"],"yoast_head":"<!-- This site is optimized with the Yoast SEO plugin v27.2 - https:\/\/yoast.com\/product\/yoast-seo-wordpress\/ -->\n<title>Selecci\u00f3n de frutos secos - Feucht Obsttechnik<\/title>\n<meta name=\"description\" content=\"Clasifique f\u00e1cilmente los frutos secos con nuestras cintas clasificadoras. M\u00e1s informaci\u00f3n acerca de las cintas de clasificaci\u00f3n (Eco &amp; Standard) de Feucht Obsttechnik.\" \/>\n<meta name=\"robots\" content=\"index, follow, max-snippet:-1, max-image-preview:large, max-video-preview:-1\" \/>\n<link rel=\"canonical\" href=\"https:\/\/feucht-obsttechnik.de\/de\/procesamiento-de-frutos-secos\/procesamiento-de-nueces-grande\/seleccion-de-frutos-secos\/\" \/>\n<meta property=\"og:locale\" content=\"de_DE\" \/>\n<meta property=\"og:type\" content=\"article\" \/>\n<meta property=\"og:title\" content=\"Selecci\u00f3n de frutos secos - Feucht Obsttechnik\" \/>\n<meta property=\"og:description\" content=\"Clasifique f\u00e1cilmente los frutos secos con nuestras cintas clasificadoras. M\u00e1s informaci\u00f3n acerca de las cintas de clasificaci\u00f3n (Eco &amp; Standard) de Feucht Obsttechnik.\" \/>\n<meta property=\"og:url\" content=\"https:\/\/feucht-obsttechnik.de\/de\/procesamiento-de-frutos-secos\/procesamiento-de-nueces-grande\/seleccion-de-frutos-secos\/\" \/>\n<meta property=\"og:site_name\" content=\"Feucht Obsttechnik\" \/>\n<meta name=\"twitter:card\" content=\"summary_large_image\" \/>\n<script type=\"application\/ld+json\" class=\"yoast-schema-graph\">{\"@context\":\"https:\/\/schema.org\",\"@graph\":[{\"@type\":\"WebPage\",\"@id\":\"https:\/\/feucht-obsttechnik.de\/de\/procesamiento-de-frutos-secos\/procesamiento-de-nueces-grande\/seleccion-de-frutos-secos\/\",\"url\":\"https:\/\/feucht-obsttechnik.de\/de\/procesamiento-de-frutos-secos\/procesamiento-de-nueces-grande\/seleccion-de-frutos-secos\/\",\"name\":\"Selecci\u00f3n de frutos secos - Feucht Obsttechnik\",\"isPartOf\":{\"@id\":\"https:\/\/feucht-obsttechnik.de\/de\/#website\"},\"datePublished\":\"2021-03-22T09:49:11+00:00\",\"description\":\"Clasifique f\u00e1cilmente los frutos secos con nuestras cintas clasificadoras. M\u00e1s informaci\u00f3n acerca de las cintas de clasificaci\u00f3n (Eco & Standard) de Feucht Obsttechnik.\",\"breadcrumb\":{\"@id\":\"https:\/\/feucht-obsttechnik.de\/de\/procesamiento-de-frutos-secos\/procesamiento-de-nueces-grande\/seleccion-de-frutos-secos\/#breadcrumb\"},\"inLanguage\":\"de\",\"potentialAction\":[{\"@type\":\"ReadAction\",\"target\":[\"https:\/\/feucht-obsttechnik.de\/de\/procesamiento-de-frutos-secos\/procesamiento-de-nueces-grande\/seleccion-de-frutos-secos\/\"]}]},{\"@type\":\"BreadcrumbList\",\"@id\":\"https:\/\/feucht-obsttechnik.de\/de\/procesamiento-de-frutos-secos\/procesamiento-de-nueces-grande\/seleccion-de-frutos-secos\/#breadcrumb\",\"itemListElement\":[{\"@type\":\"ListItem\",\"position\":1,\"name\":\"Startseite\",\"item\":\"https:\/\/feucht-obsttechnik.de\/de\/\"},{\"@type\":\"ListItem\",\"position\":2,\"name\":\"Procesamiento de frutos secos\",\"item\":\"https:\/\/feucht-obsttechnik.de\/de\/procesamiento-de-frutos-secos\/\"},{\"@type\":\"ListItem\",\"position\":3,\"name\":\"Grandes cantidades\",\"item\":\"https:\/\/feucht-obsttechnik.de\/de\/procesamiento-de-frutos-secos\/procesamiento-de-nueces-grande\/\"},{\"@type\":\"ListItem\",\"position\":4,\"name\":\"Selecci\u00f3n de frutos secos\"}]},{\"@type\":\"WebSite\",\"@id\":\"https:\/\/feucht-obsttechnik.de\/de\/#website\",\"url\":\"https:\/\/feucht-obsttechnik.de\/de\/\",\"name\":\"Feucht Obsttechnik\",\"description\":\"\",\"publisher\":{\"@id\":\"https:\/\/feucht-obsttechnik.de\/de\/#organization\"},\"potentialAction\":[{\"@type\":\"SearchAction\",\"target\":{\"@type\":\"EntryPoint\",\"urlTemplate\":\"https:\/\/feucht-obsttechnik.de\/de\/?s={search_term_string}\"},\"query-input\":{\"@type\":\"PropertyValueSpecification\",\"valueRequired\":true,\"valueName\":\"search_term_string\"}}],\"inLanguage\":\"de\"},{\"@type\":\"Organization\",\"@id\":\"https:\/\/feucht-obsttechnik.de\/de\/#organization\",\"name\":\"Feucht Obsttechnik GmbH\",\"url\":\"https:\/\/feucht-obsttechnik.de\/de\/\",\"logo\":{\"@type\":\"ImageObject\",\"inLanguage\":\"de\",\"@id\":\"https:\/\/feucht-obsttechnik.de\/de\/#\/schema\/logo\/image\/\",\"url\":\"https:\/\/feucht-obsttechnik.de\/wp-content\/uploads\/logo-feucht@2x-1.png\",\"contentUrl\":\"https:\/\/feucht-obsttechnik.de\/wp-content\/uploads\/logo-feucht@2x-1.png\",\"width\":640,\"height\":123,\"caption\":\"Feucht Obsttechnik GmbH\"},\"image\":{\"@id\":\"https:\/\/feucht-obsttechnik.de\/de\/#\/schema\/logo\/image\/\"}}]}<\/script>\n<!-- \/ Yoast SEO plugin. -->","yoast_head_json":{"title":"Selecci\u00f3n de frutos secos - Feucht Obsttechnik","description":"Clasifique f\u00e1cilmente los frutos secos con nuestras cintas clasificadoras. M\u00e1s informaci\u00f3n acerca de las cintas de clasificaci\u00f3n (Eco & Standard) de Feucht Obsttechnik.","robots":{"index":"index","follow":"follow","max-snippet":"max-snippet:-1","max-image-preview":"max-image-preview:large","max-video-preview":"max-video-preview:-1"},"canonical":"https:\/\/feucht-obsttechnik.de\/de\/procesamiento-de-frutos-secos\/procesamiento-de-nueces-grande\/seleccion-de-frutos-secos\/","og_locale":"de_DE","og_type":"article","og_title":"Selecci\u00f3n de frutos secos - Feucht Obsttechnik","og_description":"Clasifique f\u00e1cilmente los frutos secos con nuestras cintas clasificadoras. M\u00e1s informaci\u00f3n acerca de las cintas de clasificaci\u00f3n (Eco & Standard) de Feucht Obsttechnik.","og_url":"https:\/\/feucht-obsttechnik.de\/de\/procesamiento-de-frutos-secos\/procesamiento-de-nueces-grande\/seleccion-de-frutos-secos\/","og_site_name":"Feucht Obsttechnik","twitter_card":"summary_large_image","schema":{"@context":"https:\/\/schema.org","@graph":[{"@type":"WebPage","@id":"https:\/\/feucht-obsttechnik.de\/de\/procesamiento-de-frutos-secos\/procesamiento-de-nueces-grande\/seleccion-de-frutos-secos\/","url":"https:\/\/feucht-obsttechnik.de\/de\/procesamiento-de-frutos-secos\/procesamiento-de-nueces-grande\/seleccion-de-frutos-secos\/","name":"Selecci\u00f3n de frutos secos - Feucht Obsttechnik","isPartOf":{"@id":"https:\/\/feucht-obsttechnik.de\/de\/#website"},"datePublished":"2021-03-22T09:49:11+00:00","description":"Clasifique f\u00e1cilmente los frutos secos con nuestras cintas clasificadoras. M\u00e1s informaci\u00f3n acerca de las cintas de clasificaci\u00f3n (Eco & Standard) de Feucht Obsttechnik.","breadcrumb":{"@id":"https:\/\/feucht-obsttechnik.de\/de\/procesamiento-de-frutos-secos\/procesamiento-de-nueces-grande\/seleccion-de-frutos-secos\/#breadcrumb"},"inLanguage":"de","potentialAction":[{"@type":"ReadAction","target":["https:\/\/feucht-obsttechnik.de\/de\/procesamiento-de-frutos-secos\/procesamiento-de-nueces-grande\/seleccion-de-frutos-secos\/"]}]},{"@type":"BreadcrumbList","@id":"https:\/\/feucht-obsttechnik.de\/de\/procesamiento-de-frutos-secos\/procesamiento-de-nueces-grande\/seleccion-de-frutos-secos\/#breadcrumb","itemListElement":[{"@type":"ListItem","position":1,"name":"Startseite","item":"https:\/\/feucht-obsttechnik.de\/de\/"},{"@type":"ListItem","position":2,"name":"Procesamiento de frutos secos","item":"https:\/\/feucht-obsttechnik.de\/de\/procesamiento-de-frutos-secos\/"},{"@type":"ListItem","position":3,"name":"Grandes cantidades","item":"https:\/\/feucht-obsttechnik.de\/de\/procesamiento-de-frutos-secos\/procesamiento-de-nueces-grande\/"},{"@type":"ListItem","position":4,"name":"Selecci\u00f3n de frutos secos"}]},{"@type":"WebSite","@id":"https:\/\/feucht-obsttechnik.de\/de\/#website","url":"https:\/\/feucht-obsttechnik.de\/de\/","name":"Feucht Obsttechnik","description":"","publisher":{"@id":"https:\/\/feucht-obsttechnik.de\/de\/#organization"},"potentialAction":[{"@type":"SearchAction","target":{"@type":"EntryPoint","urlTemplate":"https:\/\/feucht-obsttechnik.de\/de\/?s={search_term_string}"},"query-input":{"@type":"PropertyValueSpecification","valueRequired":true,"valueName":"search_term_string"}}],"inLanguage":"de"},{"@type":"Organization","@id":"https:\/\/feucht-obsttechnik.de\/de\/#organization","name":"Feucht Obsttechnik GmbH","url":"https:\/\/feucht-obsttechnik.de\/de\/","logo":{"@type":"ImageObject","inLanguage":"de","@id":"https:\/\/feucht-obsttechnik.de\/de\/#\/schema\/logo\/image\/","url":"https:\/\/feucht-obsttechnik.de\/wp-content\/uploads\/logo-feucht@2x-1.png","contentUrl":"https:\/\/feucht-obsttechnik.de\/wp-content\/uploads\/logo-feucht@2x-1.png","width":640,"height":123,"caption":"Feucht Obsttechnik GmbH"},"image":{"@id":"https:\/\/feucht-obsttechnik.de\/de\/#\/schema\/logo\/image\/"}}]}},"_links":{"self":[{"href":"https:\/\/feucht-obsttechnik.de\/de\/wp-json\/wp\/v2\/pages\/9452","targetHints":{"allow":["GET"]}}],"collection":[{"href":"https:\/\/feucht-obsttechnik.de\/de\/wp-json\/wp\/v2\/pages"}],"about":[{"href":"https:\/\/feucht-obsttechnik.de\/de\/wp-json\/wp\/v2\/types\/page"}],"author":[{"embeddable":true,"href":"https:\/\/feucht-obsttechnik.de\/de\/wp-json\/wp\/v2\/users\/4"}],"replies":[{"embeddable":true,"href":"https:\/\/feucht-obsttechnik.de\/de\/wp-json\/wp\/v2\/comments?post=9452"}],"version-history":[{"count":0,"href":"https:\/\/feucht-obsttechnik.de\/de\/wp-json\/wp\/v2\/pages\/9452\/revisions"}],"up":[{"embeddable":true,"href":"https:\/\/feucht-obsttechnik.de\/de\/wp-json\/wp\/v2\/pages\/9364"}],"wp:attachment":[{"href":"https:\/\/feucht-obsttechnik.de\/de\/wp-json\/wp\/v2\/media?parent=9452"}],"curies":[{"name":"wp","href":"https:\/\/api.w.org\/{rel}","templated":true}]}}