{"id":7261,"date":"2020-10-26T13:25:53","date_gmt":"2020-10-26T12:25:53","guid":{"rendered":"http:\/\/neu2020.feucht-obsttechnik.de\/?page_id=7261"},"modified":"2020-10-28T15:07:38","modified_gmt":"2020-10-28T14:07:38","slug":"agb","status":"publish","type":"page","link":"https:\/\/feucht-obsttechnik.de\/de\/agb\/","title":{"rendered":"AGB"},"content":{"rendered":"<div class=\"fusion-fullwidth fullwidth-box fusion-builder-row-1 nonhundred-percent-fullwidth non-hundred-percent-height-scrolling\" style=\"--awb-border-radius-top-left:0px;--awb-border-radius-top-right:0px;--awb-border-radius-bottom-right:0px;--awb-border-radius-bottom-left:0px;--awb-flex-wrap:wrap;\" ><div class=\"fusion-builder-row fusion-row\"><div class=\"fusion-layout-column fusion_builder_column fusion-builder-column-0 fusion_builder_column_1_1 1_1 fusion-one-full fusion-column-first fusion-column-last\" style=\"--awb-bg-size:cover;--awb-margin-bottom:0px;\"><div class=\"fusion-column-wrapper fusion-flex-column-wrapper-legacy\"><div class=\"fusion-text fusion-text-1\"><h1>Allgemeine Gesch\u00e4ftsbedingungen<\/h1>\n<h2>Allgemeines<\/h2>\n<p>Mit Erscheinen dieser Preisliste werden alle bisherigen Preislisten ung\u00fcltig. Die hier angef\u00fchrten Preise sind freibleibend und k\u00f6nnen jederzeit ohne vorherige Ank\u00fcndigung ge\u00e4ndert werden. Die Berechnung erfolgt zu den am Liefertag g\u00fcltigen Preisen. Alle Angaben \u00fcber Ausf\u00fchrungen, Gewichte und Abmessungen sind ann\u00e4hernd und unverbindlich. Konstruktions\u00e4nderungen und Verbesserungen behalten wir uns ohne vorherige Ank\u00fcndigung vor. Preise verstehen sich ab Werk, ausschlie\u00dflich MwSt. und Verpackungskosten. Maschinen oder Teile werden nur nach vorheriger schriftlicher Vereinbarung zur\u00fcckgenommen: a) Diese m\u00fcssen in einwandfreiem Zustand sein. b) Die Gutschrift versteht sich um 15 % niedriger als der damalige Einkaufspreis.<\/p>\n<h2>Vertragsabschluss<\/h2>\n<p>Ein Vertrag kommt erst durch unsere Auftragsbest\u00e4tigung zustande.<\/p>\n<h2>Preise und Zahlungsbedingungen<\/h2>\n<p>Skontoabz\u00fcge sind nicht zul\u00e4ssig. Diskont-, Einziehungsspesen und alle sonstigen Kosten gehen zu Lasten des Kunden. Die Preise gelten, wenn nicht anders vereinbart, ab Werk ohne Verpackung und ohne Verladung. Der K\u00e4ufer hat die Zahlung entsprechend der vereinbarten Zahlungsziele zu leisten; soweit nichts Abweichendes vereinbart ist, hat die Zahlung binnen 30 Tagen ab Rechnungsstellung ohne jedem Abzug zu erfolgen. Der K\u00e4ufer ist nicht berechtigt, Zahlungen wegen der Geltendmachung von Gew\u00e4hrleistungsanspr\u00fcchen oder sonstigen von uns nicht anerkannten Gegenanspr\u00fcchen zur\u00fcckzuhalten. Bis zur vollst\u00e4ndigen Erf\u00fcllung der Zahlungsverpflichtung durch den K\u00e4ufer behalten wir uns das Eigentumsrecht am Kaufgegenstand vor. Der Weiterverkauf der noch in unserem Eigentum stehenden Waren ist nicht zul\u00e4ssig.<\/p>\n<h2>Versand<\/h2>\n<p>Etwaige Transportsch\u00e4den m\u00fcssen in Gegenwart von Zeugen (Fr\u00e4chter) oder Sachverst\u00e4ndigen festgestellt werden. Bei nicht unverz\u00fcglich ger\u00fcgten Verlade- und Transportm\u00e4ngeln \u00fcbernimmt der Spediteur keine Haftung der Transportsch\u00e4den. Sofern sich aus der Auftragsbest\u00e4tigung nichts anderes ergibt, ist Lieferung &#8222;ab Werk&#8220;. Unsere Lieferung gilt mit \u00dcbergabe der Ware an den Frachtf\u00fchrer oder Spediteur als erf\u00fcllt. Die Verladung und der Versand erfolgt in allen F\u00e4llen auf Gefahr des K\u00e4ufers, auch bei Lieferung &#8222;frei Empf\u00e4nger&#8220; bzw. &#8222;frei Bestimmungsort&#8220;, &#8222;frachtfrei bis&#8230;&#8220; oder dgl.<\/p>\n<h2>Lieferfristen und Verzug<\/h2>\n<p>Die Lieferfrist beginnt mit dem Tag der endg\u00fcltigen Auftragsbest\u00e4tigung, jedoch nicht vor der v\u00f6lligen Klarstellung aller Einzelheiten des auszuf\u00fchrenden Auftrages. Wir \u00fcbernehmen keine Haftung f\u00fcr verz\u00f6gerte oder unterbliebene Lieferungen und Leistungen seitens unserer Vorlieferanten.<\/p>\n<h2>Garantie<\/h2>\n<p>Der Hersteller garantiert die von ihm hergestellten Produkte f\u00fcr die Dauer von 12 Monaten ab Rechnungsdatum, mit Ausnahme der zugekauften Produkte, wie z. B. Gelenkwellen, Kugellager, Keilriemen, usw. f\u00fcr welche die Garantieklauseln der jeweiligen Hersteller gelten. W\u00e4hrend der Garantiedauer verpflichtet sich der Hersteller zum kostenlosen Ersatz derjenigen Teile, die von der eigenen technischen Abteilung als unter Garantie fallend anerkannt werden. Lohn- und Transportkosten sind ausgeschlossen. Unter diese Garantie fallen von vornherein nicht Ger\u00e4te: &#8211; an denen \u00c4nderungen vorgenommen &#8211; die nicht in vorhergesehenen Eins\u00e4tzen arbeiten &#8211; die bei Auftreten eines Defektes weiterhin eingesetzt wurden. Der Hersteller lehnt jede Verantwortung ab f\u00fcr Folgekosten bei unter Garantie stehenden Ger\u00e4ten wie z. B. Verdienstausfall, Folgesch\u00e4den usw. Aus buchhalterischen Gr\u00fcnden werden alle Ersatzteile im Augenblick des Versandes berechnet, auch Garantieteile. Nach Anerkennung eines Garantieantrages wird eine Gutschrift ausgestellt. Der Besteller muss defekte Teile auf seinen Kosten ans Werk zur\u00fcck schicken.<\/p>\n<\/div><div class=\"fusion-clearfix\"><\/div><\/div><\/div><\/div><\/div>\n","protected":false},"excerpt":{"rendered":"","protected":false},"author":4,"featured_media":0,"parent":0,"menu_order":0,"comment_status":"closed","ping_status":"closed","template":"","meta":{"footnotes":"","_wp_rev_ctl_limit":""},"class_list":["post-7261","page","type-page","status-publish","hentry"],"yoast_head":"<!-- This site is optimized with the Yoast SEO plugin v27.5 - https:\/\/yoast.com\/product\/yoast-seo-wordpress\/ -->\n<title>AGB - Feucht Obsttechnik<\/title>\n<meta name=\"description\" content=\"Unsere Allgemeinen Gesch\u00e4ftsbedingungen f\u00fcr unsere Kunden.\" \/>\n<meta name=\"robots\" content=\"index, follow, max-snippet:-1, max-image-preview:large, max-video-preview:-1\" \/>\n<link rel=\"canonical\" href=\"https:\/\/feucht-obsttechnik.de\/de\/agb\/\" \/>\n<meta property=\"og:locale\" content=\"de_DE\" \/>\n<meta property=\"og:type\" content=\"article\" \/>\n<meta property=\"og:title\" content=\"AGB - Feucht Obsttechnik\" \/>\n<meta property=\"og:description\" content=\"Unsere Allgemeinen Gesch\u00e4ftsbedingungen f\u00fcr unsere Kunden.\" \/>\n<meta property=\"og:url\" content=\"https:\/\/feucht-obsttechnik.de\/de\/agb\/\" \/>\n<meta property=\"og:site_name\" content=\"Feucht Obsttechnik\" \/>\n<meta property=\"article:modified_time\" content=\"2020-10-28T14:07:38+00:00\" \/>\n<meta name=\"twitter:card\" content=\"summary_large_image\" \/>\n<meta name=\"twitter:label1\" content=\"Gesch\u00e4tzte Lesezeit\" \/>\n\t<meta name=\"twitter:data1\" content=\"4\u00a0Minuten\" \/>\n<script type=\"application\/ld+json\" class=\"yoast-schema-graph\">{\"@context\":\"https:\\\/\\\/schema.org\",\"@graph\":[{\"@type\":\"WebPage\",\"@id\":\"https:\\\/\\\/feucht-obsttechnik.de\\\/de\\\/agb\\\/\",\"url\":\"https:\\\/\\\/feucht-obsttechnik.de\\\/de\\\/agb\\\/\",\"name\":\"AGB - Feucht Obsttechnik\",\"isPartOf\":{\"@id\":\"https:\\\/\\\/feucht-obsttechnik.de\\\/de\\\/#website\"},\"datePublished\":\"2020-10-26T12:25:53+00:00\",\"dateModified\":\"2020-10-28T14:07:38+00:00\",\"description\":\"Unsere Allgemeinen Gesch\u00e4ftsbedingungen f\u00fcr unsere Kunden.\",\"breadcrumb\":{\"@id\":\"https:\\\/\\\/feucht-obsttechnik.de\\\/de\\\/agb\\\/#breadcrumb\"},\"inLanguage\":\"de\",\"potentialAction\":[{\"@type\":\"ReadAction\",\"target\":[\"https:\\\/\\\/feucht-obsttechnik.de\\\/de\\\/agb\\\/\"]}]},{\"@type\":\"BreadcrumbList\",\"@id\":\"https:\\\/\\\/feucht-obsttechnik.de\\\/de\\\/agb\\\/#breadcrumb\",\"itemListElement\":[{\"@type\":\"ListItem\",\"position\":1,\"name\":\"Startseite\",\"item\":\"https:\\\/\\\/feucht-obsttechnik.de\\\/de\\\/\"},{\"@type\":\"ListItem\",\"position\":2,\"name\":\"AGB\"}]},{\"@type\":\"WebSite\",\"@id\":\"https:\\\/\\\/feucht-obsttechnik.de\\\/de\\\/#website\",\"url\":\"https:\\\/\\\/feucht-obsttechnik.de\\\/de\\\/\",\"name\":\"Feucht Obsttechnik\",\"description\":\"\",\"publisher\":{\"@id\":\"https:\\\/\\\/feucht-obsttechnik.de\\\/de\\\/#organization\"},\"potentialAction\":[{\"@type\":\"SearchAction\",\"target\":{\"@type\":\"EntryPoint\",\"urlTemplate\":\"https:\\\/\\\/feucht-obsttechnik.de\\\/de\\\/?s={search_term_string}\"},\"query-input\":{\"@type\":\"PropertyValueSpecification\",\"valueRequired\":true,\"valueName\":\"search_term_string\"}}],\"inLanguage\":\"de\"},{\"@type\":\"Organization\",\"@id\":\"https:\\\/\\\/feucht-obsttechnik.de\\\/de\\\/#organization\",\"name\":\"Feucht Obsttechnik GmbH\",\"url\":\"https:\\\/\\\/feucht-obsttechnik.de\\\/de\\\/\",\"logo\":{\"@type\":\"ImageObject\",\"inLanguage\":\"de\",\"@id\":\"https:\\\/\\\/feucht-obsttechnik.de\\\/de\\\/#\\\/schema\\\/logo\\\/image\\\/\",\"url\":\"https:\\\/\\\/feucht-obsttechnik.de\\\/wp-content\\\/uploads\\\/logo-feucht@2x-1.png\",\"contentUrl\":\"https:\\\/\\\/feucht-obsttechnik.de\\\/wp-content\\\/uploads\\\/logo-feucht@2x-1.png\",\"width\":640,\"height\":123,\"caption\":\"Feucht Obsttechnik GmbH\"},\"image\":{\"@id\":\"https:\\\/\\\/feucht-obsttechnik.de\\\/de\\\/#\\\/schema\\\/logo\\\/image\\\/\"}}]}<\/script>\n<!-- \/ Yoast SEO plugin. -->","yoast_head_json":{"title":"AGB - Feucht Obsttechnik","description":"Unsere Allgemeinen Gesch\u00e4ftsbedingungen f\u00fcr unsere Kunden.","robots":{"index":"index","follow":"follow","max-snippet":"max-snippet:-1","max-image-preview":"max-image-preview:large","max-video-preview":"max-video-preview:-1"},"canonical":"https:\/\/feucht-obsttechnik.de\/de\/agb\/","og_locale":"de_DE","og_type":"article","og_title":"AGB - Feucht Obsttechnik","og_description":"Unsere Allgemeinen Gesch\u00e4ftsbedingungen f\u00fcr unsere Kunden.","og_url":"https:\/\/feucht-obsttechnik.de\/de\/agb\/","og_site_name":"Feucht Obsttechnik","article_modified_time":"2020-10-28T14:07:38+00:00","twitter_card":"summary_large_image","twitter_misc":{"Gesch\u00e4tzte Lesezeit":"4\u00a0Minuten"},"schema":{"@context":"https:\/\/schema.org","@graph":[{"@type":"WebPage","@id":"https:\/\/feucht-obsttechnik.de\/de\/agb\/","url":"https:\/\/feucht-obsttechnik.de\/de\/agb\/","name":"AGB - Feucht Obsttechnik","isPartOf":{"@id":"https:\/\/feucht-obsttechnik.de\/de\/#website"},"datePublished":"2020-10-26T12:25:53+00:00","dateModified":"2020-10-28T14:07:38+00:00","description":"Unsere Allgemeinen Gesch\u00e4ftsbedingungen f\u00fcr unsere Kunden.","breadcrumb":{"@id":"https:\/\/feucht-obsttechnik.de\/de\/agb\/#breadcrumb"},"inLanguage":"de","potentialAction":[{"@type":"ReadAction","target":["https:\/\/feucht-obsttechnik.de\/de\/agb\/"]}]},{"@type":"BreadcrumbList","@id":"https:\/\/feucht-obsttechnik.de\/de\/agb\/#breadcrumb","itemListElement":[{"@type":"ListItem","position":1,"name":"Startseite","item":"https:\/\/feucht-obsttechnik.de\/de\/"},{"@type":"ListItem","position":2,"name":"AGB"}]},{"@type":"WebSite","@id":"https:\/\/feucht-obsttechnik.de\/de\/#website","url":"https:\/\/feucht-obsttechnik.de\/de\/","name":"Feucht Obsttechnik","description":"","publisher":{"@id":"https:\/\/feucht-obsttechnik.de\/de\/#organization"},"potentialAction":[{"@type":"SearchAction","target":{"@type":"EntryPoint","urlTemplate":"https:\/\/feucht-obsttechnik.de\/de\/?s={search_term_string}"},"query-input":{"@type":"PropertyValueSpecification","valueRequired":true,"valueName":"search_term_string"}}],"inLanguage":"de"},{"@type":"Organization","@id":"https:\/\/feucht-obsttechnik.de\/de\/#organization","name":"Feucht Obsttechnik GmbH","url":"https:\/\/feucht-obsttechnik.de\/de\/","logo":{"@type":"ImageObject","inLanguage":"de","@id":"https:\/\/feucht-obsttechnik.de\/de\/#\/schema\/logo\/image\/","url":"https:\/\/feucht-obsttechnik.de\/wp-content\/uploads\/logo-feucht@2x-1.png","contentUrl":"https:\/\/feucht-obsttechnik.de\/wp-content\/uploads\/logo-feucht@2x-1.png","width":640,"height":123,"caption":"Feucht Obsttechnik GmbH"},"image":{"@id":"https:\/\/feucht-obsttechnik.de\/de\/#\/schema\/logo\/image\/"}}]}},"_links":{"self":[{"href":"https:\/\/feucht-obsttechnik.de\/de\/wp-json\/wp\/v2\/pages\/7261","targetHints":{"allow":["GET"]}}],"collection":[{"href":"https:\/\/feucht-obsttechnik.de\/de\/wp-json\/wp\/v2\/pages"}],"about":[{"href":"https:\/\/feucht-obsttechnik.de\/de\/wp-json\/wp\/v2\/types\/page"}],"author":[{"embeddable":true,"href":"https:\/\/feucht-obsttechnik.de\/de\/wp-json\/wp\/v2\/users\/4"}],"replies":[{"embeddable":true,"href":"https:\/\/feucht-obsttechnik.de\/de\/wp-json\/wp\/v2\/comments?post=7261"}],"version-history":[{"count":0,"href":"https:\/\/feucht-obsttechnik.de\/de\/wp-json\/wp\/v2\/pages\/7261\/revisions"}],"wp:attachment":[{"href":"https:\/\/feucht-obsttechnik.de\/de\/wp-json\/wp\/v2\/media?parent=7261"}],"curies":[{"name":"wp","href":"https:\/\/api.w.org\/{rel}","templated":true}]}}