{"id":4232,"date":"2020-01-20T13:18:35","date_gmt":"2020-01-20T12:18:35","guid":{"rendered":"http:\/\/neu2020.feucht-obsttechnik.de\/?page_id=4232"},"modified":"2021-03-19T18:27:31","modified_gmt":"2021-03-19T17:27:31","slug":"nussknacker","status":"publish","type":"page","link":"https:\/\/feucht-obsttechnik.de\/de\/nussknacker\/","title":{"rendered":"LP Nussknacker"},"content":{"rendered":"<p><div class=\"fusion-bg-parallax\" data-bg-align=\"left center\" data-direction=\"up\" data-mute=\"false\" data-opacity=\"100\" data-velocity=\"-0.3\" data-mobile-enabled=\"false\" data-break_parents=\"0\" data-bg-image=\"https:\/\/feucht-obsttechnik.de\/wp-content\/uploads\/bg-header-nussernte-gross.jpg\" data-bg-repeat=\"false\" ><\/div><div class=\"fusion-fullwidth fullwidth-box fusion-builder-row-1 fusion-parallax-up nonhundred-percent-fullwidth non-hundred-percent-height-scrolling\" style=\"--awb-background-position:left center;--awb-border-sizes-top:0px;--awb-border-sizes-bottom:0px;--awb-border-sizes-left:0px;--awb-border-sizes-right:0px;--awb-border-radius-top-left:0px;--awb-border-radius-top-right:0px;--awb-border-radius-bottom-right:0px;--awb-border-radius-bottom-left:0px;--awb-padding-top:130px;--awb-padding-bottom:120px;--awb-background-image:url(&quot;https:\/\/feucht-obsttechnik.de\/wp-content\/uploads\/bg-header-nussernte-gross.jpg&quot;);--awb-background-size:cover;--awb-flex-wrap:wrap;\" ><div class=\"fusion-builder-row fusion-row\"><div class=\"fusion-layout-column fusion_builder_column fusion-builder-column-0 fusion_builder_column_1_2 1_2 fusion-one-half fusion-column-first\" style=\"--awb-bg-size:cover;width:48%; margin-right: 4%;\"><div class=\"fusion-column-wrapper fusion-flex-column-wrapper-legacy\"><div class=\"fusion-text fusion-text-1\"><h1><span style=\"color: #ffffff;\"> Nussknacker<\/span><\/h1>\n<p><span style=\"color: #ffffff;\">Erfolgreiche Verarbeitung mit der besten Technologie: Mit unseren Nussknackern f\u00fcr Waln\u00fcsse und Haseln\u00fcsse erhalten Sie einfach und schnell beste Knackergebnisse.<\/span><\/p>\n<\/div><div class=\"fusion-clearfix\"><\/div><\/div><\/div><div class=\"fusion-layout-column fusion_builder_column fusion-builder-column-1 fusion_builder_column_1_2 1_2 fusion-one-half fusion-column-last\" style=\"--awb-bg-size:cover;width:48%;\"><div class=\"fusion-column-wrapper fusion-flex-column-wrapper-legacy\"><div class=\"fusion-clearfix\"><\/div><\/div><\/div><\/div><\/div><div class=\"fusion-fullwidth fullwidth-box fusion-builder-row-2 nonhundred-percent-fullwidth non-hundred-percent-height-scrolling\" style=\"--awb-background-position:left top;--awb-border-sizes-top:0px;--awb-border-sizes-bottom:0px;--awb-border-sizes-left:0px;--awb-border-sizes-right:0px;--awb-border-radius-top-left:0px;--awb-border-radius-top-right:0px;--awb-border-radius-bottom-right:0px;--awb-border-radius-bottom-left:0px;--awb-padding-top:130px;--awb-padding-bottom:30px;--awb-flex-wrap:wrap;\" ><div class=\"fusion-builder-row fusion-row\"><div class=\"fusion-layout-column fusion_builder_column fusion-builder-column-2 fusion_builder_column_1_1 1_1 fusion-one-full fusion-column-first fusion-column-last\" style=\"--awb-bg-size:cover;\"><div class=\"fusion-column-wrapper fusion-column-has-shadow fusion-flex-column-wrapper-legacy\"><div class=\"fusion-text fusion-text-2\"><h2>Nussknacker von Feucht Obsttechnik<\/h2>\n<\/div><div class=\"fusion-text fusion-text-3\"><h3><span class=\"\">Mit diesen Nussknackmaschinen kann eine deutliche Produktivit\u00e4tssteigerung bei der Walnuss- oder Haselnussernte erzielt werden. <\/span><\/h3>\n<\/div><div class=\"fusion-clearfix\"><\/div><\/div><\/div><div class=\"fusion-layout-column fusion_builder_column fusion-builder-column-3 fusion_builder_column_1_2 1_2 fusion-one-half fusion-column-first\" style=\"--awb-bg-size:cover;width:48%; margin-right: 4%;\"><div class=\"fusion-column-wrapper fusion-flex-column-wrapper-legacy\"><div class=\"fusion-text fusion-text-4\"><p>Die gesundheitsf\u00f6rdernde Wirkung von N\u00fcssen ist schon lange bekannt. Die kernigen Kraftpakete zeichnen sich besonders dadurch aus, dass sie sich praktisch in jede Mahlzeit integrieren lassen oder mal eben durch als Snack verzehrt werden k\u00f6nnen. Mit Hilfe eines Nussknackers (f\u00fcr Waln\u00fcsse oder Haseln\u00fcsse) k\u00f6nnen die N\u00fcsse einfach und schnell mit einer Handknackmaschine oder mit maschinellen Nussknackern geknackt werden.<\/p>\n<p>Die maschinellen Nussknacker arbeiten ohne \u00dcberwachung und sind sehr robust aufgebaut. Ein Knacken der Waln\u00fcsse ist auch ohne Vorkalibrierung m\u00f6glich, wird aber empfohlen f\u00fcr ein optimales Knackergebnis. Einfaches Bef\u00fcllen der Vorratsbeh\u00e4lter. Der handbetriebene Nussknacker kann selbst\u00e4ndig auf dem Tisch stehen und das Knacken erfordert nur ein Minimum an Kraft.<\/p>\n<p>Seit mehreren Generationen sind wir im Bereich der Obsterntetechnik t\u00e4tig und ebenso im Bereich Nussprozesstechnik und M\u00e4htechnik ein kompetenter Partner f\u00fcr unsere Kunden. Durch die Entwicklung stetig innovativer Produkte haben wir uns in Europa zum Marktf\u00fchrer in der Obsterntetechnik \/ M\u00e4htechnik und Nussprozesstechnik entwickelt.<\/p>\n<p>Neben unserem Angebot an Nussknackern sind wir in allen Bereichen der Nussverarbeitung Komplettlieferant: Waschen, Trocknen, Kalibrieren und Knacken (Vorknacken, Schalen entfernen, Nachknacken, Sortieren und Kernkalibrierung).<\/p>\n<\/div><div class=\"fusion-clearfix\"><\/div><\/div><\/div><div class=\"fusion-layout-column fusion_builder_column fusion-builder-column-4 fusion_builder_column_1_2 1_2 fusion-one-half fusion-column-last\" style=\"--awb-bg-size:cover;width:48%;\"><div class=\"fusion-column-wrapper fusion-flex-column-wrapper-legacy\"><div class=\"fusion-image-element in-legacy-container\" style=\"--awb-caption-title-font-family:var(--h2_typography-font-family);--awb-caption-title-font-weight:var(--h2_typography-font-weight);--awb-caption-title-font-style:var(--h2_typography-font-style);--awb-caption-title-size:var(--h2_typography-font-size);--awb-caption-title-transform:var(--h2_typography-text-transform);--awb-caption-title-line-height:var(--h2_typography-line-height);--awb-caption-title-letter-spacing:var(--h2_typography-letter-spacing);\"><span class=\" fusion-imageframe imageframe-none imageframe-1 hover-type-zoomin fusion-animated\" data-animationType=\"fadeInDown\" data-animationDuration=\"1.0\" data-animationOffset=\"bottom-in-view\"><a href=\"https:\/\/feucht-obsttechnik.de\/wp-content\/uploads\/handknacker-wal-man-klein-1-1.jpg\" class=\"fusion-lightbox\" data-rel=\"iLightbox[1657c3a0b6644a39d50]\" data-title=\"N\u00fcsse knacken mit dem WAL MAN\" title=\"N\u00fcsse knacken mit dem WAL MAN\"><img decoding=\"async\" width=\"1600\" height=\"1200\" src=\"https:\/\/feucht-obsttechnik.de\/wp-content\/uploads\/handknacker-wal-man-klein-1-1.jpg\" alt class=\"img-responsive wp-image-6634\" srcset=\"https:\/\/feucht-obsttechnik.de\/wp-content\/uploads\/handknacker-wal-man-klein-1-1-200x150.jpg 200w, https:\/\/feucht-obsttechnik.de\/wp-content\/uploads\/handknacker-wal-man-klein-1-1-400x300.jpg 400w, https:\/\/feucht-obsttechnik.de\/wp-content\/uploads\/handknacker-wal-man-klein-1-1-600x450.jpg 600w, https:\/\/feucht-obsttechnik.de\/wp-content\/uploads\/handknacker-wal-man-klein-1-1-800x600.jpg 800w, https:\/\/feucht-obsttechnik.de\/wp-content\/uploads\/handknacker-wal-man-klein-1-1-1200x900.jpg 1200w, https:\/\/feucht-obsttechnik.de\/wp-content\/uploads\/handknacker-wal-man-klein-1-1.jpg 1600w\" sizes=\"(max-width: 835px) 100vw, 600px\" \/><\/a><\/span><\/div><div class=\"fusion-sep-clear\"><\/div><div class=\"fusion-separator fusion-full-width-sep\" style=\"margin-left: auto;margin-right: auto;margin-bottom:30px;width:100%;\"><\/div><div class=\"fusion-sep-clear\"><\/div><div class=\"fusion-image-element in-legacy-container\" style=\"--awb-caption-title-font-family:var(--h2_typography-font-family);--awb-caption-title-font-weight:var(--h2_typography-font-weight);--awb-caption-title-font-style:var(--h2_typography-font-style);--awb-caption-title-size:var(--h2_typography-font-size);--awb-caption-title-transform:var(--h2_typography-text-transform);--awb-caption-title-line-height:var(--h2_typography-line-height);--awb-caption-title-letter-spacing:var(--h2_typography-letter-spacing);\"><span class=\" fusion-imageframe imageframe-none imageframe-2 hover-type-zoomin fusion-animated\" data-animationType=\"fadeInDown\" data-animationDuration=\"1.0\" data-animationOffset=\"bottom-in-view\"><a href=\"https:\/\/feucht-obsttechnik.de\/wp-content\/uploads\/nussverarbeitung-gro\u00df-knacken-nussknacker-micro-3.jpg\" class=\"fusion-lightbox\" data-rel=\"iLightbox[a6067f22d7828084bf3]\" data-title=\"N\u00fcsse knacken mit dem Nussknacker Micro\" title=\"N\u00fcsse knacken mit dem Nussknacker Micro\"><img decoding=\"async\" width=\"1600\" height=\"1200\" src=\"https:\/\/feucht-obsttechnik.de\/wp-content\/uploads\/nussverarbeitung-gro\u00df-knacken-nussknacker-micro-3.jpg\" alt class=\"img-responsive wp-image-6652\" srcset=\"https:\/\/feucht-obsttechnik.de\/wp-content\/uploads\/nussverarbeitung-gro\u00df-knacken-nussknacker-micro-3-200x150.jpg 200w, https:\/\/feucht-obsttechnik.de\/wp-content\/uploads\/nussverarbeitung-gro\u00df-knacken-nussknacker-micro-3-400x300.jpg 400w, https:\/\/feucht-obsttechnik.de\/wp-content\/uploads\/nussverarbeitung-gro\u00df-knacken-nussknacker-micro-3-600x450.jpg 600w, https:\/\/feucht-obsttechnik.de\/wp-content\/uploads\/nussverarbeitung-gro\u00df-knacken-nussknacker-micro-3-800x600.jpg 800w, https:\/\/feucht-obsttechnik.de\/wp-content\/uploads\/nussverarbeitung-gro\u00df-knacken-nussknacker-micro-3-1200x900.jpg 1200w, https:\/\/feucht-obsttechnik.de\/wp-content\/uploads\/nussverarbeitung-gro\u00df-knacken-nussknacker-micro-3.jpg 1600w\" sizes=\"(max-width: 835px) 100vw, 600px\" \/><\/a><\/span><\/div><div class=\"fusion-clearfix\"><\/div><\/div><\/div><\/div><\/div><div class=\"fusion-fullwidth fullwidth-box fusion-builder-row-3 nonhundred-percent-fullwidth non-hundred-percent-height-scrolling\" style=\"--awb-background-position:left top;--awb-border-sizes-top:0px;--awb-border-sizes-bottom:0px;--awb-border-sizes-left:0px;--awb-border-sizes-right:0px;--awb-border-radius-top-left:0px;--awb-border-radius-top-right:0px;--awb-border-radius-bottom-right:0px;--awb-border-radius-bottom-left:0px;--awb-padding-top:1px;--awb-padding-bottom:0px;--awb-background-color:#cc0000;--awb-flex-wrap:wrap;\" ><div class=\"fusion-builder-row fusion-row\"><div class=\"fusion-layout-column fusion_builder_column fusion-builder-column-5 fusion_builder_column_1_1 1_1 fusion-one-full fusion-column-first fusion-column-last\" style=\"--awb-padding-top:50px;--awb-padding-bottom:50px;--awb-padding-left:0px;--awb-bg-size:cover;--awb-margin-bottom:0px;\"><div class=\"fusion-column-wrapper fusion-column-has-shadow fusion-flex-column-wrapper-legacy\"><div class=\"fusion-column-content-centered\"><div class=\"fusion-column-content\"><div class=\"fusion-text fusion-text-5\"><h2 style=\"text-align: center; margin-bottom: 0px;\"><span style=\"color: #ffffff;\"> Nussknacker von Feucht Obsttechnik<\/span><\/h2>\n<\/div><\/div><\/div><div class=\"fusion-clearfix\"><\/div><\/div><\/div><\/div><\/div><div class=\"fusion-fullwidth fullwidth-box fusion-builder-row-4 nonhundred-percent-fullwidth non-hundred-percent-height-scrolling\" style=\"--awb-border-radius-top-left:0px;--awb-border-radius-top-right:0px;--awb-border-radius-bottom-right:0px;--awb-border-radius-bottom-left:0px;--awb-padding-top:100px;--awb-padding-bottom:50px;--awb-background-color:#f2f2f2;--awb-flex-wrap:wrap;\" ><div class=\"fusion-builder-row fusion-row\"><div class=\"fusion-layout-column fusion_builder_column fusion-builder-column-6 fusion_builder_column_1_1 1_1 fusion-one-full fusion-column-first fusion-column-last\" style=\"--awb-bg-color:#ffffff;--awb-bg-color-hover:#ffffff;--awb-bg-size:cover;\"><div class=\"fusion-column-wrapper fusion-flex-column-wrapper-legacy\"><div class=\"fusion-text fusion-text-6\"><div style=\"padding: 25px;\">\n<h2>Wir bieten verschiedene Nussknacker an:<\/h2>\n<\/div>\n<\/div>\n<div class=\"table-2\">\n<table width=\"100%\">\n<tbody>\n<tr>\n<td align=\"left\"><strong>Handknackmaschine WAL MAN<\/strong><br \/>\n<span class=\"table_description\">Knacken von bis zu 30 kg\/h<\/span><\/td>\n<td align=\"left\">Die WAL MAN ist eine handbetriebene, einfache, g\u00fcnstige und durchgehend automatische Handknackmaschine (Nussknacker) f\u00fcr Waln\u00fcsse und Haseln\u00fcsse mit einem hohen Nussknackgrad. Man erh\u00e4lt ein sehr gutes Knackergebnis: Walnuss: 10 &#8211; 15 % halbe Kerne und bei top Qualit\u00e4t der Waln\u00fcsse 20-40% halbe Kerne; Haselnuss: 70 &#8211; 80 % ganze Kerne.Die N\u00fcsse sollten vorkalibriert werden, gro\u00df-mittel-klein, um ein gutes Ergebnis zu erhalten. Sie k\u00f6nnen ca. 20 bis 30 kg\/h knacken. Der WAL MAN ist auch erh\u00e4ltlich mit maschinellem Antrieb oder E-Motor.<\/td>\n<\/tr>\n<tr>\n<td align=\"left\"><strong>Handknackmaschine WAL MAN SMALL<\/strong><br \/>\n<span class=\"table_description\"> Knacken von bis zu 15 kg\/h<\/span><\/td>\n<td align=\"left\">Der WAL MAN small ist eine handbetriebene, wirtschaftliche und automatisierte Handknackmaschine und die kleinere Version des WAL MAN. Die N\u00fcsse werden dabei mit Hilfe von zwei Platten gebrochen: Eine rotiert und die andere ist auf die Nussgr\u00f6\u00dfe einstellbar. Der Nussknacker WAL MAN small ist ideal f\u00fcr kleine Haushalte oder Obstbauern mit kleineren Mengen an N\u00fcssen. F\u00fcr ein optimales Knackergebnis sollten die N\u00fcsse auf 3 Gr\u00f6\u00dfen vorsortiert werden. Sehr sauberes Knackergebnis (Walnuss: 10 &#8211; 15 % halbe Kerne und bei sehr guter Qualit\u00e4t der N\u00fcsse 20 &#8211; 40 % halbe Kerne; Haselnuss: 70 &#8211; 80 % ganze Kerne)<\/td>\n<\/tr>\n<tr>\n<td align=\"left\"><strong>Nussknacker Micro<\/strong><br \/>\n<span class=\"table_description\"> Knacken von bis zu 30 kg\/h<\/span><\/td>\n<td align=\"left\">Der Nussknacker Micro ist eine Maschine zum Knacken von Waln\u00fcssen mit einem 38 l Vorratsbeh\u00e4lter und einer Leistung von 30 kg\/h. Er zeichnet sich durch sein geringes Gewicht und Abmessung und einfache Handhabung aus. Eine Vor- Kalibrierung ist notwendig, um ein optimales Ergebnis zu erzielen. Der Nussknacker Micro kann auch mit einem Gebl\u00e4se zur Schalenentfernung kombiniert werden.<\/td>\n<\/tr>\n<tr>\n<td align=\"left\"><strong>Nussknacker Junior<\/strong><br \/>\n<span class=\"table_description\"> Knacken von bis zu 100 kg\/h<\/span><\/td>\n<td align=\"left\">Der Nussknacker Junior ist eine Maschine zum Knacken von Waln\u00fcssen mit einem 300 l Vorratsbeh\u00e4lter und einer Leistung von bis zu 100 kg\/h. Eine Vorkalibrierung ist notwendig, um ein optimales Ergebnis zu erzielen. Zur zus\u00e4tzlichen Schalenentfernung kann der Nussknacker Junior mit dem Gebl\u00e4se 400 oder 800 kombiniert werden.<\/td>\n<\/tr>\n<\/tbody>\n<\/table>\n<\/div>\n<div class=\"fusion-clearfix\"><\/div><\/div><\/div><div class=\"fusion-layout-column fusion_builder_column fusion-builder-column-7 fusion_builder_column_1_1 1_1 fusion-one-full fusion-column-first fusion-column-last\" style=\"--awb-bg-size:cover;--awb-margin-bottom:0px;\"><div class=\"fusion-column-wrapper fusion-column-has-shadow fusion-flex-column-wrapper-legacy\"><div class=\"fusion-column-content-centered\"><div class=\"fusion-column-content\"><div class=\"fusion-button-wrapper\"><a class=\"fusion-button button-flat fusion-button-default-size button-custom fusion-button-default button-1 fusion-button-default-span fusion-button-default-type\" style=\"--button_accent_color:#ffffff;--button_border_color:#ffffff;--button_accent_hover_color:#ffffff;--button_border_hover_color:#ffffff;--button_gradient_top_color:#cc0000;--button_gradient_bottom_color:#cc0000;--button_gradient_top_color_hover:#ef0000;--button_gradient_bottom_color_hover:#ef0000;\" target=\"_self\" title=\"Mehr \u00fcber Nussknacker\" aria-label=\"Mehr \u00fcber Nussknacker\" href=\"https:\/\/feucht-obsttechnik.de\/de\/nussverarbeitung\/nussverarbeitung-gross\/nuesse-knacken\/\"><span class=\"fusion-button-text awb-button__text awb-button__text--default\">Erfahren Sie mehr \u00fcber Nussknacker<\/span><\/a><\/div><\/div><\/div><div class=\"fusion-clearfix\"><\/div><\/div><\/div><\/div><\/div><div class=\"fusion-fullwidth fullwidth-box fusion-builder-row-5 nonhundred-percent-fullwidth non-hundred-percent-height-scrolling fusion-equal-height-columns fusion-no-small-visibility schlagwoerter\" style=\"--awb-background-position:center top;--awb-border-sizes-top:0px;--awb-border-sizes-bottom:0px;--awb-border-sizes-left:0px;--awb-border-sizes-right:0px;--awb-border-radius-top-left:0px;--awb-border-radius-top-right:0px;--awb-border-radius-bottom-right:0px;--awb-border-radius-bottom-left:0px;--awb-padding-top:0px;--awb-padding-right:15%;--awb-padding-bottom:0px;--awb-padding-left:15%;--awb-background-color:#a0ce4e;--awb-flex-wrap:wrap;\" ><div class=\"fusion-builder-row fusion-row\"><div class=\"fusion-layout-column fusion_builder_column fusion-builder-column-8 fusion_builder_column_1_5 1_5 fusion-one-fifth fusion-column-first\" style=\"--awb-padding-top:10px;--awb-padding-bottom:10px;--awb-bg-size:cover;--awb-margin-top:10px;--awb-margin-bottom:0px;width:20%;width:calc(20% - ( ( 4% ) * 0.2 ) );margin-right: 4%;\"><div class=\"fusion-column-wrapper fusion-column-has-shadow fusion-flex-column-wrapper-legacy\"><div class=\"fusion-column-content-centered\"><div class=\"fusion-column-content\"><div class=\"fusion-title title fusion-title-1 fusion-sep-none fusion-title-text fusion-title-size-two\" style=\"--awb-text-color:#ffffff;--awb-margin-bottom:0px;--awb-margin-right-small:0px;--awb-margin-bottom-small:0px;--awb-margin-left-small:0px;\"><h2 class=\"fusion-title-heading title-heading-left fusion-responsive-typography-calculated\" style=\"margin:0;--fontSize:26;--minFontSize:26;line-height:1.25;\">Schlag\u00adw\u00f6rter:<\/h2><\/div><\/div><\/div><div class=\"fusion-clearfix\"><\/div><\/div><\/div><div class=\"fusion-layout-column fusion_builder_column fusion-builder-column-9 fusion_builder_column_4_5 4_5 fusion-four-fifth fusion-column-last fusion-column-no-min-height\" style=\"--awb-padding-top:10px;--awb-padding-bottom:10px;--awb-bg-size:cover;--awb-margin-top:20px;--awb-margin-bottom:0px;width:80%;width:calc(80% - ( ( 4% ) * 0.8 ) );\"><div class=\"fusion-column-wrapper fusion-column-has-shadow fusion-flex-column-wrapper-legacy\"><div class=\"fusion-text fusion-text-7\"><p><span style=\"color: #ffffff;\"><a href=\"https:\/\/feucht-obsttechnik.de\/de\/wal-man\/\">Walnuss-Handknacker<\/a>, <a title=\"Mehr \u00fcber den Nussknacker Micro\" href=\"https:\/\/feucht-obsttechnik.de\/de\/nussverarbeitung\/nussverarbeitung-gross\/nuesse-knacken#micro\">Nussknacker Micro<\/a>, <a href=\"https:\/\/feucht-obsttechnik.de\/de\/nussverarbeitung\/nussverarbeitung-gross\/nuesse-knacken#Junior\">Nussknacker Junior<\/a>, <a href=\"https:\/\/feucht-obsttechnik.de\/de\/wal-man\/\">Haselnuss-Handknacker<\/a><\/span><\/p>\n<\/div><div class=\"fusion-clearfix\"><\/div><\/div><\/div><\/div><\/div><\/p>\n","protected":false},"excerpt":{"rendered":"","protected":false},"author":4,"featured_media":0,"parent":0,"menu_order":0,"comment_status":"closed","ping_status":"closed","template":"100-width.php","meta":{"footnotes":"","_wp_rev_ctl_limit":""},"class_list":["post-4232","page","type-page","status-publish","hentry"],"yoast_head":"<!-- This site is optimized with the Yoast SEO plugin v27.2 - https:\/\/yoast.com\/product\/yoast-seo-wordpress\/ -->\n<title>Nussknacker - Feucht Obsttechnik<\/title>\n<meta name=\"description\" content=\"Nussknacker von Feucht Obsttechnik liefern einfach und schnellbeste Knackergebnisse. Informieren Sie sich selbst \u00fcber unsere beliebten Nussknacker.\" \/>\n<meta name=\"robots\" content=\"index, follow, max-snippet:-1, max-image-preview:large, max-video-preview:-1\" \/>\n<link rel=\"canonical\" href=\"https:\/\/feucht-obsttechnik.de\/de\/nussknacker\/\" \/>\n<meta property=\"og:locale\" content=\"de_DE\" \/>\n<meta property=\"og:type\" content=\"article\" \/>\n<meta property=\"og:title\" content=\"Nussknacker - Feucht Obsttechnik\" \/>\n<meta property=\"og:description\" content=\"Nussknacker von Feucht Obsttechnik liefern einfach und schnellbeste Knackergebnisse. Informieren Sie sich selbst \u00fcber unsere beliebten Nussknacker.\" \/>\n<meta property=\"og:url\" content=\"https:\/\/feucht-obsttechnik.de\/de\/nussknacker\/\" \/>\n<meta property=\"og:site_name\" content=\"Feucht Obsttechnik\" \/>\n<meta property=\"article:modified_time\" content=\"2021-03-19T17:27:31+00:00\" \/>\n<meta name=\"twitter:card\" content=\"summary_large_image\" \/>\n<meta name=\"twitter:label1\" content=\"Gesch\u00e4tzte Lesezeit\" \/>\n\t<meta name=\"twitter:data1\" content=\"14\u00a0Minuten\" \/>\n<script type=\"application\/ld+json\" class=\"yoast-schema-graph\">{\"@context\":\"https:\/\/schema.org\",\"@graph\":[{\"@type\":\"WebPage\",\"@id\":\"https:\/\/feucht-obsttechnik.de\/de\/nussknacker\/\",\"url\":\"https:\/\/feucht-obsttechnik.de\/de\/nussknacker\/\",\"name\":\"Nussknacker - Feucht Obsttechnik\",\"isPartOf\":{\"@id\":\"https:\/\/feucht-obsttechnik.de\/de\/#website\"},\"datePublished\":\"2020-01-20T12:18:35+00:00\",\"dateModified\":\"2021-03-19T17:27:31+00:00\",\"description\":\"Nussknacker von Feucht Obsttechnik liefern einfach und schnellbeste Knackergebnisse. Informieren Sie sich selbst \u00fcber unsere beliebten Nussknacker.\",\"breadcrumb\":{\"@id\":\"https:\/\/feucht-obsttechnik.de\/de\/nussknacker\/#breadcrumb\"},\"inLanguage\":\"de\",\"potentialAction\":[{\"@type\":\"ReadAction\",\"target\":[\"https:\/\/feucht-obsttechnik.de\/de\/nussknacker\/\"]}]},{\"@type\":\"BreadcrumbList\",\"@id\":\"https:\/\/feucht-obsttechnik.de\/de\/nussknacker\/#breadcrumb\",\"itemListElement\":[{\"@type\":\"ListItem\",\"position\":1,\"name\":\"Startseite\",\"item\":\"https:\/\/feucht-obsttechnik.de\/de\/\"},{\"@type\":\"ListItem\",\"position\":2,\"name\":\"LP Nussknacker\"}]},{\"@type\":\"WebSite\",\"@id\":\"https:\/\/feucht-obsttechnik.de\/de\/#website\",\"url\":\"https:\/\/feucht-obsttechnik.de\/de\/\",\"name\":\"Feucht Obsttechnik\",\"description\":\"\",\"publisher\":{\"@id\":\"https:\/\/feucht-obsttechnik.de\/de\/#organization\"},\"potentialAction\":[{\"@type\":\"SearchAction\",\"target\":{\"@type\":\"EntryPoint\",\"urlTemplate\":\"https:\/\/feucht-obsttechnik.de\/de\/?s={search_term_string}\"},\"query-input\":{\"@type\":\"PropertyValueSpecification\",\"valueRequired\":true,\"valueName\":\"search_term_string\"}}],\"inLanguage\":\"de\"},{\"@type\":\"Organization\",\"@id\":\"https:\/\/feucht-obsttechnik.de\/de\/#organization\",\"name\":\"Feucht Obsttechnik GmbH\",\"url\":\"https:\/\/feucht-obsttechnik.de\/de\/\",\"logo\":{\"@type\":\"ImageObject\",\"inLanguage\":\"de\",\"@id\":\"https:\/\/feucht-obsttechnik.de\/de\/#\/schema\/logo\/image\/\",\"url\":\"https:\/\/feucht-obsttechnik.de\/wp-content\/uploads\/logo-feucht@2x-1.png\",\"contentUrl\":\"https:\/\/feucht-obsttechnik.de\/wp-content\/uploads\/logo-feucht@2x-1.png\",\"width\":640,\"height\":123,\"caption\":\"Feucht Obsttechnik GmbH\"},\"image\":{\"@id\":\"https:\/\/feucht-obsttechnik.de\/de\/#\/schema\/logo\/image\/\"}}]}<\/script>\n<!-- \/ Yoast SEO plugin. -->","yoast_head_json":{"title":"Nussknacker - Feucht Obsttechnik","description":"Nussknacker von Feucht Obsttechnik liefern einfach und schnellbeste Knackergebnisse. Informieren Sie sich selbst \u00fcber unsere beliebten Nussknacker.","robots":{"index":"index","follow":"follow","max-snippet":"max-snippet:-1","max-image-preview":"max-image-preview:large","max-video-preview":"max-video-preview:-1"},"canonical":"https:\/\/feucht-obsttechnik.de\/de\/nussknacker\/","og_locale":"de_DE","og_type":"article","og_title":"Nussknacker - Feucht Obsttechnik","og_description":"Nussknacker von Feucht Obsttechnik liefern einfach und schnellbeste Knackergebnisse. Informieren Sie sich selbst \u00fcber unsere beliebten Nussknacker.","og_url":"https:\/\/feucht-obsttechnik.de\/de\/nussknacker\/","og_site_name":"Feucht Obsttechnik","article_modified_time":"2021-03-19T17:27:31+00:00","twitter_card":"summary_large_image","twitter_misc":{"Gesch\u00e4tzte Lesezeit":"14\u00a0Minuten"},"schema":{"@context":"https:\/\/schema.org","@graph":[{"@type":"WebPage","@id":"https:\/\/feucht-obsttechnik.de\/de\/nussknacker\/","url":"https:\/\/feucht-obsttechnik.de\/de\/nussknacker\/","name":"Nussknacker - Feucht Obsttechnik","isPartOf":{"@id":"https:\/\/feucht-obsttechnik.de\/de\/#website"},"datePublished":"2020-01-20T12:18:35+00:00","dateModified":"2021-03-19T17:27:31+00:00","description":"Nussknacker von Feucht Obsttechnik liefern einfach und schnellbeste Knackergebnisse. Informieren Sie sich selbst \u00fcber unsere beliebten Nussknacker.","breadcrumb":{"@id":"https:\/\/feucht-obsttechnik.de\/de\/nussknacker\/#breadcrumb"},"inLanguage":"de","potentialAction":[{"@type":"ReadAction","target":["https:\/\/feucht-obsttechnik.de\/de\/nussknacker\/"]}]},{"@type":"BreadcrumbList","@id":"https:\/\/feucht-obsttechnik.de\/de\/nussknacker\/#breadcrumb","itemListElement":[{"@type":"ListItem","position":1,"name":"Startseite","item":"https:\/\/feucht-obsttechnik.de\/de\/"},{"@type":"ListItem","position":2,"name":"LP Nussknacker"}]},{"@type":"WebSite","@id":"https:\/\/feucht-obsttechnik.de\/de\/#website","url":"https:\/\/feucht-obsttechnik.de\/de\/","name":"Feucht Obsttechnik","description":"","publisher":{"@id":"https:\/\/feucht-obsttechnik.de\/de\/#organization"},"potentialAction":[{"@type":"SearchAction","target":{"@type":"EntryPoint","urlTemplate":"https:\/\/feucht-obsttechnik.de\/de\/?s={search_term_string}"},"query-input":{"@type":"PropertyValueSpecification","valueRequired":true,"valueName":"search_term_string"}}],"inLanguage":"de"},{"@type":"Organization","@id":"https:\/\/feucht-obsttechnik.de\/de\/#organization","name":"Feucht Obsttechnik GmbH","url":"https:\/\/feucht-obsttechnik.de\/de\/","logo":{"@type":"ImageObject","inLanguage":"de","@id":"https:\/\/feucht-obsttechnik.de\/de\/#\/schema\/logo\/image\/","url":"https:\/\/feucht-obsttechnik.de\/wp-content\/uploads\/logo-feucht@2x-1.png","contentUrl":"https:\/\/feucht-obsttechnik.de\/wp-content\/uploads\/logo-feucht@2x-1.png","width":640,"height":123,"caption":"Feucht Obsttechnik GmbH"},"image":{"@id":"https:\/\/feucht-obsttechnik.de\/de\/#\/schema\/logo\/image\/"}}]}},"_links":{"self":[{"href":"https:\/\/feucht-obsttechnik.de\/de\/wp-json\/wp\/v2\/pages\/4232","targetHints":{"allow":["GET"]}}],"collection":[{"href":"https:\/\/feucht-obsttechnik.de\/de\/wp-json\/wp\/v2\/pages"}],"about":[{"href":"https:\/\/feucht-obsttechnik.de\/de\/wp-json\/wp\/v2\/types\/page"}],"author":[{"embeddable":true,"href":"https:\/\/feucht-obsttechnik.de\/de\/wp-json\/wp\/v2\/users\/4"}],"replies":[{"embeddable":true,"href":"https:\/\/feucht-obsttechnik.de\/de\/wp-json\/wp\/v2\/comments?post=4232"}],"version-history":[{"count":0,"href":"https:\/\/feucht-obsttechnik.de\/de\/wp-json\/wp\/v2\/pages\/4232\/revisions"}],"wp:attachment":[{"href":"https:\/\/feucht-obsttechnik.de\/de\/wp-json\/wp\/v2\/media?parent=4232"}],"curies":[{"name":"wp","href":"https:\/\/api.w.org\/{rel}","templated":true}]}}