{"id":4226,"date":"2020-01-20T13:10:39","date_gmt":"2020-01-20T12:10:39","guid":{"rendered":"http:\/\/neu2020.feucht-obsttechnik.de\/?page_id=4226"},"modified":"2021-03-19T18:27:10","modified_gmt":"2021-03-19T17:27:10","slug":"haselnuss-handknacker-nussknacker-manuell","status":"publish","type":"page","link":"https:\/\/feucht-obsttechnik.de\/de\/haselnuss-handknacker-nussknacker-manuell\/","title":{"rendered":"LP Haselnuss-Handknacker"},"content":{"rendered":"<p><div class=\"fusion-bg-parallax\" data-bg-align=\"left center\" data-direction=\"up\" data-mute=\"false\" data-opacity=\"100\" data-velocity=\"-0.3\" data-mobile-enabled=\"false\" data-break_parents=\"0\" data-bg-image=\"https:\/\/feucht-obsttechnik.de\/wp-content\/uploads\/bg-header-haselnussernte.jpg\" data-bg-repeat=\"false\" ><\/div><div class=\"fusion-fullwidth fullwidth-box fusion-builder-row-1 fusion-parallax-up nonhundred-percent-fullwidth non-hundred-percent-height-scrolling\" style=\"--awb-background-position:left center;--awb-border-sizes-top:0px;--awb-border-sizes-bottom:0px;--awb-border-sizes-left:0px;--awb-border-sizes-right:0px;--awb-border-radius-top-left:0px;--awb-border-radius-top-right:0px;--awb-border-radius-bottom-right:0px;--awb-border-radius-bottom-left:0px;--awb-padding-top:130px;--awb-padding-bottom:120px;--awb-background-image:url(&quot;https:\/\/feucht-obsttechnik.de\/wp-content\/uploads\/bg-header-haselnussernte.jpg&quot;);--awb-background-size:cover;--awb-flex-wrap:wrap;\" ><div class=\"fusion-builder-row fusion-row\"><div class=\"fusion-layout-column fusion_builder_column fusion-builder-column-0 fusion_builder_column_1_2 1_2 fusion-one-half fusion-column-first\" style=\"--awb-bg-size:cover;width:48%; margin-right: 4%;\"><div class=\"fusion-column-wrapper fusion-flex-column-wrapper-legacy\"><div class=\"fusion-text fusion-text-1\"><h1><span style=\"color: #ffffff;\">Haselnuss-Handknacker<\/span><\/h1>\n<p><span style=\"color: #ffffff;\">Erfolgreiche Verarbeitung mit der besten Technologie: Mit unserem Haselnuss-Handknacker erhalten Sie einfach und schnell beste Knackergebnisse.<\/span><\/p>\n<\/div><div class=\"fusion-clearfix\"><\/div><\/div><\/div><div class=\"fusion-layout-column fusion_builder_column fusion-builder-column-1 fusion_builder_column_1_2 1_2 fusion-one-half fusion-column-last\" style=\"--awb-bg-size:cover;width:48%;\"><div class=\"fusion-column-wrapper fusion-flex-column-wrapper-legacy\"><div class=\"fusion-clearfix\"><\/div><\/div><\/div><\/div><\/div><div class=\"fusion-fullwidth fullwidth-box fusion-builder-row-2 nonhundred-percent-fullwidth non-hundred-percent-height-scrolling\" style=\"--awb-background-position:left top;--awb-border-sizes-top:0px;--awb-border-sizes-bottom:0px;--awb-border-sizes-left:0px;--awb-border-sizes-right:0px;--awb-border-radius-top-left:0px;--awb-border-radius-top-right:0px;--awb-border-radius-bottom-right:0px;--awb-border-radius-bottom-left:0px;--awb-padding-top:130px;--awb-padding-bottom:30px;--awb-flex-wrap:wrap;\" ><div class=\"fusion-builder-row fusion-row\"><div class=\"fusion-layout-column fusion_builder_column fusion-builder-column-2 fusion_builder_column_1_1 1_1 fusion-one-full fusion-column-first fusion-column-last\" style=\"--awb-bg-size:cover;\"><div class=\"fusion-column-wrapper fusion-column-has-shadow fusion-flex-column-wrapper-legacy\"><div class=\"fusion-text fusion-text-2\"><h2>Haselnuss-Handknacker von Feucht Obsttechnik<\/h2>\n<\/div><div class=\"fusion-text fusion-text-3\"><h3><span class=\"\">Haselnussanbau: Erfolg mit Wissen, Erfahrung und Mechanisierung.<\/span><\/h3>\n<\/div><div class=\"fusion-clearfix\"><\/div><\/div><\/div><div class=\"fusion-layout-column fusion_builder_column fusion-builder-column-3 fusion_builder_column_1_2 1_2 fusion-one-half fusion-column-first\" style=\"--awb-bg-size:cover;width:48%; margin-right: 4%;\"><div class=\"fusion-column-wrapper fusion-flex-column-wrapper-legacy\"><div class=\"fusion-text fusion-text-4\"><p>N\u00fcsse sind seit jeher f\u00fcr ihre gesundheitsf\u00f6rdernde Wirkung bekannt. Besonderer Vorteil der kernigen Kraftpakete ist, dass sie sich praktisch in jede Mahlzeit integrieren lassen oder als Snack verzehrt werden. Mit Hilfe eines Haselnuss-Handknackers (geeignet auch f\u00fcr Waln\u00fcsse) k\u00f6nnen die N\u00fcsse einfach und schnell mit einer Handknackmaschine geknackt werden.<\/p>\n<p>Der Haselnuss-Handknacker \u201eWALMAN\u201c ist eine handbetriebene, einfache, g\u00fcnstige und durchgehend automatische Haselnuss-Handknackmaschine (geeignet auch f\u00fcr Waln\u00fcsse) mit einem hohen Nussknackgrad. Man erh\u00e4lt ca. 80 % Bruch und 20 % halbe Kerne je nach Nussart und Gr\u00f6\u00dfe. Die N\u00fcsse sollten vorkalibriert werden, gro\u00df-mittel-klein, um ein gutes Ergebnis zu erhalten. Sie k\u00f6nnen mit dem Haselnuss-Handknacker ca. 20 bis 30 kg\/h knacken). Das Funktionsprinzip des Haselnuss-Handknackers ist einfach: Nachdem die Einlassklappe mit N\u00fcssen gef\u00fcllt wurde, dreht man die Kurbel nach rechts und links wie eine Schiffsschaukel. Nach dem Arbeitsvorgang k\u00f6nnen am Ausgang die geknackten N\u00fcsse (Kerne, Schalen, sowie nur teilweise geknackte N\u00fcsse) durch Platzieren eines Beh\u00e4ltnisses aufgefangen werden.<br \/>\nSeit mehreren Generationen sind wir im Bereich der Obsterntetechnik t\u00e4tig und ebenso im Bereich Nussprozesstechnik und M\u00e4htechnik ein kompetenter Partner f\u00fcr unsere Kunden. Durch die Entwicklung stetig innovativer Produkte haben wir uns in Europa zum Marktf\u00fchrer in der Obsterntetechnik \/ M\u00e4htechnik und Nussprozesstechnik entwickelt.<\/p>\n<p>Neben unserem Haselnuss-Handknacker bieten wir auch maschinelle Nussknacker an, weiterhin sind wir in allen Bereichen der Nussverarbeitung Komplettlieferant: Waschen, Trocknen, Kalibrieren und Knacken (Vorknacken, Schalen entfernen, Nachknacken, Sortieren und Kernkalibrierung).<\/p>\n<\/div><div class=\"fusion-button-wrapper\"><a class=\"fusion-button button-flat fusion-button-default-size button-custom fusion-button-default button-1 fusion-button-default-span fusion-button-default-type\" style=\"--button_accent_color:#ffffff;--button_border_color:#ffffff;--button_accent_hover_color:#ffffff;--button_border_hover_color:#ffffff;--button_gradient_top_color:#cc0000;--button_gradient_bottom_color:#cc0000;--button_gradient_top_color_hover:#ef0000;--button_gradient_bottom_color_hover:#ef0000;\" target=\"_self\" title=\"Mehr \u00fcber Haselnuss-Handknacker\" aria-label=\"Mehr \u00fcber Haselnuss-Handknacker\" href=\"https:\/\/feucht-obsttechnik.de\/de\/nussverarbeitung\/haselnuss\/knacken-kalibrieren\/\"><span class=\"fusion-button-text awb-button__text awb-button__text--default\">Erfahren Sie mehr \u00fcber Haselnuss-Handknacker<\/span><\/a><\/div><div class=\"fusion-clearfix\"><\/div><\/div><\/div><div class=\"fusion-layout-column fusion_builder_column fusion-builder-column-4 fusion_builder_column_1_2 1_2 fusion-one-half fusion-column-last\" style=\"--awb-bg-size:cover;width:48%;\"><div class=\"fusion-column-wrapper fusion-flex-column-wrapper-legacy\"><div class=\"fusion-image-element in-legacy-container\" style=\"--awb-caption-title-font-family:var(--h2_typography-font-family);--awb-caption-title-font-weight:var(--h2_typography-font-weight);--awb-caption-title-font-style:var(--h2_typography-font-style);--awb-caption-title-size:var(--h2_typography-font-size);--awb-caption-title-transform:var(--h2_typography-text-transform);--awb-caption-title-line-height:var(--h2_typography-line-height);--awb-caption-title-letter-spacing:var(--h2_typography-letter-spacing);\"><span class=\" fusion-imageframe imageframe-none imageframe-1 hover-type-zoomin fusion-animated\" data-animationType=\"fadeInDown\" data-animationDuration=\"1.0\" data-animationOffset=\"bottom-in-view\"><a href=\"https:\/\/feucht-obsttechnik.de\/wp-content\/uploads\/handknacker-divider-wal-man-1.jpg\" class=\"fusion-lightbox\" data-rel=\"iLightbox[Haselnuss-Handknacker]\" data-title=\"Handknacker WAL MAN Haselnuss\" title=\"Handknacker WAL MAN Haselnuss\"><img decoding=\"async\" width=\"1900\" height=\"1267\" src=\"https:\/\/feucht-obsttechnik.de\/wp-content\/uploads\/handknacker-divider-wal-man-1.jpg\" alt class=\"img-responsive wp-image-6027\" srcset=\"https:\/\/feucht-obsttechnik.de\/wp-content\/uploads\/handknacker-divider-wal-man-1-200x133.jpg 200w, https:\/\/feucht-obsttechnik.de\/wp-content\/uploads\/handknacker-divider-wal-man-1-400x267.jpg 400w, https:\/\/feucht-obsttechnik.de\/wp-content\/uploads\/handknacker-divider-wal-man-1-600x400.jpg 600w, https:\/\/feucht-obsttechnik.de\/wp-content\/uploads\/handknacker-divider-wal-man-1-800x533.jpg 800w, https:\/\/feucht-obsttechnik.de\/wp-content\/uploads\/handknacker-divider-wal-man-1-1200x800.jpg 1200w, https:\/\/feucht-obsttechnik.de\/wp-content\/uploads\/handknacker-divider-wal-man-1.jpg 1900w\" sizes=\"(max-width: 835px) 100vw, 600px\" \/><\/a><\/span><\/div><div class=\"fusion-sep-clear\"><\/div><div class=\"fusion-separator fusion-full-width-sep\" style=\"margin-left: auto;margin-right: auto;margin-bottom:30px;width:100%;\"><\/div><div class=\"fusion-sep-clear\"><\/div><div class=\"fusion-sep-clear\"><\/div><div class=\"fusion-separator fusion-full-width-sep\" style=\"margin-left: auto;margin-right: auto;margin-bottom:30px;width:100%;\"><\/div><div class=\"fusion-sep-clear\"><\/div><div class=\"fusion-image-element in-legacy-container\" style=\"--awb-caption-title-font-family:var(--h2_typography-font-family);--awb-caption-title-font-weight:var(--h2_typography-font-weight);--awb-caption-title-font-style:var(--h2_typography-font-style);--awb-caption-title-size:var(--h2_typography-font-size);--awb-caption-title-transform:var(--h2_typography-text-transform);--awb-caption-title-line-height:var(--h2_typography-line-height);--awb-caption-title-letter-spacing:var(--h2_typography-letter-spacing);\"><span class=\" fusion-imageframe imageframe-none imageframe-2 hover-type-zoomin fusion-animated\" data-animationType=\"fadeInDown\" data-animationDuration=\"1.0\" data-animationOffset=\"bottom-in-view\"><a href=\"https:\/\/feucht-obsttechnik.de\/wp-content\/uploads\/handknacker-divider-wal-man-klein-2.jpg\" class=\"fusion-lightbox\" data-rel=\"iLightbox[Haselnuss-Handknacker]\" data-title=\"N\u00fcsse knacken mit dem WAL MAN\" title=\"N\u00fcsse knacken mit dem WAL MAN\"><img decoding=\"async\" width=\"1600\" height=\"1200\" src=\"https:\/\/feucht-obsttechnik.de\/wp-content\/uploads\/handknacker-divider-wal-man-klein-2.jpg\" alt class=\"img-responsive wp-image-6035\" srcset=\"https:\/\/feucht-obsttechnik.de\/wp-content\/uploads\/handknacker-divider-wal-man-klein-2-200x150.jpg 200w, https:\/\/feucht-obsttechnik.de\/wp-content\/uploads\/handknacker-divider-wal-man-klein-2-400x300.jpg 400w, https:\/\/feucht-obsttechnik.de\/wp-content\/uploads\/handknacker-divider-wal-man-klein-2-600x450.jpg 600w, https:\/\/feucht-obsttechnik.de\/wp-content\/uploads\/handknacker-divider-wal-man-klein-2-800x600.jpg 800w, https:\/\/feucht-obsttechnik.de\/wp-content\/uploads\/handknacker-divider-wal-man-klein-2-1200x900.jpg 1200w, https:\/\/feucht-obsttechnik.de\/wp-content\/uploads\/handknacker-divider-wal-man-klein-2.jpg 1600w\" sizes=\"(max-width: 835px) 100vw, 600px\" \/><\/a><\/span><\/div><div class=\"fusion-clearfix\"><\/div><\/div><\/div><\/div><\/div><div class=\"fusion-fullwidth fullwidth-box fusion-builder-row-3 nonhundred-percent-fullwidth non-hundred-percent-height-scrolling fusion-equal-height-columns fusion-no-small-visibility schlagwoerter\" style=\"--awb-background-position:center top;--awb-border-sizes-top:0px;--awb-border-sizes-bottom:0px;--awb-border-sizes-left:0px;--awb-border-sizes-right:0px;--awb-border-radius-top-left:0px;--awb-border-radius-top-right:0px;--awb-border-radius-bottom-right:0px;--awb-border-radius-bottom-left:0px;--awb-padding-top:0px;--awb-padding-right:15%;--awb-padding-bottom:0px;--awb-padding-left:15%;--awb-background-color:#a0ce4e;--awb-flex-wrap:wrap;\" ><div class=\"fusion-builder-row fusion-row\"><div class=\"fusion-layout-column fusion_builder_column fusion-builder-column-5 fusion_builder_column_1_5 1_5 fusion-one-fifth fusion-column-first\" style=\"--awb-padding-top:10px;--awb-padding-bottom:10px;--awb-bg-size:cover;--awb-margin-top:10px;--awb-margin-bottom:0px;width:20%;width:calc(20% - ( ( 4% ) * 0.2 ) );margin-right: 4%;\"><div class=\"fusion-column-wrapper fusion-column-has-shadow fusion-flex-column-wrapper-legacy\"><div class=\"fusion-column-content-centered\"><div class=\"fusion-column-content\"><div class=\"fusion-title title fusion-title-1 fusion-sep-none fusion-title-text fusion-title-size-two\" style=\"--awb-text-color:#ffffff;--awb-margin-bottom:0px;--awb-margin-right-small:0px;--awb-margin-bottom-small:0px;--awb-margin-left-small:0px;\"><h2 class=\"fusion-title-heading title-heading-left fusion-responsive-typography-calculated\" style=\"margin:0;--fontSize:26;--minFontSize:26;line-height:1.25;\">Schlag\u00adw\u00f6rter:<\/h2><\/div><\/div><\/div><div class=\"fusion-clearfix\"><\/div><\/div><\/div><div class=\"fusion-layout-column fusion_builder_column fusion-builder-column-6 fusion_builder_column_4_5 4_5 fusion-four-fifth fusion-column-last fusion-column-no-min-height\" style=\"--awb-padding-top:10px;--awb-padding-bottom:10px;--awb-bg-size:cover;--awb-margin-top:20px;--awb-margin-bottom:0px;width:80%;width:calc(80% - ( ( 4% ) * 0.8 ) );\"><div class=\"fusion-column-wrapper fusion-column-has-shadow fusion-flex-column-wrapper-legacy\"><div class=\"fusion-text fusion-text-5\"><p><span style=\"color: #ffffff;\"><a href=\"https:\/\/feucht-obsttechnik.de\/de\/nussverarbeitung\/nussverarbeitung-klein\/nuesse-knacken\/\">Haselnuss-Handknacker<\/a>, <a href=\"https:\/\/feucht-obsttechnik.de\/de\/nussverarbeitung\/nussverarbeitung-gross\/nuesse-knacken#micro\">Nussknacker Micro<\/a>, <a href=\"https:\/\/feucht-obsttechnik.de\/de\/wal-man\/\">WAL MAN<\/a><\/span><\/p>\n<\/div><div class=\"fusion-clearfix\"><\/div><\/div><\/div><\/div><\/div><\/p>\n","protected":false},"excerpt":{"rendered":"","protected":false},"author":4,"featured_media":0,"parent":0,"menu_order":0,"comment_status":"closed","ping_status":"closed","template":"100-width.php","meta":{"footnotes":"","_wp_rev_ctl_limit":""},"class_list":["post-4226","page","type-page","status-publish","hentry"],"yoast_head":"<!-- This site is optimized with the Yoast SEO plugin v27.5 - https:\/\/yoast.com\/product\/yoast-seo-wordpress\/ -->\n<title>Haselnuss-Handknacker - Feucht Obsttechnik<\/title>\n<meta name=\"description\" content=\"Haselnuss-Handknacker von Feucht Obsttechnik liefern einfach und schnell beste Knackergebnisse. Erfahren Sie mehr \u00fcber unsere Haselnuss-Handknacker!\" \/>\n<meta name=\"robots\" content=\"index, follow, max-snippet:-1, max-image-preview:large, max-video-preview:-1\" \/>\n<link rel=\"canonical\" href=\"https:\/\/feucht-obsttechnik.de\/de\/haselnuss-handknacker-nussknacker-manuell\/\" \/>\n<meta property=\"og:locale\" content=\"de_DE\" \/>\n<meta property=\"og:type\" content=\"article\" \/>\n<meta property=\"og:title\" content=\"Haselnuss-Handknacker - Feucht Obsttechnik\" \/>\n<meta property=\"og:description\" content=\"Haselnuss-Handknacker von Feucht Obsttechnik liefern einfach und schnell beste Knackergebnisse. Erfahren Sie mehr \u00fcber unsere Haselnuss-Handknacker!\" \/>\n<meta property=\"og:url\" content=\"https:\/\/feucht-obsttechnik.de\/de\/haselnuss-handknacker-nussknacker-manuell\/\" \/>\n<meta property=\"og:site_name\" content=\"Feucht Obsttechnik\" \/>\n<meta property=\"article:modified_time\" content=\"2021-03-19T17:27:10+00:00\" \/>\n<meta name=\"twitter:card\" content=\"summary_large_image\" \/>\n<meta name=\"twitter:label1\" content=\"Gesch\u00e4tzte Lesezeit\" \/>\n\t<meta name=\"twitter:data1\" content=\"9\u00a0Minuten\" \/>\n<script type=\"application\/ld+json\" class=\"yoast-schema-graph\">{\"@context\":\"https:\\\/\\\/schema.org\",\"@graph\":[{\"@type\":\"WebPage\",\"@id\":\"https:\\\/\\\/feucht-obsttechnik.de\\\/de\\\/haselnuss-handknacker-nussknacker-manuell\\\/\",\"url\":\"https:\\\/\\\/feucht-obsttechnik.de\\\/de\\\/haselnuss-handknacker-nussknacker-manuell\\\/\",\"name\":\"Haselnuss-Handknacker - Feucht Obsttechnik\",\"isPartOf\":{\"@id\":\"https:\\\/\\\/feucht-obsttechnik.de\\\/de\\\/#website\"},\"datePublished\":\"2020-01-20T12:10:39+00:00\",\"dateModified\":\"2021-03-19T17:27:10+00:00\",\"description\":\"Haselnuss-Handknacker von Feucht Obsttechnik liefern einfach und schnell beste Knackergebnisse. Erfahren Sie mehr \u00fcber unsere Haselnuss-Handknacker!\",\"breadcrumb\":{\"@id\":\"https:\\\/\\\/feucht-obsttechnik.de\\\/de\\\/haselnuss-handknacker-nussknacker-manuell\\\/#breadcrumb\"},\"inLanguage\":\"de\",\"potentialAction\":[{\"@type\":\"ReadAction\",\"target\":[\"https:\\\/\\\/feucht-obsttechnik.de\\\/de\\\/haselnuss-handknacker-nussknacker-manuell\\\/\"]}]},{\"@type\":\"BreadcrumbList\",\"@id\":\"https:\\\/\\\/feucht-obsttechnik.de\\\/de\\\/haselnuss-handknacker-nussknacker-manuell\\\/#breadcrumb\",\"itemListElement\":[{\"@type\":\"ListItem\",\"position\":1,\"name\":\"Startseite\",\"item\":\"https:\\\/\\\/feucht-obsttechnik.de\\\/de\\\/\"},{\"@type\":\"ListItem\",\"position\":2,\"name\":\"LP Haselnuss-Handknacker\"}]},{\"@type\":\"WebSite\",\"@id\":\"https:\\\/\\\/feucht-obsttechnik.de\\\/de\\\/#website\",\"url\":\"https:\\\/\\\/feucht-obsttechnik.de\\\/de\\\/\",\"name\":\"Feucht Obsttechnik\",\"description\":\"\",\"publisher\":{\"@id\":\"https:\\\/\\\/feucht-obsttechnik.de\\\/de\\\/#organization\"},\"potentialAction\":[{\"@type\":\"SearchAction\",\"target\":{\"@type\":\"EntryPoint\",\"urlTemplate\":\"https:\\\/\\\/feucht-obsttechnik.de\\\/de\\\/?s={search_term_string}\"},\"query-input\":{\"@type\":\"PropertyValueSpecification\",\"valueRequired\":true,\"valueName\":\"search_term_string\"}}],\"inLanguage\":\"de\"},{\"@type\":\"Organization\",\"@id\":\"https:\\\/\\\/feucht-obsttechnik.de\\\/de\\\/#organization\",\"name\":\"Feucht Obsttechnik GmbH\",\"url\":\"https:\\\/\\\/feucht-obsttechnik.de\\\/de\\\/\",\"logo\":{\"@type\":\"ImageObject\",\"inLanguage\":\"de\",\"@id\":\"https:\\\/\\\/feucht-obsttechnik.de\\\/de\\\/#\\\/schema\\\/logo\\\/image\\\/\",\"url\":\"https:\\\/\\\/feucht-obsttechnik.de\\\/wp-content\\\/uploads\\\/logo-feucht@2x-1.png\",\"contentUrl\":\"https:\\\/\\\/feucht-obsttechnik.de\\\/wp-content\\\/uploads\\\/logo-feucht@2x-1.png\",\"width\":640,\"height\":123,\"caption\":\"Feucht Obsttechnik GmbH\"},\"image\":{\"@id\":\"https:\\\/\\\/feucht-obsttechnik.de\\\/de\\\/#\\\/schema\\\/logo\\\/image\\\/\"}}]}<\/script>\n<!-- \/ Yoast SEO plugin. -->","yoast_head_json":{"title":"Haselnuss-Handknacker - Feucht Obsttechnik","description":"Haselnuss-Handknacker von Feucht Obsttechnik liefern einfach und schnell beste Knackergebnisse. Erfahren Sie mehr \u00fcber unsere Haselnuss-Handknacker!","robots":{"index":"index","follow":"follow","max-snippet":"max-snippet:-1","max-image-preview":"max-image-preview:large","max-video-preview":"max-video-preview:-1"},"canonical":"https:\/\/feucht-obsttechnik.de\/de\/haselnuss-handknacker-nussknacker-manuell\/","og_locale":"de_DE","og_type":"article","og_title":"Haselnuss-Handknacker - Feucht Obsttechnik","og_description":"Haselnuss-Handknacker von Feucht Obsttechnik liefern einfach und schnell beste Knackergebnisse. Erfahren Sie mehr \u00fcber unsere Haselnuss-Handknacker!","og_url":"https:\/\/feucht-obsttechnik.de\/de\/haselnuss-handknacker-nussknacker-manuell\/","og_site_name":"Feucht Obsttechnik","article_modified_time":"2021-03-19T17:27:10+00:00","twitter_card":"summary_large_image","twitter_misc":{"Gesch\u00e4tzte Lesezeit":"9\u00a0Minuten"},"schema":{"@context":"https:\/\/schema.org","@graph":[{"@type":"WebPage","@id":"https:\/\/feucht-obsttechnik.de\/de\/haselnuss-handknacker-nussknacker-manuell\/","url":"https:\/\/feucht-obsttechnik.de\/de\/haselnuss-handknacker-nussknacker-manuell\/","name":"Haselnuss-Handknacker - Feucht Obsttechnik","isPartOf":{"@id":"https:\/\/feucht-obsttechnik.de\/de\/#website"},"datePublished":"2020-01-20T12:10:39+00:00","dateModified":"2021-03-19T17:27:10+00:00","description":"Haselnuss-Handknacker von Feucht Obsttechnik liefern einfach und schnell beste Knackergebnisse. Erfahren Sie mehr \u00fcber unsere Haselnuss-Handknacker!","breadcrumb":{"@id":"https:\/\/feucht-obsttechnik.de\/de\/haselnuss-handknacker-nussknacker-manuell\/#breadcrumb"},"inLanguage":"de","potentialAction":[{"@type":"ReadAction","target":["https:\/\/feucht-obsttechnik.de\/de\/haselnuss-handknacker-nussknacker-manuell\/"]}]},{"@type":"BreadcrumbList","@id":"https:\/\/feucht-obsttechnik.de\/de\/haselnuss-handknacker-nussknacker-manuell\/#breadcrumb","itemListElement":[{"@type":"ListItem","position":1,"name":"Startseite","item":"https:\/\/feucht-obsttechnik.de\/de\/"},{"@type":"ListItem","position":2,"name":"LP Haselnuss-Handknacker"}]},{"@type":"WebSite","@id":"https:\/\/feucht-obsttechnik.de\/de\/#website","url":"https:\/\/feucht-obsttechnik.de\/de\/","name":"Feucht Obsttechnik","description":"","publisher":{"@id":"https:\/\/feucht-obsttechnik.de\/de\/#organization"},"potentialAction":[{"@type":"SearchAction","target":{"@type":"EntryPoint","urlTemplate":"https:\/\/feucht-obsttechnik.de\/de\/?s={search_term_string}"},"query-input":{"@type":"PropertyValueSpecification","valueRequired":true,"valueName":"search_term_string"}}],"inLanguage":"de"},{"@type":"Organization","@id":"https:\/\/feucht-obsttechnik.de\/de\/#organization","name":"Feucht Obsttechnik GmbH","url":"https:\/\/feucht-obsttechnik.de\/de\/","logo":{"@type":"ImageObject","inLanguage":"de","@id":"https:\/\/feucht-obsttechnik.de\/de\/#\/schema\/logo\/image\/","url":"https:\/\/feucht-obsttechnik.de\/wp-content\/uploads\/logo-feucht@2x-1.png","contentUrl":"https:\/\/feucht-obsttechnik.de\/wp-content\/uploads\/logo-feucht@2x-1.png","width":640,"height":123,"caption":"Feucht Obsttechnik GmbH"},"image":{"@id":"https:\/\/feucht-obsttechnik.de\/de\/#\/schema\/logo\/image\/"}}]}},"_links":{"self":[{"href":"https:\/\/feucht-obsttechnik.de\/de\/wp-json\/wp\/v2\/pages\/4226","targetHints":{"allow":["GET"]}}],"collection":[{"href":"https:\/\/feucht-obsttechnik.de\/de\/wp-json\/wp\/v2\/pages"}],"about":[{"href":"https:\/\/feucht-obsttechnik.de\/de\/wp-json\/wp\/v2\/types\/page"}],"author":[{"embeddable":true,"href":"https:\/\/feucht-obsttechnik.de\/de\/wp-json\/wp\/v2\/users\/4"}],"replies":[{"embeddable":true,"href":"https:\/\/feucht-obsttechnik.de\/de\/wp-json\/wp\/v2\/comments?post=4226"}],"version-history":[{"count":0,"href":"https:\/\/feucht-obsttechnik.de\/de\/wp-json\/wp\/v2\/pages\/4226\/revisions"}],"wp:attachment":[{"href":"https:\/\/feucht-obsttechnik.de\/de\/wp-json\/wp\/v2\/media?parent=4226"}],"curies":[{"name":"wp","href":"https:\/\/api.w.org\/{rel}","templated":true}]}}