{"id":4220,"date":"2020-01-20T13:02:17","date_gmt":"2020-01-20T12:02:17","guid":{"rendered":"http:\/\/neu2020.feucht-obsttechnik.de\/?page_id=4220"},"modified":"2021-03-19T18:28:06","modified_gmt":"2021-03-19T17:28:06","slug":"obstsortierung-obstreinigung","status":"publish","type":"page","link":"https:\/\/feucht-obsttechnik.de\/de\/obstsortierung-obstreinigung\/","title":{"rendered":"LP Obstsortierung \/ Obstreinigung"},"content":{"rendered":"<p><div class=\"fusion-bg-parallax\" data-bg-align=\"left center\" data-direction=\"up\" data-mute=\"false\" data-opacity=\"100\" data-velocity=\"-0.3\" data-mobile-enabled=\"false\" data-break_parents=\"0\" data-bg-image=\"https:\/\/feucht-obsttechnik.de\/wp-content\/uploads\/bg-header-obsterntetechnik.jpg\" data-bg-repeat=\"false\" ><\/div><div class=\"fusion-fullwidth fullwidth-box fusion-builder-row-1 fusion-parallax-up nonhundred-percent-fullwidth non-hundred-percent-height-scrolling\" style=\"--awb-background-position:left center;--awb-border-sizes-top:0px;--awb-border-sizes-bottom:0px;--awb-border-sizes-left:0px;--awb-border-sizes-right:0px;--awb-border-radius-top-left:0px;--awb-border-radius-top-right:0px;--awb-border-radius-bottom-right:0px;--awb-border-radius-bottom-left:0px;--awb-padding-top:130px;--awb-padding-bottom:120px;--awb-background-image:url(&quot;https:\/\/feucht-obsttechnik.de\/wp-content\/uploads\/bg-header-obsterntetechnik.jpg&quot;);--awb-background-size:cover;--awb-flex-wrap:wrap;\" ><div class=\"fusion-builder-row fusion-row\"><div class=\"fusion-layout-column fusion_builder_column fusion-builder-column-0 fusion_builder_column_1_2 1_2 fusion-one-half fusion-column-first\" style=\"--awb-bg-size:cover;width:48%; margin-right: 4%;\"><div class=\"fusion-column-wrapper fusion-flex-column-wrapper-legacy\"><div class=\"fusion-text fusion-text-1\"><h1><span style=\"color: #ffffff;\">Obstsortierung \/ Obstreinigung f\u00fcr Mostobst<\/span><\/h1>\n<p><span style=\"color: #ffffff;\">Mit dem Einsatz unserer Obstsortierwagen \/ Obstreinigungswagen k\u00f6nnen Sie mit minimalem Aufwand gute Fr\u00fcchte von fauligen Fr\u00fcchten schonend trennen und das Gras und Laub absondern.<\/span><\/p>\n<\/div><div class=\"fusion-clearfix\"><\/div><\/div><\/div><div class=\"fusion-layout-column fusion_builder_column fusion-builder-column-1 fusion_builder_column_1_2 1_2 fusion-one-half fusion-column-last\" style=\"--awb-bg-size:cover;width:48%;\"><div class=\"fusion-column-wrapper fusion-flex-column-wrapper-legacy\"><div class=\"fusion-clearfix\"><\/div><\/div><\/div><\/div><\/div><div class=\"fusion-fullwidth fullwidth-box fusion-builder-row-2 nonhundred-percent-fullwidth non-hundred-percent-height-scrolling\" style=\"--awb-background-position:left top;--awb-border-sizes-top:0px;--awb-border-sizes-bottom:0px;--awb-border-sizes-left:0px;--awb-border-sizes-right:0px;--awb-border-radius-top-left:0px;--awb-border-radius-top-right:0px;--awb-border-radius-bottom-right:0px;--awb-border-radius-bottom-left:0px;--awb-padding-top:130px;--awb-padding-bottom:30px;--awb-flex-wrap:wrap;\" ><div class=\"fusion-builder-row fusion-row\"><div class=\"fusion-layout-column fusion_builder_column fusion-builder-column-2 fusion_builder_column_1_1 1_1 fusion-one-full fusion-column-first fusion-column-last\" style=\"--awb-bg-size:cover;\"><div class=\"fusion-column-wrapper fusion-column-has-shadow fusion-flex-column-wrapper-legacy\"><div class=\"fusion-text fusion-text-2\"><h2>Obstsortierung \/ Obstreinigung f\u00fcr Mostobst von Feucht Obsttechnik<\/h2>\n<\/div><div class=\"fusion-text fusion-text-3\"><h3><span class=\"\">F\u00fcr eine perfekte Auslese der Obsternte.<\/span><\/h3>\n<\/div><div class=\"fusion-clearfix\"><\/div><\/div><\/div><div class=\"fusion-layout-column fusion_builder_column fusion-builder-column-3 fusion_builder_column_1_2 1_2 fusion-one-half fusion-column-first\" style=\"--awb-bg-size:cover;width:48%; margin-right: 4%;\"><div class=\"fusion-column-wrapper fusion-flex-column-wrapper-legacy\"><div class=\"fusion-text fusion-text-4\"><p>Unsere Obstsortierwagen \/ Obstreinigungswagen sind geeignet zum Sortieren von \u00c4pfeln, Birnen und sonstigem Fallobst f\u00fcr den Einsatz im Streuobstbau, denn durch effiziente Sortierung der Fr\u00fcchte l\u00e4sst sich der Erfolg bei der Obsternte noch steigern. 1 &#8211; 4 Mitarbeiter k\u00f6nnen die Arbeit am F\u00f6rderband bequem erledigen.<\/p>\n<p>Das Arbeitsprinzip des Obstsortierwagens \/ Obstreinigungswagens ist denkbar einfach: Die aufgesammelten Fr\u00fcchte werden aus einem gro\u00dfen Bunker \u00fcber ein F\u00f6rderband transportiert, wo 1 &#8211; 4 Arbeiter das Obst sortieren k\u00f6nnen. \u00dcber einen Siebrost, welcher Gras und Laub von den Fr\u00fcchten trennt, gelangt das Obst \u00fcber ein weiteres F\u00f6rderband in die jeweiligen Auffangbeh\u00e4lter (Gro\u00dfkisten) oder direkt in den Anh\u00e4nger (bis 2,6 m H\u00f6he).<\/p>\n<p>Wir sind seit mehreren Generationen im Bereich der Obsterntetechnik t\u00e4tig. Die Rationalisierung der Obsternte mit h\u00f6chsten Qualit\u00e4tsanspr\u00fcchen an das geerntete Obst in Bezug auf Sauberkeit und Aufleserate ist das Verkaufsargument unserer Maschinen geworden. Durch die Entwicklung stetig innovativer Produkte in der Obsterntetechnik (Obstsortierwagen \/ Obstreinigungswagen), wobei der Kunde stets Mittelpunkt unserer Aktivit\u00e4ten ist, haben wir uns in Europa zum Marktf\u00fchrer in diesem Bereich entwickelt.<\/p>\n<\/div><div class=\"fusion-clearfix\"><\/div><\/div><\/div><div class=\"fusion-layout-column fusion_builder_column fusion-builder-column-4 fusion_builder_column_1_2 1_2 fusion-one-half fusion-column-last\" style=\"--awb-bg-size:cover;width:48%;\"><div class=\"fusion-column-wrapper fusion-flex-column-wrapper-legacy\"><div class=\"fusion-image-element in-legacy-container\" style=\"--awb-caption-title-font-family:var(--h2_typography-font-family);--awb-caption-title-font-weight:var(--h2_typography-font-weight);--awb-caption-title-font-style:var(--h2_typography-font-style);--awb-caption-title-size:var(--h2_typography-font-size);--awb-caption-title-transform:var(--h2_typography-text-transform);--awb-caption-title-line-height:var(--h2_typography-line-height);--awb-caption-title-letter-spacing:var(--h2_typography-letter-spacing);\"><span class=\" fusion-imageframe imageframe-none imageframe-1 hover-type-zoomin fusion-animated\" data-animationType=\"fadeInDown\" data-animationDuration=\"1.0\" data-animationOffset=\"bottom-in-view\"><a href=\"https:\/\/feucht-obsttechnik.de\/wp-content\/uploads\/obstsortierung-obstreinigungswagen-fc-1.jpg\" class=\"fusion-lightbox\" data-rel=\"iLightbox[obstsortierung-obstreinigung]\" data-title=\"Mit dem Obstsortierwagen FC k\u00f6nnen bis zu 4 Tonnen Obst pro Stunde sortiert werden\" title=\"Mit dem Obstsortierwagen FC k\u00f6nnen bis zu 4 Tonnen Obst pro Stunde sortiert werden\"><img decoding=\"async\" width=\"1600\" height=\"1200\" src=\"https:\/\/feucht-obsttechnik.de\/wp-content\/uploads\/obstsortierung-obstreinigungswagen-fc-1.jpg\" alt class=\"img-responsive wp-image-6301\" srcset=\"https:\/\/feucht-obsttechnik.de\/wp-content\/uploads\/obstsortierung-obstreinigungswagen-fc-1-200x150.jpg 200w, https:\/\/feucht-obsttechnik.de\/wp-content\/uploads\/obstsortierung-obstreinigungswagen-fc-1-400x300.jpg 400w, https:\/\/feucht-obsttechnik.de\/wp-content\/uploads\/obstsortierung-obstreinigungswagen-fc-1-600x450.jpg 600w, https:\/\/feucht-obsttechnik.de\/wp-content\/uploads\/obstsortierung-obstreinigungswagen-fc-1-800x600.jpg 800w, https:\/\/feucht-obsttechnik.de\/wp-content\/uploads\/obstsortierung-obstreinigungswagen-fc-1-1200x900.jpg 1200w, https:\/\/feucht-obsttechnik.de\/wp-content\/uploads\/obstsortierung-obstreinigungswagen-fc-1.jpg 1600w\" sizes=\"(max-width: 835px) 100vw, 600px\" \/><\/a><\/span><\/div><div class=\"fusion-sep-clear\"><\/div><div class=\"fusion-separator fusion-full-width-sep\" style=\"margin-left: auto;margin-right: auto;margin-bottom:30px;width:100%;\"><\/div><div class=\"fusion-sep-clear\"><\/div><div class=\"fusion-image-element in-legacy-container\" style=\"--awb-caption-title-font-family:var(--h2_typography-font-family);--awb-caption-title-font-weight:var(--h2_typography-font-weight);--awb-caption-title-font-style:var(--h2_typography-font-style);--awb-caption-title-size:var(--h2_typography-font-size);--awb-caption-title-transform:var(--h2_typography-text-transform);--awb-caption-title-line-height:var(--h2_typography-line-height);--awb-caption-title-letter-spacing:var(--h2_typography-letter-spacing);\"><span class=\" fusion-imageframe imageframe-none imageframe-2 hover-type-zoomin fusion-animated\" data-animationType=\"fadeInDown\" data-animationDuration=\"1.0\" data-animationOffset=\"bottom-in-view\"><a href=\"https:\/\/feucht-obsttechnik.de\/wp-content\/uploads\/obstsortierung-obstreinigungswagen-fck-1.jpg\" class=\"fusion-lightbox\" data-rel=\"iLightbox[obstsortierung-obstreinigung]\" data-title=\"Mit dem wirtschaftlichen Obstsortierwagen FCK bis zu 2 Tonnen Obst pro Stunde separieren\" title=\"Mit dem wirtschaftlichen Obstsortierwagen FCK bis zu 2 Tonnen Obst pro Stunde separieren\"><img decoding=\"async\" width=\"1600\" height=\"1200\" src=\"https:\/\/feucht-obsttechnik.de\/wp-content\/uploads\/obstsortierung-obstreinigungswagen-fck-1.jpg\" alt class=\"img-responsive wp-image-6322\" srcset=\"https:\/\/feucht-obsttechnik.de\/wp-content\/uploads\/obstsortierung-obstreinigungswagen-fck-1-200x150.jpg 200w, https:\/\/feucht-obsttechnik.de\/wp-content\/uploads\/obstsortierung-obstreinigungswagen-fck-1-400x300.jpg 400w, https:\/\/feucht-obsttechnik.de\/wp-content\/uploads\/obstsortierung-obstreinigungswagen-fck-1-600x450.jpg 600w, https:\/\/feucht-obsttechnik.de\/wp-content\/uploads\/obstsortierung-obstreinigungswagen-fck-1-800x600.jpg 800w, https:\/\/feucht-obsttechnik.de\/wp-content\/uploads\/obstsortierung-obstreinigungswagen-fck-1-1200x900.jpg 1200w, https:\/\/feucht-obsttechnik.de\/wp-content\/uploads\/obstsortierung-obstreinigungswagen-fck-1.jpg 1600w\" sizes=\"(max-width: 835px) 100vw, 600px\" \/><\/a><\/span><\/div><div class=\"fusion-clearfix\"><\/div><\/div><\/div><\/div><\/div><div class=\"fusion-fullwidth fullwidth-box fusion-builder-row-3 nonhundred-percent-fullwidth non-hundred-percent-height-scrolling\" style=\"--awb-background-position:left top;--awb-border-sizes-top:0px;--awb-border-sizes-bottom:0px;--awb-border-sizes-left:0px;--awb-border-sizes-right:0px;--awb-border-radius-top-left:0px;--awb-border-radius-top-right:0px;--awb-border-radius-bottom-right:0px;--awb-border-radius-bottom-left:0px;--awb-padding-top:1px;--awb-padding-bottom:0px;--awb-background-color:#cc0000;--awb-flex-wrap:wrap;\" ><div class=\"fusion-builder-row fusion-row\"><div class=\"fusion-layout-column fusion_builder_column fusion-builder-column-5 fusion_builder_column_1_1 1_1 fusion-one-full fusion-column-first fusion-column-last\" style=\"--awb-padding-top:50px;--awb-padding-bottom:50px;--awb-padding-left:0px;--awb-bg-size:cover;--awb-margin-bottom:0px;\"><div class=\"fusion-column-wrapper fusion-column-has-shadow fusion-flex-column-wrapper-legacy\"><div class=\"fusion-column-content-centered\"><div class=\"fusion-column-content\"><div class=\"fusion-text fusion-text-5\"><h2 style=\"text-align: center; margin-bottom: 0px;\"><span style=\"color: #ffffff;\">Obstsortierung \/ Obstreinigung von Feucht Obsttechnik<\/span><\/h2>\n<\/div><\/div><\/div><div class=\"fusion-clearfix\"><\/div><\/div><\/div><\/div><\/div><div class=\"fusion-fullwidth fullwidth-box fusion-builder-row-4 nonhundred-percent-fullwidth non-hundred-percent-height-scrolling\" style=\"--awb-border-radius-top-left:0px;--awb-border-radius-top-right:0px;--awb-border-radius-bottom-right:0px;--awb-border-radius-bottom-left:0px;--awb-padding-top:100px;--awb-padding-bottom:50px;--awb-background-color:#f2f2f2;--awb-flex-wrap:wrap;\" ><div class=\"fusion-builder-row fusion-row\"><div class=\"fusion-layout-column fusion_builder_column fusion-builder-column-6 fusion_builder_column_1_1 1_1 fusion-one-full fusion-column-first fusion-column-last\" style=\"--awb-bg-color:#ffffff;--awb-bg-color-hover:#ffffff;--awb-bg-size:cover;\"><div class=\"fusion-column-wrapper fusion-flex-column-wrapper-legacy\"><div class=\"fusion-text fusion-text-6\"><div style=\"padding: 25px;\">\n<h2>Unsere Ger\u00e4te zur Obstsortierung \/ Obstreinigung:<\/h2>\n<\/div>\n<\/div>\n<div class=\"table-2\">\n<table width=\"100%\">\n<tbody>\n<tr>\n<td align=\"left\"><strong>FCK<\/strong><br \/>\n<span class=\"table_description\">Obstreinigungswagen\u00a0\/ Obstsortierwagen<\/span><\/td>\n<td align=\"left\">Der Obstreinigungswagen FCK ist der kleinste unserer Obstsortierwagen. Mit einem Bunkervolumen von 620 l k\u00f6nnen mit dem Sortierwagen bis zu 2 Tonnen in der Stunde verlesen werden. Durch seine kompakten Ma\u00dfe und Gewicht kann er ohne separaten Antrieb betrieben werden. Der Obstreinigungswagen FCK ist mit einer Anh\u00e4ngervorrichtung f\u00fcr die OB 70 R, OB 80 R oder OB 100 A erh\u00e4ltlich. Der Sortierwagen ist die g\u00fcnstigste und wirtschaftlichste Version unserer Obstreinigungswagen.<\/td>\n<\/tr>\n<tr>\n<td align=\"left\"><strong>FCS<\/strong><br \/>\n<span class=\"table_description\">Obstreinigungswagen\u00a0\/ Obstsortierwagen <\/span><\/td>\n<td align=\"left\">Mit dem Obstsortierwagen FCS k\u00f6nnen bei einer Bunkerkapazit\u00e4t von 620 l bis zu 3 Tonnen Obst in der Stunde aufgelesen werden. Der leistungsstarke Sortierwagen wird dabei \u00fcber die Traktorhydraulik angetrieben. Die Geschwindigkeit des F\u00f6rderbands kann zus\u00e4tzlich \u00fcber ein Mengenregulierventil angepasst werden.<\/td>\n<\/tr>\n<tr>\n<td align=\"left\"><strong>FC<\/strong><br \/>\n<span class=\"table_description\">Obstreinigungswagen\u00a0\/ Obstsortierwagen <\/span><\/td>\n<td align=\"left\">Der Obstsortierwagen FC ist ideal f\u00fcr professionelle Plantagenbesitzer oder Obstbauern mit gro\u00dfen Anlagen. Der Obstreinigungswagen ist mit einem F\u00f6rderband und einem gro\u00dfen Bunker ausgestattet. Zus\u00e4tzlich kann der Wagen mit Hilfe eines hydraulischen St\u00fctzfu\u00dfes ausgerichtet werden. Mittels eines Siebrosts k\u00f6nnen Gras und Laub von den Fr\u00fcchten getrennt werden. Dazu kann fauliges Obst sehr einfach in 2 speziell vorgesehene K\u00f6rbe von den hochwertigen Fr\u00fcchten getrennt abgetrennt werden.<\/td>\n<\/tr>\n<\/tbody>\n<\/table>\n<\/div>\n<div class=\"fusion-clearfix\"><\/div><\/div><\/div><div class=\"fusion-layout-column fusion_builder_column fusion-builder-column-7 fusion_builder_column_1_1 1_1 fusion-one-full fusion-column-first fusion-column-last\" style=\"--awb-bg-size:cover;--awb-margin-bottom:0px;\"><div class=\"fusion-column-wrapper fusion-column-has-shadow fusion-flex-column-wrapper-legacy\"><div class=\"fusion-column-content-centered\"><div class=\"fusion-column-content\"><div class=\"fusion-button-wrapper\"><a class=\"fusion-button button-flat fusion-button-default-size button-custom fusion-button-default button-1 fusion-button-default-span fusion-button-default-type\" style=\"--button_accent_color:#ffffff;--button_border_color:#ffffff;--button_accent_hover_color:#ffffff;--button_border_hover_color:#ffffff;--button_gradient_top_color:#cc0000;--button_gradient_bottom_color:#cc0000;--button_gradient_top_color_hover:#ef0000;--button_gradient_bottom_color_hover:#ef0000;\" target=\"_self\" title=\"Mehr \u00fcber Obstsortierung \/ Obstreinigung\" aria-label=\"Mehr \u00fcber Obstsortierung \/ Obstreinigung\" href=\"https:\/\/feucht-obsttechnik.de\/de\/obstsortierung\/\"><span class=\"fusion-button-text awb-button__text awb-button__text--default\">Erfahren Sie mehr \u00fcber Obstsortierung \/ Obstreinigung<\/span><\/a><\/div><\/div><\/div><div class=\"fusion-clearfix\"><\/div><\/div><\/div><\/div><\/div><div class=\"fusion-fullwidth fullwidth-box fusion-builder-row-5 nonhundred-percent-fullwidth non-hundred-percent-height-scrolling fusion-equal-height-columns fusion-no-small-visibility schlagwoerter\" style=\"--awb-background-position:center top;--awb-border-sizes-top:0px;--awb-border-sizes-bottom:0px;--awb-border-sizes-left:0px;--awb-border-sizes-right:0px;--awb-border-radius-top-left:0px;--awb-border-radius-top-right:0px;--awb-border-radius-bottom-right:0px;--awb-border-radius-bottom-left:0px;--awb-padding-top:0px;--awb-padding-right:15%;--awb-padding-bottom:0px;--awb-padding-left:15%;--awb-background-color:#a0ce4e;--awb-flex-wrap:wrap;\" ><div class=\"fusion-builder-row fusion-row\"><div class=\"fusion-layout-column fusion_builder_column fusion-builder-column-8 fusion_builder_column_1_5 1_5 fusion-one-fifth fusion-column-first\" style=\"--awb-padding-top:10px;--awb-padding-bottom:10px;--awb-bg-size:cover;--awb-margin-top:10px;--awb-margin-bottom:0px;width:20%;width:calc(20% - ( ( 4% ) * 0.2 ) );margin-right: 4%;\"><div class=\"fusion-column-wrapper fusion-column-has-shadow fusion-flex-column-wrapper-legacy\"><div class=\"fusion-column-content-centered\"><div class=\"fusion-column-content\"><div class=\"fusion-title title fusion-title-1 fusion-sep-none fusion-title-text fusion-title-size-two\" style=\"--awb-text-color:#ffffff;--awb-margin-bottom:0px;--awb-margin-right-small:0px;--awb-margin-bottom-small:0px;--awb-margin-left-small:0px;\"><h2 class=\"fusion-title-heading title-heading-left fusion-responsive-typography-calculated\" style=\"margin:0;--fontSize:26;--minFontSize:26;line-height:1.25;\">Schlag\u00adw\u00f6rter:<\/h2><\/div><\/div><\/div><div class=\"fusion-clearfix\"><\/div><\/div><\/div><div class=\"fusion-layout-column fusion_builder_column fusion-builder-column-9 fusion_builder_column_4_5 4_5 fusion-four-fifth fusion-column-last fusion-column-no-min-height\" style=\"--awb-padding-top:10px;--awb-padding-bottom:10px;--awb-bg-size:cover;--awb-margin-top:20px;--awb-margin-bottom:0px;width:80%;width:calc(80% - ( ( 4% ) * 0.8 ) );\"><div class=\"fusion-column-wrapper fusion-column-has-shadow fusion-flex-column-wrapper-legacy\"><div class=\"fusion-text fusion-text-7\"><p><span style=\"color: #ffffff;\"><a href=\"https:\/\/feucht-obsttechnik.de\/de\/obstsortierung\/\">Obstsortierung<\/a>, <a href=\"https:\/\/feucht-obsttechnik.de\/de\/obstsortierung\/\">Obstreinigungswagen<\/a><\/span><\/p>\n<\/div><div class=\"fusion-clearfix\"><\/div><\/div><\/div><\/div><\/div><\/p>\n","protected":false},"excerpt":{"rendered":"","protected":false},"author":4,"featured_media":0,"parent":0,"menu_order":0,"comment_status":"closed","ping_status":"closed","template":"100-width.php","meta":{"footnotes":"","_wp_rev_ctl_limit":""},"class_list":["post-4220","page","type-page","status-publish","hentry"],"yoast_head":"<!-- This site is optimized with the Yoast SEO plugin v27.2 - https:\/\/yoast.com\/product\/yoast-seo-wordpress\/ -->\n<title>Obstsortierung \/ Obstreinigung - Feucht Obsttechnik<\/title>\n<meta name=\"description\" content=\"Mit unseren Obstsortierwagen \/ Obstreinigungswagen f\u00fcr Mostobst k\u00f6nnen Sie mit minimalem Aufwand gute Fr\u00fcchte von fauligen Fr\u00fcchten schonend trennen.\" \/>\n<meta name=\"robots\" content=\"index, follow, max-snippet:-1, max-image-preview:large, max-video-preview:-1\" \/>\n<link rel=\"canonical\" href=\"https:\/\/feucht-obsttechnik.de\/de\/obstsortierung-obstreinigung\/\" \/>\n<meta property=\"og:locale\" content=\"de_DE\" \/>\n<meta property=\"og:type\" content=\"article\" \/>\n<meta property=\"og:title\" content=\"Obstsortierung \/ Obstreinigung - Feucht Obsttechnik\" \/>\n<meta property=\"og:description\" content=\"Mit unseren Obstsortierwagen \/ Obstreinigungswagen f\u00fcr Mostobst k\u00f6nnen Sie mit minimalem Aufwand gute Fr\u00fcchte von fauligen Fr\u00fcchten schonend trennen.\" \/>\n<meta property=\"og:url\" content=\"https:\/\/feucht-obsttechnik.de\/de\/obstsortierung-obstreinigung\/\" \/>\n<meta property=\"og:site_name\" content=\"Feucht Obsttechnik\" \/>\n<meta property=\"article:modified_time\" content=\"2021-03-19T17:28:06+00:00\" \/>\n<meta name=\"twitter:card\" content=\"summary_large_image\" \/>\n<meta name=\"twitter:label1\" content=\"Gesch\u00e4tzte Lesezeit\" \/>\n\t<meta name=\"twitter:data1\" content=\"13\u00a0Minuten\" \/>\n<script type=\"application\/ld+json\" class=\"yoast-schema-graph\">{\"@context\":\"https:\/\/schema.org\",\"@graph\":[{\"@type\":\"WebPage\",\"@id\":\"https:\/\/feucht-obsttechnik.de\/de\/obstsortierung-obstreinigung\/\",\"url\":\"https:\/\/feucht-obsttechnik.de\/de\/obstsortierung-obstreinigung\/\",\"name\":\"Obstsortierung \/ Obstreinigung - Feucht Obsttechnik\",\"isPartOf\":{\"@id\":\"https:\/\/feucht-obsttechnik.de\/de\/#website\"},\"datePublished\":\"2020-01-20T12:02:17+00:00\",\"dateModified\":\"2021-03-19T17:28:06+00:00\",\"description\":\"Mit unseren Obstsortierwagen \/ Obstreinigungswagen f\u00fcr Mostobst k\u00f6nnen Sie mit minimalem Aufwand gute Fr\u00fcchte von fauligen Fr\u00fcchten schonend trennen.\",\"breadcrumb\":{\"@id\":\"https:\/\/feucht-obsttechnik.de\/de\/obstsortierung-obstreinigung\/#breadcrumb\"},\"inLanguage\":\"de\",\"potentialAction\":[{\"@type\":\"ReadAction\",\"target\":[\"https:\/\/feucht-obsttechnik.de\/de\/obstsortierung-obstreinigung\/\"]}]},{\"@type\":\"BreadcrumbList\",\"@id\":\"https:\/\/feucht-obsttechnik.de\/de\/obstsortierung-obstreinigung\/#breadcrumb\",\"itemListElement\":[{\"@type\":\"ListItem\",\"position\":1,\"name\":\"Startseite\",\"item\":\"https:\/\/feucht-obsttechnik.de\/de\/\"},{\"@type\":\"ListItem\",\"position\":2,\"name\":\"LP Obstsortierung \/ Obstreinigung\"}]},{\"@type\":\"WebSite\",\"@id\":\"https:\/\/feucht-obsttechnik.de\/de\/#website\",\"url\":\"https:\/\/feucht-obsttechnik.de\/de\/\",\"name\":\"Feucht Obsttechnik\",\"description\":\"\",\"publisher\":{\"@id\":\"https:\/\/feucht-obsttechnik.de\/de\/#organization\"},\"potentialAction\":[{\"@type\":\"SearchAction\",\"target\":{\"@type\":\"EntryPoint\",\"urlTemplate\":\"https:\/\/feucht-obsttechnik.de\/de\/?s={search_term_string}\"},\"query-input\":{\"@type\":\"PropertyValueSpecification\",\"valueRequired\":true,\"valueName\":\"search_term_string\"}}],\"inLanguage\":\"de\"},{\"@type\":\"Organization\",\"@id\":\"https:\/\/feucht-obsttechnik.de\/de\/#organization\",\"name\":\"Feucht Obsttechnik GmbH\",\"url\":\"https:\/\/feucht-obsttechnik.de\/de\/\",\"logo\":{\"@type\":\"ImageObject\",\"inLanguage\":\"de\",\"@id\":\"https:\/\/feucht-obsttechnik.de\/de\/#\/schema\/logo\/image\/\",\"url\":\"https:\/\/feucht-obsttechnik.de\/wp-content\/uploads\/logo-feucht@2x-1.png\",\"contentUrl\":\"https:\/\/feucht-obsttechnik.de\/wp-content\/uploads\/logo-feucht@2x-1.png\",\"width\":640,\"height\":123,\"caption\":\"Feucht Obsttechnik GmbH\"},\"image\":{\"@id\":\"https:\/\/feucht-obsttechnik.de\/de\/#\/schema\/logo\/image\/\"}}]}<\/script>\n<!-- \/ Yoast SEO plugin. -->","yoast_head_json":{"title":"Obstsortierung \/ Obstreinigung - Feucht Obsttechnik","description":"Mit unseren Obstsortierwagen \/ Obstreinigungswagen f\u00fcr Mostobst k\u00f6nnen Sie mit minimalem Aufwand gute Fr\u00fcchte von fauligen Fr\u00fcchten schonend trennen.","robots":{"index":"index","follow":"follow","max-snippet":"max-snippet:-1","max-image-preview":"max-image-preview:large","max-video-preview":"max-video-preview:-1"},"canonical":"https:\/\/feucht-obsttechnik.de\/de\/obstsortierung-obstreinigung\/","og_locale":"de_DE","og_type":"article","og_title":"Obstsortierung \/ Obstreinigung - Feucht Obsttechnik","og_description":"Mit unseren Obstsortierwagen \/ Obstreinigungswagen f\u00fcr Mostobst k\u00f6nnen Sie mit minimalem Aufwand gute Fr\u00fcchte von fauligen Fr\u00fcchten schonend trennen.","og_url":"https:\/\/feucht-obsttechnik.de\/de\/obstsortierung-obstreinigung\/","og_site_name":"Feucht Obsttechnik","article_modified_time":"2021-03-19T17:28:06+00:00","twitter_card":"summary_large_image","twitter_misc":{"Gesch\u00e4tzte Lesezeit":"13\u00a0Minuten"},"schema":{"@context":"https:\/\/schema.org","@graph":[{"@type":"WebPage","@id":"https:\/\/feucht-obsttechnik.de\/de\/obstsortierung-obstreinigung\/","url":"https:\/\/feucht-obsttechnik.de\/de\/obstsortierung-obstreinigung\/","name":"Obstsortierung \/ Obstreinigung - Feucht Obsttechnik","isPartOf":{"@id":"https:\/\/feucht-obsttechnik.de\/de\/#website"},"datePublished":"2020-01-20T12:02:17+00:00","dateModified":"2021-03-19T17:28:06+00:00","description":"Mit unseren Obstsortierwagen \/ Obstreinigungswagen f\u00fcr Mostobst k\u00f6nnen Sie mit minimalem Aufwand gute Fr\u00fcchte von fauligen Fr\u00fcchten schonend trennen.","breadcrumb":{"@id":"https:\/\/feucht-obsttechnik.de\/de\/obstsortierung-obstreinigung\/#breadcrumb"},"inLanguage":"de","potentialAction":[{"@type":"ReadAction","target":["https:\/\/feucht-obsttechnik.de\/de\/obstsortierung-obstreinigung\/"]}]},{"@type":"BreadcrumbList","@id":"https:\/\/feucht-obsttechnik.de\/de\/obstsortierung-obstreinigung\/#breadcrumb","itemListElement":[{"@type":"ListItem","position":1,"name":"Startseite","item":"https:\/\/feucht-obsttechnik.de\/de\/"},{"@type":"ListItem","position":2,"name":"LP Obstsortierung \/ Obstreinigung"}]},{"@type":"WebSite","@id":"https:\/\/feucht-obsttechnik.de\/de\/#website","url":"https:\/\/feucht-obsttechnik.de\/de\/","name":"Feucht Obsttechnik","description":"","publisher":{"@id":"https:\/\/feucht-obsttechnik.de\/de\/#organization"},"potentialAction":[{"@type":"SearchAction","target":{"@type":"EntryPoint","urlTemplate":"https:\/\/feucht-obsttechnik.de\/de\/?s={search_term_string}"},"query-input":{"@type":"PropertyValueSpecification","valueRequired":true,"valueName":"search_term_string"}}],"inLanguage":"de"},{"@type":"Organization","@id":"https:\/\/feucht-obsttechnik.de\/de\/#organization","name":"Feucht Obsttechnik GmbH","url":"https:\/\/feucht-obsttechnik.de\/de\/","logo":{"@type":"ImageObject","inLanguage":"de","@id":"https:\/\/feucht-obsttechnik.de\/de\/#\/schema\/logo\/image\/","url":"https:\/\/feucht-obsttechnik.de\/wp-content\/uploads\/logo-feucht@2x-1.png","contentUrl":"https:\/\/feucht-obsttechnik.de\/wp-content\/uploads\/logo-feucht@2x-1.png","width":640,"height":123,"caption":"Feucht Obsttechnik GmbH"},"image":{"@id":"https:\/\/feucht-obsttechnik.de\/de\/#\/schema\/logo\/image\/"}}]}},"_links":{"self":[{"href":"https:\/\/feucht-obsttechnik.de\/de\/wp-json\/wp\/v2\/pages\/4220","targetHints":{"allow":["GET"]}}],"collection":[{"href":"https:\/\/feucht-obsttechnik.de\/de\/wp-json\/wp\/v2\/pages"}],"about":[{"href":"https:\/\/feucht-obsttechnik.de\/de\/wp-json\/wp\/v2\/types\/page"}],"author":[{"embeddable":true,"href":"https:\/\/feucht-obsttechnik.de\/de\/wp-json\/wp\/v2\/users\/4"}],"replies":[{"embeddable":true,"href":"https:\/\/feucht-obsttechnik.de\/de\/wp-json\/wp\/v2\/comments?post=4220"}],"version-history":[{"count":0,"href":"https:\/\/feucht-obsttechnik.de\/de\/wp-json\/wp\/v2\/pages\/4220\/revisions"}],"wp:attachment":[{"href":"https:\/\/feucht-obsttechnik.de\/de\/wp-json\/wp\/v2\/media?parent=4220"}],"curies":[{"name":"wp","href":"https:\/\/api.w.org\/{rel}","templated":true}]}}