{"id":4209,"date":"2020-01-20T11:36:36","date_gmt":"2020-01-20T10:36:36","guid":{"rendered":"http:\/\/neu2020.feucht-obsttechnik.de\/?page_id=4209"},"modified":"2021-03-19T18:27:27","modified_gmt":"2021-03-19T17:27:27","slug":"hochgrasmaehtechnik","status":"publish","type":"page","link":"https:\/\/feucht-obsttechnik.de\/de\/hochgrasmaehtechnik\/","title":{"rendered":"LP Hochgrasm\u00e4htechnik"},"content":{"rendered":"<p><div class=\"fusion-bg-parallax\" data-bg-align=\"center center\" data-direction=\"up\" data-mute=\"false\" data-opacity=\"100\" data-velocity=\"-0.3\" data-mobile-enabled=\"false\" data-break_parents=\"0\" data-bg-image=\"https:\/\/feucht-obsttechnik.de\/wp-content\/uploads\/bg-header-hochgrasm\u00e4htechnik-1.jpg\" data-bg-repeat=\"false\" ><\/div><div class=\"fusion-fullwidth fullwidth-box fusion-builder-row-1 fusion-parallax-up nonhundred-percent-fullwidth non-hundred-percent-height-scrolling\" style=\"--awb-border-sizes-top:0px;--awb-border-sizes-bottom:0px;--awb-border-sizes-left:0px;--awb-border-sizes-right:0px;--awb-border-radius-top-left:0px;--awb-border-radius-top-right:0px;--awb-border-radius-bottom-right:0px;--awb-border-radius-bottom-left:0px;--awb-padding-top:130px;--awb-padding-bottom:120px;--awb-background-image:url(&quot;https:\/\/feucht-obsttechnik.de\/wp-content\/uploads\/bg-header-hochgrasm\u00e4htechnik-1.jpg&quot;);--awb-background-size:cover;--awb-flex-wrap:wrap;\" ><div class=\"fusion-builder-row fusion-row\"><div class=\"fusion-layout-column fusion_builder_column fusion-builder-column-0 fusion_builder_column_1_2 1_2 fusion-one-half fusion-column-first\" style=\"--awb-bg-size:cover;width:48%; margin-right: 4%;\"><div class=\"fusion-column-wrapper fusion-flex-column-wrapper-legacy\"><div class=\"fusion-text fusion-text-1\"><h1><span style=\"color: #ffffff;\">Hochgrasm\u00e4htechnik<\/span><\/h1>\n<p><span style=\"color: #ffffff;\">Unsere Hochgrasm\u00e4htechnik erm\u00f6glicht das M\u00e4hen von Grasbest\u00e4nden \u00fcber 100 cm H\u00f6he und Sie erhalten eine optimale Zerkleinerung und Verteilung des M\u00e4hgutes.<\/span><\/p>\n<\/div><div class=\"fusion-clearfix\"><\/div><\/div><\/div><div class=\"fusion-layout-column fusion_builder_column fusion-builder-column-1 fusion_builder_column_1_2 1_2 fusion-one-half fusion-column-last\" style=\"--awb-bg-size:cover;width:48%;\"><div class=\"fusion-column-wrapper fusion-flex-column-wrapper-legacy\"><div class=\"fusion-clearfix\"><\/div><\/div><\/div><\/div><\/div><div class=\"fusion-fullwidth fullwidth-box fusion-builder-row-2 nonhundred-percent-fullwidth non-hundred-percent-height-scrolling\" style=\"--awb-background-position:left top;--awb-border-sizes-top:0px;--awb-border-sizes-bottom:0px;--awb-border-sizes-left:0px;--awb-border-sizes-right:0px;--awb-border-radius-top-left:0px;--awb-border-radius-top-right:0px;--awb-border-radius-bottom-right:0px;--awb-border-radius-bottom-left:0px;--awb-padding-top:130px;--awb-padding-bottom:30px;--awb-flex-wrap:wrap;\" ><div class=\"fusion-builder-row fusion-row\"><div class=\"fusion-layout-column fusion_builder_column fusion-builder-column-2 fusion_builder_column_1_1 1_1 fusion-one-full fusion-column-first fusion-column-last\" style=\"--awb-bg-size:cover;\"><div class=\"fusion-column-wrapper fusion-column-has-shadow fusion-flex-column-wrapper-legacy\"><div class=\"fusion-text fusion-text-2\"><h2>Hochgrasm\u00e4htechnik von Feucht Obsttechnik<\/h2>\n<\/div><div class=\"fusion-text fusion-text-3\"><h3><span class=\"\">Unsere Hochgrasm\u00e4hwerke zeichnen sich durch einen geringen Kraftbedarf, hohe M\u00e4hgeschwindigkeit, bestes Schnittbild und eine sehr gute Verteilung des Schnittgutes aus.<\/span><\/h3>\n<\/div><div class=\"fusion-clearfix\"><\/div><\/div><\/div><div class=\"fusion-layout-column fusion_builder_column fusion-builder-column-3 fusion_builder_column_1_2 1_2 fusion-one-half fusion-column-first\" style=\"--awb-bg-size:cover;width:48%; margin-right: 4%;\"><div class=\"fusion-column-wrapper fusion-flex-column-wrapper-legacy\"><div class=\"fusion-text fusion-text-4\"><p>Profitieren Sie von den Vorteilen unserer Hochgrasm\u00e4htechnik mit John Deere: Das Ausm\u00e4hen (Hochgrasm\u00e4hen mit John Deere) von B\u00e4umen ist links oder rechtseitig m\u00f6glich wegen Heckauswurf und es besteht keine Steinschlagproblematik, da der Auswurf nach hinten geht. Die M\u00e4hqualit\u00e4t und der Schnitt mit unserer Hochgrasm\u00e4htechnik f\u00fcr John Deere ist sehr sauber bei kurzem sowie langem Gras und das M\u00e4hdeck kann nicht verstopfen, da es unempfindlich gegen Regen oder Feuchtigkeit ist. Mit unserer Hochgrasm\u00e4htechnik sind au\u00dferdem extrem schnelle M\u00e4hgeschwindigkeiten m\u00f6glich (bis zu 7 &#8211; 8 km beim X300 &#8211; 540 und 10 &#8211; 12 km beim X700) und die Mulchgutl\u00e4nge betr\u00e4gt zwischen 3\u00a0&#8211; 5\u00a0cm. Das Hochgrasm\u00e4hen mit John Deere ist z.B. in Obstg\u00e4rten, Blumenwiesen, extensiv genutzte Gr\u00fcnfl\u00e4chen, Christbaumkulturen, Weing\u00e4rten oder Rasenfl\u00e4chen m\u00f6glich.<\/p>\n<p>Unsere Hochgrasm\u00e4htechnik erm\u00f6glicht durch die speziell entwickelten \u201eDoppelmulchmesser\u201c des Feucht-Hochgrasm\u00e4hwerks das Mulchen (Hochgrasm\u00e4hen mit John Deere) extrem hoher Grasbest\u00e4nde. Die optimale Zerkleinerung und Verteilung beschleunigt die Verrottung des M\u00e4hgutes.<\/p>\n<p>Wir sind seit mehreren Generationen im Bereich der Herstellung von Obsterntetechnik t\u00e4tig. Die Rationalisierung der Obsternte mit h\u00f6chsten Qualit\u00e4tsanspr\u00fcchen an das geerntete Obst in Bezug auf Sauberkeit und Aufleserate ist das Verkaufsargument unserer Ger\u00e4te zur Obsternte geworden. Durch die Entwicklung stetig innovativer Produkte haben wir uns in Europa zum Marktf\u00fchrer in der Obsterntetechnik entwickelt.<\/p>\n<\/div><div class=\"fusion-clearfix\"><\/div><\/div><\/div><div class=\"fusion-layout-column fusion_builder_column fusion-builder-column-4 fusion_builder_column_1_2 1_2 fusion-one-half fusion-column-last\" style=\"--awb-bg-size:cover;width:48%;\"><div class=\"fusion-column-wrapper fusion-flex-column-wrapper-legacy\"><div class=\"fusion-image-element in-legacy-container\" style=\"--awb-caption-title-font-family:var(--h2_typography-font-family);--awb-caption-title-font-weight:var(--h2_typography-font-weight);--awb-caption-title-font-style:var(--h2_typography-font-style);--awb-caption-title-size:var(--h2_typography-font-size);--awb-caption-title-transform:var(--h2_typography-text-transform);--awb-caption-title-line-height:var(--h2_typography-line-height);--awb-caption-title-letter-spacing:var(--h2_typography-letter-spacing);\"><span class=\" fusion-imageframe imageframe-none imageframe-1 hover-type-zoomin fusion-animated\" data-animationType=\"fadeInDown\" data-animationDuration=\"1.0\" data-animationOffset=\"bottom-in-view\"><a href=\"https:\/\/feucht-obsttechnik.de\/wp-content\/uploads\/hochgrasm\u00e4htechnik-frontm\u00e4hwerk-1.jpg\" class=\"fusion-lightbox\" data-rel=\"iLightbox[hochgrasm\u00e4htechnik]\" data-title=\"Hochgrasm\u00e4htechnik Frontanbau &#8211; Frontm\u00e4hwerk\" title=\"Hochgrasm\u00e4htechnik Frontanbau &#8211; Frontm\u00e4hwerk\"><img decoding=\"async\" width=\"1600\" height=\"1200\" src=\"https:\/\/feucht-obsttechnik.de\/wp-content\/uploads\/hochgrasm\u00e4htechnik-frontm\u00e4hwerk-1.jpg\" alt class=\"img-responsive wp-image-6164\" srcset=\"https:\/\/feucht-obsttechnik.de\/wp-content\/uploads\/hochgrasm\u00e4htechnik-frontm\u00e4hwerk-1-200x150.jpg 200w, https:\/\/feucht-obsttechnik.de\/wp-content\/uploads\/hochgrasm\u00e4htechnik-frontm\u00e4hwerk-1-400x300.jpg 400w, https:\/\/feucht-obsttechnik.de\/wp-content\/uploads\/hochgrasm\u00e4htechnik-frontm\u00e4hwerk-1-600x450.jpg 600w, https:\/\/feucht-obsttechnik.de\/wp-content\/uploads\/hochgrasm\u00e4htechnik-frontm\u00e4hwerk-1-800x600.jpg 800w, https:\/\/feucht-obsttechnik.de\/wp-content\/uploads\/hochgrasm\u00e4htechnik-frontm\u00e4hwerk-1-1200x900.jpg 1200w, https:\/\/feucht-obsttechnik.de\/wp-content\/uploads\/hochgrasm\u00e4htechnik-frontm\u00e4hwerk-1.jpg 1600w\" sizes=\"(max-width: 835px) 100vw, 600px\" \/><\/a><\/span><\/div><div class=\"fusion-sep-clear\"><\/div><div class=\"fusion-separator fusion-full-width-sep\" style=\"margin-left: auto;margin-right: auto;margin-bottom:30px;width:100%;\"><\/div><div class=\"fusion-sep-clear\"><\/div><div class=\"fusion-image-element in-legacy-container\" style=\"--awb-caption-title-font-family:var(--h2_typography-font-family);--awb-caption-title-font-weight:var(--h2_typography-font-weight);--awb-caption-title-font-style:var(--h2_typography-font-style);--awb-caption-title-size:var(--h2_typography-font-size);--awb-caption-title-transform:var(--h2_typography-text-transform);--awb-caption-title-line-height:var(--h2_typography-line-height);--awb-caption-title-letter-spacing:var(--h2_typography-letter-spacing);\"><span class=\" fusion-imageframe imageframe-none imageframe-2 hover-type-zoomin fusion-animated\" data-animationType=\"fadeInDown\" data-animationDuration=\"1.0\" data-animationOffset=\"bottom-in-view\"><a href=\"https:\/\/feucht-obsttechnik.de\/wp-content\/uploads\/hochgrasm\u00e4htechnik-john-deere-1.jpg\" class=\"fusion-lightbox\" data-rel=\"iLightbox[hochgrasm\u00e4htechnik]\" data-title=\"Hochgrasm\u00e4htechnik John Deere\" title=\"Hochgrasm\u00e4htechnik John Deere\"><img decoding=\"async\" width=\"1600\" height=\"1200\" src=\"https:\/\/feucht-obsttechnik.de\/wp-content\/uploads\/hochgrasm\u00e4htechnik-john-deere-1.jpg\" alt class=\"img-responsive wp-image-6107\" srcset=\"https:\/\/feucht-obsttechnik.de\/wp-content\/uploads\/hochgrasm\u00e4htechnik-john-deere-1-200x150.jpg 200w, https:\/\/feucht-obsttechnik.de\/wp-content\/uploads\/hochgrasm\u00e4htechnik-john-deere-1-400x300.jpg 400w, https:\/\/feucht-obsttechnik.de\/wp-content\/uploads\/hochgrasm\u00e4htechnik-john-deere-1-600x450.jpg 600w, https:\/\/feucht-obsttechnik.de\/wp-content\/uploads\/hochgrasm\u00e4htechnik-john-deere-1-800x600.jpg 800w, https:\/\/feucht-obsttechnik.de\/wp-content\/uploads\/hochgrasm\u00e4htechnik-john-deere-1-1200x900.jpg 1200w, https:\/\/feucht-obsttechnik.de\/wp-content\/uploads\/hochgrasm\u00e4htechnik-john-deere-1.jpg 1600w\" sizes=\"(max-width: 835px) 100vw, 600px\" \/><\/a><\/span><\/div><div class=\"fusion-clearfix\"><\/div><\/div><\/div><\/div><\/div><div class=\"fusion-fullwidth fullwidth-box fusion-builder-row-3 nonhundred-percent-fullwidth non-hundred-percent-height-scrolling\" style=\"--awb-background-position:left top;--awb-border-sizes-top:0px;--awb-border-sizes-bottom:0px;--awb-border-sizes-left:0px;--awb-border-sizes-right:0px;--awb-border-radius-top-left:0px;--awb-border-radius-top-right:0px;--awb-border-radius-bottom-right:0px;--awb-border-radius-bottom-left:0px;--awb-padding-top:1px;--awb-padding-bottom:0px;--awb-background-color:#cc0000;--awb-flex-wrap:wrap;\" ><div class=\"fusion-builder-row fusion-row\"><div class=\"fusion-layout-column fusion_builder_column fusion-builder-column-5 fusion_builder_column_1_1 1_1 fusion-one-full fusion-column-first fusion-column-last\" style=\"--awb-padding-top:50px;--awb-padding-bottom:50px;--awb-padding-left:0px;--awb-bg-size:cover;--awb-margin-bottom:0px;\"><div class=\"fusion-column-wrapper fusion-column-has-shadow fusion-flex-column-wrapper-legacy\"><div class=\"fusion-column-content-centered\"><div class=\"fusion-column-content\"><div class=\"fusion-text fusion-text-5\"><h2 style=\"text-align: center; margin-bottom: 0px;\"><span style=\"color: #ffffff;\"> Hochgrasm\u00e4htechnik von Feucht Obsttechnik<\/span><\/h2>\n<\/div><\/div><\/div><div class=\"fusion-clearfix\"><\/div><\/div><\/div><\/div><\/div><div class=\"fusion-fullwidth fullwidth-box fusion-builder-row-4 nonhundred-percent-fullwidth non-hundred-percent-height-scrolling\" style=\"--awb-border-radius-top-left:0px;--awb-border-radius-top-right:0px;--awb-border-radius-bottom-right:0px;--awb-border-radius-bottom-left:0px;--awb-padding-top:100px;--awb-padding-bottom:50px;--awb-background-color:#f2f2f2;--awb-flex-wrap:wrap;\" ><div class=\"fusion-builder-row fusion-row\"><div class=\"fusion-layout-column fusion_builder_column fusion-builder-column-6 fusion_builder_column_1_1 1_1 fusion-one-full fusion-column-first fusion-column-last\" style=\"--awb-bg-color:#ffffff;--awb-bg-color-hover:#ffffff;--awb-bg-size:cover;\"><div class=\"fusion-column-wrapper fusion-flex-column-wrapper-legacy\"><div class=\"fusion-text fusion-text-6\"><div style=\"padding: 25px;\">\n<h2>Unsere Produktpalette im Bereich Hochgrasm\u00e4htechnik umfasst:<\/h2>\n<\/div>\n<\/div>\n<div class=\"table-2\">\n<table width=\"100%\">\n<tbody>\n<tr>\n<td align=\"left\"><strong>M\u00e4hwerke f\u00fcr John Deere Traktoren<\/strong><br \/>\n<span class=\"table_description\">Hochgrasm\u00e4hen f\u00fcr verschiedene John Deere Traktortypen<\/span><\/td>\n<td align=\"left\">Die Hochgrasm\u00e4hwerke f\u00fcr John Deere zeichnen sich durch einen geringen Kraftbedarf, hohe M\u00e4hgeschwindigkeit, bestes Schnittbild und eine sehr gute Verteilung des Schnittgutes aus.<\/td>\n<\/tr>\n<tr>\n<td align=\"left\"><strong>Zwischenachsm\u00e4hwerk<\/strong><br \/>\n<span class=\"table_description\">Hochgrasm\u00e4hen im Zwischenachs-Anbau<\/span><\/td>\n<td align=\"left\">Dieses Hochgras-M\u00e4hwerk wird zwischen den Achsen von Rasentraktoren angebracht. Das M\u00e4hwerk wird hierbei vom Traktor getragen und h\u00e4lt den Abstand zum Boden konstant.<\/td>\n<\/tr>\n<tr>\n<td align=\"left\"><strong>M\u00e4hwerke im Frontanbau KAT\u00a0O<\/strong><br \/>\n<span class=\"table_description\">Hochgrasm\u00e4hen im Frontanbau<\/span><\/td>\n<td align=\"left\">Das Hochgrasm\u00e4hwerk Frontanbau KAT 0 ist f\u00fcr handels\u00fcbliche Kommunaltraktoren geeignet. Das Frontanbau-M\u00e4hwerk wird vorne an den Traktor angebracht und erm\u00f6glicht dadurch ein M\u00e4hen von Grasbest\u00e4nden bis zu 100 cm.<\/td>\n<\/tr>\n<\/tbody>\n<\/table>\n<\/div>\n<div class=\"fusion-clearfix\"><\/div><\/div><\/div><div class=\"fusion-layout-column fusion_builder_column fusion-builder-column-7 fusion_builder_column_1_1 1_1 fusion-one-full fusion-column-first fusion-column-last\" style=\"--awb-bg-size:cover;--awb-margin-bottom:0px;\"><div class=\"fusion-column-wrapper fusion-column-has-shadow fusion-flex-column-wrapper-legacy\"><div class=\"fusion-column-content-centered\"><div class=\"fusion-column-content\"><div class=\"fusion-button-wrapper\"><a class=\"fusion-button button-flat fusion-button-default-size button-custom fusion-button-default button-1 fusion-button-default-span fusion-button-default-type\" style=\"--button_accent_color:#ffffff;--button_border_color:#ffffff;--button_accent_hover_color:#ffffff;--button_border_hover_color:#ffffff;--button_gradient_top_color:#cc0000;--button_gradient_bottom_color:#cc0000;--button_gradient_top_color_hover:#ef0000;--button_gradient_bottom_color_hover:#ef0000;\" target=\"_self\" title=\"Mehr \u00fcber Hochgrasm\u00e4htechnik\" aria-label=\"Mehr \u00fcber Hochgrasm\u00e4htechnik\" href=\"https:\/\/feucht-obsttechnik.de\/de\/maehtechnik\/hochgras-maehtechnik\/\"><span class=\"fusion-button-text awb-button__text awb-button__text--default\">Erfahren Sie mehr \u00fcber Hochgrasm\u00e4htechnik<\/span><\/a><\/div><\/div><\/div><div class=\"fusion-clearfix\"><\/div><\/div><\/div><\/div><\/div><div class=\"fusion-fullwidth fullwidth-box fusion-builder-row-5 nonhundred-percent-fullwidth non-hundred-percent-height-scrolling fusion-equal-height-columns fusion-no-small-visibility schlagwoerter\" style=\"--awb-background-position:center top;--awb-border-sizes-top:0px;--awb-border-sizes-bottom:0px;--awb-border-sizes-left:0px;--awb-border-sizes-right:0px;--awb-border-radius-top-left:0px;--awb-border-radius-top-right:0px;--awb-border-radius-bottom-right:0px;--awb-border-radius-bottom-left:0px;--awb-padding-top:0px;--awb-padding-right:15%;--awb-padding-bottom:0px;--awb-padding-left:15%;--awb-background-color:#a0ce4e;--awb-flex-wrap:wrap;\" ><div class=\"fusion-builder-row fusion-row\"><div class=\"fusion-layout-column fusion_builder_column fusion-builder-column-8 fusion_builder_column_1_5 1_5 fusion-one-fifth fusion-column-first\" style=\"--awb-padding-top:10px;--awb-padding-bottom:10px;--awb-bg-size:cover;--awb-margin-top:10px;--awb-margin-bottom:0px;width:20%;width:calc(20% - ( ( 4% ) * 0.2 ) );margin-right: 4%;\"><div class=\"fusion-column-wrapper fusion-column-has-shadow fusion-flex-column-wrapper-legacy\"><div class=\"fusion-column-content-centered\"><div class=\"fusion-column-content\"><div class=\"fusion-title title fusion-title-1 fusion-sep-none fusion-title-text fusion-title-size-two\" style=\"--awb-text-color:#ffffff;--awb-margin-bottom:0px;--awb-margin-right-small:0px;--awb-margin-bottom-small:0px;--awb-margin-left-small:0px;\"><h2 class=\"fusion-title-heading title-heading-left fusion-responsive-typography-calculated\" style=\"margin:0;--fontSize:26;--minFontSize:26;line-height:1.25;\">Schlag\u00adw\u00f6rter:<\/h2><\/div><\/div><\/div><div class=\"fusion-clearfix\"><\/div><\/div><\/div><div class=\"fusion-layout-column fusion_builder_column fusion-builder-column-9 fusion_builder_column_4_5 4_5 fusion-four-fifth fusion-column-last fusion-column-no-min-height\" style=\"--awb-padding-top:10px;--awb-padding-bottom:10px;--awb-bg-size:cover;--awb-margin-top:20px;--awb-margin-bottom:0px;width:80%;width:calc(80% - ( ( 4% ) * 0.8 ) );\"><div class=\"fusion-column-wrapper fusion-column-has-shadow fusion-flex-column-wrapper-legacy\"><div class=\"fusion-text fusion-text-7\"><p><span style=\"color: #ffffff;\"><a href=\"https:\/\/feucht-obsttechnik.de\/de\/maehtechnik\/hochgras-maehtechnik\/hochgrasmaehwerke-fuer-john-deere\/\">Hochgrasm\u00e4hen mit John Deere<\/a>, <a href=\"https:\/\/feucht-obsttechnik.de\/de\/maehtechnik\/hochgras-maehtechnik\/maehwerke-frontanbau-kat-0\/\">Hochgrasm\u00e4hen im Frontanbau<\/a>, <a href=\"https:\/\/feucht-obsttechnik.de\/de\/maehtechnik\/maehroboter-zubehoer\/\">Zubeh\u00f6r f\u00fcr M\u00e4hrobotor<\/a><\/span><\/p>\n<\/div><div class=\"fusion-clearfix\"><\/div><\/div><\/div><\/div><\/div><\/p>\n","protected":false},"excerpt":{"rendered":"","protected":false},"author":4,"featured_media":0,"parent":0,"menu_order":0,"comment_status":"closed","ping_status":"closed","template":"100-width.php","meta":{"footnotes":"","_wp_rev_ctl_limit":""},"class_list":["post-4209","page","type-page","status-publish","hentry"],"yoast_head":"<!-- This site is optimized with the Yoast SEO plugin v27.2 - https:\/\/yoast.com\/product\/yoast-seo-wordpress\/ -->\n<title>Hochgrasm\u00e4htechnik - Feucht Obsttechnik<\/title>\n<meta name=\"description\" content=\"Hochgrasm\u00e4htechnik von Feucht Obsttechnik erm\u00f6glicht das M\u00e4hen von Grasbest\u00e4nden \u00fcber 100 cm. Informieren Sie sich \u00fcber unsere beliebte M\u00e4htechnik.\" \/>\n<meta name=\"robots\" content=\"index, follow, max-snippet:-1, max-image-preview:large, max-video-preview:-1\" \/>\n<link rel=\"canonical\" href=\"https:\/\/feucht-obsttechnik.de\/de\/hochgrasmaehtechnik\/\" \/>\n<meta property=\"og:locale\" content=\"de_DE\" \/>\n<meta property=\"og:type\" content=\"article\" \/>\n<meta property=\"og:title\" content=\"Hochgrasm\u00e4htechnik - Feucht Obsttechnik\" \/>\n<meta property=\"og:description\" content=\"Hochgrasm\u00e4htechnik von Feucht Obsttechnik erm\u00f6glicht das M\u00e4hen von Grasbest\u00e4nden \u00fcber 100 cm. Informieren Sie sich \u00fcber unsere beliebte M\u00e4htechnik.\" \/>\n<meta property=\"og:url\" content=\"https:\/\/feucht-obsttechnik.de\/de\/hochgrasmaehtechnik\/\" \/>\n<meta property=\"og:site_name\" content=\"Feucht Obsttechnik\" \/>\n<meta property=\"article:modified_time\" content=\"2021-03-19T17:27:27+00:00\" \/>\n<meta name=\"twitter:card\" content=\"summary_large_image\" \/>\n<meta name=\"twitter:label1\" content=\"Gesch\u00e4tzte Lesezeit\" \/>\n\t<meta name=\"twitter:data1\" content=\"13\u00a0Minuten\" \/>\n<script type=\"application\/ld+json\" class=\"yoast-schema-graph\">{\"@context\":\"https:\/\/schema.org\",\"@graph\":[{\"@type\":\"WebPage\",\"@id\":\"https:\/\/feucht-obsttechnik.de\/de\/hochgrasmaehtechnik\/\",\"url\":\"https:\/\/feucht-obsttechnik.de\/de\/hochgrasmaehtechnik\/\",\"name\":\"Hochgrasm\u00e4htechnik - Feucht Obsttechnik\",\"isPartOf\":{\"@id\":\"https:\/\/feucht-obsttechnik.de\/de\/#website\"},\"datePublished\":\"2020-01-20T10:36:36+00:00\",\"dateModified\":\"2021-03-19T17:27:27+00:00\",\"description\":\"Hochgrasm\u00e4htechnik von Feucht Obsttechnik erm\u00f6glicht das M\u00e4hen von Grasbest\u00e4nden \u00fcber 100 cm. Informieren Sie sich \u00fcber unsere beliebte M\u00e4htechnik.\",\"breadcrumb\":{\"@id\":\"https:\/\/feucht-obsttechnik.de\/de\/hochgrasmaehtechnik\/#breadcrumb\"},\"inLanguage\":\"de\",\"potentialAction\":[{\"@type\":\"ReadAction\",\"target\":[\"https:\/\/feucht-obsttechnik.de\/de\/hochgrasmaehtechnik\/\"]}]},{\"@type\":\"BreadcrumbList\",\"@id\":\"https:\/\/feucht-obsttechnik.de\/de\/hochgrasmaehtechnik\/#breadcrumb\",\"itemListElement\":[{\"@type\":\"ListItem\",\"position\":1,\"name\":\"Startseite\",\"item\":\"https:\/\/feucht-obsttechnik.de\/de\/\"},{\"@type\":\"ListItem\",\"position\":2,\"name\":\"LP Hochgrasm\u00e4htechnik\"}]},{\"@type\":\"WebSite\",\"@id\":\"https:\/\/feucht-obsttechnik.de\/de\/#website\",\"url\":\"https:\/\/feucht-obsttechnik.de\/de\/\",\"name\":\"Feucht Obsttechnik\",\"description\":\"\",\"publisher\":{\"@id\":\"https:\/\/feucht-obsttechnik.de\/de\/#organization\"},\"potentialAction\":[{\"@type\":\"SearchAction\",\"target\":{\"@type\":\"EntryPoint\",\"urlTemplate\":\"https:\/\/feucht-obsttechnik.de\/de\/?s={search_term_string}\"},\"query-input\":{\"@type\":\"PropertyValueSpecification\",\"valueRequired\":true,\"valueName\":\"search_term_string\"}}],\"inLanguage\":\"de\"},{\"@type\":\"Organization\",\"@id\":\"https:\/\/feucht-obsttechnik.de\/de\/#organization\",\"name\":\"Feucht Obsttechnik GmbH\",\"url\":\"https:\/\/feucht-obsttechnik.de\/de\/\",\"logo\":{\"@type\":\"ImageObject\",\"inLanguage\":\"de\",\"@id\":\"https:\/\/feucht-obsttechnik.de\/de\/#\/schema\/logo\/image\/\",\"url\":\"https:\/\/feucht-obsttechnik.de\/wp-content\/uploads\/logo-feucht@2x-1.png\",\"contentUrl\":\"https:\/\/feucht-obsttechnik.de\/wp-content\/uploads\/logo-feucht@2x-1.png\",\"width\":640,\"height\":123,\"caption\":\"Feucht Obsttechnik GmbH\"},\"image\":{\"@id\":\"https:\/\/feucht-obsttechnik.de\/de\/#\/schema\/logo\/image\/\"}}]}<\/script>\n<!-- \/ Yoast SEO plugin. -->","yoast_head_json":{"title":"Hochgrasm\u00e4htechnik - Feucht Obsttechnik","description":"Hochgrasm\u00e4htechnik von Feucht Obsttechnik erm\u00f6glicht das M\u00e4hen von Grasbest\u00e4nden \u00fcber 100 cm. Informieren Sie sich \u00fcber unsere beliebte M\u00e4htechnik.","robots":{"index":"index","follow":"follow","max-snippet":"max-snippet:-1","max-image-preview":"max-image-preview:large","max-video-preview":"max-video-preview:-1"},"canonical":"https:\/\/feucht-obsttechnik.de\/de\/hochgrasmaehtechnik\/","og_locale":"de_DE","og_type":"article","og_title":"Hochgrasm\u00e4htechnik - Feucht Obsttechnik","og_description":"Hochgrasm\u00e4htechnik von Feucht Obsttechnik erm\u00f6glicht das M\u00e4hen von Grasbest\u00e4nden \u00fcber 100 cm. Informieren Sie sich \u00fcber unsere beliebte M\u00e4htechnik.","og_url":"https:\/\/feucht-obsttechnik.de\/de\/hochgrasmaehtechnik\/","og_site_name":"Feucht Obsttechnik","article_modified_time":"2021-03-19T17:27:27+00:00","twitter_card":"summary_large_image","twitter_misc":{"Gesch\u00e4tzte Lesezeit":"13\u00a0Minuten"},"schema":{"@context":"https:\/\/schema.org","@graph":[{"@type":"WebPage","@id":"https:\/\/feucht-obsttechnik.de\/de\/hochgrasmaehtechnik\/","url":"https:\/\/feucht-obsttechnik.de\/de\/hochgrasmaehtechnik\/","name":"Hochgrasm\u00e4htechnik - Feucht Obsttechnik","isPartOf":{"@id":"https:\/\/feucht-obsttechnik.de\/de\/#website"},"datePublished":"2020-01-20T10:36:36+00:00","dateModified":"2021-03-19T17:27:27+00:00","description":"Hochgrasm\u00e4htechnik von Feucht Obsttechnik erm\u00f6glicht das M\u00e4hen von Grasbest\u00e4nden \u00fcber 100 cm. Informieren Sie sich \u00fcber unsere beliebte M\u00e4htechnik.","breadcrumb":{"@id":"https:\/\/feucht-obsttechnik.de\/de\/hochgrasmaehtechnik\/#breadcrumb"},"inLanguage":"de","potentialAction":[{"@type":"ReadAction","target":["https:\/\/feucht-obsttechnik.de\/de\/hochgrasmaehtechnik\/"]}]},{"@type":"BreadcrumbList","@id":"https:\/\/feucht-obsttechnik.de\/de\/hochgrasmaehtechnik\/#breadcrumb","itemListElement":[{"@type":"ListItem","position":1,"name":"Startseite","item":"https:\/\/feucht-obsttechnik.de\/de\/"},{"@type":"ListItem","position":2,"name":"LP Hochgrasm\u00e4htechnik"}]},{"@type":"WebSite","@id":"https:\/\/feucht-obsttechnik.de\/de\/#website","url":"https:\/\/feucht-obsttechnik.de\/de\/","name":"Feucht Obsttechnik","description":"","publisher":{"@id":"https:\/\/feucht-obsttechnik.de\/de\/#organization"},"potentialAction":[{"@type":"SearchAction","target":{"@type":"EntryPoint","urlTemplate":"https:\/\/feucht-obsttechnik.de\/de\/?s={search_term_string}"},"query-input":{"@type":"PropertyValueSpecification","valueRequired":true,"valueName":"search_term_string"}}],"inLanguage":"de"},{"@type":"Organization","@id":"https:\/\/feucht-obsttechnik.de\/de\/#organization","name":"Feucht Obsttechnik GmbH","url":"https:\/\/feucht-obsttechnik.de\/de\/","logo":{"@type":"ImageObject","inLanguage":"de","@id":"https:\/\/feucht-obsttechnik.de\/de\/#\/schema\/logo\/image\/","url":"https:\/\/feucht-obsttechnik.de\/wp-content\/uploads\/logo-feucht@2x-1.png","contentUrl":"https:\/\/feucht-obsttechnik.de\/wp-content\/uploads\/logo-feucht@2x-1.png","width":640,"height":123,"caption":"Feucht Obsttechnik GmbH"},"image":{"@id":"https:\/\/feucht-obsttechnik.de\/de\/#\/schema\/logo\/image\/"}}]}},"_links":{"self":[{"href":"https:\/\/feucht-obsttechnik.de\/de\/wp-json\/wp\/v2\/pages\/4209","targetHints":{"allow":["GET"]}}],"collection":[{"href":"https:\/\/feucht-obsttechnik.de\/de\/wp-json\/wp\/v2\/pages"}],"about":[{"href":"https:\/\/feucht-obsttechnik.de\/de\/wp-json\/wp\/v2\/types\/page"}],"author":[{"embeddable":true,"href":"https:\/\/feucht-obsttechnik.de\/de\/wp-json\/wp\/v2\/users\/4"}],"replies":[{"embeddable":true,"href":"https:\/\/feucht-obsttechnik.de\/de\/wp-json\/wp\/v2\/comments?post=4209"}],"version-history":[{"count":0,"href":"https:\/\/feucht-obsttechnik.de\/de\/wp-json\/wp\/v2\/pages\/4209\/revisions"}],"wp:attachment":[{"href":"https:\/\/feucht-obsttechnik.de\/de\/wp-json\/wp\/v2\/media?parent=4209"}],"curies":[{"name":"wp","href":"https:\/\/api.w.org\/{rel}","templated":true}]}}