{"id":4146,"date":"2020-01-14T09:17:57","date_gmt":"2020-01-14T08:17:57","guid":{"rendered":"http:\/\/neu2020.feucht-obsttechnik.de\/?page_id=4146"},"modified":"2021-03-19T18:13:39","modified_gmt":"2021-03-19T17:13:39","slug":"apfelerntemaschinen","status":"publish","type":"page","link":"https:\/\/feucht-obsttechnik.de\/de\/apfelerntemaschinen\/","title":{"rendered":"LP Apfelerntemaschinen"},"content":{"rendered":"<p><div class=\"fusion-bg-parallax\" data-bg-align=\"left center\" data-direction=\"up\" data-mute=\"false\" data-opacity=\"100\" data-velocity=\"-0.3\" data-mobile-enabled=\"false\" data-break_parents=\"0\" data-bg-image=\"https:\/\/feucht-obsttechnik.de\/wp-content\/uploads\/bg-header-obsterntetechnik.jpg\" data-bg-repeat=\"false\" ><\/div><div class=\"fusion-fullwidth fullwidth-box fusion-builder-row-1 fusion-parallax-up nonhundred-percent-fullwidth non-hundred-percent-height-scrolling\" style=\"--awb-background-position:left center;--awb-border-sizes-top:0px;--awb-border-sizes-bottom:0px;--awb-border-sizes-left:0px;--awb-border-sizes-right:0px;--awb-border-radius-top-left:0px;--awb-border-radius-top-right:0px;--awb-border-radius-bottom-right:0px;--awb-border-radius-bottom-left:0px;--awb-padding-top:130px;--awb-padding-bottom:120px;--awb-background-image:url(&quot;https:\/\/feucht-obsttechnik.de\/wp-content\/uploads\/bg-header-obsterntetechnik.jpg&quot;);--awb-background-size:cover;--awb-flex-wrap:wrap;\" ><div class=\"fusion-builder-row fusion-row\"><div class=\"fusion-layout-column fusion_builder_column fusion-builder-column-0 fusion_builder_column_1_2 1_2 fusion-one-half fusion-column-first\" style=\"--awb-bg-size:cover;width:48%; margin-right: 4%;\"><div class=\"fusion-column-wrapper fusion-flex-column-wrapper-legacy\"><div class=\"fusion-text fusion-text-1\"><h1><span style=\"color: #ffffff;\">Apfelerntemaschinen<\/span><\/h1>\n<p><span style=\"color: #ffffff;\">Mit unseren Apfelerntemaschinen steigern Sie deutlich Produktivit\u00e4t und Rentabilit\u00e4t in der kurzen Mostobsterntesaison.<\/span><\/p>\n<\/div><div class=\"fusion-clearfix\"><\/div><\/div><\/div><div class=\"fusion-layout-column fusion_builder_column fusion-builder-column-1 fusion_builder_column_1_2 1_2 fusion-one-half fusion-column-last\" style=\"--awb-bg-size:cover;width:48%;\"><div class=\"fusion-column-wrapper fusion-flex-column-wrapper-legacy\"><div class=\"fusion-clearfix\"><\/div><\/div><\/div><\/div><\/div><div class=\"fusion-fullwidth fullwidth-box fusion-builder-row-2 nonhundred-percent-fullwidth non-hundred-percent-height-scrolling\" style=\"--awb-background-position:left top;--awb-border-sizes-top:0px;--awb-border-sizes-bottom:0px;--awb-border-sizes-left:0px;--awb-border-sizes-right:0px;--awb-border-radius-top-left:0px;--awb-border-radius-top-right:0px;--awb-border-radius-bottom-right:0px;--awb-border-radius-bottom-left:0px;--awb-padding-top:130px;--awb-padding-bottom:30px;--awb-flex-wrap:wrap;\" ><div class=\"fusion-builder-row fusion-row\"><div class=\"fusion-layout-column fusion_builder_column fusion-builder-column-2 fusion_builder_column_1_1 1_1 fusion-one-full fusion-column-first fusion-column-last\" style=\"--awb-bg-size:cover;\"><div class=\"fusion-column-wrapper fusion-column-has-shadow fusion-flex-column-wrapper-legacy\"><div class=\"fusion-text fusion-text-2\"><h2>Apfelerntemaschinen von Feucht Obsttechnik<\/h2>\n<\/div><div class=\"fusion-text fusion-text-3\"><h3><span class=\"\">Qualit\u00e4tsergebnisse bei der Obsternte erzielen und Erntekosten reduzieren.<\/span><\/h3>\n<\/div><div class=\"fusion-clearfix\"><\/div><\/div><\/div><div class=\"fusion-layout-column fusion_builder_column fusion-builder-column-3 fusion_builder_column_1_2 1_2 fusion-one-half fusion-column-first\" style=\"--awb-bg-size:cover;width:48%; margin-right: 4%;\"><div class=\"fusion-column-wrapper fusion-flex-column-wrapper-legacy\"><div class=\"fusion-text fusion-text-4\"><p>Unsere Apfelerntemaschinen sind geeignet zum Auflesen von \u00c4pfeln, Birnen, Waln\u00fcssen und sonst. Fallobst f\u00fcr den Einsatz im Streuobstbau sowie auf Plantagen, auch unter extremsten Bedingungen (N\u00e4sse, Mulchgras, hohes Gras, Laub). Je nach Einsatzbedingungen und Fruchtdichte bef\u00f6rdern die selbstfahrenden Apfel-Erntemaschinen zwischen 1 &#8211; 8 Tonnen Obst pro Stunde in die Auffangbeh\u00e4lter.<\/p>\n<p>Das Arbeitsprinzip der Apfelerntemaschinen ist denkbar einfach: Eine Walze, mit Gummilamellen versehen, nimmt die Fr\u00fcchte vom Boden auf und f\u00f6rdert sie entlang einer gef\u00fchrten Wurfbahn in die Auffangbeh\u00e4lter. Auf dem Weg dorthin passiert das Obst ein ausgekl\u00fcgeltes Reinigungssystem und es wird ohne Verunreinigungen aufgenommen.<\/p>\n<p>Wir sind seit mehreren Generationen im Bereich der Obsterntetechnik t\u00e4tig. Rationalisierung der Obsternte mit h\u00f6chsten Qualit\u00e4tsanspr\u00fcchen an das geerntete Obst in Bezug auf Sauberkeit und Aufleserate ist das Verkaufsargument unserer Maschinen zur Apfelernte geworden.<\/p>\n<\/div><div class=\"fusion-clearfix\"><\/div><\/div><\/div><div class=\"fusion-layout-column fusion_builder_column fusion-builder-column-4 fusion_builder_column_1_2 1_2 fusion-one-half fusion-column-last\" style=\"--awb-bg-size:cover;width:48%;\"><div class=\"fusion-column-wrapper fusion-flex-column-wrapper-legacy\"><div class=\"fusion-image-element in-legacy-container\" style=\"--awb-caption-title-font-family:var(--h2_typography-font-family);--awb-caption-title-font-weight:var(--h2_typography-font-weight);--awb-caption-title-font-style:var(--h2_typography-font-style);--awb-caption-title-size:var(--h2_typography-font-size);--awb-caption-title-transform:var(--h2_typography-text-transform);--awb-caption-title-line-height:var(--h2_typography-line-height);--awb-caption-title-letter-spacing:var(--h2_typography-letter-spacing);\"><span class=\" fusion-imageframe imageframe-none imageframe-1 hover-type-zoomin fusion-animated\" data-animationType=\"fadeInDown\" data-animationDuration=\"1.0\" data-animationOffset=\"bottom-in-view\"><a href=\"https:\/\/feucht-obsttechnik.de\/wp-content\/uploads\/apfelernte-rollblitz.jpg\" class=\"fusion-lightbox\" data-rel=\"iLightbox[79b894002b4a1fd4e66]\" data-title=\"Der Rollblitz: Fallobst bequem und einfach aufsammeln ohne B\u00fccken mit der kleinsten Auflesemaschine der Welt\" title=\"Der Rollblitz: Fallobst bequem und einfach aufsammeln ohne B\u00fccken mit der kleinsten Auflesemaschine der Welt\"><img decoding=\"async\" width=\"1600\" height=\"1200\" src=\"https:\/\/feucht-obsttechnik.de\/wp-content\/uploads\/apfelernte-rollblitz.jpg\" alt class=\"img-responsive wp-image-6333\" srcset=\"https:\/\/feucht-obsttechnik.de\/wp-content\/uploads\/apfelernte-rollblitz-200x150.jpg 200w, https:\/\/feucht-obsttechnik.de\/wp-content\/uploads\/apfelernte-rollblitz-400x300.jpg 400w, https:\/\/feucht-obsttechnik.de\/wp-content\/uploads\/apfelernte-rollblitz-600x450.jpg 600w, https:\/\/feucht-obsttechnik.de\/wp-content\/uploads\/apfelernte-rollblitz-800x600.jpg 800w, https:\/\/feucht-obsttechnik.de\/wp-content\/uploads\/apfelernte-rollblitz-1200x900.jpg 1200w, https:\/\/feucht-obsttechnik.de\/wp-content\/uploads\/apfelernte-rollblitz.jpg 1600w\" sizes=\"(max-width: 835px) 100vw, 600px\" \/><\/a><\/span><\/div><div class=\"fusion-clearfix\"><\/div><\/div><\/div><\/div><\/div><div class=\"fusion-fullwidth fullwidth-box fusion-builder-row-3 nonhundred-percent-fullwidth non-hundred-percent-height-scrolling\" style=\"--awb-background-position:left top;--awb-border-sizes-top:0px;--awb-border-sizes-bottom:0px;--awb-border-sizes-left:0px;--awb-border-sizes-right:0px;--awb-border-radius-top-left:0px;--awb-border-radius-top-right:0px;--awb-border-radius-bottom-right:0px;--awb-border-radius-bottom-left:0px;--awb-padding-top:1px;--awb-padding-bottom:0px;--awb-background-color:#cc0000;--awb-flex-wrap:wrap;\" ><div class=\"fusion-builder-row fusion-row\"><div class=\"fusion-layout-column fusion_builder_column fusion-builder-column-5 fusion_builder_column_1_1 1_1 fusion-one-full fusion-column-first fusion-column-last\" style=\"--awb-padding-top:50px;--awb-padding-bottom:50px;--awb-padding-left:0px;--awb-bg-size:cover;--awb-margin-bottom:0px;\"><div class=\"fusion-column-wrapper fusion-column-has-shadow fusion-flex-column-wrapper-legacy\"><div class=\"fusion-column-content-centered\"><div class=\"fusion-column-content\"><div class=\"fusion-text fusion-text-5\"><h2 style=\"text-align: center; margin-bottom: 0px;\"><span style=\"color: #ffffff;\">Maschinen zur Apfelernte von Feucht Obsttechnik<\/span><\/h2>\n<\/div><\/div><\/div><div class=\"fusion-clearfix\"><\/div><\/div><\/div><\/div><\/div><div class=\"fusion-fullwidth fullwidth-box fusion-builder-row-4 nonhundred-percent-fullwidth non-hundred-percent-height-scrolling\" style=\"--awb-border-radius-top-left:0px;--awb-border-radius-top-right:0px;--awb-border-radius-bottom-right:0px;--awb-border-radius-bottom-left:0px;--awb-padding-top:100px;--awb-padding-bottom:50px;--awb-background-color:#f2f2f2;--awb-flex-wrap:wrap;\" ><div class=\"fusion-builder-row fusion-row\"><div class=\"fusion-layout-column fusion_builder_column fusion-builder-column-6 fusion_builder_column_1_1 1_1 fusion-one-full fusion-column-first fusion-column-last\" style=\"--awb-bg-color:#ffffff;--awb-bg-color-hover:#ffffff;--awb-bg-size:cover;\"><div class=\"fusion-column-wrapper fusion-flex-column-wrapper-legacy\"><div class=\"fusion-text fusion-text-6\"><div style=\"padding: 25px;\">\n<h2>Wir bieten zahlreiche auf Ihre Anforderungen angepasste Apfelerntemaschinen an:<\/h2>\n<\/div>\n<\/div>\n<div class=\"table-2\">\n<table width=\"100%\">\n<tbody>\n<tr>\n<td align=\"left\"><strong>Rollblitz<\/strong><br \/>\n<span class=\"table_description\">Apfelerntemaschine<\/span><\/td>\n<td align=\"left\">Der Rollblitz ist ein Werkzeug zum Aufsammeln von kugel\u00e4hnlichen Gegenst\u00e4nden (Fr\u00fcchte, N\u00fcsse, B\u00e4lle usw.).<\/td>\n<\/tr>\n<tr>\n<td align=\"left\"><strong>OB 40<\/strong><br \/>\n<span class=\"table_description\">Elektrische Apfelerntemaschine mit 40 cm Arbeitsbreite<\/span><\/td>\n<td align=\"left\">Die elektrische OB 40 ist eine Apfelauflesemaschine mit Elektromotor und Batterieantrieb. Mit ihr k\u00f6nnen kleinere Obstanlagen emissionsfrei und ger\u00e4uscharm bewirtschaftet werden.<\/td>\n<\/tr>\n<tr>\n<td align=\"left\"><strong>OB 50 \/ OB 70<\/strong><br \/>\n<span class=\"table_description\">Apfelerntemaschine mit 50 \/ 70 cm Arbeitsbreite<\/span><\/td>\n<td align=\"left\">Sie sind die kleinsten und g\u00fcnstigsten motorbetriebenen Apfelerntemaschinen weltweit und zeichnen sich durch leichte Man\u00f6vrierf\u00e4higkeit und sehr gute Fruchtqualit\u00e4t beim Ernten aus.<\/td>\n<\/tr>\n<tr>\n<td align=\"left\"><strong>OB 80 Hydro<\/strong><br \/>\n<span class=\"table_description\">Apfelerntemaschine mit 80 cm Arbeitsbreite<\/span><\/td>\n<td align=\"left\">Die motorbetriebene Apfelerntemaschine OB 80 Hydro zeichnet sich durch den stufenlosen hydraulischen Fahrantrieb mit Differentialsperre und durch ihre integrierte Lenkung aus, Hangtauglichkeit bis 45\u00b0.<\/td>\n<\/tr>\n<tr>\n<td align=\"left\"><strong>OB 70 R<\/strong><br \/>\n<span class=\"table_description\">Apfelerntemaschine mit 70 cm Arbeitsbreite<\/span><\/td>\n<td align=\"left\">Die motorbetriebene Apfelerntemaschine OB 70 R zeichnet sich durch ihren Komfort und einfache Handhabung aus. Diese ist die kleinste unserer Maschinen zum Aufsitzen und mit Bunker zur Hochentleerung.<\/td>\n<\/tr>\n<tr>\n<td align=\"left\"><strong>OB 80 R<\/strong><br \/>\n<span class=\"table_description\">Apfelerntemaschine mit 80 cm Arbeitsbreite<\/span><\/td>\n<td align=\"left\">Die selbstfahrende Aufsitz-Apfelerntemaschine OB 80 R bietet durch die besonders leichtg\u00e4ngige vollhydraulische Lenkung einen maximalen Komfort und zeichnet sich durch eine 7 Stufenreinigung aus.<\/td>\n<\/tr>\n<tr>\n<td align=\"left\"><strong>OB 100 A<\/strong><br \/>\n<span class=\"table_description\">Apfelerntemaschine mit 100 cm Arbeitsbreite<\/span><\/td>\n<td align=\"left\">Die selbstfahrende Aufsitz-Apfelerntemaschine OB 100 A zeichnet sich durch einen Dreiradantrieb zur Obstaufnahme selbst in extremen Hanglagen und durch eine 7 Stufenreinigung aus. Die OB 100 A ist eine Bunkermaschine f\u00fcr Hochstamm-Anlagen und als Gro\u00dfkistenmaschine f\u00fcr Tafelobstanlagen erh\u00e4ltlich.<\/td>\n<\/tr>\n<tr>\n<td align=\"left\"><strong>OB 80 R \/ OB 100 A Gro\u00dfkiste \/ Gro\u00dfkistenwagen <\/strong><br \/>\n<span class=\"table_description\">Apfelerntemaschine <\/span><\/td>\n<td align=\"left\">Mit den Apfelerntemaschinen OB 80 R oder OB 100 A kann man in spezielle Gro\u00dfkisten auflesen. Das Auflesen mit Gro\u00dfkisten ist sehr kosteng\u00fcnstig, da eine gro\u00dfe Menge an Obst aufgelesen werden kann, ohne zum Entleeren aus der Anlage fahren zu m\u00fcssen.<\/td>\n<\/tr>\n<\/tbody>\n<\/table>\n<\/div>\n<div class=\"fusion-clearfix\"><\/div><\/div><\/div><div class=\"fusion-layout-column fusion_builder_column fusion-builder-column-7 fusion_builder_column_1_1 1_1 fusion-one-full fusion-column-first fusion-column-last\" style=\"--awb-bg-size:cover;--awb-margin-bottom:0px;\"><div class=\"fusion-column-wrapper fusion-column-has-shadow fusion-flex-column-wrapper-legacy\"><div class=\"fusion-column-content-centered\"><div class=\"fusion-column-content\"><div class=\"fusion-button-wrapper\"><a class=\"fusion-button button-flat fusion-button-default-size button-custom fusion-button-default button-1 fusion-button-default-span fusion-button-default-type\" style=\"--button_accent_color:#ffffff;--button_border_color:#ffffff;--button_accent_hover_color:#ffffff;--button_border_hover_color:#ffffff;--button_gradient_top_color:#cc0000;--button_gradient_bottom_color:#cc0000;--button_gradient_top_color_hover:#ef0000;--button_gradient_bottom_color_hover:#ef0000;\" target=\"_self\" title=\"Mehr \u00fcber Apfelerntemaschinen\" aria-label=\"Mehr \u00fcber Apfelerntemaschinen\" href=\"https:\/\/feucht-obsttechnik.de\/obstauflesemaschinen\/\"><span class=\"fusion-button-text awb-button__text awb-button__text--default\">Erfahren Sie mehr \u00fcber Apfelerntemaschinen<\/span><\/a><\/div><\/div><\/div><div class=\"fusion-clearfix\"><\/div><\/div><\/div><\/div><\/div><div class=\"fusion-fullwidth fullwidth-box fusion-builder-row-5 nonhundred-percent-fullwidth non-hundred-percent-height-scrolling fusion-equal-height-columns fusion-no-small-visibility schlagwoerter\" style=\"--awb-background-position:center top;--awb-border-sizes-top:0px;--awb-border-sizes-bottom:0px;--awb-border-sizes-left:0px;--awb-border-sizes-right:0px;--awb-border-radius-top-left:0px;--awb-border-radius-top-right:0px;--awb-border-radius-bottom-right:0px;--awb-border-radius-bottom-left:0px;--awb-padding-top:0px;--awb-padding-right:15%;--awb-padding-bottom:0px;--awb-padding-left:15%;--awb-background-color:#a0ce4e;--awb-flex-wrap:wrap;\" ><div class=\"fusion-builder-row fusion-row\"><div class=\"fusion-layout-column fusion_builder_column fusion-builder-column-8 fusion_builder_column_1_5 1_5 fusion-one-fifth fusion-column-first\" style=\"--awb-padding-top:10px;--awb-padding-bottom:10px;--awb-bg-size:cover;--awb-margin-top:10px;--awb-margin-bottom:0px;width:20%;width:calc(20% - ( ( 4% ) * 0.2 ) );margin-right: 4%;\"><div class=\"fusion-column-wrapper fusion-column-has-shadow fusion-flex-column-wrapper-legacy\"><div class=\"fusion-column-content-centered\"><div class=\"fusion-column-content\"><div class=\"fusion-title title fusion-title-1 fusion-sep-none fusion-title-text fusion-title-size-two\" style=\"--awb-text-color:#ffffff;--awb-margin-bottom:0px;--awb-margin-right-small:0px;--awb-margin-bottom-small:0px;--awb-margin-left-small:0px;\"><h2 class=\"fusion-title-heading title-heading-left fusion-responsive-typography-calculated\" style=\"margin:0;--fontSize:26;--minFontSize:26;line-height:1.25;\">Schlag\u00adw\u00f6rter:<\/h2><\/div><\/div><\/div><div class=\"fusion-clearfix\"><\/div><\/div><\/div><div class=\"fusion-layout-column fusion_builder_column fusion-builder-column-9 fusion_builder_column_4_5 4_5 fusion-four-fifth fusion-column-last fusion-column-no-min-height\" style=\"--awb-padding-top:10px;--awb-padding-bottom:10px;--awb-bg-size:cover;--awb-margin-top:20px;--awb-margin-bottom:0px;width:80%;width:calc(80% - ( ( 4% ) * 0.8 ) );\"><div class=\"fusion-column-wrapper fusion-column-has-shadow fusion-flex-column-wrapper-legacy\"><div class=\"fusion-text fusion-text-7\"><p><span style=\"color: #ffffff;\"> <a href=\"https:\/\/feucht-obsttechnik.de\/de\/obsterntetechnik\/obstauflesemaschinen\/\">Apfelerntemaschinen<\/a>, <a href=\"https:\/\/feucht-obsttechnik.de\/de\/obsterntetechnik\/obstauflesemaschinen\/\">Obstauflesemaschinen<\/a>, <a href=\"https:\/\/feucht-obsttechnik.de\/de\/obsterntetechnik\/obstauflesemaschinen\/\">Obstaufsammelmaschinen<\/a>, <a href=\"https:\/\/feucht-obsttechnik.de\/de\/obsterntetechnik\/\">Obsterntetechnik<\/a>, <a href=\"https:\/\/feucht-obsttechnik.de\/de\/obsterntetechnik\/\">Obsternteger\u00e4te<\/a>, <a href=\"https:\/\/feucht-obsttechnik.de\/de\/obsterntetechnik\/schuettelgeraete\/stammschuettler-hydraulisch\/\">Stammsch\u00fcttler<\/a>, <a href=\"https:\/\/feucht-obsttechnik.de\/de\/obsterntetechnik\/schuettelgeraete\/obstschuettler-os\/\">Seilsch\u00fcttler<\/a>, <a href=\"https:\/\/feucht-obsttechnik.de\/de\/nussverarbeitung\/nussverarbeitung-gross\/\">Walnussprozesstechnik<\/a>, <a href=\"https:\/\/feucht-obsttechnik.de\/de\/nussverarbeitung\/nussverarbeitung-klein\/nuesse-knacken\/\">Walnuss-Handknacker<\/a><\/span><\/p>\n<\/div><div class=\"fusion-clearfix\"><\/div><\/div><\/div><\/div><\/div><\/p>\n","protected":false},"excerpt":{"rendered":"","protected":false},"author":4,"featured_media":0,"parent":0,"menu_order":0,"comment_status":"closed","ping_status":"closed","template":"100-width.php","meta":{"footnotes":"","_wp_rev_ctl_limit":""},"class_list":["post-4146","page","type-page","status-publish","hentry"],"yoast_head":"<!-- This site is optimized with the Yoast SEO plugin v27.2 - https:\/\/yoast.com\/product\/yoast-seo-wordpress\/ -->\n<title>Apfelerntemaschinen - Feucht Obsttechnik<\/title>\n<meta name=\"description\" content=\"Apfelerntemaschinen von Feucht Obsttechnik steigern Produktivit\u00e4t und Rentabilit\u00e4t bei der Obsternte. Informieren Sie sich \u00fcber unsere Apfelerntemaschinen.\" \/>\n<meta name=\"robots\" content=\"index, follow, max-snippet:-1, max-image-preview:large, max-video-preview:-1\" \/>\n<link rel=\"canonical\" href=\"https:\/\/feucht-obsttechnik.de\/de\/apfelerntemaschinen\/\" \/>\n<meta property=\"og:locale\" content=\"de_DE\" \/>\n<meta property=\"og:type\" content=\"article\" \/>\n<meta property=\"og:title\" content=\"Apfelerntemaschinen - Feucht Obsttechnik\" \/>\n<meta property=\"og:description\" content=\"Apfelerntemaschinen von Feucht Obsttechnik steigern Produktivit\u00e4t und Rentabilit\u00e4t bei der Obsternte. Informieren Sie sich \u00fcber unsere Apfelerntemaschinen.\" \/>\n<meta property=\"og:url\" content=\"https:\/\/feucht-obsttechnik.de\/de\/apfelerntemaschinen\/\" \/>\n<meta property=\"og:site_name\" content=\"Feucht Obsttechnik\" \/>\n<meta property=\"article:modified_time\" content=\"2021-03-19T17:13:39+00:00\" \/>\n<meta name=\"twitter:card\" content=\"summary_large_image\" \/>\n<meta name=\"twitter:label1\" content=\"Gesch\u00e4tzte Lesezeit\" \/>\n\t<meta name=\"twitter:data1\" content=\"13\u00a0Minuten\" \/>\n<script type=\"application\/ld+json\" class=\"yoast-schema-graph\">{\"@context\":\"https:\/\/schema.org\",\"@graph\":[{\"@type\":\"WebPage\",\"@id\":\"https:\/\/feucht-obsttechnik.de\/de\/apfelerntemaschinen\/\",\"url\":\"https:\/\/feucht-obsttechnik.de\/de\/apfelerntemaschinen\/\",\"name\":\"Apfelerntemaschinen - Feucht Obsttechnik\",\"isPartOf\":{\"@id\":\"https:\/\/feucht-obsttechnik.de\/de\/#website\"},\"datePublished\":\"2020-01-14T08:17:57+00:00\",\"dateModified\":\"2021-03-19T17:13:39+00:00\",\"description\":\"Apfelerntemaschinen von Feucht Obsttechnik steigern Produktivit\u00e4t und Rentabilit\u00e4t bei der Obsternte. Informieren Sie sich \u00fcber unsere Apfelerntemaschinen.\",\"breadcrumb\":{\"@id\":\"https:\/\/feucht-obsttechnik.de\/de\/apfelerntemaschinen\/#breadcrumb\"},\"inLanguage\":\"de\",\"potentialAction\":[{\"@type\":\"ReadAction\",\"target\":[\"https:\/\/feucht-obsttechnik.de\/de\/apfelerntemaschinen\/\"]}]},{\"@type\":\"BreadcrumbList\",\"@id\":\"https:\/\/feucht-obsttechnik.de\/de\/apfelerntemaschinen\/#breadcrumb\",\"itemListElement\":[{\"@type\":\"ListItem\",\"position\":1,\"name\":\"Startseite\",\"item\":\"https:\/\/feucht-obsttechnik.de\/de\/\"},{\"@type\":\"ListItem\",\"position\":2,\"name\":\"LP Apfelerntemaschinen\"}]},{\"@type\":\"WebSite\",\"@id\":\"https:\/\/feucht-obsttechnik.de\/de\/#website\",\"url\":\"https:\/\/feucht-obsttechnik.de\/de\/\",\"name\":\"Feucht Obsttechnik\",\"description\":\"\",\"publisher\":{\"@id\":\"https:\/\/feucht-obsttechnik.de\/de\/#organization\"},\"potentialAction\":[{\"@type\":\"SearchAction\",\"target\":{\"@type\":\"EntryPoint\",\"urlTemplate\":\"https:\/\/feucht-obsttechnik.de\/de\/?s={search_term_string}\"},\"query-input\":{\"@type\":\"PropertyValueSpecification\",\"valueRequired\":true,\"valueName\":\"search_term_string\"}}],\"inLanguage\":\"de\"},{\"@type\":\"Organization\",\"@id\":\"https:\/\/feucht-obsttechnik.de\/de\/#organization\",\"name\":\"Feucht Obsttechnik GmbH\",\"url\":\"https:\/\/feucht-obsttechnik.de\/de\/\",\"logo\":{\"@type\":\"ImageObject\",\"inLanguage\":\"de\",\"@id\":\"https:\/\/feucht-obsttechnik.de\/de\/#\/schema\/logo\/image\/\",\"url\":\"https:\/\/feucht-obsttechnik.de\/wp-content\/uploads\/logo-feucht@2x-1.png\",\"contentUrl\":\"https:\/\/feucht-obsttechnik.de\/wp-content\/uploads\/logo-feucht@2x-1.png\",\"width\":640,\"height\":123,\"caption\":\"Feucht Obsttechnik GmbH\"},\"image\":{\"@id\":\"https:\/\/feucht-obsttechnik.de\/de\/#\/schema\/logo\/image\/\"}}]}<\/script>\n<!-- \/ Yoast SEO plugin. -->","yoast_head_json":{"title":"Apfelerntemaschinen - Feucht Obsttechnik","description":"Apfelerntemaschinen von Feucht Obsttechnik steigern Produktivit\u00e4t und Rentabilit\u00e4t bei der Obsternte. Informieren Sie sich \u00fcber unsere Apfelerntemaschinen.","robots":{"index":"index","follow":"follow","max-snippet":"max-snippet:-1","max-image-preview":"max-image-preview:large","max-video-preview":"max-video-preview:-1"},"canonical":"https:\/\/feucht-obsttechnik.de\/de\/apfelerntemaschinen\/","og_locale":"de_DE","og_type":"article","og_title":"Apfelerntemaschinen - Feucht Obsttechnik","og_description":"Apfelerntemaschinen von Feucht Obsttechnik steigern Produktivit\u00e4t und Rentabilit\u00e4t bei der Obsternte. Informieren Sie sich \u00fcber unsere Apfelerntemaschinen.","og_url":"https:\/\/feucht-obsttechnik.de\/de\/apfelerntemaschinen\/","og_site_name":"Feucht Obsttechnik","article_modified_time":"2021-03-19T17:13:39+00:00","twitter_card":"summary_large_image","twitter_misc":{"Gesch\u00e4tzte Lesezeit":"13\u00a0Minuten"},"schema":{"@context":"https:\/\/schema.org","@graph":[{"@type":"WebPage","@id":"https:\/\/feucht-obsttechnik.de\/de\/apfelerntemaschinen\/","url":"https:\/\/feucht-obsttechnik.de\/de\/apfelerntemaschinen\/","name":"Apfelerntemaschinen - Feucht Obsttechnik","isPartOf":{"@id":"https:\/\/feucht-obsttechnik.de\/de\/#website"},"datePublished":"2020-01-14T08:17:57+00:00","dateModified":"2021-03-19T17:13:39+00:00","description":"Apfelerntemaschinen von Feucht Obsttechnik steigern Produktivit\u00e4t und Rentabilit\u00e4t bei der Obsternte. Informieren Sie sich \u00fcber unsere Apfelerntemaschinen.","breadcrumb":{"@id":"https:\/\/feucht-obsttechnik.de\/de\/apfelerntemaschinen\/#breadcrumb"},"inLanguage":"de","potentialAction":[{"@type":"ReadAction","target":["https:\/\/feucht-obsttechnik.de\/de\/apfelerntemaschinen\/"]}]},{"@type":"BreadcrumbList","@id":"https:\/\/feucht-obsttechnik.de\/de\/apfelerntemaschinen\/#breadcrumb","itemListElement":[{"@type":"ListItem","position":1,"name":"Startseite","item":"https:\/\/feucht-obsttechnik.de\/de\/"},{"@type":"ListItem","position":2,"name":"LP Apfelerntemaschinen"}]},{"@type":"WebSite","@id":"https:\/\/feucht-obsttechnik.de\/de\/#website","url":"https:\/\/feucht-obsttechnik.de\/de\/","name":"Feucht Obsttechnik","description":"","publisher":{"@id":"https:\/\/feucht-obsttechnik.de\/de\/#organization"},"potentialAction":[{"@type":"SearchAction","target":{"@type":"EntryPoint","urlTemplate":"https:\/\/feucht-obsttechnik.de\/de\/?s={search_term_string}"},"query-input":{"@type":"PropertyValueSpecification","valueRequired":true,"valueName":"search_term_string"}}],"inLanguage":"de"},{"@type":"Organization","@id":"https:\/\/feucht-obsttechnik.de\/de\/#organization","name":"Feucht Obsttechnik GmbH","url":"https:\/\/feucht-obsttechnik.de\/de\/","logo":{"@type":"ImageObject","inLanguage":"de","@id":"https:\/\/feucht-obsttechnik.de\/de\/#\/schema\/logo\/image\/","url":"https:\/\/feucht-obsttechnik.de\/wp-content\/uploads\/logo-feucht@2x-1.png","contentUrl":"https:\/\/feucht-obsttechnik.de\/wp-content\/uploads\/logo-feucht@2x-1.png","width":640,"height":123,"caption":"Feucht Obsttechnik GmbH"},"image":{"@id":"https:\/\/feucht-obsttechnik.de\/de\/#\/schema\/logo\/image\/"}}]}},"_links":{"self":[{"href":"https:\/\/feucht-obsttechnik.de\/de\/wp-json\/wp\/v2\/pages\/4146","targetHints":{"allow":["GET"]}}],"collection":[{"href":"https:\/\/feucht-obsttechnik.de\/de\/wp-json\/wp\/v2\/pages"}],"about":[{"href":"https:\/\/feucht-obsttechnik.de\/de\/wp-json\/wp\/v2\/types\/page"}],"author":[{"embeddable":true,"href":"https:\/\/feucht-obsttechnik.de\/de\/wp-json\/wp\/v2\/users\/4"}],"replies":[{"embeddable":true,"href":"https:\/\/feucht-obsttechnik.de\/de\/wp-json\/wp\/v2\/comments?post=4146"}],"version-history":[{"count":0,"href":"https:\/\/feucht-obsttechnik.de\/de\/wp-json\/wp\/v2\/pages\/4146\/revisions"}],"wp:attachment":[{"href":"https:\/\/feucht-obsttechnik.de\/de\/wp-json\/wp\/v2\/media?parent=4146"}],"curies":[{"name":"wp","href":"https:\/\/api.w.org\/{rel}","templated":true}]}}