{"id":13355,"date":"2021-04-09T14:28:24","date_gmt":"2021-04-09T12:28:24","guid":{"rendered":"http:\/\/neu2020.feucht-obsttechnik.de\/diofelek-feldolgozasa\/diofeldolgozas-kis\/diofelek-mosasa\/"},"modified":"2021-04-09T14:28:24","modified_gmt":"2021-04-09T12:28:24","slug":"diofelek-mosasa","status":"publish","type":"page","link":"https:\/\/feucht-obsttechnik.de\/de\/diofelek-feldolgozasa\/diofeldolgozas-kis\/diofelek-mosasa\/","title":{"rendered":"Di\u00f3f\u00e9l\u00e9k mos\u00e1sa"},"content":{"rendered":"","protected":false},"excerpt":{"rendered":"","protected":false},"author":4,"featured_media":0,"parent":13313,"menu_order":0,"comment_status":"closed","ping_status":"closed","template":"100-width.php","meta":{"footnotes":"","_wp_rev_ctl_limit":""},"class_list":["post-13355","page","type-page","status-publish","hentry"],"yoast_head":"<!-- This site is optimized with the Yoast SEO plugin v27.2 - https:\/\/yoast.com\/product\/yoast-seo-wordpress\/ -->\n<title>Di\u00f3f\u00e9l\u00e9k mos\u00e1sa - Feucht Obsttechnik<\/title>\n<meta name=\"description\" content=\"A sz\u00e1r\u00edt\u00e1si folyamat el\u0151tt sor ker\u00fcl a koszr\u00e9teg elt\u00e1vol\u00edt\u00e1s\u00e1ra a di\u00f3f\u00e9l\u00e9kr\u0151l, mos\u00f3szit\u00e1val felszerelt mos\u00f3l\u00e1d\u00e1nk vagy a mos\u00f3- \u00e9s kalibr\u00e1l\u00f3 g\u00e9p seg\u00edts\u00e9g\u00e9vel.\" \/>\n<meta name=\"robots\" content=\"index, follow, max-snippet:-1, max-image-preview:large, max-video-preview:-1\" \/>\n<link rel=\"canonical\" href=\"https:\/\/feucht-obsttechnik.de\/de\/diofelek-feldolgozasa\/diofeldolgozas-kis\/diofelek-mosasa\/\" \/>\n<meta property=\"og:locale\" content=\"de_DE\" \/>\n<meta property=\"og:type\" content=\"article\" \/>\n<meta property=\"og:title\" content=\"Di\u00f3f\u00e9l\u00e9k mos\u00e1sa - Feucht Obsttechnik\" \/>\n<meta property=\"og:description\" content=\"A sz\u00e1r\u00edt\u00e1si folyamat el\u0151tt sor ker\u00fcl a koszr\u00e9teg elt\u00e1vol\u00edt\u00e1s\u00e1ra a di\u00f3f\u00e9l\u00e9kr\u0151l, mos\u00f3szit\u00e1val felszerelt mos\u00f3l\u00e1d\u00e1nk vagy a mos\u00f3- \u00e9s kalibr\u00e1l\u00f3 g\u00e9p seg\u00edts\u00e9g\u00e9vel.\" \/>\n<meta property=\"og:url\" content=\"https:\/\/feucht-obsttechnik.de\/de\/diofelek-feldolgozasa\/diofeldolgozas-kis\/diofelek-mosasa\/\" \/>\n<meta property=\"og:site_name\" content=\"Feucht Obsttechnik\" \/>\n<meta name=\"twitter:card\" content=\"summary_large_image\" \/>\n<script type=\"application\/ld+json\" class=\"yoast-schema-graph\">{\"@context\":\"https:\/\/schema.org\",\"@graph\":[{\"@type\":\"WebPage\",\"@id\":\"https:\/\/feucht-obsttechnik.de\/de\/diofelek-feldolgozasa\/diofeldolgozas-kis\/diofelek-mosasa\/\",\"url\":\"https:\/\/feucht-obsttechnik.de\/de\/diofelek-feldolgozasa\/diofeldolgozas-kis\/diofelek-mosasa\/\",\"name\":\"Di\u00f3f\u00e9l\u00e9k mos\u00e1sa - Feucht Obsttechnik\",\"isPartOf\":{\"@id\":\"https:\/\/feucht-obsttechnik.de\/de\/#website\"},\"datePublished\":\"2021-04-09T12:28:24+00:00\",\"description\":\"A sz\u00e1r\u00edt\u00e1si folyamat el\u0151tt sor ker\u00fcl a koszr\u00e9teg elt\u00e1vol\u00edt\u00e1s\u00e1ra a di\u00f3f\u00e9l\u00e9kr\u0151l, mos\u00f3szit\u00e1val felszerelt mos\u00f3l\u00e1d\u00e1nk vagy a mos\u00f3- \u00e9s kalibr\u00e1l\u00f3 g\u00e9p seg\u00edts\u00e9g\u00e9vel.\",\"breadcrumb\":{\"@id\":\"https:\/\/feucht-obsttechnik.de\/de\/diofelek-feldolgozasa\/diofeldolgozas-kis\/diofelek-mosasa\/#breadcrumb\"},\"inLanguage\":\"de\",\"potentialAction\":[{\"@type\":\"ReadAction\",\"target\":[\"https:\/\/feucht-obsttechnik.de\/de\/diofelek-feldolgozasa\/diofeldolgozas-kis\/diofelek-mosasa\/\"]}]},{\"@type\":\"BreadcrumbList\",\"@id\":\"https:\/\/feucht-obsttechnik.de\/de\/diofelek-feldolgozasa\/diofeldolgozas-kis\/diofelek-mosasa\/#breadcrumb\",\"itemListElement\":[{\"@type\":\"ListItem\",\"position\":1,\"name\":\"Startseite\",\"item\":\"https:\/\/feucht-obsttechnik.de\/de\/\"},{\"@type\":\"ListItem\",\"position\":2,\"name\":\"Di\u00f3f\u00e9l\u00e9k feldolgoz\u00e1sa\",\"item\":\"https:\/\/feucht-obsttechnik.de\/de\/diofelek-feldolgozasa\/\"},{\"@type\":\"ListItem\",\"position\":3,\"name\":\"Di\u00f3feldolgoz\u00e1s kis\",\"item\":\"https:\/\/feucht-obsttechnik.de\/de\/diofelek-feldolgozasa\/diofeldolgozas-kis\/\"},{\"@type\":\"ListItem\",\"position\":4,\"name\":\"Di\u00f3f\u00e9l\u00e9k mos\u00e1sa\"}]},{\"@type\":\"WebSite\",\"@id\":\"https:\/\/feucht-obsttechnik.de\/de\/#website\",\"url\":\"https:\/\/feucht-obsttechnik.de\/de\/\",\"name\":\"Feucht Obsttechnik\",\"description\":\"\",\"publisher\":{\"@id\":\"https:\/\/feucht-obsttechnik.de\/de\/#organization\"},\"potentialAction\":[{\"@type\":\"SearchAction\",\"target\":{\"@type\":\"EntryPoint\",\"urlTemplate\":\"https:\/\/feucht-obsttechnik.de\/de\/?s={search_term_string}\"},\"query-input\":{\"@type\":\"PropertyValueSpecification\",\"valueRequired\":true,\"valueName\":\"search_term_string\"}}],\"inLanguage\":\"de\"},{\"@type\":\"Organization\",\"@id\":\"https:\/\/feucht-obsttechnik.de\/de\/#organization\",\"name\":\"Feucht Obsttechnik GmbH\",\"url\":\"https:\/\/feucht-obsttechnik.de\/de\/\",\"logo\":{\"@type\":\"ImageObject\",\"inLanguage\":\"de\",\"@id\":\"https:\/\/feucht-obsttechnik.de\/de\/#\/schema\/logo\/image\/\",\"url\":\"https:\/\/feucht-obsttechnik.de\/wp-content\/uploads\/logo-feucht@2x-1.png\",\"contentUrl\":\"https:\/\/feucht-obsttechnik.de\/wp-content\/uploads\/logo-feucht@2x-1.png\",\"width\":640,\"height\":123,\"caption\":\"Feucht Obsttechnik GmbH\"},\"image\":{\"@id\":\"https:\/\/feucht-obsttechnik.de\/de\/#\/schema\/logo\/image\/\"}}]}<\/script>\n<!-- \/ Yoast SEO plugin. -->","yoast_head_json":{"title":"Di\u00f3f\u00e9l\u00e9k mos\u00e1sa - Feucht Obsttechnik","description":"A sz\u00e1r\u00edt\u00e1si folyamat el\u0151tt sor ker\u00fcl a koszr\u00e9teg elt\u00e1vol\u00edt\u00e1s\u00e1ra a di\u00f3f\u00e9l\u00e9kr\u0151l, mos\u00f3szit\u00e1val felszerelt mos\u00f3l\u00e1d\u00e1nk vagy a mos\u00f3- \u00e9s kalibr\u00e1l\u00f3 g\u00e9p seg\u00edts\u00e9g\u00e9vel.","robots":{"index":"index","follow":"follow","max-snippet":"max-snippet:-1","max-image-preview":"max-image-preview:large","max-video-preview":"max-video-preview:-1"},"canonical":"https:\/\/feucht-obsttechnik.de\/de\/diofelek-feldolgozasa\/diofeldolgozas-kis\/diofelek-mosasa\/","og_locale":"de_DE","og_type":"article","og_title":"Di\u00f3f\u00e9l\u00e9k mos\u00e1sa - Feucht Obsttechnik","og_description":"A sz\u00e1r\u00edt\u00e1si folyamat el\u0151tt sor ker\u00fcl a koszr\u00e9teg elt\u00e1vol\u00edt\u00e1s\u00e1ra a di\u00f3f\u00e9l\u00e9kr\u0151l, mos\u00f3szit\u00e1val felszerelt mos\u00f3l\u00e1d\u00e1nk vagy a mos\u00f3- \u00e9s kalibr\u00e1l\u00f3 g\u00e9p seg\u00edts\u00e9g\u00e9vel.","og_url":"https:\/\/feucht-obsttechnik.de\/de\/diofelek-feldolgozasa\/diofeldolgozas-kis\/diofelek-mosasa\/","og_site_name":"Feucht Obsttechnik","twitter_card":"summary_large_image","schema":{"@context":"https:\/\/schema.org","@graph":[{"@type":"WebPage","@id":"https:\/\/feucht-obsttechnik.de\/de\/diofelek-feldolgozasa\/diofeldolgozas-kis\/diofelek-mosasa\/","url":"https:\/\/feucht-obsttechnik.de\/de\/diofelek-feldolgozasa\/diofeldolgozas-kis\/diofelek-mosasa\/","name":"Di\u00f3f\u00e9l\u00e9k mos\u00e1sa - Feucht Obsttechnik","isPartOf":{"@id":"https:\/\/feucht-obsttechnik.de\/de\/#website"},"datePublished":"2021-04-09T12:28:24+00:00","description":"A sz\u00e1r\u00edt\u00e1si folyamat el\u0151tt sor ker\u00fcl a koszr\u00e9teg elt\u00e1vol\u00edt\u00e1s\u00e1ra a di\u00f3f\u00e9l\u00e9kr\u0151l, mos\u00f3szit\u00e1val felszerelt mos\u00f3l\u00e1d\u00e1nk vagy a mos\u00f3- \u00e9s kalibr\u00e1l\u00f3 g\u00e9p seg\u00edts\u00e9g\u00e9vel.","breadcrumb":{"@id":"https:\/\/feucht-obsttechnik.de\/de\/diofelek-feldolgozasa\/diofeldolgozas-kis\/diofelek-mosasa\/#breadcrumb"},"inLanguage":"de","potentialAction":[{"@type":"ReadAction","target":["https:\/\/feucht-obsttechnik.de\/de\/diofelek-feldolgozasa\/diofeldolgozas-kis\/diofelek-mosasa\/"]}]},{"@type":"BreadcrumbList","@id":"https:\/\/feucht-obsttechnik.de\/de\/diofelek-feldolgozasa\/diofeldolgozas-kis\/diofelek-mosasa\/#breadcrumb","itemListElement":[{"@type":"ListItem","position":1,"name":"Startseite","item":"https:\/\/feucht-obsttechnik.de\/de\/"},{"@type":"ListItem","position":2,"name":"Di\u00f3f\u00e9l\u00e9k feldolgoz\u00e1sa","item":"https:\/\/feucht-obsttechnik.de\/de\/diofelek-feldolgozasa\/"},{"@type":"ListItem","position":3,"name":"Di\u00f3feldolgoz\u00e1s kis","item":"https:\/\/feucht-obsttechnik.de\/de\/diofelek-feldolgozasa\/diofeldolgozas-kis\/"},{"@type":"ListItem","position":4,"name":"Di\u00f3f\u00e9l\u00e9k mos\u00e1sa"}]},{"@type":"WebSite","@id":"https:\/\/feucht-obsttechnik.de\/de\/#website","url":"https:\/\/feucht-obsttechnik.de\/de\/","name":"Feucht Obsttechnik","description":"","publisher":{"@id":"https:\/\/feucht-obsttechnik.de\/de\/#organization"},"potentialAction":[{"@type":"SearchAction","target":{"@type":"EntryPoint","urlTemplate":"https:\/\/feucht-obsttechnik.de\/de\/?s={search_term_string}"},"query-input":{"@type":"PropertyValueSpecification","valueRequired":true,"valueName":"search_term_string"}}],"inLanguage":"de"},{"@type":"Organization","@id":"https:\/\/feucht-obsttechnik.de\/de\/#organization","name":"Feucht Obsttechnik GmbH","url":"https:\/\/feucht-obsttechnik.de\/de\/","logo":{"@type":"ImageObject","inLanguage":"de","@id":"https:\/\/feucht-obsttechnik.de\/de\/#\/schema\/logo\/image\/","url":"https:\/\/feucht-obsttechnik.de\/wp-content\/uploads\/logo-feucht@2x-1.png","contentUrl":"https:\/\/feucht-obsttechnik.de\/wp-content\/uploads\/logo-feucht@2x-1.png","width":640,"height":123,"caption":"Feucht Obsttechnik GmbH"},"image":{"@id":"https:\/\/feucht-obsttechnik.de\/de\/#\/schema\/logo\/image\/"}}]}},"_links":{"self":[{"href":"https:\/\/feucht-obsttechnik.de\/de\/wp-json\/wp\/v2\/pages\/13355","targetHints":{"allow":["GET"]}}],"collection":[{"href":"https:\/\/feucht-obsttechnik.de\/de\/wp-json\/wp\/v2\/pages"}],"about":[{"href":"https:\/\/feucht-obsttechnik.de\/de\/wp-json\/wp\/v2\/types\/page"}],"author":[{"embeddable":true,"href":"https:\/\/feucht-obsttechnik.de\/de\/wp-json\/wp\/v2\/users\/4"}],"replies":[{"embeddable":true,"href":"https:\/\/feucht-obsttechnik.de\/de\/wp-json\/wp\/v2\/comments?post=13355"}],"version-history":[{"count":0,"href":"https:\/\/feucht-obsttechnik.de\/de\/wp-json\/wp\/v2\/pages\/13355\/revisions"}],"up":[{"embeddable":true,"href":"https:\/\/feucht-obsttechnik.de\/de\/wp-json\/wp\/v2\/pages\/13313"}],"wp:attachment":[{"href":"https:\/\/feucht-obsttechnik.de\/de\/wp-json\/wp\/v2\/media?parent=13355"}],"curies":[{"name":"wp","href":"https:\/\/api.w.org\/{rel}","templated":true}]}}