{"id":10420,"date":"2021-04-06T10:50:48","date_gmt":"2021-04-06T08:50:48","guid":{"rendered":"http:\/\/neu2020.feucht-obsttechnik.de\/gyuemoelcsbetakaritasi-technologia\/gyuemoelcsszedo-gepek\/ob-80-hydro\/"},"modified":"2021-04-06T10:50:48","modified_gmt":"2021-04-06T08:50:48","slug":"ob-80-hydro","status":"publish","type":"page","link":"https:\/\/feucht-obsttechnik.de\/de\/gyuemoelcsbetakaritasi-technologia\/gyuemoelcsszedo-gepek\/ob-80-hydro\/","title":{"rendered":"OB 80 hydro"},"content":{"rendered":"","protected":false},"excerpt":{"rendered":"","protected":false},"author":4,"featured_media":0,"parent":10350,"menu_order":0,"comment_status":"closed","ping_status":"closed","template":"100-width.php","meta":{"footnotes":"","_wp_rev_ctl_limit":""},"class_list":["post-10420","page","type-page","status-publish","hentry"],"yoast_head":"<!-- This site is optimized with the Yoast SEO plugin v27.5 - https:\/\/yoast.com\/product\/yoast-seo-wordpress\/ -->\n<title>OB 80 hydro - Feucht Obsttechnik<\/title>\n<meta name=\"description\" content=\"Az OB 80 hydro gy\u00fcm\u00f6lcsszed\u0151 g\u00e9p differenci\u00e1lz\u00e1ras hidrosztatikus hajt\u00e1s\u00e1val alkalmas lejt\u0151kre. Tov\u00e1bbi inform\u00e1ci\u00f3k az OB 80 g\u00e9pr\u0151l.\" \/>\n<meta name=\"robots\" content=\"index, follow, max-snippet:-1, max-image-preview:large, max-video-preview:-1\" \/>\n<link rel=\"canonical\" href=\"https:\/\/feucht-obsttechnik.de\/de\/gyuemoelcsbetakaritasi-technologia\/gyuemoelcsszedo-gepek\/ob-80-hydro\/\" \/>\n<meta property=\"og:locale\" content=\"de_DE\" \/>\n<meta property=\"og:type\" content=\"article\" \/>\n<meta property=\"og:title\" content=\"OB 80 hydro - Feucht Obsttechnik\" \/>\n<meta property=\"og:description\" content=\"Az OB 80 hydro gy\u00fcm\u00f6lcsszed\u0151 g\u00e9p differenci\u00e1lz\u00e1ras hidrosztatikus hajt\u00e1s\u00e1val alkalmas lejt\u0151kre. Tov\u00e1bbi inform\u00e1ci\u00f3k az OB 80 g\u00e9pr\u0151l.\" \/>\n<meta property=\"og:url\" content=\"https:\/\/feucht-obsttechnik.de\/de\/gyuemoelcsbetakaritasi-technologia\/gyuemoelcsszedo-gepek\/ob-80-hydro\/\" \/>\n<meta property=\"og:site_name\" content=\"Feucht Obsttechnik\" \/>\n<meta name=\"twitter:card\" content=\"summary_large_image\" \/>\n<script type=\"application\/ld+json\" class=\"yoast-schema-graph\">{\"@context\":\"https:\\\/\\\/schema.org\",\"@graph\":[{\"@type\":\"WebPage\",\"@id\":\"https:\\\/\\\/feucht-obsttechnik.de\\\/de\\\/gyuemoelcsbetakaritasi-technologia\\\/gyuemoelcsszedo-gepek\\\/ob-80-hydro\\\/\",\"url\":\"https:\\\/\\\/feucht-obsttechnik.de\\\/de\\\/gyuemoelcsbetakaritasi-technologia\\\/gyuemoelcsszedo-gepek\\\/ob-80-hydro\\\/\",\"name\":\"OB 80 hydro - Feucht Obsttechnik\",\"isPartOf\":{\"@id\":\"https:\\\/\\\/feucht-obsttechnik.de\\\/de\\\/#website\"},\"datePublished\":\"2021-04-06T08:50:48+00:00\",\"description\":\"Az OB 80 hydro gy\u00fcm\u00f6lcsszed\u0151 g\u00e9p differenci\u00e1lz\u00e1ras hidrosztatikus hajt\u00e1s\u00e1val alkalmas lejt\u0151kre. Tov\u00e1bbi inform\u00e1ci\u00f3k az OB 80 g\u00e9pr\u0151l.\",\"breadcrumb\":{\"@id\":\"https:\\\/\\\/feucht-obsttechnik.de\\\/de\\\/gyuemoelcsbetakaritasi-technologia\\\/gyuemoelcsszedo-gepek\\\/ob-80-hydro\\\/#breadcrumb\"},\"inLanguage\":\"de\",\"potentialAction\":[{\"@type\":\"ReadAction\",\"target\":[\"https:\\\/\\\/feucht-obsttechnik.de\\\/de\\\/gyuemoelcsbetakaritasi-technologia\\\/gyuemoelcsszedo-gepek\\\/ob-80-hydro\\\/\"]}]},{\"@type\":\"BreadcrumbList\",\"@id\":\"https:\\\/\\\/feucht-obsttechnik.de\\\/de\\\/gyuemoelcsbetakaritasi-technologia\\\/gyuemoelcsszedo-gepek\\\/ob-80-hydro\\\/#breadcrumb\",\"itemListElement\":[{\"@type\":\"ListItem\",\"position\":1,\"name\":\"Startseite\",\"item\":\"https:\\\/\\\/feucht-obsttechnik.de\\\/de\\\/\"},{\"@type\":\"ListItem\",\"position\":2,\"name\":\"Gy\u00fcm\u00f6lcsbetakar\u00edt\u00e1si technol\u00f3gia\",\"item\":\"https:\\\/\\\/feucht-obsttechnik.de\\\/de\\\/gyuemoelcsbetakaritasi-technologia\\\/\"},{\"@type\":\"ListItem\",\"position\":3,\"name\":\"Gy\u00fcm\u00f6lcsszed\u0151 g\u00e9pek\",\"item\":\"https:\\\/\\\/feucht-obsttechnik.de\\\/de\\\/gyuemoelcsbetakaritasi-technologia\\\/gyuemoelcsszedo-gepek\\\/\"},{\"@type\":\"ListItem\",\"position\":4,\"name\":\"OB 80 hydro\"}]},{\"@type\":\"WebSite\",\"@id\":\"https:\\\/\\\/feucht-obsttechnik.de\\\/de\\\/#website\",\"url\":\"https:\\\/\\\/feucht-obsttechnik.de\\\/de\\\/\",\"name\":\"Feucht Obsttechnik\",\"description\":\"\",\"publisher\":{\"@id\":\"https:\\\/\\\/feucht-obsttechnik.de\\\/de\\\/#organization\"},\"potentialAction\":[{\"@type\":\"SearchAction\",\"target\":{\"@type\":\"EntryPoint\",\"urlTemplate\":\"https:\\\/\\\/feucht-obsttechnik.de\\\/de\\\/?s={search_term_string}\"},\"query-input\":{\"@type\":\"PropertyValueSpecification\",\"valueRequired\":true,\"valueName\":\"search_term_string\"}}],\"inLanguage\":\"de\"},{\"@type\":\"Organization\",\"@id\":\"https:\\\/\\\/feucht-obsttechnik.de\\\/de\\\/#organization\",\"name\":\"Feucht Obsttechnik GmbH\",\"url\":\"https:\\\/\\\/feucht-obsttechnik.de\\\/de\\\/\",\"logo\":{\"@type\":\"ImageObject\",\"inLanguage\":\"de\",\"@id\":\"https:\\\/\\\/feucht-obsttechnik.de\\\/de\\\/#\\\/schema\\\/logo\\\/image\\\/\",\"url\":\"https:\\\/\\\/feucht-obsttechnik.de\\\/wp-content\\\/uploads\\\/logo-feucht@2x-1.png\",\"contentUrl\":\"https:\\\/\\\/feucht-obsttechnik.de\\\/wp-content\\\/uploads\\\/logo-feucht@2x-1.png\",\"width\":640,\"height\":123,\"caption\":\"Feucht Obsttechnik GmbH\"},\"image\":{\"@id\":\"https:\\\/\\\/feucht-obsttechnik.de\\\/de\\\/#\\\/schema\\\/logo\\\/image\\\/\"}}]}<\/script>\n<!-- \/ Yoast SEO plugin. -->","yoast_head_json":{"title":"OB 80 hydro - Feucht Obsttechnik","description":"Az OB 80 hydro gy\u00fcm\u00f6lcsszed\u0151 g\u00e9p differenci\u00e1lz\u00e1ras hidrosztatikus hajt\u00e1s\u00e1val alkalmas lejt\u0151kre. Tov\u00e1bbi inform\u00e1ci\u00f3k az OB 80 g\u00e9pr\u0151l.","robots":{"index":"index","follow":"follow","max-snippet":"max-snippet:-1","max-image-preview":"max-image-preview:large","max-video-preview":"max-video-preview:-1"},"canonical":"https:\/\/feucht-obsttechnik.de\/de\/gyuemoelcsbetakaritasi-technologia\/gyuemoelcsszedo-gepek\/ob-80-hydro\/","og_locale":"de_DE","og_type":"article","og_title":"OB 80 hydro - Feucht Obsttechnik","og_description":"Az OB 80 hydro gy\u00fcm\u00f6lcsszed\u0151 g\u00e9p differenci\u00e1lz\u00e1ras hidrosztatikus hajt\u00e1s\u00e1val alkalmas lejt\u0151kre. Tov\u00e1bbi inform\u00e1ci\u00f3k az OB 80 g\u00e9pr\u0151l.","og_url":"https:\/\/feucht-obsttechnik.de\/de\/gyuemoelcsbetakaritasi-technologia\/gyuemoelcsszedo-gepek\/ob-80-hydro\/","og_site_name":"Feucht Obsttechnik","twitter_card":"summary_large_image","schema":{"@context":"https:\/\/schema.org","@graph":[{"@type":"WebPage","@id":"https:\/\/feucht-obsttechnik.de\/de\/gyuemoelcsbetakaritasi-technologia\/gyuemoelcsszedo-gepek\/ob-80-hydro\/","url":"https:\/\/feucht-obsttechnik.de\/de\/gyuemoelcsbetakaritasi-technologia\/gyuemoelcsszedo-gepek\/ob-80-hydro\/","name":"OB 80 hydro - Feucht Obsttechnik","isPartOf":{"@id":"https:\/\/feucht-obsttechnik.de\/de\/#website"},"datePublished":"2021-04-06T08:50:48+00:00","description":"Az OB 80 hydro gy\u00fcm\u00f6lcsszed\u0151 g\u00e9p differenci\u00e1lz\u00e1ras hidrosztatikus hajt\u00e1s\u00e1val alkalmas lejt\u0151kre. Tov\u00e1bbi inform\u00e1ci\u00f3k az OB 80 g\u00e9pr\u0151l.","breadcrumb":{"@id":"https:\/\/feucht-obsttechnik.de\/de\/gyuemoelcsbetakaritasi-technologia\/gyuemoelcsszedo-gepek\/ob-80-hydro\/#breadcrumb"},"inLanguage":"de","potentialAction":[{"@type":"ReadAction","target":["https:\/\/feucht-obsttechnik.de\/de\/gyuemoelcsbetakaritasi-technologia\/gyuemoelcsszedo-gepek\/ob-80-hydro\/"]}]},{"@type":"BreadcrumbList","@id":"https:\/\/feucht-obsttechnik.de\/de\/gyuemoelcsbetakaritasi-technologia\/gyuemoelcsszedo-gepek\/ob-80-hydro\/#breadcrumb","itemListElement":[{"@type":"ListItem","position":1,"name":"Startseite","item":"https:\/\/feucht-obsttechnik.de\/de\/"},{"@type":"ListItem","position":2,"name":"Gy\u00fcm\u00f6lcsbetakar\u00edt\u00e1si technol\u00f3gia","item":"https:\/\/feucht-obsttechnik.de\/de\/gyuemoelcsbetakaritasi-technologia\/"},{"@type":"ListItem","position":3,"name":"Gy\u00fcm\u00f6lcsszed\u0151 g\u00e9pek","item":"https:\/\/feucht-obsttechnik.de\/de\/gyuemoelcsbetakaritasi-technologia\/gyuemoelcsszedo-gepek\/"},{"@type":"ListItem","position":4,"name":"OB 80 hydro"}]},{"@type":"WebSite","@id":"https:\/\/feucht-obsttechnik.de\/de\/#website","url":"https:\/\/feucht-obsttechnik.de\/de\/","name":"Feucht Obsttechnik","description":"","publisher":{"@id":"https:\/\/feucht-obsttechnik.de\/de\/#organization"},"potentialAction":[{"@type":"SearchAction","target":{"@type":"EntryPoint","urlTemplate":"https:\/\/feucht-obsttechnik.de\/de\/?s={search_term_string}"},"query-input":{"@type":"PropertyValueSpecification","valueRequired":true,"valueName":"search_term_string"}}],"inLanguage":"de"},{"@type":"Organization","@id":"https:\/\/feucht-obsttechnik.de\/de\/#organization","name":"Feucht Obsttechnik GmbH","url":"https:\/\/feucht-obsttechnik.de\/de\/","logo":{"@type":"ImageObject","inLanguage":"de","@id":"https:\/\/feucht-obsttechnik.de\/de\/#\/schema\/logo\/image\/","url":"https:\/\/feucht-obsttechnik.de\/wp-content\/uploads\/logo-feucht@2x-1.png","contentUrl":"https:\/\/feucht-obsttechnik.de\/wp-content\/uploads\/logo-feucht@2x-1.png","width":640,"height":123,"caption":"Feucht Obsttechnik GmbH"},"image":{"@id":"https:\/\/feucht-obsttechnik.de\/de\/#\/schema\/logo\/image\/"}}]}},"_links":{"self":[{"href":"https:\/\/feucht-obsttechnik.de\/de\/wp-json\/wp\/v2\/pages\/10420","targetHints":{"allow":["GET"]}}],"collection":[{"href":"https:\/\/feucht-obsttechnik.de\/de\/wp-json\/wp\/v2\/pages"}],"about":[{"href":"https:\/\/feucht-obsttechnik.de\/de\/wp-json\/wp\/v2\/types\/page"}],"author":[{"embeddable":true,"href":"https:\/\/feucht-obsttechnik.de\/de\/wp-json\/wp\/v2\/users\/4"}],"replies":[{"embeddable":true,"href":"https:\/\/feucht-obsttechnik.de\/de\/wp-json\/wp\/v2\/comments?post=10420"}],"version-history":[{"count":0,"href":"https:\/\/feucht-obsttechnik.de\/de\/wp-json\/wp\/v2\/pages\/10420\/revisions"}],"up":[{"embeddable":true,"href":"https:\/\/feucht-obsttechnik.de\/de\/wp-json\/wp\/v2\/pages\/10350"}],"wp:attachment":[{"href":"https:\/\/feucht-obsttechnik.de\/de\/wp-json\/wp\/v2\/media?parent=10420"}],"curies":[{"name":"wp","href":"https:\/\/api.w.org\/{rel}","templated":true}]}}